{"id":140,"date":"2014-01-21T13:40:30","date_gmt":"2014-01-21T12:40:30","guid":{"rendered":"http:\/\/www.toldosaraque.com\/?page_id=140"},"modified":"2025-06-06T11:32:21","modified_gmt":"2025-06-06T10:32:21","slug":"la-empresa","status":"publish","type":"page","link":"https:\/\/toldosaraque.com\/madrid\/la-empresa\/","title":{"rendered":"LA EMPRESA"},"content":{"rendered":"<p>[et_pb_section fb_built=\u00bb1&#8243; admin_label=\u00bbsection\u00bb _builder_version=\u00bb4.16&#8243; global_colors_info=\u00bb{}\u00bb][et_pb_row column_structure=\u00bb1_2,1_2&#8243; admin_label=\u00bbrow\u00bb _builder_version=\u00bb4.16&#8243; background_size=\u00bbinitial\u00bb background_position=\u00bbtop_left\u00bb background_repeat=\u00bbrepeat\u00bb global_colors_info=\u00bb{}\u00bb][et_pb_column type=\u00bb1_2&#8243; _builder_version=\u00bb4.16&#8243; custom_padding=\u00bb|||\u00bb global_colors_info=\u00bb{}\u00bb custom_padding__hover=\u00bb|||\u00bb][et_pb_text admin_label=\u00bbTexto\u00bb _builder_version=\u00bb4.19.5&#8243; background_size=\u00bbinitial\u00bb background_position=\u00bbtop_left\u00bb background_repeat=\u00bbrepeat\u00bb custom_margin=\u00bb||0px|\u00bb use_border_color=\u00bboff\u00bb border_color=\u00bb#ffffff\u00bb border_style=\u00bbsolid\u00bb global_colors_info=\u00bb{}\u00bb]<\/p>\n<h1 style=\"text-align: center;\"><strong>LA EMPRESA<br \/><\/strong><\/h1>\n<p>[\/et_pb_text][et_pb_divider color=\u00bb#2c99fc\u00bb admin_label=\u00bbSeparador\u00bb _builder_version=\u00bb4.16&#8243; hide_on_mobile=\u00bboff\u00bb global_colors_info=\u00bb{}\u00bb] [\/et_pb_divider][et_pb_text admin_label=\u00bbTexto\u00bb _builder_version=\u00bb4.16&#8243; background_size=\u00bbinitial\u00bb background_position=\u00bbtop_left\u00bb background_repeat=\u00bbrepeat\u00bb use_border_color=\u00bboff\u00bb border_color=\u00bb#ffffff\u00bb border_style=\u00bbsolid\u00bb global_colors_info=\u00bb{}\u00bb]<\/p>\n<p><span style=\"color: #000000;\"><strong>Toldos Araque<\/strong> es una empresa profesional especializada en la fabricaci\u00f3n e instalaci\u00f3n de protecci\u00f3n solar de interior y exterior.<\/span><\/p>\n<p><span style=\"color: #000000;\">Desde 1987 ponemos a su disposici\u00f3n nuestra experiencia, tanto en fabricaci\u00f3n como en instalaci\u00f3n de toldos, siempre con un equipo cualificado y continuamente formado e instruido, garantizando que nuestros montajes e instalaciones sean inmejorables y acordes a la calidad de nuestros productos y cuidamos todos los detalles para que el resultado final sea el esperado por nuestros clientes.<\/span><\/p>\n<p><span style=\"color: #000000;\">A trav\u00e9s de nuestro asesoramiento t\u00e9cnico y est\u00e9tico, con el m\u00e1s amplio catalogo de telas y materiales de alta calidad, podemos ofrecerle la m\u00e1s completa variedad de toldos ya sean toldos manuales, motorizados o autom\u00e1ticos como toldos stor, toldos portada, toldos cofres, toldos extensibles, toldos veranda, toldos cortavientos, p\u00e9rgolas, capotas, lonas de piscina, techos M\u00f3viles, techos fijos, techos panel s\u00e1ndwich, estores enrollables\u2026<\/span><\/p>\n<p><span style=\"color: #000000;\">Nuestro esfuerzo por innovar en el sector del toldo nos sit\u00faan en la vanguardia tecnol\u00f3gica con toldos que conjugan creatividad, dise\u00f1o y elegancia.<\/span><\/p>\n<p><span style=\"color: #000000;\">Para la fabricaci\u00f3n y confecci\u00f3n de todos nuestros sistemas para la protecci\u00f3n solar utilizamos marcas l\u00edderes en el mercado nacional e internacional<\/span><\/p>\n<p><span style=\"color: #000000;\">Esta amplia oferta est\u00e1 avalada nuestras numerosas instalaciones realizadas en el sector de la construcci\u00f3n, decoraci\u00f3n, hosteler\u00eda, industria, etc.<\/span><\/p>\n<p><span style=\"color: #000000;\">Nos destacamos por nuestra agilidad en los plazos de entrega e instalaci\u00f3n, nuestro reto es satisfacer a cada cliente con un trato personalizado y profesional, asesoramos, fabricamos e instalamos con la m\u00e1xima seriedad, garant\u00eda y calidad-precio sin descuidar nuestro servicio postventa inmediato.<\/span><\/p>\n<p><span style=\"color: #000000;\">Cons\u00faltenos y le ofreceremos soluciones personalizadas a su medida.<\/span><\/p>\n<p><span style=\"color: #000000;\">Atendemos en toda la Comunidad De Madrid y Toledo.<\/span><\/p>\n<p><span style=\"color: #000000;\"><strong>Presupuestos sin compromiso.<\/strong><\/span><\/p>\n<p>[\/et_pb_text][\/et_pb_column][et_pb_column type=\u00bb1_2&#8243; _builder_version=\u00bb4.16&#8243; custom_padding=\u00bb|||\u00bb global_colors_info=\u00bb{}\u00bb custom_padding__hover=\u00bb|||\u00bb][et_pb_code _builder_version=\u00bb4.19.5&#8243; _module_preset=\u00bbdefault\u00bb global_colors_info=\u00bb{}\u00bb]<div class=\"rank-math-contact-info show-name show-organization_description show-email show-address show-hours show-phone show-additional_info show-map\"><div class=\"rank-math-contact-section rank-math-contact-name\">\t\t<h4 class=\"rank-math-name\">\n\t\t\t<a href=\"https:\/\/toldosaraque.com\/madrid\">Toldos Araque Madrid Valdemoro<\/a>\n\t\t<\/h4>\n\t\t<\/div><div class=\"rank-math-contact-section rank-math-contact-organization_description\">\t\t<div class=\"rank-math-organization-description\">\n\t\t\t<label>Descripci\u00f3n:<\/label>\n\t\t\t<p>En Toldos Araque, nos especializamos en la fabricaci\u00f3n, instalaci\u00f3n y mantenimiento de toldos y sistemas de protecci\u00f3n solar personalizados. Ofrecemos soluciones innovadoras y duraderas adaptadas a las necesidades de cada cliente, asegurando un ambiente fresco y protegido en hogares y comercios. Ubicados en la Comunidad de Madrid, brindamos servicio de calidad en toda el \u00e1rea local. Conf\u00eda en nosotros para crear espacios confortables, con la atenci\u00f3n personalizada que nos caracteriza.<\/p>\n\t\t<\/div>\n\t\t<\/div><div class=\"rank-math-contact-section rank-math-contact-email\">\t\t<div class=\"rank-math-email\">\n\t\t\t<label>Correo electr\u00f3nico:<\/label>\n\t\t\t<a href=\"mailto:info@toldosaraque.com\">info@toldosaraque.com<\/a>\n\t\t<\/div>\n\t\t<\/div><div class=\"rank-math-contact-section rank-math-contact-address\">\t\t<label>Direcci\u00f3n:<\/label>\n\t\t<address><span class=\"contact-address-streetAddress\">Pol. Ind. Rompecubas, Calle Juan de la Cierva, 2, nave 14<\/span> <span class=\"contact-address-addressLocality\">Valdemoro<\/span>, <span class=\"contact-address-addressRegion\">Madrid<\/span> <span class=\"contact-address-postalCode\">28341<\/span><\/address>\n\t\t<\/div><div class=\"rank-math-contact-section rank-math-contact-hours\">\t\t<label>Horas:<\/label>\n\t\t<div class=\"rank-math-contact-hours-details\">\n\t\t\t<div class=\"rank-math-opening-hours\"><span class=\"rank-math-opening-days\">lunes, martes, mi\u00e9rcoles, jueves, viernes, s\u00e1bado, domingo<\/span><span class=\"rank-math-opening-time\">09:00 &ndash; 17:00<\/span><\/div>\t\t<\/div>\n\t\t<\/div><div class=\"rank-math-contact-section rank-math-contact-phone\"><\/div><div class=\"rank-math-contact-section rank-math-contact-additional_info\"><\/div><div class=\"rank-math-contact-section rank-math-contact-map\">\t\t<iframe src=\"\/\/maps.google.com\/maps?q=Pol.%20Ind.%20Rompecubas%2C%20Calle%20Juan%20de%20la%20Cierva%2C%202%2C%20nave%2014%20Valdemoro%20Madrid%2028341%20Espa%C3%B1a&#038;z=15&#038;output=embed&#038;key=Desarrollo%2B2015\"><\/iframe>\n\t\t<\/div><\/div><div class=\"clear\"><\/div>[\/et_pb_code][\/et_pb_column][\/et_pb_row][et_pb_row _builder_version=\u00bb4.19.5&#8243; _module_preset=\u00bbdefault\u00bb global_colors_info=\u00bb{}\u00bb][et_pb_column type=\u00bb4_4&#8243; _builder_version=\u00bb4.19.5&#8243; _module_preset=\u00bbdefault\u00bb global_colors_info=\u00bb{}\u00bb][et_pb_gallery gallery_ids=\u00bb3427,3788,3475,3798,3793,2938,3305,3041&#8243; posts_number=\u00bb8&#8243; show_title_and_caption=\u00bboff\u00bb show_pagination=\u00bboff\u00bb admin_label=\u00bbGaler\u00eda\u00bb _builder_version=\u00bb4.16&#8243; use_border_color=\u00bboff\u00bb border_color=\u00bb#ffffff\u00bb border_style=\u00bbsolid\u00bb global_colors_info=\u00bb{}\u00bb] [\/et_pb_gallery][\/et_pb_column][\/et_pb_row][et_pb_row admin_label=\u00bbFila\u00bb _builder_version=\u00bb4.16&#8243; background_size=\u00bbinitial\u00bb background_position=\u00bbtop_left\u00bb background_repeat=\u00bbrepeat\u00bb global_colors_info=\u00bb{}\u00bb][et_pb_column type=\u00bb4_4&#8243; _builder_version=\u00bb4.16&#8243; custom_padding=\u00bb|||\u00bb global_colors_info=\u00bb{}\u00bb custom_padding__hover=\u00bb|||\u00bb][et_pb_text admin_label=\u00bbTexto\u00bb _builder_version=\u00bb4.16&#8243; background_size=\u00bbinitial\u00bb background_position=\u00bbtop_left\u00bb background_repeat=\u00bbrepeat\u00bb use_border_color=\u00bboff\u00bb border_color=\u00bb#ffffff\u00bb border_style=\u00bbsolid\u00bb global_colors_info=\u00bb{}\u00bb]<span style=\"color: #ff0000;\"><strong>LOCALIDADES DONDE PRESTAMOS NUESTROS SERVICIOS DE FABRICACI\u00d3N E INSTALACI\u00d3N DE TOLDOS<\/strong><\/span><\/p>\n<p>Toldos en Ajalvir &#8211; Toldos en Alameda del Valle &#8211; Toldos en Alcal\u00e1 de Henares &#8211; <a href=\"https:\/\/toldosaraque.com\/madrid\/toldos-en-alcobendas\/\">Toldos en Alcobendas<\/a> &#8211; <a href=\"https:\/\/toldosaraque.com\/madrid\/toldos-en-alcorcon\/\">Toldos en Alcorc\u00f3n<\/a> &#8211; Toldos en Aldea del Fresno &#8211; Toldos en Algete &#8211; Toldos en Alpedrete &#8211; Toldos en Ambite &#8211; Toldos en Anchuelo &#8211; <a href=\"https:\/\/toldosaraque.com\/madrid\/toldos-en-aranjuez\/\">Toldos en Aranjuez<\/a> &#8211; <a href=\"https:\/\/toldosaraque.com\/madrid\/toldos-en-arganda-del-rey\/\">Toldos en Arganda del Rey<\/a> &#8211; <a href=\"https:\/\/toldosaraque.com\/madrid\/toldos-en-arroyomolinos\/\">Toldos en Arroyomolinos<\/a> &#8211; Toldos en Batres &#8211; Toldos en Becerril de la Sierra &#8211; Toldos en Belmonte de Tajo &#8211; Toldos en Berzosa del Lozoya &#8211; <a href=\"https:\/\/toldosaraque.com\/madrid\/toldos-en-boadilla-del-monte\/\">Toldos en Boadilla del Monte<\/a> &#8211; Toldos en Braojos de la Sierra &#8211; Toldos en Brea de Tajo &#8211; Toldos en Brunete &#8211; Toldos en Buitrago del Lozoya &#8211; Toldos en Bustarviejo &#8211; Toldos en Cabanillas de la Sierra &#8211; Toldos en Cadalso de los Vidrios &#8211; Toldos en Camarma de Esteruelas &#8211; Toldos en Campo Real &#8211; Toldos en Canencia &#8211; Toldos en Caraba\u00f1a &#8211; Toldos en Casarrubuelos &#8211; Toldos en Cenicientos &#8211; Toldos en Cercedilla &#8211; Toldos en Cervera de Buitrago &#8211; Toldos en Chapiner\u00eda &#8211; Toldos en Chinch\u00f3n &#8211; <a href=\"https:\/\/toldosaraque.com\/madrid\/toldos-en-ciempozuelos\/\">Toldos en Ciempozuelos<\/a> &#8211; Toldos en Cobe\u00f1a &#8211; Toldos en Collado Mediano &#8211; Toldos en Collado Villalba &#8211; Toldos en Colmenar de Oreja &#8211; Toldos en Colmenar del Arroyo &#8211; Toldos en Colmenar Viejo &#8211; Toldos en Colmenarejo &#8211; Toldos en Corpa &#8211; Toldos en Coslada &#8211; Toldos en Cubas de la Sagra &#8211; Toldos en Daganzo de Arriba &#8211; Toldos en El \u00c1lamo &#8211; Toldos en El Atazar &#8211; Toldos en El Berrueco &#8211; Toldos en El Boalo &#8211; Toldos en El Escorial &#8211; Toldos en El Molar &#8211; Toldos en El Vell\u00f3n &#8211; Toldos en Estremera &#8211; Toldos en Fresnedillas de la Oliva &#8211; Toldos en Fresno de Torote &#8211; <a href=\"https:\/\/toldosaraque.com\/madrid\/toldos-en-fuenlabrada\/\">Toldos en Fuenlabrada<\/a> &#8211; Toldos en Fuente el Saz de Jarama &#8211; Toldos en Fuentidue\u00f1a de Tajo &#8211; Toldos en Galapagar &#8211; Toldos en Garganta de los Montes &#8211; Toldos en Gargantilla del Lozoya &#8211; Toldos en Gascones &#8211; <a href=\"https:\/\/toldosaraque.com\/madrid\/toldos-en-getafe\/\">Toldos en Getafe<\/a> &#8211; <a href=\"https:\/\/toldosaraque.com\/madrid\/toldos-en-grinon\/\">Toldos en Gri\u00f1\u00f3n<\/a> &#8211; Toldos en Guadalix de la Sierra &#8211; Toldos en Guadarrama &#8211; Toldos en Horcajo de la Sierra-Aoslos &#8211; Toldos en Horcajuelo de la Sierra &#8211; Toldos en Hoyo de Manzanares &#8211; Toldos en Humanes de Madrid &#8211; Toldos en La Acebeda &#8211; Toldos en La Cabrera &#8211; Toldos en La Hiruela &#8211; Toldos en La Serna del Monte &#8211; <a href=\"https:\/\/toldosaraque.com\/madrid\/toldos-en-las-rozas\/\">Toldos en Las Rozas de Madrid<\/a> &#8211;<a href=\"https:\/\/toldosaraque.com\/madrid\/toldos-en-leganes\/\"> Toldos en Legan\u00e9s<\/a> &#8211; Toldos en Loeches &#8211; Toldos en Los Molinos &#8211; Toldos en Los Santos de la Humosa &#8211; Toldos en Lozoya &#8211; Toldos en Lozoyuela &#8211; Toldos en Navas &#8211; Toldos en Sieteiglesias &#8211; Toldos en M\u00f3stoles &#8211; Toldos en Madarcos &#8211; <a href=\"https:\/\/toldosaraque.com\/madrid\/toldos-en-madrid\/\">Toldos en Madrid<\/a> &#8211; <a href=\"https:\/\/toldosaraque.com\/madrid\/toldos-en-majadahonda\/\">Toldos en Majadahonda<\/a> &#8211; Toldos en Manzanares el Real &#8211; Toldos en Meco &#8211; Toldos en Mejorada del Campo &#8211; Toldos en Miraflores de la Sierra &#8211; Toldos en Montejo de la Sierra &#8211; Toldos en Moraleja de Enmedio &#8211; Toldos en Moralzarzal &#8211; Toldos en Morata de Taju\u00f1a &#8211; Toldos en Navacerrada &#8211; Toldos en Navalafuente &#8211; Toldos en Navalagamella &#8211; Toldos en Navalcarnero &#8211; Toldos en Navarredonda y San Mam\u00e9s &#8211; Toldos en Navas del Rey &#8211; Toldos en Nuevo Bazt\u00e1n &#8211; Toldos en Olmeda de las Fuentes &#8211; Toldos en Orusco de Taju\u00f1a &#8211; <a href=\"https:\/\/toldosaraque.com\/madrid\/toldos-en-paracuellos-del-jarama\/\">Toldos en Paracuellos de Jarama<\/a> &#8211; <a href=\"https:\/\/toldosaraque.com\/madrid\/toldos-en-parla\/\">Toldos en Parla<\/a> &#8211; Toldos en Patones &#8211; Toldos en Pedrezuela &#8211; Toldos en Pelayos de la Presa &#8211; Toldos en Perales de Taju\u00f1a &#8211; Toldos en Toldos en Pezuela de las Torres &#8211; Toldos en Pi\u00f1u\u00e9car-Gandullas &#8211; Toldos en Pinilla del Valle &#8211; <a href=\"https:\/\/toldosaraque.com\/madrid\/toldos-en-pinto\/\">Toldos en Pinto<\/a> &#8211; <a href=\"https:\/\/toldosaraque.com\/madrid\/toldos-en-pozuelo-de-alarcon\/\">Toldos en Pozuelo de Alarc\u00f3n<\/a> &#8211; Toldos en Pozuelo del Rey &#8211; Toldos en Pr\u00e1dena del Rinc\u00f3n &#8211; Toldos en Puebla de la Sierra &#8211; Toldos en Puentes Viejas &#8211; Toldos en Quijorna &#8211; Toldos en Rascafr\u00eda &#8211; Toldos en Redue\u00f1a &#8211; Toldos en Ribatejada &#8211; <a href=\"https:\/\/toldosaraque.com\/madrid\/toldos-en-rivas-vaciamadrid\/\">Toldos en Rivas-Vaciamadrid<\/a> &#8211; Toldos en Robledillo de la Jara &#8211; Toldos en Robledo de Chavela &#8211; Toldos en Robregordo &#8211; Toldos en Rozas de Puerto Real &#8211; Toldos en San Agust\u00edn del Guadalix &#8211; Toldos en San Fernando de Henares &#8211; Toldos en San Lorenzo de El Escorial &#8211; Toldos en San Mart\u00edn de la Vega &#8211; Toldos en San Mart\u00edn de Valdeiglesias &#8211; Toldos en San Sebasti\u00e1n de los Reyes &#8211; Toldos en Santa Mar\u00eda de la Alameda &#8211; Toldos en Santorcaz &#8211; Toldos en Serranillos del Valle &#8211; Toldos en Sevilla la Nueva &#8211; Toldos en Somosierra &#8211; Toldos en Soto del Real &#8211; Toldos en Talamanca de Jarama &#8211; Toldos en Tielmes &#8211; Toldos en Titulcia &#8211; Toldos en Torrej\u00f3n de Ardoz &#8211; Toldos en Torrej\u00f3n de la Calzada &#8211; Toldos en Torrej\u00f3n de Velasco &#8211; Toldos en Torrelaguna &#8211; Toldos en Torrelodones &#8211; Toldos en Torremocha de Jarama &#8211; Toldos en Torres de la Alameda &#8211; Toldos en Tres Cantos &#8211; Toldos en Valdaracete &#8211; Toldos en Valdeavero &#8211; Toldos en Valdelaguna &#8211; Toldos en Valdemanco &#8211; Toldos en Valdemaqueda &#8211; Toldos en Valdemorillo &#8211; <a href=\"https:\/\/toldosaraque.com\/madrid\/toldos-en-valdemoro\/\">Toldos en Valdemoro<\/a> &#8211; Toldos en Valdeolmos-alpardo &#8211; Toldos en Valdepi\u00e9lagos &#8211; Toldos en Valdetorres de Jarama &#8211; Toldos en Valdilecha &#8211; Toldos en Valverde de Alcal\u00e1 &#8211; Toldos en Velilla de San Antonio &#8211; Toldos en Venturada &#8211; Toldos en Villa del Prado &#8211; Toldos en Villaconejos &#8211; Toldos en Villalbilla &#8211; Toldos en Villamanrique de Tajo &#8211; Toldos en Villamanta &#8211; Toldos en Villamantilla &#8211; Toldos en Villanueva de la Ca\u00f1ada &#8211; Toldos en Villanueva de Perales &#8211; Toldos en Villanueva del Pardillo &#8211; Toldos en Villar del Olmo &#8211; Toldos en Villarejo de Salvan\u00e9s &#8211; Toldos en Villaviciosa de Od\u00f3n &#8211; Toldos en Villavieja del Lozoya &#8211; Toldos en Zarzalejo &#8211; Toldos en Toledo &#8211; <a href=\"https:\/\/toldosaraque.com\/madrid\/toldos-en-sesena\/\">Toldos en Sese\u00f1a<\/a> &#8211; Toldos en Borox &#8211; Toldos en A\u00f1over de Tajo &#8211; Toldos en Villaseca de la Sagra &#8211; Toldos en Mocejon &#8211; Toldos en Esquivias &#8211; Toldos en Numancia de la Sagra &#8211; Toldos en Pantoja &#8211; Toldos en Cobeja &#8211; Toldos en Yeles &#8211; <a href=\"https:\/\/toldosaraque.com\/madrid\/toldos-en-illescas\/\">Toldos en Illescas <\/a>&#8211; Toldos en Ugena &#8211; Toldos en Carranque &#8211; Toldos en Yuncos &#8211; Toldos en Yuncler &#8211; Toldos en Villaluenga de la Sagra &#8211; Toldos en El Viso de San Juan &#8211; Toldos en Caba\u00f1as de la Sagra &#8211; Toldos en Yunclillos &#8211; Toldos en Bargas &#8211; Toldos en Casarrubios del Monte &#8211; Toldos en Lominchar &#8211; Toldos en Santa Cruz de la Zarza &#8211; Toldos en Villarubia de Santiago &#8211; Toldos en Noblejas &#8211; Toldos en Ontigola &#8211; Toldos en Ciruelos &#8211; Toldos en Yepes &#8211; <a href=\"https:\/\/toldosaraque.com\/madrid\/toldos-en-ocana\/\">Toldos en Oca\u00f1a<\/a> &#8211; Toldos en Villatobas &#8211; Toldos en Caba\u00f1as de Yepes &#8211; Toldos en Dosbarrios &#8211; Toldos en Villasequilla<br \/>\n[\/et_pb_text][\/et_pb_column][\/et_pb_row][\/et_pb_section]<\/p>\n","protected":false},"excerpt":{"rendered":"<p>LA EMPRESA Toldos Araque es una empresa profesional especializada en la fabricaci\u00f3n e instalaci\u00f3n de protecci\u00f3n solar de interior y exterior. Desde 1987 ponemos a su disposici\u00f3n nuestra experiencia, tanto en fabricaci\u00f3n como en instalaci\u00f3n de toldos, siempre con un equipo cualificado y continuamente formado e instruido, garantizando que nuestros montajes e instalaciones sean inmejorables [&hellip;]<\/p>\n","protected":false},"author":3,"featured_media":0,"parent":0,"menu_order":0,"comment_status":"closed","ping_status":"closed","template":"","meta":{"_et_pb_use_builder":"on","_et_pb_old_content":"<p style=\"text-align: justify;\"><strong><a href=\"https:\/\/www.toldosaraque.com\/wp-content\/uploads\/2014\/01\/fachada-nave.jpg\"><br \/> <img class=\"alignleft wp-image-1645 size-medium\" src=\"https:\/\/www.toldosaraque.com\/wp-content\/uploads\/2014\/01\/fachada-nave-300x225.jpg\" alt=\"\" width=\"300\" height=\"225\" \/><\/a>Toldos Araque<\/strong> es una empresa familiar dedicada a la fabricaci\u00f3n e instalaci\u00f3n profesional de toldos.<br \/> Desde 1987 ponemos a su disposici\u00f3n nuestra experiencia, tanto en fabricaci\u00f3n como en instalaci\u00f3n de toldos, siempre con un equipo cualificado y continuamente formado e instruido, garantizando que nuestros montajes e instalaciones sean inmejorables y acordes a la calidad de nuestros productos.<br \/> A trav\u00e9s de nuestro asesoramiento t\u00e9cnico y est\u00e9tico, con el m\u00e1s amplio catalogo de telas y materiales de alta calidad, podemos ofrecerle la m\u00e1s completa variedad de toldos ya sean toldos manuales, motorizados o autom\u00e1ticos como toldos stor, toldos portada, toldos cofres, toldos extensibles, toldos veranda, toldos cortavientos, p\u00e9rgolas, capotas, marquesinas, mosquiteras, lonas de piscina, estores enrollables\u2026<br \/> Esta amplia oferta est\u00e1 avalada por la garant\u00eda de las principales marcas: Gaviota Simbac, Mitjavila, Sauleda, Recasens, Cherubini y por nuestras numerosas instalaciones en el sector de la construcci\u00f3n, decoraci\u00f3n, hosteler\u00eda, industria, etc.<br \/> Nos destacamos por nuestra agilidad en los plazos de entrega e instalaci\u00f3n, nuestro reto es satisfacer a cada cliente con un trato personalizado y profesional, asesoramos, fabricamos e instalamos con la m\u00e1xima seriedad, garant\u00eda y calidad-precio.<br \/> Cons\u00faltenos y le ofreceremos soluciones personalizadas a su medida.<br \/> Atendemos en toda la Comunidad De Madrid y Toledo.<br \/> <strong>Presupuestos sin compromiso.<\/strong><\/p><p style=\"text-align: justify;\"><img class=\"ngg_displayed_gallery mceItem\" src=\"https:\/\/www.toldosaraque.com\/nextgen-attach_to_post\/preview\/id--2122\" alt=\"\" data-mce-placeholder=\"1\" \/><\/p>","_et_gb_content_width":"","_joinchat":[],"footnotes":""},"class_list":["post-140","page","type-page","status-publish","hentry"],"_links":{"self":[{"href":"https:\/\/toldosaraque.com\/madrid\/wp-json\/wp\/v2\/pages\/140","targetHints":{"allow":["GET"]}}],"collection":[{"href":"https:\/\/toldosaraque.com\/madrid\/wp-json\/wp\/v2\/pages"}],"about":[{"href":"https:\/\/toldosaraque.com\/madrid\/wp-json\/wp\/v2\/types\/page"}],"author":[{"embeddable":true,"href":"https:\/\/toldosaraque.com\/madrid\/wp-json\/wp\/v2\/users\/3"}],"replies":[{"embeddable":true,"href":"https:\/\/toldosaraque.com\/madrid\/wp-json\/wp\/v2\/comments?post=140"}],"version-history":[{"count":2,"href":"https:\/\/toldosaraque.com\/madrid\/wp-json\/wp\/v2\/pages\/140\/revisions"}],"predecessor-version":[{"id":7662,"href":"https:\/\/toldosaraque.com\/madrid\/wp-json\/wp\/v2\/pages\/140\/revisions\/7662"}],"wp:attachment":[{"href":"https:\/\/toldosaraque.com\/madrid\/wp-json\/wp\/v2\/media?parent=140"}],"curies":[{"name":"wp","href":"https:\/\/api.w.org\/{rel}","templated":true}]}}