{"id":2047,"date":"2014-08-10T22:33:54","date_gmt":"2014-08-10T21:33:54","guid":{"rendered":"http:\/\/www.toldosaraque.com\/?page_id=2047"},"modified":"2023-05-01T15:11:09","modified_gmt":"2023-05-01T14:11:09","slug":"fabricantes-de-motorizacion","status":"publish","type":"page","link":"https:\/\/toldosaraque.com\/madrid\/fabricantes-de-motorizacion\/","title":{"rendered":"FABRICANTES DE MOTORIZACION"},"content":{"rendered":"<p>[et_pb_section fb_built=\u00bb1&#8243; admin_label=\u00bbsection\u00bb _builder_version=\u00bb4.16&#8243; global_colors_info=\u00bb{}\u00bb][et_pb_row admin_label=\u00bbrow\u00bb _builder_version=\u00bb4.16&#8243; background_size=\u00bbinitial\u00bb background_position=\u00bbtop_left\u00bb background_repeat=\u00bbrepeat\u00bb global_colors_info=\u00bb{}\u00bb][et_pb_column type=\u00bb4_4&#8243; _builder_version=\u00bb4.16&#8243; custom_padding=\u00bb|||\u00bb global_colors_info=\u00bb{}\u00bb custom_padding__hover=\u00bb|||\u00bb][et_pb_text admin_label=\u00bbTexto\u00bb _builder_version=\u00bb4.19.5&#8243; background_size=\u00bbinitial\u00bb background_position=\u00bbtop_left\u00bb background_repeat=\u00bbrepeat\u00bb custom_margin=\u00bb||0px|\u00bb hover_enabled=\u00bb0&#8243; use_border_color=\u00bboff\u00bb border_color=\u00bb#ffffff\u00bb border_style=\u00bbsolid\u00bb global_colors_info=\u00bb{}\u00bb sticky_enabled=\u00bb0&#8243; header_font=\u00bb|700|||||||\u00bb]<\/p><div id=\"ez-toc-container\" class=\"ez-toc-v2_0_81 ez-toc-wrap-center counter-hierarchy ez-toc-counter ez-toc-grey ez-toc-container-direction\">\n<p class=\"ez-toc-title\" style=\"cursor:inherit\">Resumen:<\/p>\n<label for=\"ez-toc-cssicon-toggle-item-6a031831a95c0\" class=\"ez-toc-cssicon-toggle-label\"><span class=\"ez-toc-cssicon\"><span class=\"eztoc-hide\" style=\"display:none;\">Toggle<\/span><span class=\"ez-toc-icon-toggle-span\"><svg style=\"fill: #999;color:#999\" xmlns=\"http:\/\/www.w3.org\/2000\/svg\" class=\"list-377408\" width=\"20px\" height=\"20px\" viewBox=\"0 0 24 24\" fill=\"none\"><path d=\"M6 6H4v2h2V6zm14 0H8v2h12V6zM4 11h2v2H4v-2zm16 0H8v2h12v-2zM4 16h2v2H4v-2zm16 0H8v2h12v-2z\" fill=\"currentColor\"><\/path><\/svg><svg style=\"fill: #999;color:#999\" class=\"arrow-unsorted-368013\" xmlns=\"http:\/\/www.w3.org\/2000\/svg\" width=\"10px\" height=\"10px\" viewBox=\"0 0 24 24\" version=\"1.2\" baseProfile=\"tiny\"><path d=\"M18.2 9.3l-6.2-6.3-6.2 6.3c-.2.2-.3.4-.3.7s.1.5.3.7c.2.2.4.3.7.3h11c.3 0 .5-.1.7-.3.2-.2.3-.5.3-.7s-.1-.5-.3-.7zM5.8 14.7l6.2 6.3 6.2-6.3c.2-.2.3-.5.3-.7s-.1-.5-.3-.7c-.2-.2-.4-.3-.7-.3h-11c-.3 0-.5.1-.7.3-.2.2-.3.5-.3.7s.1.5.3.7z\"\/><\/svg><\/span><\/span><\/label><input type=\"checkbox\"  id=\"ez-toc-cssicon-toggle-item-6a031831a95c0\" checked aria-label=\"Alternar\" \/><nav><ul class='ez-toc-list ez-toc-list-level-1 ' ><li class='ez-toc-page-1 ez-toc-heading-level-1'><a class=\"ez-toc-link ez-toc-heading-1\" href=\"https:\/\/toldosaraque.com\/madrid\/fabricantes-de-motorizacion\/#fabricantes-de-motorizaciones\" >FABRICANTES DE MOTORIZACIONES<\/a><ul class='ez-toc-list-level-5' ><li class='ez-toc-heading-level-5'><ul class='ez-toc-list-level-5' ><li class='ez-toc-heading-level-5'><ul class='ez-toc-list-level-5' ><li class='ez-toc-heading-level-5'><ul class='ez-toc-list-level-5' ><li class='ez-toc-heading-level-5'><a class=\"ez-toc-link ez-toc-heading-2\" href=\"https:\/\/toldosaraque.com\/madrid\/fabricantes-de-motorizacion\/#gaviota-simbac\" >GAVIOTA SIMBAC<\/a><\/li><li class='ez-toc-page-1 ez-toc-heading-level-5'><a class=\"ez-toc-link ez-toc-heading-3\" href=\"https:\/\/toldosaraque.com\/madrid\/fabricantes-de-motorizacion\/#somfy\" >SOMFY<\/a><\/li><li class='ez-toc-page-1 ez-toc-heading-level-5'><a class=\"ez-toc-link ez-toc-heading-4\" href=\"https:\/\/toldosaraque.com\/madrid\/fabricantes-de-motorizacion\/#cherubini\" >CHERUBINI<\/a><\/li><\/ul><\/li><\/ul><\/li><\/ul><\/li><\/ul><\/li><\/ul><\/nav><\/div>\n\n<h1 style=\"text-align: center;\"><span class=\"ez-toc-section\" id=\"fabricantes-de-motorizaciones\"><\/span><span style=\"color: #444444;\">FABRICANTES DE<\/span><span style=\"color: #444444;\"> MO<\/span><span style=\"color: #444444;\">TORIZACIONES<\/span><span class=\"ez-toc-section-end\"><\/span><\/h1>\n<p>[\/et_pb_text][et_pb_divider color=\u00bb#2c99fc\u00bb admin_label=\u00bbSeparador\u00bb _builder_version=\u00bb4.16&#8243; hide_on_mobile=\u00bboff\u00bb global_colors_info=\u00bb{}\u00bb] [\/et_pb_divider][\/et_pb_column][\/et_pb_row][et_pb_row column_structure=\u00bb1_2,1_2&#8243; admin_label=\u00bbrow\u00bb _builder_version=\u00bb4.16&#8243; background_size=\u00bbinitial\u00bb background_position=\u00bbtop_left\u00bb background_repeat=\u00bbrepeat\u00bb global_colors_info=\u00bb{}\u00bb][et_pb_column type=\u00bb1_2&#8243; _builder_version=\u00bb4.16&#8243; custom_padding=\u00bb|||\u00bb global_colors_info=\u00bb{}\u00bb custom_padding__hover=\u00bb|||\u00bb][et_pb_image src=\u00bbhttps:\/\/toldosaraque.com\/madrid\/wp-content\/uploads\/2014\/08\/proveedor-gaviota.jpg\u00bb align=\u00bbcenter\u00bb align_tablet=\u00bbcenter\u00bb align_phone=\u00bb\u00bb align_last_edited=\u00bbon|desktop\u00bb admin_label=\u00bbImagen\u00bb _builder_version=\u00bb4.16&#8243; use_border_color=\u00bboff\u00bb border_color=\u00bb#ffffff\u00bb border_style=\u00bbsolid\u00bb animation=\u00bboff\u00bb sticky=\u00bboff\u00bb always_center_on_mobile=\u00bbon\u00bb global_colors_info=\u00bb{}\u00bb] [\/et_pb_image][et_pb_text admin_label=\u00bbTexto\u00bb _builder_version=\u00bb4.16&#8243; background_size=\u00bbinitial\u00bb background_position=\u00bbtop_left\u00bb background_repeat=\u00bbrepeat\u00bb use_border_color=\u00bboff\u00bb border_color=\u00bb#ffffff\u00bb border_style=\u00bbsolid\u00bb global_colors_info=\u00bb{}\u00bb]<\/p>\n<h5 style=\"text-align: justify;\"><span class=\"ez-toc-section\" id=\"gaviota-simbac\"><\/span><strong>GAVIOTA SIMBAC<\/strong><span class=\"ez-toc-section-end\"><\/span><\/h5>\n<p style=\"text-align: justify;\">Los motores y sistemas de automatizaci\u00f3n Gaviota-Simbac, cumplen todas las normas internacionales de seguridad, contando con numerosas CERTIFICACIONES y estudios que lo reafirman.<\/p>\n<p style=\"text-align: justify;\">Los estrictos controles de calidad y sometimiento en laboratorio, a pruebas de esfuerzo y desgaste, as\u00ed como de funcionamiento en condiciones l\u00edmites, nos posibilitan poder dar una GARANT\u00cdA TOTAL DE 5 A\u00d1OS.<\/p>\n<p style=\"text-align: justify;\"><a href=\"https:\/\/www.gaviotagroup.com\/\" target=\"_blank\" rel=\"noopener noreferrer nofollow\">https:\/\/www.gaviotagroup.com\/<\/a><\/p>\n<p>[\/et_pb_text][\/et_pb_column][et_pb_column type=\u00bb1_2&#8243; _builder_version=\u00bb4.16&#8243; custom_padding=\u00bb|||\u00bb global_colors_info=\u00bb{}\u00bb custom_padding__hover=\u00bb|||\u00bb][et_pb_image src=\u00bbhttps:\/\/toldosaraque.com\/madrid\/wp-content\/uploads\/2014\/08\/Somfy.jpg\u00bb align=\u00bbcenter\u00bb align_tablet=\u00bbcenter\u00bb align_phone=\u00bb\u00bb align_last_edited=\u00bbon|desktop\u00bb admin_label=\u00bbImagen\u00bb _builder_version=\u00bb4.16&#8243; use_border_color=\u00bboff\u00bb border_color=\u00bb#ffffff\u00bb border_style=\u00bbsolid\u00bb animation=\u00bboff\u00bb sticky=\u00bboff\u00bb always_center_on_mobile=\u00bbon\u00bb global_colors_info=\u00bb{}\u00bb] [\/et_pb_image][et_pb_text admin_label=\u00bbTexto\u00bb _builder_version=\u00bb4.16&#8243; background_size=\u00bbinitial\u00bb background_position=\u00bbtop_left\u00bb background_repeat=\u00bbrepeat\u00bb use_border_color=\u00bboff\u00bb border_color=\u00bb#ffffff\u00bb border_style=\u00bbsolid\u00bb global_colors_info=\u00bb{}\u00bb]<\/p>\n<h5 style=\"text-align: justify;\"><span class=\"ez-toc-section\" id=\"somfy\"><\/span><strong>SOMFY<\/strong><span class=\"ez-toc-section-end\"><\/span><\/h5>\n<p style=\"text-align: justify;\">Creada en 1969, somfy, que sigue siendo fiel a sus valores, est\u00e1 ahora presente en m\u00e1s de 60 pa\u00edses y es el l\u00edder mundial en la automatizaci\u00f3n de puertas y ventanas para viviendas y la industria de la construcci\u00f3n, con m\u00e1s de 100 millones de motores vendidos en todo el mundo<\/p>\n<p style=\"text-align: justify;\"><a href=\"https:\/\/www.somfy.es\/\" target=\"_blank\" rel=\"noopener noreferrer nofollow\">https:\/\/www.somfy.es\/<\/a><\/p>\n<p>[\/et_pb_text][et_pb_image src=\u00bbhttps:\/\/toldosaraque.com\/madrid\/wp-content\/uploads\/2014\/08\/CHERUBINI.jpg\u00bb align=\u00bbcenter\u00bb align_tablet=\u00bbcenter\u00bb align_phone=\u00bb\u00bb align_last_edited=\u00bbon|desktop\u00bb admin_label=\u00bbImagen\u00bb _builder_version=\u00bb4.16&#8243; use_border_color=\u00bboff\u00bb border_color=\u00bb#ffffff\u00bb border_style=\u00bbsolid\u00bb animation=\u00bboff\u00bb sticky=\u00bboff\u00bb always_center_on_mobile=\u00bbon\u00bb global_colors_info=\u00bb{}\u00bb] [\/et_pb_image][et_pb_text admin_label=\u00bbTexto\u00bb _builder_version=\u00bb4.16&#8243; background_size=\u00bbinitial\u00bb background_position=\u00bbtop_left\u00bb background_repeat=\u00bbrepeat\u00bb use_border_color=\u00bboff\u00bb border_color=\u00bb#ffffff\u00bb border_style=\u00bbsolid\u00bb global_colors_info=\u00bb{}\u00bb]<\/p>\n<h5 style=\"text-align: justify;\"><span class=\"ez-toc-section\" id=\"cherubini\"><\/span><strong>CHERUBINI<\/strong><span class=\"ez-toc-section-end\"><\/span><\/h5>\n<p style=\"text-align: justify;\">Cherubini, con sus m\u00e1s de 30 a\u00f1os en el mercado mundial de la protecci\u00f3n solar, cuenta con una fuerte experiencia madurada en la fabricaci\u00f3n de sistemas de accionamiento para protecci\u00f3n solar. Nuestra filosof\u00eda est\u00e1 basada en conceptos tales como: innovaci\u00f3n, calidad, efectividad, servicio y atenci\u00f3n al cliente.<\/p>\n<p style=\"text-align: justify;\"><a href=\"https:\/\/www.cherubini.es\/\" target=\"_blank\" rel=\"noopener noreferrer nofollow\">https:\/\/www.cherubini.es\/<\/a><\/p>\n<p>[\/et_pb_text][\/et_pb_column][\/et_pb_row][\/et_pb_section]<\/p>\n","protected":false},"excerpt":{"rendered":"<p>FABRICANTES DE MOTORIZACIONES GAVIOTA SIMBAC Los motores y sistemas de automatizaci\u00f3n Gaviota-Simbac, cumplen todas las normas internacionales de seguridad, contando con numerosas CERTIFICACIONES y estudios que lo reafirman. Los estrictos controles de calidad y sometimiento en laboratorio, a pruebas de esfuerzo y desgaste, as\u00ed como de funcionamiento en condiciones l\u00edmites, nos posibilitan poder dar una [&hellip;]<\/p>\n","protected":false},"author":3,"featured_media":0,"parent":0,"menu_order":0,"comment_status":"closed","ping_status":"closed","template":"","meta":{"_et_pb_use_builder":"on","_et_pb_old_content":"<h6><span style=\"color: #444444;\">[hr]<\/span><\/h6><h6><strong>GAVIOTA SIMBAC<\/strong><\/h6><p><a title=\"gaviota simbac\" href=\"https:\/\/www.gaviotasimbac.com\/es\/products\/motores-y-automatismos\"><img class=\"alignleft wp-image-2013\" src=\"https:\/\/www.toldosaraque.com\/wp-content\/uploads\/2014\/08\/R.jpg\" alt=\"R\" width=\"131\" height=\"116\" \/><\/a><\/p><p> <\/p><p>Fabricante de motores y sistemas de automatizaci\u00f3n para toldos.                                    <a title=\"gaviota simbac\" href=\"https:\/\/www.gaviotasimbac.com\/es\/products\/motores-y-automatismos\">www.gaviotasimbac.com<\/a><\/p><p> <\/p><h6><strong>SELVE<\/strong><\/h6><p><a title=\"selve\" href=\"https:\/\/www.selve.de\/en\/home.html\"><img class=\"alignleft wp-image-2053\" src=\"https:\/\/www.toldosaraque.com\/wp-content\/uploads\/2014\/08\/selve.gif\" alt=\"selve\" width=\"135\" height=\"110\" \/><\/a><\/p><p> <\/p><p>Fabricante aleman de motores y sistemas de automatizaci\u00f3n para toldos.                                                                                                                                           <a title=\"selve\" href=\"https:\/\/www.selve.de\/en\/home.html\">www.selve.de<\/a><\/p><p> <\/p><h6><strong>CHERUBINI<\/strong><\/h6><p><span style=\"color: #6c6c6c;\"><a title=\"cherubini\" href=\"https:\/\/www.cherubini.es\/\"><img class=\"alignleft wp-image-2060\" src=\"https:\/\/www.toldosaraque.com\/wp-content\/uploads\/2014\/08\/8506.gif\" alt=\"8506\" width=\"134\" height=\"87\" \/><\/a><\/span><\/p><p>Cherubini, con sus m\u00e1s de 30 a\u00f1os en el mercado mundial de la protecci\u00f3n solar, cuenta con una fuerte experiencia madurada en la fabricaci\u00f3n de sistemas de accionamiento para protecci\u00f3n solar.                                              <a title=\"cherubini\" href=\"https:\/\/www.cherubini.es\/\">www.cherubini.es<\/a><\/p>","_et_gb_content_width":"","_joinchat":[],"footnotes":""},"class_list":["post-2047","page","type-page","status-publish","hentry"],"_links":{"self":[{"href":"https:\/\/toldosaraque.com\/madrid\/wp-json\/wp\/v2\/pages\/2047","targetHints":{"allow":["GET"]}}],"collection":[{"href":"https:\/\/toldosaraque.com\/madrid\/wp-json\/wp\/v2\/pages"}],"about":[{"href":"https:\/\/toldosaraque.com\/madrid\/wp-json\/wp\/v2\/types\/page"}],"author":[{"embeddable":true,"href":"https:\/\/toldosaraque.com\/madrid\/wp-json\/wp\/v2\/users\/3"}],"replies":[{"embeddable":true,"href":"https:\/\/toldosaraque.com\/madrid\/wp-json\/wp\/v2\/comments?post=2047"}],"version-history":[{"count":0,"href":"https:\/\/toldosaraque.com\/madrid\/wp-json\/wp\/v2\/pages\/2047\/revisions"}],"wp:attachment":[{"href":"https:\/\/toldosaraque.com\/madrid\/wp-json\/wp\/v2\/media?parent=2047"}],"curies":[{"name":"wp","href":"https:\/\/api.w.org\/{rel}","templated":true}]}}