{"id":216,"date":"2014-01-27T11:20:59","date_gmt":"2014-01-27T10:20:59","guid":{"rendered":"http:\/\/www.toldosaraque.com\/?page_id=216"},"modified":"2026-03-01T11:52:32","modified_gmt":"2026-03-01T10:52:32","slug":"capota-4-arcos","status":"publish","type":"page","link":"https:\/\/toldosaraque.com\/madrid\/capota-4-arcos\/","title":{"rendered":"CAPOTA 4 ARCOS"},"content":{"rendered":"<p>[et_pb_section fb_built=\u00bb1&#8243; admin_label=\u00bbsection\u00bb _builder_version=\u00bb4.16&#8243; global_colors_info=\u00bb{}\u00bb][et_pb_row column_structure=\u00bb1_2,1_2&#8243; admin_label=\u00bbrow\u00bb _builder_version=\u00bb4.16&#8243; background_size=\u00bbinitial\u00bb background_position=\u00bbtop_left\u00bb background_repeat=\u00bbrepeat\u00bb global_colors_info=\u00bb{}\u00bb][et_pb_column type=\u00bb1_2&#8243; _builder_version=\u00bb4.16&#8243; custom_padding=\u00bb|||\u00bb global_colors_info=\u00bb{}\u00bb custom_padding__hover=\u00bb|||\u00bb][et_pb_text admin_label=\u00bbTexto\u00bb _builder_version=\u00bb4.19.5&#8243; background_size=\u00bbinitial\u00bb background_position=\u00bbtop_left\u00bb background_repeat=\u00bbrepeat\u00bb custom_margin=\u00bb||0px|\u00bb use_border_color=\u00bboff\u00bb border_color=\u00bb#ffffff\u00bb border_style=\u00bbsolid\u00bb global_colors_info=\u00bb{}\u00bb]<\/p><div id=\"ez-toc-container\" class=\"ez-toc-v2_0_81 ez-toc-wrap-center counter-hierarchy ez-toc-counter ez-toc-grey ez-toc-container-direction\">\n<p class=\"ez-toc-title\" style=\"cursor:inherit\">Resumen:<\/p>\n<label for=\"ez-toc-cssicon-toggle-item-6a01c929f2ddd\" class=\"ez-toc-cssicon-toggle-label\"><span class=\"ez-toc-cssicon\"><span class=\"eztoc-hide\" style=\"display:none;\">Toggle<\/span><span class=\"ez-toc-icon-toggle-span\"><svg style=\"fill: #999;color:#999\" xmlns=\"http:\/\/www.w3.org\/2000\/svg\" class=\"list-377408\" width=\"20px\" height=\"20px\" viewBox=\"0 0 24 24\" fill=\"none\"><path d=\"M6 6H4v2h2V6zm14 0H8v2h12V6zM4 11h2v2H4v-2zm16 0H8v2h12v-2zM4 16h2v2H4v-2zm16 0H8v2h12v-2z\" fill=\"currentColor\"><\/path><\/svg><svg style=\"fill: #999;color:#999\" class=\"arrow-unsorted-368013\" xmlns=\"http:\/\/www.w3.org\/2000\/svg\" width=\"10px\" height=\"10px\" viewBox=\"0 0 24 24\" version=\"1.2\" baseProfile=\"tiny\"><path d=\"M18.2 9.3l-6.2-6.3-6.2 6.3c-.2.2-.3.4-.3.7s.1.5.3.7c.2.2.4.3.7.3h11c.3 0 .5-.1.7-.3.2-.2.3-.5.3-.7s-.1-.5-.3-.7zM5.8 14.7l6.2 6.3 6.2-6.3c.2-.2.3-.5.3-.7s-.1-.5-.3-.7c-.2-.2-.4-.3-.7-.3h-11c-.3 0-.5.1-.7.3-.2.2-.3.5-.3.7s.1.5.3.7z\"\/><\/svg><\/span><\/span><\/label><input type=\"checkbox\"  id=\"ez-toc-cssicon-toggle-item-6a01c929f2ddd\" checked aria-label=\"Alternar\" \/><nav><ul class='ez-toc-list ez-toc-list-level-1 ' ><li class='ez-toc-page-1 ez-toc-heading-level-1'><a class=\"ez-toc-link ez-toc-heading-1\" href=\"https:\/\/toldosaraque.com\/madrid\/capota-4-arcos\/#capota-practic\" >CAPOTA PRACTIC<\/a><ul class='ez-toc-list-level-4' ><li class='ez-toc-heading-level-4'><ul class='ez-toc-list-level-4' ><li class='ez-toc-heading-level-4'><ul class='ez-toc-list-level-4' ><li class='ez-toc-heading-level-4'><a class=\"ez-toc-link ez-toc-heading-2\" href=\"https:\/\/toldosaraque.com\/madrid\/capota-4-arcos\/#galeria-de-imagenes\" >GALER\u00cdA DE IM\u00c1GENES<\/a><\/li><li class='ez-toc-page-1 ez-toc-heading-level-4'><a class=\"ez-toc-link ez-toc-heading-3\" href=\"https:\/\/toldosaraque.com\/madrid\/capota-4-arcos\/#catalogo-capota-4-arcos\" >CAT\u00c1LOGO CAPOTA 4 ARCOS<\/a><\/li><li class='ez-toc-page-1 ez-toc-heading-level-4'><a class=\"ez-toc-link ez-toc-heading-4\" href=\"https:\/\/toldosaraque.com\/madrid\/capota-4-arcos\/#mas-informacion\" >M\u00c1S INFORMACI\u00d3N<\/a><\/li><\/ul><\/li><\/ul><\/li><li class='ez-toc-page-1 ez-toc-heading-level-2'><a class=\"ez-toc-link ez-toc-heading-5\" href=\"https:\/\/toldosaraque.com\/madrid\/capota-4-arcos\/#capota-practic-o-capota-de-4-arcos\" >Capota Practic o Capota de 4 arcos<\/a><\/li><li class='ez-toc-page-1 ez-toc-heading-level-2'><a class=\"ez-toc-link ez-toc-heading-6\" href=\"https:\/\/toldosaraque.com\/madrid\/capota-4-arcos\/#caracteristicas-de-la-capota-4-arcos\" >Caracter\u00edsticas de la capota 4 arcos<\/a><\/li><li class='ez-toc-page-1 ez-toc-heading-level-2'><a class=\"ez-toc-link ez-toc-heading-7\" href=\"https:\/\/toldosaraque.com\/madrid\/capota-4-arcos\/#aplicaciones-habituales\" >Aplicaciones habituales<\/a><\/li><li class='ez-toc-page-1 ez-toc-heading-level-2'><a class=\"ez-toc-link ez-toc-heading-8\" href=\"https:\/\/toldosaraque.com\/madrid\/capota-4-arcos\/#materiales-y-acabados\" >Materiales y acabados<\/a><\/li><li class='ez-toc-page-1 ez-toc-heading-level-2'><a class=\"ez-toc-link ez-toc-heading-9\" href=\"https:\/\/toldosaraque.com\/madrid\/capota-4-arcos\/#instalacion-y-durabilidad\" >Instalaci\u00f3n y durabilidad<\/a><\/li><li class='ez-toc-page-1 ez-toc-heading-level-2'><a class=\"ez-toc-link ez-toc-heading-10\" href=\"https:\/\/toldosaraque.com\/madrid\/capota-4-arcos\/#preguntas-frecuentes-sobre-la-capota-practic\" >Preguntas frecuentes sobre la capota Practic<\/a><ul class='ez-toc-list-level-3' ><li class='ez-toc-heading-level-3'><a class=\"ez-toc-link ez-toc-heading-11\" href=\"https:\/\/toldosaraque.com\/madrid\/capota-4-arcos\/#%c2%bfcapota-practic-y-capota-4-arcos-es-lo-mismo\" >\u00bfCapota Practic y capota 4 arcos es lo mismo?<\/a><\/li><li class='ez-toc-page-1 ez-toc-heading-level-3'><a class=\"ez-toc-link ez-toc-heading-12\" href=\"https:\/\/toldosaraque.com\/madrid\/capota-4-arcos\/#%c2%bfes-un-toldo-abatible\" >\u00bfEs un toldo abatible?<\/a><\/li><li class='ez-toc-page-1 ez-toc-heading-level-3'><a class=\"ez-toc-link ez-toc-heading-13\" href=\"https:\/\/toldosaraque.com\/madrid\/capota-4-arcos\/#%c2%bfsirve-para-cualquier-ventana\" >\u00bfSirve para cualquier ventana?<\/a><\/li><\/ul><\/li><\/ul><\/li><\/ul><\/nav><\/div>\n\n<h1 style=\"text-align: center;\"><span class=\"ez-toc-section\" id=\"capota-practic\"><\/span><strong>CAPOTA PRACTIC<\/strong><span class=\"ez-toc-section-end\"><\/span><\/h1>\n<p>[\/et_pb_text][et_pb_divider color=\u00bb#2c99fc\u00bb admin_label=\u00bbSeparador\u00bb _builder_version=\u00bb4.16&#8243; hide_on_mobile=\u00bboff\u00bb global_colors_info=\u00bb{}\u00bb]&nbsp;<br \/>\n[\/et_pb_divider][et_pb_text admin_label=\u00bbTexto\u00bb _builder_version=\u00bb4.16&#8243; background_size=\u00bbinitial\u00bb background_position=\u00bbtop_left\u00bb background_repeat=\u00bbrepeat\u00bb use_border_color=\u00bboff\u00bb border_color=\u00bb#ffffff\u00bb border_style=\u00bbsolid\u00bb global_colors_info=\u00bb{}\u00bb]<\/p>\n<p style=\"text-align: justify;\">Recomendado especialmente para las ventanas de su hogar, logrando embellecer la fachada, permitiendo cubrir la entrada de sol por el frente y laterales favoreciendo la intimidad en la vivienda.<\/p>\n<p style=\"text-align: justify;\">Se recoge y extiende en modo bisagra (plegable).<\/p>\n<p style=\"text-align: justify;\">La instalaci\u00f3n de la capota se realiza fuera del marco de la ventana, para que cuando est\u00e9 recogida no impida la entrada de la luz y su fijaci\u00f3n puede ser: frontal o entre-paredes con fijaci\u00f3n a techo.<\/p>\n<p style=\"text-align: justify;\">Si no queda resguardada por ninguna cornisa o techo, una vez recogida, disponemos de tejadillos lacados para protecci\u00f3n de la capota y mayor duraci\u00f3n de la misma.<\/p>\n<p style=\"text-align: justify;\">Las medidas m\u00e1ximas de fabricaci\u00f3n son de 3,50 metros de l\u00ednea por 1,40 metros de salida.<\/p>\n<p style=\"text-align: justify;\">Este tipo de capota solo se puede fabricar en lona acr\u00edlica, desaconsej\u00e1ndose en pvc.<br \/>\nEn el caso de quererlo en pvc se recomienda una marquesina.<\/p>\n<p style=\"text-align: justify;\"><strong><u>Caracter\u00edsticas t\u00e9cnicas<\/u><\/strong><br \/>\n&#8211; Instalaci\u00f3n muy r\u00e1pida y sencilla.<br \/>\n&#8211; Modelo de 4 arcos.<br \/>\n&#8211; Gran cantidad de tejidos, colores y estampados a elegir.<br \/>\n&#8211; Perfiles y herrajes lacados (posibilidad de colores RAL o maderas).<br \/>\n&#8211; Tipo de onda (bambalina) con forma a elegir.<br \/>\n&#8211; Fijaci\u00f3n: frontal (opcional entre-paredes o techo).<br \/>\n&#8211; Sistema de accionamiento mediante cord\u00f3n guiado.<br \/>\n&#8211; Perfiler\u00eda y accesorios en aluminio extrusionado.<br \/>\n&#8211; Torniller\u00eda inoxidable.<br \/>\n&#8211; Fabricado en Espa\u00f1a, ofreci\u00e9ndole la m\u00e1xima garant\u00eda de calidad.<\/p>\n<p>&nbsp;<br \/>\n[\/et_pb_text][\/et_pb_column][et_pb_column type=\u00bb1_2&#8243; _builder_version=\u00bb4.16&#8243; custom_padding=\u00bb|||\u00bb global_colors_info=\u00bb{}\u00bb custom_padding__hover=\u00bb|||\u00bb][et_pb_image src=\u00bbhttps:\/\/toldosaraque.com\/madrid\/wp-content\/uploads\/2014\/08\/CAPOTA-LONA-TIERRA-2-Copiar.jpg\u00bb align_tablet=\u00bbcenter\u00bb align_phone=\u00bb\u00bb align_last_edited=\u00bbon|desktop\u00bb admin_label=\u00bbImagen\u00bb _builder_version=\u00bb4.16&#8243; animation_style=\u00bbslide\u00bb animation_direction=\u00bbleft\u00bb animation_duration=\u00bb500ms\u00bb animation_intensity_slide=\u00bb10%\u00bb use_border_color=\u00bboff\u00bb border_color=\u00bb#ffffff\u00bb border_style=\u00bbsolid\u00bb animation=\u00bbleft\u00bb sticky=\u00bboff\u00bb always_center_on_mobile=\u00bbon\u00bb global_colors_info=\u00bb{}\u00bb]&nbsp;<br \/>\n[\/et_pb_image][et_pb_text admin_label=\u00bbTexto\u00bb _builder_version=\u00bb4.16&#8243; background_size=\u00bbinitial\u00bb background_position=\u00bbtop_left\u00bb background_repeat=\u00bbrepeat\u00bb custom_margin=\u00bb||0px|\u00bb use_border_color=\u00bboff\u00bb border_color=\u00bb#ffffff\u00bb border_style=\u00bbsolid\u00bb global_colors_info=\u00bb{}\u00bb]<\/p>\n<h4><span class=\"ez-toc-section\" id=\"galeria-de-imagenes\"><\/span>GALER\u00cdA DE IM\u00c1GENES<span class=\"ez-toc-section-end\"><\/span><\/h4>\n<p>[\/et_pb_text][et_pb_divider color=\u00bb#2c99fc\u00bb admin_label=\u00bbSeparador\u00bb _builder_version=\u00bb4.16&#8243; hide_on_mobile=\u00bboff\u00bb global_colors_info=\u00bb{}\u00bb]&nbsp;<br \/>\n[\/et_pb_divider][et_pb_gallery gallery_ids=\u00bb3237,3236,4128,3228,3226,3225,3229,3231,4127,3227,3235,3230,3234,3232,3233&#8243; show_title_and_caption=\u00bboff\u00bb admin_label=\u00bbGaler\u00eda\u00bb _builder_version=\u00bb4.16&#8243; use_border_color=\u00bboff\u00bb border_color=\u00bb#ffffff\u00bb border_style=\u00bbsolid\u00bb global_colors_info=\u00bb{}\u00bb] [\/et_pb_gallery][\/et_pb_column][\/et_pb_row][et_pb_row _builder_version=\u00bb4.16&#8243; global_colors_info=\u00bb{}\u00bb][et_pb_column type=\u00bb4_4&#8243; _builder_version=\u00bb4.16&#8243; global_colors_info=\u00bb{}\u00bb][et_pb_text admin_label=\u00bbTexto\u00bb _builder_version=\u00bb4.27.4&#8243; background_size=\u00bbinitial\u00bb background_position=\u00bbtop_left\u00bb background_repeat=\u00bbrepeat\u00bb custom_margin=\u00bb||0px|\u00bb use_border_color=\u00bboff\u00bb border_color=\u00bb#ffffff\u00bb border_style=\u00bbsolid\u00bb global_colors_info=\u00bb{}\u00bb]<\/p>\n<h4><span class=\"ez-toc-section\" id=\"catalogo-capota-4-arcos\"><\/span>CAT\u00c1LOGO CAPOTA 4 ARCOS<span class=\"ez-toc-section-end\"><\/span><\/h4>\n<p>[\/et_pb_text][et_pb_divider color=\u00bb#2c99fc\u00bb admin_label=\u00bbSeparador\u00bb _builder_version=\u00bb4.16&#8243; hide_on_mobile=\u00bboff\u00bb global_colors_info=\u00bb{}\u00bb]&nbsp;<br \/>\n[\/et_pb_divider][et_pb_button button_url=\u00bbhttps:\/\/toldosaraque.com\/madrid\/wp-content\/uploads\/2020\/03\/Catalogo-Capota-Practic-4-Arcos.pdf\u00bb url_new_window=\u00bbon\u00bb button_text=\u00bbVer Ficha T\u00e9cnica en PDF\u00bb button_alignment=\u00bbleft\u00bb admin_label=\u00bbBot\u00f3n\u00bb _builder_version=\u00bb4.27.4&#8243; custom_button=\u00bbon\u00bb button_text_color=\u00bb#000000&#8243; button_bg_color=\u00bb#ffdd0e\u00bb button_border_color=\u00bb#ffdd0e\u00bb button_icon=\u00bb&#x69;||divi||400&#8243; button_letter_spacing_hover=\u00bb0&#8243; global_colors_info=\u00bb{}\u00bb button_text_size__hover_enabled=\u00bboff\u00bb button_one_text_size__hover_enabled=\u00bboff\u00bb button_two_text_size__hover_enabled=\u00bboff\u00bb button_text_color__hover_enabled=\u00bboff\u00bb button_one_text_color__hover_enabled=\u00bboff\u00bb button_two_text_color__hover_enabled=\u00bboff\u00bb button_border_width__hover_enabled=\u00bboff\u00bb button_one_border_width__hover_enabled=\u00bboff\u00bb button_two_border_width__hover_enabled=\u00bboff\u00bb button_border_color__hover_enabled=\u00bboff\u00bb button_one_border_color__hover_enabled=\u00bboff\u00bb button_two_border_color__hover_enabled=\u00bboff\u00bb button_border_radius__hover_enabled=\u00bboff\u00bb button_one_border_radius__hover_enabled=\u00bboff\u00bb button_two_border_radius__hover_enabled=\u00bboff\u00bb button_letter_spacing__hover_enabled=\u00bbon\u00bb button_letter_spacing__hover=\u00bb0&#8243; button_one_letter_spacing__hover_enabled=\u00bboff\u00bb button_two_letter_spacing__hover_enabled=\u00bboff\u00bb button_bg_color__hover_enabled=\u00bboff\u00bb button_one_bg_color__hover_enabled=\u00bboff\u00bb button_two_bg_color__hover_enabled=\u00bboff\u00bb] [\/et_pb_button][et_pb_toggle title=\u00bbToldo tipo capota\u00bb _builder_version=\u00bb4.27.4&#8243; _module_preset=\u00bbdefault\u00bb title_level=\u00bbh2&#8243; title_font_size=\u00bb20px\u00bb global_colors_info=\u00bb{}\u00bb]<\/p>\n<p>Un <strong>toldo tipo capota<\/strong> se caracteriza por su elegante dise\u00f1o y su funcionalidad a la hora de proteger espacios exteriores del sol y la lluvia. Esta estructura, sostenida por un sistema de 4 arcos, no solo proporciona sombra, sino que tambi\u00e9n a\u00f1ade un toque decorativo a fachadas de negocios y viviendas. Su versatilidad hace que sea una opci\u00f3n muy popular en cafeter\u00edas, restaurantes y terrazas residenciales, ofreciendo un ambiente acogedor y confortable al aire libre.<\/p>\n<p>La instalaci\u00f3n de un <strong>toldo tipo capota con 4 arcos<\/strong> es un proceso que requiere precisi\u00f3n y cuidado. Los arcos proporcionan la resistencia y estabilidad necesaria para mantener la lona tensa y en su lugar, incluso en condiciones clim\u00e1ticas adversas. Estos arcos suelen estar fabricados en materiales resistentes como el aluminio o el acero, garantizando as\u00ed una larga durabilidad y un mantenimiento m\u00ednimo.<\/p>\n<p>La lona utilizada en los <strong>toldos tipo capota<\/strong> es otro elemento vital. Fabricada en tejidos t\u00e9cnicos como el poli\u00e9ster o el acr\u00edlico, estas lonas est\u00e1n tratadas para resistir la decoloraci\u00f3n, el moho y la acumulaci\u00f3n de suciedad. Adem\u00e1s, su amplia gama de colores y estampados permite personalizar el espacio a cubrir, adapt\u00e1ndose a la est\u00e9tica de cada lugar y satisfaciendo las preferencias individuales.<\/p>\n<p>Adem\u00e1s de la protecci\u00f3n contra los elementos, los <strong>toldos tipo capota<\/strong> ofrecen beneficios adicionales como la reducci\u00f3n de la temperatura bajo el mismo y la protecci\u00f3n de mobiliario exterior. Esto se traduce en espacios m\u00e1s frescos durante los meses de verano y una prolongaci\u00f3n de la vida \u00fatil de mesas, sillas y otros elementos decorativos que de otra manera estar\u00edan expuestos a la intemperie.<\/p>\n<p>En resumen, la <strong>capota 4 arcos<\/strong> representa una soluci\u00f3n est\u00e9tica y pr\u00e1ctica para la protecci\u00f3n de espacios al aire libre. Su estructura robusta, junto con materiales de calidad, garantiza un producto de larga duraci\u00f3n que mejora la apariencia y funcionalidad de cualquier espacio. La elecci\u00f3n de un toldo tipo capota debe ser considerada cuidadosamente para asegurar que cumpla con las necesidades espec\u00edficas del lugar y de quienes lo disfrutan.<\/p>\n<p>&nbsp;<\/p>\n<p>[\/et_pb_toggle][\/et_pb_column][\/et_pb_row][et_pb_row _builder_version=\u00bb4.16&#8243; global_colors_info=\u00bb{}\u00bb][et_pb_column type=\u00bb4_4&#8243; _builder_version=\u00bb4.16&#8243; global_colors_info=\u00bb{}\u00bb][et_pb_text admin_label=\u00bbTexto\u00bb _builder_version=\u00bb4.27.4&#8243; background_size=\u00bbinitial\u00bb background_position=\u00bbtop_left\u00bb background_repeat=\u00bbrepeat\u00bb custom_margin=\u00bb||0px|\u00bb use_border_color=\u00bboff\u00bb border_color=\u00bb#ffffff\u00bb border_style=\u00bbsolid\u00bb global_colors_info=\u00bb{}\u00bb]<\/p>\n<h4><span class=\"ez-toc-section\" id=\"mas-informacion\"><\/span>M\u00c1S INFORMACI\u00d3N<span class=\"ez-toc-section-end\"><\/span><\/h4>\n<p>[\/et_pb_text][et_pb_divider color=\u00bb#2c99fc\u00bb admin_label=\u00bbSeparador\u00bb _builder_version=\u00bb4.16&#8243; hide_on_mobile=\u00bboff\u00bb global_colors_info=\u00bb{}\u00bb]&nbsp;<br \/>\n[\/et_pb_divider][et_pb_text _builder_version=\u00bb4.27.4&#8243; _module_preset=\u00bbdefault\u00bb hover_enabled=\u00bb0&#8243; global_colors_info=\u00bb{}\u00bb sticky_enabled=\u00bb0&#8243;]<\/p>\n<h2><span class=\"ez-toc-section\" id=\"capota-practic-o-capota-de-4-arcos\"><\/span>Capota Practic o Capota de 4 arcos<span class=\"ez-toc-section-end\"><\/span><\/h2>\n<p>La <strong>capota Practic<\/strong>, tambi\u00e9n conocida como <strong>capota de 4 arcos<\/strong>, es un sistema de protecci\u00f3n solar pensado principalmente para ventanas, balcones y escaparates. Se trata de un modelo fijo con forma curva que aporta sombra directa y un acabado cl\u00e1sico en fachada.<\/p>\n<p>Su dise\u00f1o con <strong>cuatro arcos estructurales<\/strong> le proporciona estabilidad y una forma definida, manteniendo la lona tensada y uniforme. Es una soluci\u00f3n habitual tanto en viviendas como en locales comerciales que buscan protecci\u00f3n solar y presencia est\u00e9tica.<\/p>\n<h2><span class=\"ez-toc-section\" id=\"caracteristicas-de-la-capota-4-arcos\"><\/span>Caracter\u00edsticas de la capota 4 arcos<span class=\"ez-toc-section-end\"><\/span><\/h2>\n<ul>\n<li>Estructura curva con cuatro arcos met\u00e1licos.<\/li>\n<li>Instalaci\u00f3n fija en fachada.<\/li>\n<li>Lona acr\u00edlica o t\u00e9cnica resistente a la intemperie.<\/li>\n<li>Protecci\u00f3n directa frente al sol y deslumbramiento.<\/li>\n<\/ul>\n<p>El sistema est\u00e1 dise\u00f1ado para ofrecer sombra continua sin necesidad de mecanismos de apertura o recogida, lo que reduce el mantenimiento y simplifica su uso.<\/p>\n<h2><span class=\"ez-toc-section\" id=\"aplicaciones-habituales\"><\/span>Aplicaciones habituales<span class=\"ez-toc-section-end\"><\/span><\/h2>\n<p>La <strong>capota Practic<\/strong> es especialmente adecuada para:<\/p>\n<ul>\n<li>Ventanas orientadas al sur o con alta exposici\u00f3n solar.<\/li>\n<li>Balcones peque\u00f1os donde no cabe un toldo extensible.<\/li>\n<li>Escaparates de comercio.<\/li>\n<li>Fachadas que buscan un acabado m\u00e1s tradicional.<\/li>\n<\/ul>\n<p>Adem\u00e1s de su funci\u00f3n de sombra, ayuda a reducir la entrada directa de radiaci\u00f3n solar, mejorando el confort interior.<\/p>\n<h2><span class=\"ez-toc-section\" id=\"materiales-y-acabados\"><\/span>Materiales y acabados<span class=\"ez-toc-section-end\"><\/span><\/h2>\n<p>La estructura suele fabricarse en aluminio tratado para exterior, mientras que la lona puede elegirse en distintos colores y tejidos. Esto permite adaptar la <strong>capota de 4 arcos<\/strong> al estilo del edificio sin que resulte un elemento a\u00f1adido sin coherencia.<\/p>\n<h2><span class=\"ez-toc-section\" id=\"instalacion-y-durabilidad\"><\/span>Instalaci\u00f3n y durabilidad<span class=\"ez-toc-section-end\"><\/span><\/h2>\n<p>Al tratarse de un sistema fijo, la instalaci\u00f3n debe realizarse con anclajes adecuados a la fachada. Una vez colocada correctamente, la capota requiere poco mantenimiento m\u00e1s all\u00e1 de la limpieza peri\u00f3dica del tejido.<\/p>\n<p>Realizamos instalaci\u00f3n en Madrid, Valdemoro y municipios cercanos, ajustando cada capota a las dimensiones reales del hueco y al acabado deseado.<\/p>\n<h2><span class=\"ez-toc-section\" id=\"preguntas-frecuentes-sobre-la-capota-practic\"><\/span>Preguntas frecuentes sobre la capota Practic<span class=\"ez-toc-section-end\"><\/span><\/h2>\n<h3><span class=\"ez-toc-section\" id=\"%c2%bfcapota-practic-y-capota-4-arcos-es-lo-mismo\"><\/span>\u00bfCapota Practic y capota 4 arcos es lo mismo?<span class=\"ez-toc-section-end\"><\/span><\/h3>\n<p>S\u00ed. Son dos denominaciones utilizadas para el mismo modelo estructural.<\/p>\n<h3><span class=\"ez-toc-section\" id=\"%c2%bfes-un-toldo-abatible\"><\/span>\u00bfEs un toldo abatible?<span class=\"ez-toc-section-end\"><\/span><\/h3>\n<p>No. Es un sistema fijo con estructura curva.<\/p>\n<h3><span class=\"ez-toc-section\" id=\"%c2%bfsirve-para-cualquier-ventana\"><\/span>\u00bfSirve para cualquier ventana?<span class=\"ez-toc-section-end\"><\/span><\/h3>\n<p>Debe adaptarse a las medidas del hueco y al tipo de fachada para garantizar estabilidad.<\/p>\n<p>[\/et_pb_text][\/et_pb_column][\/et_pb_row][\/et_pb_section]<\/p>\n","protected":false},"excerpt":{"rendered":"<p>CAPOTA PRACTIC&nbsp; Recomendado especialmente para las ventanas de su hogar, logrando embellecer la fachada, permitiendo cubrir la entrada de sol por el frente y laterales favoreciendo la intimidad en la vivienda. Se recoge y extiende en modo bisagra (plegable). La instalaci\u00f3n de la capota se realiza fuera del marco de la ventana, para que cuando [&hellip;]<\/p>\n","protected":false},"author":3,"featured_media":2874,"parent":0,"menu_order":0,"comment_status":"closed","ping_status":"closed","template":"","meta":{"_et_pb_use_builder":"on","_et_pb_old_content":"<h4><strong>CAPOTA PRACTIC 4 ARCOS<\/strong><\/h4>\r\n<p style=\"text-align: justify;\"><img class=\"ngg-singlepic ngg-left alignleft\" src=\"https:\/\/www.toldosaraque.com\/wp-content\/gallery\/capota-practic\/capota-geminis.jpg\" alt=\"capota-geminis\" width=\"300\" height=\"242\" \/>Sistema Tropical T1 y T2, recomendado especialmente para las ventanas de su hogar, logrando embellecer la fachada, permitiendo cubrir la entrada de sol por el frente y laterales favoreciendo la intimidad en la vivienda. Se recoge y extiende en modo bisagra (plegable).<\/p>\r\n<p style=\"text-align: justify;\">La instalaci\u00f3n de la capota se realiza fuera del marco de la ventana, para que cuando est\u00e9 recogida no impida la entrada de la luz y su fijaci\u00f3n puede ser : frontal o entre-paredes con fijaci\u00f3n a techo. Si no queda resguardada por ninguna cornisa o techo, una vez recogida, disponemos de tejadillos lacados para protecci\u00f3n de la capota y mayor duraci\u00f3n de la misma.<\/p>\r\n<p style=\"text-align: justify;\">Las medidas m\u00e1ximas de fabricaci\u00f3n son de 4,00 metros de linea por 1,40 metros de salida.<\/p>\r\nEste tipo de capota solo se puede fabricar en lona acr\u00edlica, desaconsej\u00e1ndose en pvc.\r\nEn el caso de quererlo en pvc se recomienda una marquesina.\r\n<p style=\"text-align: justify;\"><span style=\"color: #008000;\"><strong><span style=\"text-decoration: underline;\">Caracter\u00edsticas t\u00e9cnicas<\/span><\/strong><\/span>\r\n- Instalaci\u00f3n muy r\u00e1pida y sencilla.\r\n- Modelo de 4 arcos.\r\n- Gran cantidad de tejidos, colores y estampados a elegir.\r\n- Perfiles y herrajes lacados (posibilidad de colores RAL o maderas).\r\n- Tipo de onda (bambalina) con forma a elegir.\r\n- Fijaci\u00f3n: frontal (opcional entre-paredes \u00f3 techo de hueco ext).\r\n- Sistema de accionamiento mediante cord\u00f3n guiado.\r\n- Perfiler\u00eda y accesorios en aluminio extrusionado.\r\n- Torniller\u00eda inoxidable.\r\n- Fabricado en Espa\u00f1a, ofreci\u00e9ndole la m\u00e1xima garant\u00eda de calidad.<\/p>\r\n<p style=\"text-align: justify;\"><img class=\"ngg_displayed_gallery mceItem\" src=\"https:\/\/www.toldosaraque.com\/nextgen-attach_to_post\/preview\/id--2158\" alt=\"\" data-mce-placeholder=\"1\" \/><\/p>\r\n<p style=\"text-align: justify;\"><strong>FICHA CAPOTA PRACTIC 4 ARCOS<\/strong><\/p>\r\n<p style=\"text-align: justify;\"><img class=\"ngg_displayed_gallery mceItem\" src=\"https:\/\/www.toldosaraque.com\/nextgen-attach_to_post\/preview\/id--2159\" alt=\"\" data-mce-placeholder=\"1\" \/><\/p>\r\n<p style=\"text-align: justify;\"><\/p>","_et_gb_content_width":"","_joinchat":[],"footnotes":""},"class_list":["post-216","page","type-page","status-publish","has-post-thumbnail","hentry"],"_links":{"self":[{"href":"https:\/\/toldosaraque.com\/madrid\/wp-json\/wp\/v2\/pages\/216","targetHints":{"allow":["GET"]}}],"collection":[{"href":"https:\/\/toldosaraque.com\/madrid\/wp-json\/wp\/v2\/pages"}],"about":[{"href":"https:\/\/toldosaraque.com\/madrid\/wp-json\/wp\/v2\/types\/page"}],"author":[{"embeddable":true,"href":"https:\/\/toldosaraque.com\/madrid\/wp-json\/wp\/v2\/users\/3"}],"replies":[{"embeddable":true,"href":"https:\/\/toldosaraque.com\/madrid\/wp-json\/wp\/v2\/comments?post=216"}],"version-history":[{"count":3,"href":"https:\/\/toldosaraque.com\/madrid\/wp-json\/wp\/v2\/pages\/216\/revisions"}],"predecessor-version":[{"id":7774,"href":"https:\/\/toldosaraque.com\/madrid\/wp-json\/wp\/v2\/pages\/216\/revisions\/7774"}],"wp:featuredmedia":[{"embeddable":true,"href":"https:\/\/toldosaraque.com\/madrid\/wp-json\/wp\/v2\/media\/2874"}],"wp:attachment":[{"href":"https:\/\/toldosaraque.com\/madrid\/wp-json\/wp\/v2\/media?parent=216"}],"curies":[{"name":"wp","href":"https:\/\/api.w.org\/{rel}","templated":true}]}}