{"id":2231,"date":"2015-11-20T12:58:26","date_gmt":"2015-11-20T11:58:26","guid":{"rendered":"https:\/\/toldosaraque.com\/madrid\/?page_id=2231"},"modified":"2026-03-01T10:52:39","modified_gmt":"2026-03-01T09:52:39","slug":"toldo-stor-madrid","status":"publish","type":"page","link":"https:\/\/toldosaraque.com\/madrid\/toldos\/toldo-stor-madrid\/","title":{"rendered":"TOLDO STOR MADRID"},"content":{"rendered":"<p>[et_pb_section fb_built=\u00bb1&#8243; admin_label=\u00bbsection\u00bb _builder_version=\u00bb4.16&#8243; global_colors_info=\u00bb{}\u00bb][et_pb_row column_structure=\u00bb1_2,1_2&#8243; admin_label=\u00bbrow\u00bb _builder_version=\u00bb4.16&#8243; background_size=\u00bbinitial\u00bb background_position=\u00bbtop_left\u00bb background_repeat=\u00bbrepeat\u00bb global_colors_info=\u00bb{}\u00bb][et_pb_column type=\u00bb1_2&#8243; _builder_version=\u00bb4.16&#8243; custom_padding=\u00bb|||\u00bb global_colors_info=\u00bb{}\u00bb custom_padding__hover=\u00bb|||\u00bb][et_pb_text _builder_version=\u00bb4.19.5&#8243; background_size=\u00bbinitial\u00bb background_position=\u00bbtop_left\u00bb background_repeat=\u00bbrepeat\u00bb custom_margin=\u00bb||0px|\u00bb use_border_color=\u00bboff\u00bb border_color=\u00bb#ffffff\u00bb border_style=\u00bbsolid\u00bb global_colors_info=\u00bb{}\u00bb]<\/p><div id=\"ez-toc-container\" class=\"ez-toc-v2_0_81 ez-toc-wrap-center counter-hierarchy ez-toc-counter ez-toc-grey ez-toc-container-direction\">\n<p class=\"ez-toc-title\" style=\"cursor:inherit\">Resumen:<\/p>\n<label for=\"ez-toc-cssicon-toggle-item-69ef6844dbe50\" class=\"ez-toc-cssicon-toggle-label\"><span class=\"ez-toc-cssicon\"><span class=\"eztoc-hide\" style=\"display:none;\">Toggle<\/span><span class=\"ez-toc-icon-toggle-span\"><svg style=\"fill: #999;color:#999\" xmlns=\"http:\/\/www.w3.org\/2000\/svg\" class=\"list-377408\" width=\"20px\" height=\"20px\" viewBox=\"0 0 24 24\" fill=\"none\"><path d=\"M6 6H4v2h2V6zm14 0H8v2h12V6zM4 11h2v2H4v-2zm16 0H8v2h12v-2zM4 16h2v2H4v-2zm16 0H8v2h12v-2z\" fill=\"currentColor\"><\/path><\/svg><svg style=\"fill: #999;color:#999\" class=\"arrow-unsorted-368013\" xmlns=\"http:\/\/www.w3.org\/2000\/svg\" width=\"10px\" height=\"10px\" viewBox=\"0 0 24 24\" version=\"1.2\" baseProfile=\"tiny\"><path d=\"M18.2 9.3l-6.2-6.3-6.2 6.3c-.2.2-.3.4-.3.7s.1.5.3.7c.2.2.4.3.7.3h11c.3 0 .5-.1.7-.3.2-.2.3-.5.3-.7s-.1-.5-.3-.7zM5.8 14.7l6.2 6.3 6.2-6.3c.2-.2.3-.5.3-.7s-.1-.5-.3-.7c-.2-.2-.4-.3-.7-.3h-11c-.3 0-.5.1-.7.3-.2.2-.3.5-.3.7s.1.5.3.7z\"\/><\/svg><\/span><\/span><\/label><input type=\"checkbox\"  id=\"ez-toc-cssicon-toggle-item-69ef6844dbe50\" checked aria-label=\"Alternar\" \/><nav><ul class='ez-toc-list ez-toc-list-level-1 ' ><li class='ez-toc-page-1 ez-toc-heading-level-1'><a class=\"ez-toc-link ez-toc-heading-1\" href=\"https:\/\/toldosaraque.com\/madrid\/toldos\/toldo-stor-madrid\/#toldo-stor\" >TOLDO STOR<\/a><ul class='ez-toc-list-level-4' ><li class='ez-toc-heading-level-4'><ul class='ez-toc-list-level-4' ><li class='ez-toc-heading-level-4'><ul class='ez-toc-list-level-4' ><li class='ez-toc-heading-level-4'><a class=\"ez-toc-link ez-toc-heading-2\" href=\"https:\/\/toldosaraque.com\/madrid\/toldos\/toldo-stor-madrid\/#galeria-de-imagenes\" >GALER\u00cdA DE IM\u00c1GENES<\/a><\/li><li class='ez-toc-page-1 ez-toc-heading-level-4'><a class=\"ez-toc-link ez-toc-heading-3\" href=\"https:\/\/toldosaraque.com\/madrid\/toldos\/toldo-stor-madrid\/#catalogo-toldo-stor\" >CAT\u00c1LOGO TOLDO STOR<\/a><\/li><li class='ez-toc-page-1 ez-toc-heading-level-4'><a class=\"ez-toc-link ez-toc-heading-4\" href=\"https:\/\/toldosaraque.com\/madrid\/toldos\/toldo-stor-madrid\/#mas-informacion\" >M\u00c1S INFORMACI\u00d3N<\/a><\/li><\/ul><\/li><\/ul><\/li><li class='ez-toc-page-1 ez-toc-heading-level-2'><a class=\"ez-toc-link ez-toc-heading-5\" href=\"https:\/\/toldosaraque.com\/madrid\/toldos\/toldo-stor-madrid\/#toldo-stor-para-balcon-y-terraza\" >Toldo Stor para balc\u00f3n y terraza<\/a><\/li><li class='ez-toc-page-1 ez-toc-heading-level-2'><a class=\"ez-toc-link ez-toc-heading-6\" href=\"https:\/\/toldosaraque.com\/madrid\/toldos\/toldo-stor-madrid\/#como-funciona-un-toldo-stor\" >C\u00f3mo funciona un toldo Stor<\/a><\/li><li class='ez-toc-page-1 ez-toc-heading-level-2'><a class=\"ez-toc-link ez-toc-heading-7\" href=\"https:\/\/toldosaraque.com\/madrid\/toldos\/toldo-stor-madrid\/#ventajas-del-toldo-stor\" >Ventajas del toldo Stor<\/a><\/li><li class='ez-toc-page-1 ez-toc-heading-level-2'><a class=\"ez-toc-link ez-toc-heading-8\" href=\"https:\/\/toldosaraque.com\/madrid\/toldos\/toldo-stor-madrid\/#instalacion-de-toldos-stor-en-madrid-valdemoro-y-alrededores\" >Instalaci\u00f3n de toldos Stor en Madrid, Valdemoro y alrededores<\/a><\/li><li class='ez-toc-page-1 ez-toc-heading-level-2'><a class=\"ez-toc-link ez-toc-heading-9\" href=\"https:\/\/toldosaraque.com\/madrid\/toldos\/toldo-stor-madrid\/#preguntas-frecuentes-sobre-el-toldo-stor\" >Preguntas frecuentes sobre el toldo Stor<\/a><ul class='ez-toc-list-level-3' ><li class='ez-toc-heading-level-3'><a class=\"ez-toc-link ez-toc-heading-10\" href=\"https:\/\/toldosaraque.com\/madrid\/toldos\/toldo-stor-madrid\/#%c2%bfpara-que-tipo-de-balcon-es-adecuado\" >\u00bfPara qu\u00e9 tipo de balc\u00f3n es adecuado?<\/a><\/li><li class='ez-toc-page-1 ez-toc-heading-level-3'><a class=\"ez-toc-link ez-toc-heading-11\" href=\"https:\/\/toldosaraque.com\/madrid\/toldos\/toldo-stor-madrid\/#%c2%bfse-puede-usar-solo-en-vertical\" >\u00bfSe puede usar solo en vertical?<\/a><\/li><li class='ez-toc-page-1 ez-toc-heading-level-3'><a class=\"ez-toc-link ez-toc-heading-12\" href=\"https:\/\/toldosaraque.com\/madrid\/toldos\/toldo-stor-madrid\/#%c2%bfresiste-el-viento\" >\u00bfResiste el viento?<\/a><\/li><li class='ez-toc-page-1 ez-toc-heading-level-3'><a class=\"ez-toc-link ez-toc-heading-13\" href=\"https:\/\/toldosaraque.com\/madrid\/toldos\/toldo-stor-madrid\/#%c2%bfayuda-a-reducir-el-consumo-de-aire-acondicionado\" >\u00bfAyuda a reducir el consumo de aire acondicionado?<\/a><\/li><li class='ez-toc-page-1 ez-toc-heading-level-3'><a class=\"ez-toc-link ez-toc-heading-14\" href=\"https:\/\/toldosaraque.com\/madrid\/toldos\/toldo-stor-madrid\/#%c2%bfnecesita-mucho-mantenimiento\" >\u00bfNecesita mucho mantenimiento?<\/a><\/li><\/ul><\/li><\/ul><\/li><\/ul><\/nav><\/div>\n\n<h1 style=\"text-align: center;\"><span class=\"ez-toc-section\" id=\"toldo-stor\"><\/span><strong>TOLDO STOR<\/strong><span class=\"ez-toc-section-end\"><\/span><\/h1>\n<p>[\/et_pb_text][et_pb_divider color=\u00bb#2c99fc\u00bb _builder_version=\u00bb4.16&#8243; hide_on_mobile=\u00bboff\u00bb global_colors_info=\u00bb{}\u00bb]&nbsp;<br \/>\n[\/et_pb_divider][et_pb_text _builder_version=\u00bb4.16&#8243; background_size=\u00bbinitial\u00bb background_position=\u00bbtop_left\u00bb background_repeat=\u00bbrepeat\u00bb use_border_color=\u00bboff\u00bb border_color=\u00bb#ffffff\u00bb border_style=\u00bbsolid\u00bb global_colors_info=\u00bb{}\u00bb]<\/p>\n<p style=\"text-align: justify;\">Ideal para cualquier tipo de balc\u00f3n y barandilla, permite la fijaci\u00f3n a barandilla o pared con 3 posiciones, muy sencillo de accionar, pr\u00e1ctico y econ\u00f3mico.<\/p>\n<p style=\"text-align: justify;\">Consigue un efecto cortina ideal al poder colocarse en posici\u00f3n totalmente vertical.<\/p>\n<p style=\"text-align: justify;\"><u>Caracter\u00edsticas T\u00e9cnicas<\/u><\/p>\n<ul>\n<li style=\"text-align: justify;\">Confecci\u00f3n a medida.<\/li>\n<li style=\"text-align: justify;\">Recomendado hasta 6,00 metros de l\u00ednea total del toldo por 2,50 metros de ca\u00edda con 2 brazos.<\/li>\n<li style=\"text-align: justify;\">Brazos de aluminio 0,50 cm con sistema de plegado y dos opciones de sujeci\u00f3n.<\/li>\n<li style=\"text-align: justify;\">Posibilidad de montaje con tejadillo para cubrir estructura y lona de las inclemencias del tiempo.<\/li>\n<li style=\"text-align: justify;\">Posibilidad de montaje en cofre, quedando herm\u00e9tico una vez haya sido recogido el toldo.<\/li>\n<li style=\"text-align: justify;\">Posibilidad de instalaci\u00f3n de un tercer brazo.<\/li>\n<li style=\"text-align: justify;\">Montaje con accionamiento manual exterior, interior a derecha o izquierda.<\/li>\n<li style=\"text-align: justify;\">Posibilidad de motorizar con mando v\u00eda radio (no recomendado)<\/li>\n<li style=\"text-align: justify;\">Soportes de brazos realizados en fundici\u00f3n.<\/li>\n<li style=\"text-align: justify;\">Anclaje de los soportes a techo, pared o entre paredes.<\/li>\n<li style=\"text-align: justify;\">Tubo de enrolle en 60\/70\/78mm de di\u00e1metro en acero galvanizado.<\/li>\n<li style=\"text-align: justify;\">Tubo delantero Bamb\u00fa 1\/2\/3 en aluminio con terminales decorativos y fald\u00f3n.<\/li>\n<li style=\"text-align: justify;\">Color del aluminio en blanco est\u00e1ndar, pudi\u00e9ndose realizar en cualquier color de la carta de colores Ral.<\/li>\n<li style=\"text-align: justify;\">Tejidos t\u00e9cnicos y acr\u00edlicos.<\/li>\n<li style=\"text-align: justify;\">Instalaci\u00f3n mediante tirafondos o en su lugar inyectando tacos qu\u00edmicos (hormig\u00f3n l\u00edquido).<\/li>\n<\/ul>\n<p>[\/et_pb_text][\/et_pb_column][et_pb_column type=\u00bb1_2&#8243; _builder_version=\u00bb4.16&#8243; custom_padding=\u00bb|||\u00bb global_colors_info=\u00bb{}\u00bb custom_padding__hover=\u00bb|||\u00bb][et_pb_image src=\u00bbhttps:\/\/toldosaraque.com\/madrid\/wp-content\/uploads\/2016\/12\/Toldo-Stor-Pinto-Madrid-3.jpg\u00bb align_tablet=\u00bbcenter\u00bb align_phone=\u00bb\u00bb align_last_edited=\u00bbon|desktop\u00bb _builder_version=\u00bb4.16&#8243; animation_style=\u00bbslide\u00bb animation_direction=\u00bbleft\u00bb animation_duration=\u00bb500ms\u00bb animation_intensity_slide=\u00bb10%\u00bb use_border_color=\u00bboff\u00bb border_color=\u00bb#ffffff\u00bb border_style=\u00bbsolid\u00bb animation=\u00bbleft\u00bb sticky=\u00bboff\u00bb always_center_on_mobile=\u00bbon\u00bb global_colors_info=\u00bb{}\u00bb]&nbsp;<br \/>\n[\/et_pb_image][et_pb_text _builder_version=\u00bb4.16&#8243; background_size=\u00bbinitial\u00bb background_position=\u00bbtop_left\u00bb background_repeat=\u00bbrepeat\u00bb custom_margin=\u00bb||0px|\u00bb use_border_color=\u00bboff\u00bb border_color=\u00bb#ffffff\u00bb border_style=\u00bbsolid\u00bb global_colors_info=\u00bb{}\u00bb]<\/p>\n<h4><span class=\"ez-toc-section\" id=\"galeria-de-imagenes\"><\/span>GALER\u00cdA DE IM\u00c1GENES<span class=\"ez-toc-section-end\"><\/span><\/h4>\n<p>[\/et_pb_text][et_pb_divider color=\u00bb#2c99fc\u00bb _builder_version=\u00bb4.16&#8243; hide_on_mobile=\u00bboff\u00bb global_colors_info=\u00bb{}\u00bb]&nbsp;<br \/>\n[\/et_pb_divider][et_pb_gallery gallery_ids=\u00bb3094,7562,4943,4242,4149,3100,4246,4091,3098,4245,4092,3096,4243,3099,3097,4094,4093,3095,3093,3092&#8243; show_title_and_caption=\u00bboff\u00bb zoom_icon_color=\u00bb#2ea3f2&#8243; _builder_version=\u00bb4.27.4&#8243; pagination_font_size_tablet=\u00bb51&#8243; pagination_line_height_tablet=\u00bb2&#8243; use_border_color=\u00bboff\u00bb global_colors_info=\u00bb{}\u00bb]&nbsp;<br \/>\n[\/et_pb_gallery][\/et_pb_column][\/et_pb_row][et_pb_row _builder_version=\u00bb4.16&#8243; background_size=\u00bbinitial\u00bb background_position=\u00bbtop_left\u00bb background_repeat=\u00bbrepeat\u00bb global_colors_info=\u00bb{}\u00bb][et_pb_column type=\u00bb4_4&#8243; _builder_version=\u00bb4.16&#8243; custom_padding=\u00bb|||\u00bb global_colors_info=\u00bb{}\u00bb custom_padding__hover=\u00bb|||\u00bb][et_pb_text _builder_version=\u00bb4.16&#8243; background_size=\u00bbinitial\u00bb background_position=\u00bbtop_left\u00bb background_repeat=\u00bbrepeat\u00bb custom_margin=\u00bb||0px|\u00bb use_border_color=\u00bboff\u00bb border_color=\u00bb#ffffff\u00bb border_style=\u00bbsolid\u00bb global_colors_info=\u00bb{}\u00bb]<\/p>\n<h4 style=\"text-align: justify;\"><span class=\"ez-toc-section\" id=\"catalogo-toldo-stor\"><\/span>CAT\u00c1LOGO TOLDO STOR<span class=\"ez-toc-section-end\"><\/span><\/h4>\n<p>[\/et_pb_text][et_pb_divider color=\u00bb#2c99fc\u00bb _builder_version=\u00bb4.16&#8243; hide_on_mobile=\u00bboff\u00bb global_colors_info=\u00bb{}\u00bb]&nbsp;<br \/>\n[\/et_pb_divider][et_pb_button button_url=\u00bbhttps:\/\/toldosaraque.com\/madrid\/wp-content\/uploads\/2017\/02\/Ficha-Tecnica-Toldo-Stor.pdf\u00bb url_new_window=\u00bbon\u00bb button_text=\u00bbVer Ficha T\u00e9cnica en PDF\u00bb button_alignment=\u00bbleft\u00bb _builder_version=\u00bb4.16&#8243; custom_button=\u00bbon\u00bb button_text_color=\u00bb#000000&#8243; button_bg_color=\u00bb#ffdd0e\u00bb button_border_color=\u00bb#ffdd0e\u00bb button_icon=\u00bb&#x69;||divi||400&#8243; button_letter_spacing_hover=\u00bb0&#8243; global_colors_info=\u00bb{}\u00bb button_text_size__hover_enabled=\u00bboff\u00bb button_one_text_size__hover_enabled=\u00bboff\u00bb button_two_text_size__hover_enabled=\u00bboff\u00bb button_text_color__hover_enabled=\u00bboff\u00bb button_one_text_color__hover_enabled=\u00bboff\u00bb button_two_text_color__hover_enabled=\u00bboff\u00bb button_border_width__hover_enabled=\u00bboff\u00bb button_one_border_width__hover_enabled=\u00bboff\u00bb button_two_border_width__hover_enabled=\u00bboff\u00bb button_border_color__hover_enabled=\u00bboff\u00bb button_one_border_color__hover_enabled=\u00bboff\u00bb button_two_border_color__hover_enabled=\u00bboff\u00bb button_border_radius__hover_enabled=\u00bboff\u00bb button_one_border_radius__hover_enabled=\u00bboff\u00bb button_two_border_radius__hover_enabled=\u00bboff\u00bb button_letter_spacing__hover_enabled=\u00bbon\u00bb button_letter_spacing__hover=\u00bb0&#8243; button_one_letter_spacing__hover_enabled=\u00bboff\u00bb button_two_letter_spacing__hover_enabled=\u00bboff\u00bb button_bg_color__hover_enabled=\u00bboff\u00bb button_one_bg_color__hover_enabled=\u00bboff\u00bb button_two_bg_color__hover_enabled=\u00bboff\u00bb]&nbsp;<br \/>\n[\/et_pb_button][\/et_pb_column][\/et_pb_row][\/et_pb_section][et_pb_section fb_built=\u00bb1&#8243; _builder_version=\u00bb4.21.0&#8243; _module_preset=\u00bbdefault\u00bb global_colors_info=\u00bb{}\u00bb][et_pb_row _builder_version=\u00bb4.16&#8243; background_size=\u00bbinitial\u00bb background_position=\u00bbtop_left\u00bb background_repeat=\u00bbrepeat\u00bb global_colors_info=\u00bb{}\u00bb][et_pb_column type=\u00bb4_4&#8243; _builder_version=\u00bb4.16&#8243; custom_padding=\u00bb|||\u00bb global_colors_info=\u00bb{}\u00bb custom_padding__hover=\u00bb|||\u00bb][et_pb_text _builder_version=\u00bb4.27.4&#8243; background_size=\u00bbinitial\u00bb background_position=\u00bbtop_left\u00bb background_repeat=\u00bbrepeat\u00bb custom_margin=\u00bb||0px|\u00bb use_border_color=\u00bboff\u00bb border_color=\u00bb#ffffff\u00bb border_style=\u00bbsolid\u00bb global_colors_info=\u00bb{}\u00bb]<\/p>\n<h4 style=\"text-align: justify;\"><span class=\"ez-toc-section\" id=\"mas-informacion\"><\/span>M\u00c1S INFORMACI\u00d3N<span class=\"ez-toc-section-end\"><\/span><\/h4>\n<p>[\/et_pb_text][et_pb_divider color=\u00bb#2c99fc\u00bb _builder_version=\u00bb4.16&#8243; hide_on_mobile=\u00bboff\u00bb global_colors_info=\u00bb{}\u00bb]&nbsp;<br \/>\n[\/et_pb_divider][et_pb_toggle title=\u00bbToldos stor\u00bb _builder_version=\u00bb4.27.4&#8243; _module_preset=\u00bbdefault\u00bb title_level=\u00bbh2&#8243; title_font_size=\u00bb20px\u00bb hover_enabled=\u00bb0&#8243; global_colors_info=\u00bb{}\u00bb sticky_enabled=\u00bb0&#8243;]<\/p>\n<h2><span class=\"ez-toc-section\" id=\"toldo-stor-para-balcon-y-terraza\"><\/span>Toldo Stor para balc\u00f3n y terraza<span class=\"ez-toc-section-end\"><\/span><\/h2>\n<p>El <strong>toldo Stor<\/strong> es una soluci\u00f3n pr\u00e1ctica y discreta para balcones con barandilla. Est\u00e1 dise\u00f1ado para ofrecer sombra regulable sin ocupar espacio ni modificar la estructura de la vivienda.<\/p>\n<p>Es especialmente habitual en pisos y apartamentos donde se necesita proteger del sol directo sin cerrar completamente el balc\u00f3n. Su sistema permite disfrutar del exterior con mayor confort durante los meses de m\u00e1s calor.<\/p>\n<h2><span class=\"ez-toc-section\" id=\"como-funciona-un-toldo-stor\"><\/span>C\u00f3mo funciona un toldo Stor<span class=\"ez-toc-section-end\"><\/span><\/h2>\n<p>El toldo Stor incorpora brazos abatibles que se fijan a la barandilla, permitiendo dos posiciones de uso:<\/p>\n<ul>\n<li><strong>Posici\u00f3n vertical<\/strong>, funcionando como pantalla frontal de protecci\u00f3n solar y privacidad.<\/li>\n<li><strong>Posici\u00f3n proyectada<\/strong>, creando una inclinaci\u00f3n que genera sombra regulable.<\/li>\n<\/ul>\n<p>Tambi\u00e9n puede instalarse en versi\u00f3n <strong>Stor vertical guiado con cables de acero<\/strong>, una opci\u00f3n m\u00e1s estable y est\u00e9tica en balcones m\u00e1s expuestos al viento.<\/p>\n<h2><span class=\"ez-toc-section\" id=\"ventajas-del-toldo-stor\"><\/span>Ventajas del toldo Stor<span class=\"ez-toc-section-end\"><\/span><\/h2>\n<ul>\n<li>Perfecto para balcones con barandilla<\/li>\n<li>Regulaci\u00f3n sencilla de la entrada de sol<\/li>\n<li>Buena resistencia al viento si est\u00e1 bien instalado<\/li>\n<li>Reduce el calor en el interior de la vivienda<\/li>\n<li>Instalaci\u00f3n r\u00e1pida y mantenimiento m\u00ednimo<\/li>\n<\/ul>\n<p>Adem\u00e1s de aportar sombra, ayuda a mejorar el confort t\u00e9rmico del hogar. Al frenar la radiaci\u00f3n antes de que incida sobre el cristal, contribuye a mantener una temperatura interior m\u00e1s estable.<\/p>\n<h2><span class=\"ez-toc-section\" id=\"instalacion-de-toldos-stor-en-madrid-valdemoro-y-alrededores\"><\/span>Instalaci\u00f3n de toldos Stor en Madrid, Valdemoro y alrededores<span class=\"ez-toc-section-end\"><\/span><\/h2>\n<p>La <strong>instalaci\u00f3n de toldo Stor<\/strong> debe adaptarse a cada tipo de balc\u00f3n, teniendo en cuenta medidas, orientaci\u00f3n y sistema de anclaje. Un montaje correcto garantiza seguridad y durabilidad.<\/p>\n<p>Es una soluci\u00f3n muy demandada tanto en Madrid como en Valdemoro y municipios cercanos, especialmente en viviendas con balcones orientados al sur u oeste.<\/p>\n<h2><span class=\"ez-toc-section\" id=\"preguntas-frecuentes-sobre-el-toldo-stor\"><\/span>Preguntas frecuentes sobre el toldo Stor<span class=\"ez-toc-section-end\"><\/span><\/h2>\n<h3><span class=\"ez-toc-section\" id=\"%c2%bfpara-que-tipo-de-balcon-es-adecuado\"><\/span>\u00bfPara qu\u00e9 tipo de balc\u00f3n es adecuado?<span class=\"ez-toc-section-end\"><\/span><\/h3>\n<p>Est\u00e1 pensado para balcones con barandilla met\u00e1lica o de obra donde se puedan fijar los brazos inferiores.<\/p>\n<h3><span class=\"ez-toc-section\" id=\"%c2%bfse-puede-usar-solo-en-vertical\"><\/span>\u00bfSe puede usar solo en vertical?<span class=\"ez-toc-section-end\"><\/span><\/h3>\n<p>S\u00ed. En posici\u00f3n vertical funciona como pantalla de protecci\u00f3n solar y aporta mayor privacidad.<\/p>\n<h3><span class=\"ez-toc-section\" id=\"%c2%bfresiste-el-viento\"><\/span>\u00bfResiste el viento?<span class=\"ez-toc-section-end\"><\/span><\/h3>\n<p>S\u00ed, siempre que est\u00e9 correctamente instalado. En zonas m\u00e1s expuestas se recomienda el modelo guiado con cables.<\/p>\n<h3><span class=\"ez-toc-section\" id=\"%c2%bfayuda-a-reducir-el-consumo-de-aire-acondicionado\"><\/span>\u00bfAyuda a reducir el consumo de aire acondicionado?<span class=\"ez-toc-section-end\"><\/span><\/h3>\n<p>Al bloquear el sol directo, reduce el sobrecalentamiento interior y mejora la eficiencia energ\u00e9tica.<\/p>\n<h3><span class=\"ez-toc-section\" id=\"%c2%bfnecesita-mucho-mantenimiento\"><\/span>\u00bfNecesita mucho mantenimiento?<span class=\"ez-toc-section-end\"><\/span><\/h3>\n<p>No. Basta con limpieza peri\u00f3dica del tejido y revisi\u00f3n de los anclajes.<\/p>\n<p>[\/et_pb_toggle][\/et_pb_column][\/et_pb_row][\/et_pb_section]<\/p>\n","protected":false},"excerpt":{"rendered":"<p>TOLDO STOR&nbsp; Ideal para cualquier tipo de balc\u00f3n y barandilla, permite la fijaci\u00f3n a barandilla o pared con 3 posiciones, muy sencillo de accionar, pr\u00e1ctico y econ\u00f3mico. Consigue un efecto cortina ideal al poder colocarse en posici\u00f3n totalmente vertical. Caracter\u00edsticas T\u00e9cnicas Confecci\u00f3n a medida. Recomendado hasta 6,00 metros de l\u00ednea total del toldo por 2,50 [&hellip;]<\/p>\n","protected":false},"author":3,"featured_media":2874,"parent":213,"menu_order":0,"comment_status":"closed","ping_status":"closed","template":"","meta":{"_et_pb_use_builder":"on","_et_pb_old_content":"","_et_gb_content_width":"","_joinchat":[],"footnotes":""},"class_list":["post-2231","page","type-page","status-publish","has-post-thumbnail","hentry"],"_links":{"self":[{"href":"https:\/\/toldosaraque.com\/madrid\/wp-json\/wp\/v2\/pages\/2231","targetHints":{"allow":["GET"]}}],"collection":[{"href":"https:\/\/toldosaraque.com\/madrid\/wp-json\/wp\/v2\/pages"}],"about":[{"href":"https:\/\/toldosaraque.com\/madrid\/wp-json\/wp\/v2\/types\/page"}],"author":[{"embeddable":true,"href":"https:\/\/toldosaraque.com\/madrid\/wp-json\/wp\/v2\/users\/3"}],"replies":[{"embeddable":true,"href":"https:\/\/toldosaraque.com\/madrid\/wp-json\/wp\/v2\/comments?post=2231"}],"version-history":[{"count":2,"href":"https:\/\/toldosaraque.com\/madrid\/wp-json\/wp\/v2\/pages\/2231\/revisions"}],"predecessor-version":[{"id":7749,"href":"https:\/\/toldosaraque.com\/madrid\/wp-json\/wp\/v2\/pages\/2231\/revisions\/7749"}],"up":[{"embeddable":true,"href":"https:\/\/toldosaraque.com\/madrid\/wp-json\/wp\/v2\/pages\/213"}],"wp:featuredmedia":[{"embeddable":true,"href":"https:\/\/toldosaraque.com\/madrid\/wp-json\/wp\/v2\/media\/2874"}],"wp:attachment":[{"href":"https:\/\/toldosaraque.com\/madrid\/wp-json\/wp\/v2\/media?parent=2231"}],"curies":[{"name":"wp","href":"https:\/\/api.w.org\/{rel}","templated":true}]}}