{"id":2233,"date":"2015-11-20T12:58:49","date_gmt":"2015-11-20T11:58:49","guid":{"rendered":"https:\/\/toldosaraque.com\/madrid\/?page_id=2233"},"modified":"2026-03-01T10:28:54","modified_gmt":"2026-03-01T09:28:54","slug":"toldo-portada-madrid","status":"publish","type":"page","link":"https:\/\/toldosaraque.com\/madrid\/toldos\/toldo-portada-madrid\/","title":{"rendered":"TOLDO PORTADA MADRID"},"content":{"rendered":"<p>[et_pb_section fb_built=\u00bb1&#8243; admin_label=\u00bbsection\u00bb _builder_version=\u00bb4.16&#8243; global_colors_info=\u00bb{}\u00bb][et_pb_row column_structure=\u00bb1_2,1_2&#8243; admin_label=\u00bbrow\u00bb _builder_version=\u00bb4.16&#8243; background_size=\u00bbinitial\u00bb background_position=\u00bbtop_left\u00bb background_repeat=\u00bbrepeat\u00bb global_colors_info=\u00bb{}\u00bb][et_pb_column type=\u00bb1_2&#8243; _builder_version=\u00bb4.16&#8243; custom_padding=\u00bb|||\u00bb global_colors_info=\u00bb{}\u00bb custom_padding__hover=\u00bb|||\u00bb][et_pb_text _builder_version=\u00bb4.19.5&#8243; background_size=\u00bbinitial\u00bb background_position=\u00bbtop_left\u00bb background_repeat=\u00bbrepeat\u00bb custom_margin=\u00bb||0px|\u00bb use_border_color=\u00bboff\u00bb border_color=\u00bb#ffffff\u00bb border_style=\u00bbsolid\u00bb global_colors_info=\u00bb{}\u00bb]<\/p><div id=\"ez-toc-container\" class=\"ez-toc-v2_0_81 ez-toc-wrap-center counter-hierarchy ez-toc-counter ez-toc-grey ez-toc-container-direction\">\n<p class=\"ez-toc-title\" style=\"cursor:inherit\">Resumen:<\/p>\n<label for=\"ez-toc-cssicon-toggle-item-69ff2ed118948\" class=\"ez-toc-cssicon-toggle-label\"><span class=\"ez-toc-cssicon\"><span class=\"eztoc-hide\" style=\"display:none;\">Toggle<\/span><span class=\"ez-toc-icon-toggle-span\"><svg style=\"fill: #999;color:#999\" xmlns=\"http:\/\/www.w3.org\/2000\/svg\" class=\"list-377408\" width=\"20px\" height=\"20px\" viewBox=\"0 0 24 24\" fill=\"none\"><path d=\"M6 6H4v2h2V6zm14 0H8v2h12V6zM4 11h2v2H4v-2zm16 0H8v2h12v-2zM4 16h2v2H4v-2zm16 0H8v2h12v-2z\" fill=\"currentColor\"><\/path><\/svg><svg style=\"fill: #999;color:#999\" class=\"arrow-unsorted-368013\" xmlns=\"http:\/\/www.w3.org\/2000\/svg\" width=\"10px\" height=\"10px\" viewBox=\"0 0 24 24\" version=\"1.2\" baseProfile=\"tiny\"><path d=\"M18.2 9.3l-6.2-6.3-6.2 6.3c-.2.2-.3.4-.3.7s.1.5.3.7c.2.2.4.3.7.3h11c.3 0 .5-.1.7-.3.2-.2.3-.5.3-.7s-.1-.5-.3-.7zM5.8 14.7l6.2 6.3 6.2-6.3c.2-.2.3-.5.3-.7s-.1-.5-.3-.7c-.2-.2-.4-.3-.7-.3h-11c-.3 0-.5.1-.7.3-.2.2-.3.5-.3.7s.1.5.3.7z\"\/><\/svg><\/span><\/span><\/label><input type=\"checkbox\"  id=\"ez-toc-cssicon-toggle-item-69ff2ed118948\" checked aria-label=\"Alternar\" \/><nav><ul class='ez-toc-list ez-toc-list-level-1 ' ><li class='ez-toc-page-1 ez-toc-heading-level-1'><a class=\"ez-toc-link ez-toc-heading-1\" href=\"https:\/\/toldosaraque.com\/madrid\/toldos\/toldo-portada-madrid\/#toldo-portada\" >TOLDO PORTADA<\/a><ul class='ez-toc-list-level-4' ><li class='ez-toc-heading-level-4'><ul class='ez-toc-list-level-4' ><li class='ez-toc-heading-level-4'><ul class='ez-toc-list-level-4' ><li class='ez-toc-heading-level-4'><a class=\"ez-toc-link ez-toc-heading-2\" href=\"https:\/\/toldosaraque.com\/madrid\/toldos\/toldo-portada-madrid\/#galeria-de-imagenes\" >GALER\u00cdA DE IM\u00c1GENES<\/a><\/li><li class='ez-toc-page-1 ez-toc-heading-level-4'><a class=\"ez-toc-link ez-toc-heading-3\" href=\"https:\/\/toldosaraque.com\/madrid\/toldos\/toldo-portada-madrid\/#videos\" >VIDEOS<\/a><\/li><li class='ez-toc-page-1 ez-toc-heading-level-4'><a class=\"ez-toc-link ez-toc-heading-4\" href=\"https:\/\/toldosaraque.com\/madrid\/toldos\/toldo-portada-madrid\/#catalogo-toldo-portada\" >CAT\u00c1LOGO TOLDO PORTADA<\/a><\/li><\/ul><\/li><\/ul><\/li><li class='ez-toc-page-1 ez-toc-heading-level-2'><a class=\"ez-toc-link ez-toc-heading-5\" href=\"https:\/\/toldosaraque.com\/madrid\/toldos\/toldo-portada-madrid\/#instalacion-de-toldo-portada-a-medida\" >Instalaci\u00f3n de toldo portada a medida<\/a><\/li><li class='ez-toc-page-1 ez-toc-heading-level-2'><a class=\"ez-toc-link ez-toc-heading-6\" href=\"https:\/\/toldosaraque.com\/madrid\/toldos\/toldo-portada-madrid\/#ventajas-del-toldo-portada\" >Ventajas del toldo portada<\/a><\/li><li class='ez-toc-page-1 ez-toc-heading-level-2'><a class=\"ez-toc-link ez-toc-heading-7\" href=\"https:\/\/toldosaraque.com\/madrid\/toldos\/toldo-portada-madrid\/#preguntas-frecuentes-sobre-toldos-portada\" >Preguntas frecuentes sobre toldos portada<\/a><ul class='ez-toc-list-level-3' ><li class='ez-toc-heading-level-3'><a class=\"ez-toc-link ez-toc-heading-8\" href=\"https:\/\/toldosaraque.com\/madrid\/toldos\/toldo-portada-madrid\/#%c2%bfpara-que-espacios-es-recomendable-un-toldo-portada\" >\u00bfPara qu\u00e9 espacios es recomendable un toldo portada?<\/a><\/li><li class='ez-toc-page-1 ez-toc-heading-level-3'><a class=\"ez-toc-link ez-toc-heading-9\" href=\"https:\/\/toldosaraque.com\/madrid\/toldos\/toldo-portada-madrid\/#%c2%bfresiste-bien-el-viento\" >\u00bfResiste bien el viento?<\/a><\/li><li class='ez-toc-page-1 ez-toc-heading-level-3'><a class=\"ez-toc-link ez-toc-heading-10\" href=\"https:\/\/toldosaraque.com\/madrid\/toldos\/toldo-portada-madrid\/#%c2%bfse-puede-motorizar\" >\u00bfSe puede motorizar?<\/a><\/li><li class='ez-toc-page-1 ez-toc-heading-level-3'><a class=\"ez-toc-link ez-toc-heading-11\" href=\"https:\/\/toldosaraque.com\/madrid\/toldos\/toldo-portada-madrid\/#%c2%bfreduce-realmente-el-calor-interior\" >\u00bfReduce realmente el calor interior?<\/a><\/li><li class='ez-toc-page-1 ez-toc-heading-level-3'><a class=\"ez-toc-link ez-toc-heading-12\" href=\"https:\/\/toldosaraque.com\/madrid\/toldos\/toldo-portada-madrid\/#%c2%bfrequiere-mucho-mantenimiento\" >\u00bfRequiere mucho mantenimiento?<\/a><\/li><\/ul><\/li><\/ul><\/li><\/ul><\/nav><\/div>\n\n<h1 style=\"text-align: center;\"><span class=\"ez-toc-section\" id=\"toldo-portada\"><\/span><strong>TOLDO PORTADA<\/strong><span class=\"ez-toc-section-end\"><\/span><\/h1>\n<p>[\/et_pb_text][et_pb_divider color=\u00bb#2c99fc\u00bb _builder_version=\u00bb4.16&#8243; hide_on_mobile=\u00bboff\u00bb global_colors_info=\u00bb{}\u00bb]&nbsp;<br \/>\n[\/et_pb_divider][et_pb_text _builder_version=\u00bb4.16&#8243; background_size=\u00bbinitial\u00bb background_position=\u00bbtop_left\u00bb background_repeat=\u00bbrepeat\u00bb use_border_color=\u00bboff\u00bb border_color=\u00bb#ffffff\u00bb border_style=\u00bbsolid\u00bb global_colors_info=\u00bb{}\u00bb]<\/p>\n<p style=\"text-align: justify;\">Tradicional, sencillo y econ\u00f3mico, especialmente dise\u00f1ado para ventanas sin balc\u00f3n aunque puede ser aplicado en otras estructuras igualmente como en comercios y terrazas. En este modelo los brazos se fijan en la pared.<\/p>\n<p style=\"text-align: justify;\">En todas nuestras instalaciones los brazos van provistos de un sistema interior de tensi\u00f3n controlada que mantiene el toldo de punto recto firme frente a los golpes y sacudidas del viento.<\/p>\n<p style=\"text-align: justify;\"><u>Caracter\u00edsticas T\u00e9cnicas<\/u><\/p>\n<ul>\n<li style=\"text-align: justify;\">Confecci\u00f3n a medida.<\/li>\n<li style=\"text-align: justify;\">Recomendado hasta 6,00 metros de l\u00ednea total del toldo y 1,50 metros de salida de brazos.<\/li>\n<li style=\"text-align: justify;\">Sistema de Brazos provistos de un sistema interior de tensi\u00f3n controlada.<\/li>\n<li style=\"text-align: justify;\">Inclinacion maxima de los brazos 170\u00ba.<\/li>\n<li style=\"text-align: justify;\">Posibilidad de montaje con tejadillo para cubrir estructura y lona de las inclemencias del tiempo.<\/li>\n<li style=\"text-align: justify;\">Posibilidad de montaje en cofre, quedando herm\u00e9tico una vez haya sido recogido el toldo.<\/li>\n<li style=\"text-align: justify;\">Posibilidad de instalaci\u00f3n de un tercer brazo.<\/li>\n<li style=\"text-align: justify;\">Montaje con accionamiento manual exterior, interior a derecha o izquierda.<\/li>\n<li style=\"text-align: justify;\">Posibilidad de motorizar con mando v\u00eda radio.<\/li>\n<li style=\"text-align: justify;\">Posibilidad de automatizar con central sol \/ viento.<\/li>\n<li style=\"text-align: justify;\">Soportes de brazos realizados en fundici\u00f3n.<\/li>\n<li style=\"text-align: justify;\">Anclaje de los soportes a techo, pared o entre paredes.<\/li>\n<li style=\"text-align: justify;\">Tubo de enrolle en 60\/70\/78mm de di\u00e1metro en acero galvanizado.<\/li>\n<li style=\"text-align: justify;\">Tubo delantero Bamb\u00fa 1\/2\/3 en aluminio con terminales decorativos y fald\u00f3n.<\/li>\n<li style=\"text-align: justify;\">Color del aluminio en blanco est\u00e1ndar, pudi\u00e9ndose realizar en cualquier color de la carta de colores Ral.<\/li>\n<li style=\"text-align: justify;\">Tejidos t\u00e9cnicos y acr\u00edlicos.<\/li>\n<li style=\"text-align: justify;\">Instalaci\u00f3n mediante tirafondos o en su lugar inyectando tacos qu\u00edmicos (hormig\u00f3n l\u00edquido).<\/li>\n<\/ul>\n<p>[\/et_pb_text][\/et_pb_column][et_pb_column type=\u00bb1_2&#8243; _builder_version=\u00bb4.16&#8243; custom_padding=\u00bb|||\u00bb global_colors_info=\u00bb{}\u00bb custom_padding__hover=\u00bb|||\u00bb][et_pb_image src=\u00bbhttps:\/\/toldosaraque.com\/madrid\/wp-content\/uploads\/2017\/03\/Toldo-Portada-Valdemoro.jpg\u00bb align_tablet=\u00bbcenter\u00bb align_phone=\u00bb\u00bb align_last_edited=\u00bbon|desktop\u00bb _builder_version=\u00bb4.16&#8243; animation_style=\u00bbslide\u00bb animation_direction=\u00bbleft\u00bb animation_duration=\u00bb500ms\u00bb animation_intensity_slide=\u00bb10%\u00bb use_border_color=\u00bboff\u00bb border_color=\u00bb#ffffff\u00bb border_style=\u00bbsolid\u00bb animation=\u00bbleft\u00bb sticky=\u00bboff\u00bb always_center_on_mobile=\u00bbon\u00bb global_colors_info=\u00bb{}\u00bb][\/et_pb_image][et_pb_text _builder_version=\u00bb4.16&#8243; background_size=\u00bbinitial\u00bb background_position=\u00bbtop_left\u00bb background_repeat=\u00bbrepeat\u00bb custom_margin=\u00bb||0px|\u00bb use_border_color=\u00bboff\u00bb border_color=\u00bb#ffffff\u00bb border_style=\u00bbsolid\u00bb global_colors_info=\u00bb{}\u00bb]<\/p>\n<h4><span class=\"ez-toc-section\" id=\"galeria-de-imagenes\"><\/span>GALER\u00cdA DE IM\u00c1GENES<span class=\"ez-toc-section-end\"><\/span><\/h4>\n<p>[\/et_pb_text][et_pb_divider color=\u00bb#2c99fc\u00bb _builder_version=\u00bb4.16&#8243; hide_on_mobile=\u00bboff\u00bb global_colors_info=\u00bb{}\u00bb]&nbsp;<br \/>\n[\/et_pb_divider][et_pb_gallery gallery_ids=\u00bb3115,6237,4935,4627,4104,4147,4209,4148,3114,3111,3116,3112,3113,4103,3109,3107&#8243; show_title_and_caption=\u00bboff\u00bb zoom_icon_color=\u00bb#2ea3f2&#8243; _builder_version=\u00bb4.16&#8243; pagination_font_size_tablet=\u00bb51&#8243; pagination_line_height_tablet=\u00bb2&#8243; use_border_color=\u00bboff\u00bb global_colors_info=\u00bb{}\u00bb][\/et_pb_gallery][\/et_pb_column][\/et_pb_row][et_pb_row _builder_version=\u00bb4.16&#8243; background_size=\u00bbinitial\u00bb background_position=\u00bbtop_left\u00bb background_repeat=\u00bbrepeat\u00bb global_colors_info=\u00bb{}\u00bb][et_pb_column type=\u00bb4_4&#8243; _builder_version=\u00bb4.16&#8243; custom_padding=\u00bb|||\u00bb global_colors_info=\u00bb{}\u00bb custom_padding__hover=\u00bb|||\u00bb][et_pb_text _builder_version=\u00bb4.16&#8243; background_size=\u00bbinitial\u00bb background_position=\u00bbtop_left\u00bb background_repeat=\u00bbrepeat\u00bb custom_margin=\u00bb||0px|\u00bb use_border_color=\u00bboff\u00bb border_color=\u00bb#ffffff\u00bb border_style=\u00bbsolid\u00bb global_colors_info=\u00bb{}\u00bb]<\/p>\n<h4 style=\"text-align: justify;\"><span class=\"ez-toc-section\" id=\"videos\"><\/span>VIDEOS<span class=\"ez-toc-section-end\"><\/span><\/h4>\n<p>[\/et_pb_text][et_pb_divider color=\u00bb#2c99fc\u00bb _builder_version=\u00bb4.16&#8243; hide_on_mobile=\u00bboff\u00bb global_colors_info=\u00bb{}\u00bb]&nbsp;<br \/>\n[\/et_pb_divider][\/et_pb_column][\/et_pb_row][et_pb_row column_structure=\u00bb1_3,1_3,1_3&#8243; _builder_version=\u00bb4.16&#8243; background_size=\u00bbinitial\u00bb background_position=\u00bbtop_left\u00bb background_repeat=\u00bbrepeat\u00bb global_colors_info=\u00bb{}\u00bb][et_pb_column type=\u00bb1_3&#8243; _builder_version=\u00bb4.16&#8243; custom_padding=\u00bb|||\u00bb global_colors_info=\u00bb{}\u00bb custom_padding__hover=\u00bb|||\u00bb][et_pb_video src=\u00bbhttps:\/\/www.youtube.com\/watch?v=PUo6KVQ0oyk\u00bb _builder_version=\u00bb4.16&#8243; global_colors_info=\u00bb{}\u00bb][\/et_pb_video][\/et_pb_column][et_pb_column type=\u00bb1_3&#8243; _builder_version=\u00bb4.16&#8243; custom_padding=\u00bb|||\u00bb global_colors_info=\u00bb{}\u00bb custom_padding__hover=\u00bb|||\u00bb][et_pb_video src=\u00bbhttps:\/\/www.youtube.com\/watch?v=iTSZfedAOKg\u00bb _builder_version=\u00bb4.16&#8243; global_colors_info=\u00bb{}\u00bb][\/et_pb_video][\/et_pb_column][et_pb_column type=\u00bb1_3&#8243; _builder_version=\u00bb4.16&#8243; custom_padding=\u00bb|||\u00bb global_colors_info=\u00bb{}\u00bb custom_padding__hover=\u00bb|||\u00bb][et_pb_video src=\u00bbhttps:\/\/www.youtube.com\/watch?v=6MVtw2ZQ3Xk\u00bb _builder_version=\u00bb4.16&#8243; global_colors_info=\u00bb{}\u00bb][\/et_pb_video][\/et_pb_column][\/et_pb_row][et_pb_row _builder_version=\u00bb4.16&#8243; global_colors_info=\u00bb{}\u00bb][et_pb_column type=\u00bb4_4&#8243; _builder_version=\u00bb4.16&#8243; global_colors_info=\u00bb{}\u00bb][et_pb_text _builder_version=\u00bb4.16&#8243; background_size=\u00bbinitial\u00bb background_position=\u00bbtop_left\u00bb background_repeat=\u00bbrepeat\u00bb custom_margin=\u00bb||0px|\u00bb use_border_color=\u00bboff\u00bb border_color=\u00bb#ffffff\u00bb border_style=\u00bbsolid\u00bb global_colors_info=\u00bb{}\u00bb]<\/p>\n<h4 style=\"text-align: justify;\"><span class=\"ez-toc-section\" id=\"catalogo-toldo-portada\"><\/span>CAT\u00c1LOGO TOLDO PORTADA<span class=\"ez-toc-section-end\"><\/span><\/h4>\n<p>[\/et_pb_text][et_pb_divider color=\u00bb#2c99fc\u00bb _builder_version=\u00bb4.16&#8243; hide_on_mobile=\u00bboff\u00bb global_colors_info=\u00bb{}\u00bb]&nbsp;<br \/>\n[\/et_pb_divider][et_pb_button button_url=\u00bbhttps:\/\/toldosaraque.com\/madrid\/wp-content\/uploads\/2016\/03\/CATALOGO-TOLDO-PORTADA.pdf\u00bb url_new_window=\u00bbon\u00bb button_text=\u00bbVer cat\u00e1logo en PDF\u00bb button_alignment=\u00bbleft\u00bb admin_label=\u00bbBot\u00f3n\u00bb _builder_version=\u00bb4.16&#8243; custom_button=\u00bbon\u00bb button_text_color=\u00bb#000000&#8243; button_bg_color=\u00bb#ffdd0e\u00bb button_border_color=\u00bb#ffdd0e\u00bb button_icon=\u00bb&#x69;||divi||400&#8243; button_letter_spacing_hover=\u00bb0&#8243; global_colors_info=\u00bb{}\u00bb button_text_size__hover_enabled=\u00bboff\u00bb button_one_text_size__hover_enabled=\u00bboff\u00bb button_two_text_size__hover_enabled=\u00bboff\u00bb button_text_color__hover_enabled=\u00bboff\u00bb button_one_text_color__hover_enabled=\u00bboff\u00bb button_two_text_color__hover_enabled=\u00bboff\u00bb button_border_width__hover_enabled=\u00bboff\u00bb button_one_border_width__hover_enabled=\u00bboff\u00bb button_two_border_width__hover_enabled=\u00bboff\u00bb button_border_color__hover_enabled=\u00bboff\u00bb button_one_border_color__hover_enabled=\u00bboff\u00bb button_two_border_color__hover_enabled=\u00bboff\u00bb button_border_radius__hover_enabled=\u00bboff\u00bb button_one_border_radius__hover_enabled=\u00bboff\u00bb button_two_border_radius__hover_enabled=\u00bboff\u00bb button_letter_spacing__hover_enabled=\u00bbon\u00bb button_letter_spacing__hover=\u00bb0&#8243; button_one_letter_spacing__hover_enabled=\u00bboff\u00bb button_two_letter_spacing__hover_enabled=\u00bboff\u00bb button_bg_color__hover_enabled=\u00bboff\u00bb button_one_bg_color__hover_enabled=\u00bboff\u00bb button_two_bg_color__hover_enabled=\u00bboff\u00bb][\/et_pb_button][et_pb_button button_url=\u00bbhttps:\/\/toldosaraque.com\/madrid\/wp-content\/uploads\/2017\/02\/Ficha-Tecnica-Toldo-Portada.pdf\u00bb url_new_window=\u00bbon\u00bb button_text=\u00bbVer Ficha T\u00e9cnica en PDF\u00bb button_alignment=\u00bbleft\u00bb _builder_version=\u00bb4.16&#8243; custom_button=\u00bbon\u00bb button_text_color=\u00bb#000000&#8243; button_bg_color=\u00bb#ffdd0e\u00bb button_border_color=\u00bb#ffdd0e\u00bb button_icon=\u00bb&#x69;||divi||400&#8243; button_letter_spacing_hover=\u00bb0&#8243; global_colors_info=\u00bb{}\u00bb button_text_size__hover_enabled=\u00bboff\u00bb button_one_text_size__hover_enabled=\u00bboff\u00bb button_two_text_size__hover_enabled=\u00bboff\u00bb button_text_color__hover_enabled=\u00bboff\u00bb button_one_text_color__hover_enabled=\u00bboff\u00bb button_two_text_color__hover_enabled=\u00bboff\u00bb button_border_width__hover_enabled=\u00bboff\u00bb button_one_border_width__hover_enabled=\u00bboff\u00bb button_two_border_width__hover_enabled=\u00bboff\u00bb button_border_color__hover_enabled=\u00bboff\u00bb button_one_border_color__hover_enabled=\u00bboff\u00bb button_two_border_color__hover_enabled=\u00bboff\u00bb button_border_radius__hover_enabled=\u00bboff\u00bb button_one_border_radius__hover_enabled=\u00bboff\u00bb button_two_border_radius__hover_enabled=\u00bboff\u00bb button_letter_spacing__hover_enabled=\u00bbon\u00bb button_letter_spacing__hover=\u00bb0&#8243; button_one_letter_spacing__hover_enabled=\u00bboff\u00bb button_two_letter_spacing__hover_enabled=\u00bboff\u00bb button_bg_color__hover_enabled=\u00bboff\u00bb button_one_bg_color__hover_enabled=\u00bboff\u00bb button_two_bg_color__hover_enabled=\u00bboff\u00bb][\/et_pb_button][\/et_pb_column][\/et_pb_row][\/et_pb_section][et_pb_section fb_built=\u00bb1&#8243; _builder_version=\u00bb4.21.0&#8243; _module_preset=\u00bbdefault\u00bb global_colors_info=\u00bb{}\u00bb][et_pb_row _builder_version=\u00bb4.21.0&#8243; _module_preset=\u00bbdefault\u00bb global_colors_info=\u00bb{}\u00bb][et_pb_column type=\u00bb4_4&#8243; _builder_version=\u00bb4.21.0&#8243; _module_preset=\u00bbdefault\u00bb global_colors_info=\u00bb{}\u00bb][et_pb_text _builder_version=\u00bb4.24.2&#8243; _module_preset=\u00bbdefault\u00bb global_colors_info=\u00bb{}\u00bb]<\/p>\n<p>M\u00c1S INFORMACI\u00d3N<\/p>\n<p>[\/et_pb_text][et_pb_divider _builder_version=\u00bb4.24.2&#8243; _module_preset=\u00bbdefault\u00bb global_colors_info=\u00bb{}\u00bb][\/et_pb_divider][et_pb_toggle title=\u00bbToldo portada en Madrid\u00bb _builder_version=\u00bb4.27.4&#8243; _module_preset=\u00bbdefault\u00bb title_level=\u00bbh2&#8243; title_font_size=\u00bb20px\u00bb hover_enabled=\u00bb0&#8243; global_colors_info=\u00bb{}\u00bb sticky_enabled=\u00bb0&#8243;]<\/p>\n<p>El <strong>toldo portada<\/strong> es una soluci\u00f3n cl\u00e1sica y eficaz para ventanas, balcones y fachadas en Madrid. Su dise\u00f1o con ca\u00edda frontal proporciona sombra directa y mejora el confort interior sin necesidad de obras.<\/p>\n<p>Es una opci\u00f3n muy utilizada en viviendas y comercios que buscan protecci\u00f3n solar, mayor privacidad y una imagen cuidada en fachada.<\/p>\n<h2><span class=\"ez-toc-section\" id=\"instalacion-de-toldo-portada-a-medida\"><\/span>Instalaci\u00f3n de toldo portada a medida<span class=\"ez-toc-section-end\"><\/span><\/h2>\n<p>La <strong>instalaci\u00f3n de toldos portada en Madrid<\/strong> debe adaptarse al hueco y a la orientaci\u00f3n del edificio. Un correcto anclaje y la elecci\u00f3n adecuada del tejido garantizan resistencia frente al sol y al viento.<\/p>\n<p>Se fabrica a medida y puede personalizarse en colores, acabados y sistemas de accionamiento manual o motorizado.<\/p>\n<h2><span class=\"ez-toc-section\" id=\"ventajas-del-toldo-portada\"><\/span>Ventajas del toldo portada<span class=\"ez-toc-section-end\"><\/span><\/h2>\n<ul>\n<li>Protecci\u00f3n solar directa en ventanas y balcones<\/li>\n<li>Mayor privacidad frente al exterior<\/li>\n<li>Mejora est\u00e9tica de la fachada<\/li>\n<li>Reducci\u00f3n del calor en el interior<\/li>\n<\/ul>\n<h2><span class=\"ez-toc-section\" id=\"preguntas-frecuentes-sobre-toldos-portada\"><\/span>Preguntas frecuentes sobre toldos portada<span class=\"ez-toc-section-end\"><\/span><\/h2>\n<p>&nbsp;<\/p>\n<h3><span class=\"ez-toc-section\" id=\"%c2%bfpara-que-espacios-es-recomendable-un-toldo-portada\"><\/span>\u00bfPara qu\u00e9 espacios es recomendable un toldo portada?<span class=\"ez-toc-section-end\"><\/span><\/h3>\n<p>Es ideal para ventanas, balcones y peque\u00f1os huecos donde se necesita sombra frontal y lateral.<\/p>\n<h3><span class=\"ez-toc-section\" id=\"%c2%bfresiste-bien-el-viento\"><\/span>\u00bfResiste bien el viento?<span class=\"ez-toc-section-end\"><\/span><\/h3>\n<p>S\u00ed, siempre que est\u00e9 correctamente instalado y se utilice seg\u00fan las recomendaciones de uso.<\/p>\n<h3><span class=\"ez-toc-section\" id=\"%c2%bfse-puede-motorizar\"><\/span>\u00bfSe puede motorizar?<span class=\"ez-toc-section-end\"><\/span><\/h3>\n<p>Algunos modelos permiten motorizaci\u00f3n, aunque el sistema manual sigue siendo muy habitual.<\/p>\n<h3><span class=\"ez-toc-section\" id=\"%c2%bfreduce-realmente-el-calor-interior\"><\/span>\u00bfReduce realmente el calor interior?<span class=\"ez-toc-section-end\"><\/span><\/h3>\n<p>S\u00ed, al bloquear el sol directo en ventanas ayuda a mantener una temperatura m\u00e1s estable dentro de la vivienda.<\/p>\n<h3><span class=\"ez-toc-section\" id=\"%c2%bfrequiere-mucho-mantenimiento\"><\/span>\u00bfRequiere mucho mantenimiento?<span class=\"ez-toc-section-end\"><\/span><\/h3>\n<p>No. Una limpieza peri\u00f3dica del tejido y revisi\u00f3n de anclajes es suficiente para mantenerlo en buen estado.<\/p>\n<p>[\/et_pb_toggle][et_pb_text _builder_version=\u00bb4.27.4&#8243; _module_preset=\u00bbdefault\u00bb hover_enabled=\u00bb0&#8243; global_colors_info=\u00bb{}\u00bb sticky_enabled=\u00bb0&#8243;][\/et_pb_text][\/et_pb_column][\/et_pb_row][\/et_pb_section]<\/p>\n","protected":false},"excerpt":{"rendered":"<p>TOLDO PORTADA&nbsp; Tradicional, sencillo y econ\u00f3mico, especialmente dise\u00f1ado para ventanas sin balc\u00f3n aunque puede ser aplicado en otras estructuras igualmente como en comercios y terrazas. En este modelo los brazos se fijan en la pared. En todas nuestras instalaciones los brazos van provistos de un sistema interior de tensi\u00f3n controlada que mantiene el toldo de [&hellip;]<\/p>\n","protected":false},"author":3,"featured_media":2874,"parent":213,"menu_order":0,"comment_status":"closed","ping_status":"closed","template":"","meta":{"_et_pb_use_builder":"on","_et_pb_old_content":"","_et_gb_content_width":"","_joinchat":[],"footnotes":""},"class_list":["post-2233","page","type-page","status-publish","has-post-thumbnail","hentry"],"_links":{"self":[{"href":"https:\/\/toldosaraque.com\/madrid\/wp-json\/wp\/v2\/pages\/2233","targetHints":{"allow":["GET"]}}],"collection":[{"href":"https:\/\/toldosaraque.com\/madrid\/wp-json\/wp\/v2\/pages"}],"about":[{"href":"https:\/\/toldosaraque.com\/madrid\/wp-json\/wp\/v2\/types\/page"}],"author":[{"embeddable":true,"href":"https:\/\/toldosaraque.com\/madrid\/wp-json\/wp\/v2\/users\/3"}],"replies":[{"embeddable":true,"href":"https:\/\/toldosaraque.com\/madrid\/wp-json\/wp\/v2\/comments?post=2233"}],"version-history":[{"count":3,"href":"https:\/\/toldosaraque.com\/madrid\/wp-json\/wp\/v2\/pages\/2233\/revisions"}],"predecessor-version":[{"id":7745,"href":"https:\/\/toldosaraque.com\/madrid\/wp-json\/wp\/v2\/pages\/2233\/revisions\/7745"}],"up":[{"embeddable":true,"href":"https:\/\/toldosaraque.com\/madrid\/wp-json\/wp\/v2\/pages\/213"}],"wp:featuredmedia":[{"embeddable":true,"href":"https:\/\/toldosaraque.com\/madrid\/wp-json\/wp\/v2\/media\/2874"}],"wp:attachment":[{"href":"https:\/\/toldosaraque.com\/madrid\/wp-json\/wp\/v2\/media?parent=2233"}],"curies":[{"name":"wp","href":"https:\/\/api.w.org\/{rel}","templated":true}]}}