{"id":2240,"date":"2015-11-20T13:01:02","date_gmt":"2015-11-20T12:01:02","guid":{"rendered":"https:\/\/toldosaraque.com\/madrid\/?page_id=2240"},"modified":"2026-03-01T11:01:21","modified_gmt":"2026-03-01T10:01:21","slug":"toldo-cortavientos-madrid","status":"publish","type":"page","link":"https:\/\/toldosaraque.com\/madrid\/toldos\/toldo-cortavientos-madrid\/","title":{"rendered":"TOLDO CORTAVIENTOS MADRID"},"content":{"rendered":"<p>[et_pb_section fb_built=\u00bb1&#8243; admin_label=\u00bbsection\u00bb _builder_version=\u00bb4.16&#8243; global_colors_info=\u00bb{}\u00bb][et_pb_row column_structure=\u00bb1_2,1_2&#8243; admin_label=\u00bbrow\u00bb _builder_version=\u00bb4.16&#8243; background_size=\u00bbinitial\u00bb background_position=\u00bbtop_left\u00bb background_repeat=\u00bbrepeat\u00bb global_colors_info=\u00bb{}\u00bb][et_pb_column type=\u00bb1_2&#8243; _builder_version=\u00bb4.16&#8243; custom_padding=\u00bb|||\u00bb global_colors_info=\u00bb{}\u00bb custom_padding__hover=\u00bb|||\u00bb][et_pb_text _builder_version=\u00bb4.19.5&#8243; background_size=\u00bbinitial\u00bb background_position=\u00bbtop_left\u00bb background_repeat=\u00bbrepeat\u00bb custom_margin=\u00bb||0px|\u00bb use_border_color=\u00bboff\u00bb border_color=\u00bb#ffffff\u00bb border_style=\u00bbsolid\u00bb global_colors_info=\u00bb{}\u00bb]<\/p><div id=\"ez-toc-container\" class=\"ez-toc-v2_0_81 ez-toc-wrap-center counter-hierarchy ez-toc-counter ez-toc-grey ez-toc-container-direction\">\n<p class=\"ez-toc-title\" style=\"cursor:inherit\">Resumen:<\/p>\n<label for=\"ez-toc-cssicon-toggle-item-6a08eebec5c72\" class=\"ez-toc-cssicon-toggle-label\"><span class=\"ez-toc-cssicon\"><span class=\"eztoc-hide\" style=\"display:none;\">Toggle<\/span><span class=\"ez-toc-icon-toggle-span\"><svg style=\"fill: #999;color:#999\" xmlns=\"http:\/\/www.w3.org\/2000\/svg\" class=\"list-377408\" width=\"20px\" height=\"20px\" viewBox=\"0 0 24 24\" fill=\"none\"><path d=\"M6 6H4v2h2V6zm14 0H8v2h12V6zM4 11h2v2H4v-2zm16 0H8v2h12v-2zM4 16h2v2H4v-2zm16 0H8v2h12v-2z\" fill=\"currentColor\"><\/path><\/svg><svg style=\"fill: #999;color:#999\" class=\"arrow-unsorted-368013\" xmlns=\"http:\/\/www.w3.org\/2000\/svg\" width=\"10px\" height=\"10px\" viewBox=\"0 0 24 24\" version=\"1.2\" baseProfile=\"tiny\"><path d=\"M18.2 9.3l-6.2-6.3-6.2 6.3c-.2.2-.3.4-.3.7s.1.5.3.7c.2.2.4.3.7.3h11c.3 0 .5-.1.7-.3.2-.2.3-.5.3-.7s-.1-.5-.3-.7zM5.8 14.7l6.2 6.3 6.2-6.3c.2-.2.3-.5.3-.7s-.1-.5-.3-.7c-.2-.2-.4-.3-.7-.3h-11c-.3 0-.5.1-.7.3-.2.2-.3.5-.3.7s.1.5.3.7z\"\/><\/svg><\/span><\/span><\/label><input type=\"checkbox\"  id=\"ez-toc-cssicon-toggle-item-6a08eebec5c72\" checked aria-label=\"Alternar\" \/><nav><ul class='ez-toc-list ez-toc-list-level-1 ' ><li class='ez-toc-page-1 ez-toc-heading-level-1'><a class=\"ez-toc-link ez-toc-heading-1\" href=\"https:\/\/toldosaraque.com\/madrid\/toldos\/toldo-cortavientos-madrid\/#toldo-cortavientos\" >TOLDO CORTAVIENTOS<\/a><ul class='ez-toc-list-level-4' ><li class='ez-toc-heading-level-4'><ul class='ez-toc-list-level-4' ><li class='ez-toc-heading-level-4'><ul class='ez-toc-list-level-4' ><li class='ez-toc-heading-level-4'><a class=\"ez-toc-link ez-toc-heading-2\" href=\"https:\/\/toldosaraque.com\/madrid\/toldos\/toldo-cortavientos-madrid\/#galeria-de-imagenes\" >GALER\u00cdA DE IM\u00c1GENES<\/a><\/li><li class='ez-toc-page-1 ez-toc-heading-level-4'><a class=\"ez-toc-link ez-toc-heading-3\" href=\"https:\/\/toldosaraque.com\/madrid\/toldos\/toldo-cortavientos-madrid\/#videos\" >VIDEOS<\/a><\/li><li class='ez-toc-page-1 ez-toc-heading-level-4'><a class=\"ez-toc-link ez-toc-heading-4\" href=\"https:\/\/toldosaraque.com\/madrid\/toldos\/toldo-cortavientos-madrid\/#catalogo-toldo-cortavientos\" >CAT\u00c1LOGO TOLDO CORTAVIENTOS<\/a><\/li><\/ul><\/li><\/ul><\/li><li class='ez-toc-page-1 ez-toc-heading-level-2'><a class=\"ez-toc-link ez-toc-heading-5\" href=\"https:\/\/toldosaraque.com\/madrid\/toldos\/toldo-cortavientos-madrid\/#toldos-cortavientos-para-terrazas-jardines-y-negocios\" >Toldos cortavientos para terrazas, jardines y negocios<\/a><\/li><li class='ez-toc-page-1 ez-toc-heading-level-2'><a class=\"ez-toc-link ez-toc-heading-6\" href=\"https:\/\/toldosaraque.com\/madrid\/toldos\/toldo-cortavientos-madrid\/#que-aporta-un-toldo-cortavientos\" >Qu\u00e9 aporta un toldo cortavientos<\/a><\/li><li class='ez-toc-page-1 ez-toc-heading-level-2'><a class=\"ez-toc-link ez-toc-heading-7\" href=\"https:\/\/toldosaraque.com\/madrid\/toldos\/toldo-cortavientos-madrid\/#cortavientos-con-guias-laterales\" >Cortavientos con gu\u00edas laterales<\/a><\/li><li class='ez-toc-page-1 ez-toc-heading-level-2'><a class=\"ez-toc-link ez-toc-heading-8\" href=\"https:\/\/toldosaraque.com\/madrid\/toldos\/toldo-cortavientos-madrid\/#toldo-cortavientos-transparente\" >Toldo cortavientos transparente<\/a><\/li><li class='ez-toc-page-1 ez-toc-heading-level-2'><a class=\"ez-toc-link ez-toc-heading-9\" href=\"https:\/\/toldosaraque.com\/madrid\/toldos\/toldo-cortavientos-madrid\/#toldos-laterales-para-terrazas-y-balcones\" >Toldos laterales para terrazas y balcones<\/a><\/li><li class='ez-toc-page-1 ez-toc-heading-level-2'><a class=\"ez-toc-link ez-toc-heading-10\" href=\"https:\/\/toldosaraque.com\/madrid\/toldos\/toldo-cortavientos-madrid\/#instalacion-de-toldos-cortavientos-en-madrid-valdemoro-y-alrededores\" >Instalaci\u00f3n de toldos cortavientos en Madrid, Valdemoro y alrededores<\/a><\/li><li class='ez-toc-page-1 ez-toc-heading-level-2'><a class=\"ez-toc-link ez-toc-heading-11\" href=\"https:\/\/toldosaraque.com\/madrid\/toldos\/toldo-cortavientos-madrid\/#preguntas-frecuentes-sobre-toldos-cortavientos\" >Preguntas frecuentes sobre toldos cortavientos<\/a><ul class='ez-toc-list-level-3' ><li class='ez-toc-heading-level-3'><a class=\"ez-toc-link ez-toc-heading-12\" href=\"https:\/\/toldosaraque.com\/madrid\/toldos\/toldo-cortavientos-madrid\/#%c2%bfun-toldo-cortavientos-sirve-solo-para-el-viento\" >\u00bfUn toldo cortavientos sirve solo para el viento?<\/a><\/li><li class='ez-toc-page-1 ez-toc-heading-level-3'><a class=\"ez-toc-link ez-toc-heading-13\" href=\"https:\/\/toldosaraque.com\/madrid\/toldos\/toldo-cortavientos-madrid\/#%c2%bfque-diferencia-hay-entre-un-cortavientos-normal-y-uno-con-guias\" >\u00bfQu\u00e9 diferencia hay entre un cortavientos normal y uno con gu\u00edas?<\/a><\/li><li class='ez-toc-page-1 ez-toc-heading-level-3'><a class=\"ez-toc-link ez-toc-heading-14\" href=\"https:\/\/toldosaraque.com\/madrid\/toldos\/toldo-cortavientos-madrid\/#%c2%bfel-cortavientos-transparente-es-resistente\" >\u00bfEl cortavientos transparente es resistente?<\/a><\/li><li class='ez-toc-page-1 ez-toc-heading-level-3'><a class=\"ez-toc-link ez-toc-heading-15\" href=\"https:\/\/toldosaraque.com\/madrid\/toldos\/toldo-cortavientos-madrid\/#%c2%bfse-puede-instalar-en-un-balcon-pequeno\" >\u00bfSe puede instalar en un balc\u00f3n peque\u00f1o?<\/a><\/li><li class='ez-toc-page-1 ez-toc-heading-level-3'><a class=\"ez-toc-link ez-toc-heading-16\" href=\"https:\/\/toldosaraque.com\/madrid\/toldos\/toldo-cortavientos-madrid\/#%c2%bfrequiere-mucho-mantenimiento\" >\u00bfRequiere mucho mantenimiento?<\/a><\/li><\/ul><\/li><\/ul><\/li><\/ul><\/nav><\/div>\n\n<h1 style=\"text-align: center;\"><span class=\"ez-toc-section\" id=\"toldo-cortavientos\"><\/span><strong>TOLDO CORTAVIENTOS<\/strong><span class=\"ez-toc-section-end\"><\/span><\/h1>\n<p>[\/et_pb_text][et_pb_divider color=\u00bb#2c99fc\u00bb _builder_version=\u00bb4.16&#8243; hide_on_mobile=\u00bboff\u00bb global_colors_info=\u00bb{}\u00bb]&nbsp;<br \/>\n[\/et_pb_divider][et_pb_text _builder_version=\u00bb4.16&#8243; background_size=\u00bbinitial\u00bb background_position=\u00bbtop_left\u00bb background_repeat=\u00bbrepeat\u00bb use_border_color=\u00bboff\u00bb border_color=\u00bb#ffffff\u00bb border_style=\u00bbsolid\u00bb global_colors_info=\u00bb{}\u00bb]<\/p>\n<p style=\"text-align: justify;\">Sistema Paravento, toldos enrollables que se instalan en disposici\u00f3n vertical mediante gu\u00edas laterales y que habitualmente viene a complementar a las p\u00e9rgolas.<\/p>\n<p style=\"text-align: justify;\">Este tipo de toldo sirve para cerrar estancias, para aprovechar espacios exteriores sin hacer grandes obras, en definitiva para hacer un cerramiento y con ello apaliar las inclemencias del tiempo.<\/p>\n<p style=\"text-align: justify;\"><u>Caracter\u00edsticas T\u00e9cnicas<\/u><\/p>\n<ul>\n<li style=\"text-align: justify;\">Confecci\u00f3n a medida.<\/li>\n<li style=\"text-align: justify;\">Recomendado hasta 5,00 metros de l\u00ednea total del toldo y 3,00 metros ca\u00edda vertical.<\/li>\n<li style=\"text-align: justify;\">Sistema de accionamiento mediante manivela.<\/li>\n<li style=\"text-align: justify;\">se compone de un perfil gu\u00eda en forma de \u201cU\u201d, un perfil intermedio si fuese necesario y un perfil de carga con cerrojos.<\/li>\n<li style=\"text-align: justify;\">El perfil gu\u00eda lleva un felpudo para evitar el roce entre los perfiles.<\/li>\n<li style=\"text-align: justify;\">Posibilidad de montaje en cofre.<\/li>\n<li style=\"text-align: justify;\">tejido acr\u00edlico, pvc y pvc cristal.<\/li>\n<li style=\"text-align: justify;\">Anclaje de los soportes a techo, pared o entre paredes.<\/li>\n<li style=\"text-align: justify;\">Tubo de enrolle en 70\/78mm de di\u00e1metro en acero galvanizado.<\/li>\n<li style=\"text-align: justify;\">Color del aluminio en blanco est\u00e1ndar, pudi\u00e9ndose realizar en cualquier color de la carta de colores Ral.<\/li>\n<li style=\"text-align: justify;\">Instalaci\u00f3n mediante tirafondos o en su lugar inyectando tacos qu\u00edmicos (hormig\u00f3n l\u00edquido).<\/li>\n<\/ul>\n<p>[\/et_pb_text][\/et_pb_column][et_pb_column type=\u00bb1_2&#8243; _builder_version=\u00bb4.16&#8243; custom_padding=\u00bb|||\u00bb global_colors_info=\u00bb{}\u00bb custom_padding__hover=\u00bb|||\u00bb][et_pb_image src=\u00bbhttps:\/\/toldosaraque.com\/madrid\/wp-content\/uploads\/2014\/01\/Toldos-cortavientos-Madrid-Caceres-2-Copiar.jpg\u00bb align_tablet=\u00bbcenter\u00bb align_phone=\u00bb\u00bb align_last_edited=\u00bbon|desktop\u00bb _builder_version=\u00bb4.16&#8243; animation_style=\u00bbslide\u00bb animation_direction=\u00bbleft\u00bb animation_duration=\u00bb500ms\u00bb animation_intensity_slide=\u00bb10%\u00bb use_border_color=\u00bboff\u00bb border_color=\u00bb#ffffff\u00bb border_style=\u00bbsolid\u00bb animation=\u00bbleft\u00bb sticky=\u00bboff\u00bb global_colors_info=\u00bb{}\u00bb]&nbsp;<br \/>\n[\/et_pb_image][et_pb_text _builder_version=\u00bb4.16&#8243; background_size=\u00bbinitial\u00bb background_position=\u00bbtop_left\u00bb background_repeat=\u00bbrepeat\u00bb custom_margin=\u00bb||0px|\u00bb use_border_color=\u00bboff\u00bb border_color=\u00bb#ffffff\u00bb border_style=\u00bbsolid\u00bb global_colors_info=\u00bb{}\u00bb]<\/p>\n<h4><span class=\"ez-toc-section\" id=\"galeria-de-imagenes\"><\/span>GALER\u00cdA DE IM\u00c1GENES<span class=\"ez-toc-section-end\"><\/span><\/h4>\n<p>[\/et_pb_text][et_pb_divider color=\u00bb#2c99fc\u00bb _builder_version=\u00bb4.16&#8243; hide_on_mobile=\u00bboff\u00bb global_colors_info=\u00bb{}\u00bb]&nbsp;<br \/>\n[\/et_pb_divider][et_pb_gallery gallery_ids=\u00bb3793,5674,4260,4144,4648,6526,3165,3162,3794,4263,6532,4915,3163,6533,5673,4257,4264,3153,4261,4259,5675,4258,3172,3161,3171,4262,3160,3170,3158,3168,3159,3169,3157,3167,3166,3164,3154,3156,3155&#8243; show_title_and_caption=\u00bboff\u00bb zoom_icon_color=\u00bb#2ea3f2&#8243; _builder_version=\u00bb4.16&#8243; pagination_font_size_tablet=\u00bb51&#8243; pagination_line_height_tablet=\u00bb2&#8243; use_border_color=\u00bboff\u00bb global_colors_info=\u00bb{}\u00bb][\/et_pb_gallery][\/et_pb_column][\/et_pb_row][et_pb_row _builder_version=\u00bb4.16&#8243; background_size=\u00bbinitial\u00bb background_position=\u00bbtop_left\u00bb background_repeat=\u00bbrepeat\u00bb global_colors_info=\u00bb{}\u00bb][et_pb_column type=\u00bb4_4&#8243; _builder_version=\u00bb4.16&#8243; custom_padding=\u00bb|||\u00bb global_colors_info=\u00bb{}\u00bb custom_padding__hover=\u00bb|||\u00bb][et_pb_text _builder_version=\u00bb4.16&#8243; background_size=\u00bbinitial\u00bb background_position=\u00bbtop_left\u00bb background_repeat=\u00bbrepeat\u00bb custom_margin=\u00bb||0px|\u00bb use_border_color=\u00bboff\u00bb global_colors_info=\u00bb{}\u00bb]<\/p>\n<h4 style=\"text-align: justify;\"><span class=\"ez-toc-section\" id=\"videos\"><\/span>VIDEOS<span class=\"ez-toc-section-end\"><\/span><\/h4>\n<p>[\/et_pb_text][et_pb_divider color=\u00bb#2c99fc\u00bb _builder_version=\u00bb4.16&#8243; hide_on_mobile=\u00bboff\u00bb global_colors_info=\u00bb{}\u00bb]&nbsp;<br \/>\n[\/et_pb_divider][\/et_pb_column][\/et_pb_row][et_pb_row column_structure=\u00bb1_2,1_2&#8243; _builder_version=\u00bb4.16&#8243; background_size=\u00bbinitial\u00bb background_position=\u00bbtop_left\u00bb background_repeat=\u00bbrepeat\u00bb global_colors_info=\u00bb{}\u00bb][et_pb_column type=\u00bb1_2&#8243; _builder_version=\u00bb4.16&#8243; custom_padding=\u00bb|||\u00bb global_colors_info=\u00bb{}\u00bb custom_padding__hover=\u00bb|||\u00bb][et_pb_video src=\u00bbhttps:\/\/www.youtube.com\/watch?v=T3AmhdZohwo\u00bb _builder_version=\u00bb4.16&#8243; global_colors_info=\u00bb{}\u00bb][\/et_pb_video][\/et_pb_column][et_pb_column type=\u00bb1_2&#8243; _builder_version=\u00bb4.16&#8243; custom_padding=\u00bb|||\u00bb global_colors_info=\u00bb{}\u00bb custom_padding__hover=\u00bb|||\u00bb][\/et_pb_column][\/et_pb_row][et_pb_row _builder_version=\u00bb4.16&#8243; background_size=\u00bbinitial\u00bb background_position=\u00bbtop_left\u00bb background_repeat=\u00bbrepeat\u00bb global_colors_info=\u00bb{}\u00bb][et_pb_column type=\u00bb4_4&#8243; _builder_version=\u00bb4.16&#8243; custom_padding=\u00bb|||\u00bb global_colors_info=\u00bb{}\u00bb custom_padding__hover=\u00bb|||\u00bb][et_pb_text _builder_version=\u00bb4.27.4&#8243; background_size=\u00bbinitial\u00bb background_position=\u00bbtop_left\u00bb background_repeat=\u00bbrepeat\u00bb custom_margin=\u00bb||0px|\u00bb use_border_color=\u00bboff\u00bb border_color=\u00bb#ffffff\u00bb border_style=\u00bbsolid\u00bb global_colors_info=\u00bb{}\u00bb]<\/p>\n<h4 style=\"text-align: justify;\"><span class=\"ez-toc-section\" id=\"catalogo-toldo-cortavientos\"><\/span>CAT\u00c1LOGO TOLDO CORTAVIENTOS<span class=\"ez-toc-section-end\"><\/span><\/h4>\n<p>[\/et_pb_text][et_pb_divider color=\u00bb#2c99fc\u00bb _builder_version=\u00bb4.16&#8243; hide_on_mobile=\u00bboff\u00bb global_colors_info=\u00bb{}\u00bb]&nbsp;<br \/>\n[\/et_pb_divider][et_pb_button button_url=\u00bbhttps:\/\/toldosaraque.com\/madrid\/wp-content\/uploads\/2017\/02\/Ficha-Tecnica-Toldo-Cortavientos.pdf\u00bb url_new_window=\u00bbon\u00bb button_text=\u00bbVer Ficha T\u00e9cnica en PDF\u00bb button_alignment=\u00bbleft\u00bb _builder_version=\u00bb4.16&#8243; custom_button=\u00bbon\u00bb button_text_color=\u00bb#000000&#8243; button_bg_color=\u00bb#ffdd0e\u00bb button_border_color=\u00bb#ffdd0e\u00bb button_icon=\u00bb&#x69;||divi||400&#8243; button_letter_spacing_hover=\u00bb0&#8243; global_colors_info=\u00bb{}\u00bb button_text_size__hover_enabled=\u00bboff\u00bb button_one_text_size__hover_enabled=\u00bboff\u00bb button_two_text_size__hover_enabled=\u00bboff\u00bb button_text_color__hover_enabled=\u00bboff\u00bb button_one_text_color__hover_enabled=\u00bboff\u00bb button_two_text_color__hover_enabled=\u00bboff\u00bb button_border_width__hover_enabled=\u00bboff\u00bb button_one_border_width__hover_enabled=\u00bboff\u00bb button_two_border_width__hover_enabled=\u00bboff\u00bb button_border_color__hover_enabled=\u00bboff\u00bb button_one_border_color__hover_enabled=\u00bboff\u00bb button_two_border_color__hover_enabled=\u00bboff\u00bb button_border_radius__hover_enabled=\u00bboff\u00bb button_one_border_radius__hover_enabled=\u00bboff\u00bb button_two_border_radius__hover_enabled=\u00bboff\u00bb button_letter_spacing__hover_enabled=\u00bbon\u00bb button_letter_spacing__hover=\u00bb0&#8243; button_one_letter_spacing__hover_enabled=\u00bboff\u00bb button_two_letter_spacing__hover_enabled=\u00bboff\u00bb button_bg_color__hover_enabled=\u00bboff\u00bb button_one_bg_color__hover_enabled=\u00bboff\u00bb button_two_bg_color__hover_enabled=\u00bboff\u00bb][\/et_pb_button][\/et_pb_column][\/et_pb_row][\/et_pb_section][et_pb_section fb_built=\u00bb1&#8243; _builder_version=\u00bb4.21.0&#8243; _module_preset=\u00bbdefault\u00bb global_colors_info=\u00bb{}\u00bb][et_pb_row _builder_version=\u00bb4.21.0&#8243; _module_preset=\u00bbdefault\u00bb global_colors_info=\u00bb{}\u00bb][et_pb_column type=\u00bb4_4&#8243; _builder_version=\u00bb4.21.0&#8243; _module_preset=\u00bbdefault\u00bb global_colors_info=\u00bb{}\u00bb][et_pb_text _builder_version=\u00bb4.27.4&#8243; _module_preset=\u00bbdefault\u00bb global_colors_info=\u00bb{}\u00bb]<\/p>\n<p>M\u00c1S INFORMACI\u00d3N<\/p>\n<p>[\/et_pb_text][et_pb_divider _builder_version=\u00bb4.24.2&#8243; _module_preset=\u00bbdefault\u00bb global_colors_info=\u00bb{}\u00bb][\/et_pb_divider][et_pb_text _builder_version=\u00bb4.27.4&#8243; _module_preset=\u00bbdefault\u00bb hover_enabled=\u00bb0&#8243; global_colors_info=\u00bb{}\u00bb sticky_enabled=\u00bb0&#8243;]<\/p>\n<h2><span class=\"ez-toc-section\" id=\"toldos-cortavientos-para-terrazas-jardines-y-negocios\"><\/span>Toldos cortavientos para terrazas, jardines y negocios<span class=\"ez-toc-section-end\"><\/span><\/h2>\n<p>Los <strong>toldos cortavientos<\/strong> son una soluci\u00f3n muy \u00fatil cuando el problema no es solo el sol, sino tambi\u00e9n el aire. Ayudan a crear un espacio m\u00e1s resguardado en terrazas, porches, jardines o zonas de piscina, ganando comodidad y alargando el tiempo de uso del exterior.<\/p>\n<p>Adem\u00e1s de proteger del viento, tambi\u00e9n aportan <strong>privacidad<\/strong> y reducen el deslumbramiento, algo que se nota especialmente en balcones, \u00e1ticos y terrazas de bares o restaurantes.<\/p>\n<h2><span class=\"ez-toc-section\" id=\"que-aporta-un-toldo-cortavientos\"><\/span>Qu\u00e9 aporta un toldo cortavientos<span class=\"ez-toc-section-end\"><\/span><\/h2>\n<ul>\n<li><strong>Protecci\u00f3n frente al viento<\/strong> en zonas expuestas.<\/li>\n<li><strong>M\u00e1s intimidad<\/strong> en terrazas con vecinos cerca.<\/li>\n<li><strong>Confort t\u00e9rmico<\/strong>, al reducir corrientes y sensaci\u00f3n de fr\u00edo.<\/li>\n<li><strong>Uso m\u00e1s prolongado del exterior<\/strong> durante m\u00e1s meses.<\/li>\n<li><strong>Mejor ambiente<\/strong> en zonas de descanso, comedor o reuniones.<\/li>\n<\/ul>\n<p>Es una opci\u00f3n muy demandada tanto en viviendas como en hosteler\u00eda, porque permite \u201ccerrar\u201d lateralmente un espacio sin obras y con un resultado limpio.<\/p>\n<h2><span class=\"ez-toc-section\" id=\"cortavientos-con-guias-laterales\"><\/span>Cortavientos con gu\u00edas laterales<span class=\"ez-toc-section-end\"><\/span><\/h2>\n<p>Los <strong>cortavientos con gu\u00edas<\/strong> aportan un extra de estabilidad. Al ir guiados lateralmente, el cierre es m\u00e1s firme y el toldo trabaja mejor cuando hay rachas de aire. Son una buena elecci\u00f3n para terrazas abiertas, patios interiores con corrientes o negocios que necesitan un sistema resistente y de uso diario.<\/p>\n<p>Dependiendo del espacio, pueden instalarse en pared, techo o estructuras existentes (por ejemplo, p\u00e9rgolas), siempre ajustando medidas y anclajes para que el sistema quede seguro.<\/p>\n<h2><span class=\"ez-toc-section\" id=\"toldo-cortavientos-transparente\"><\/span>Toldo cortavientos transparente<span class=\"ez-toc-section-end\"><\/span><\/h2>\n<p>El <strong>toldo cortavientos transparente<\/strong> es ideal cuando se quiere protecci\u00f3n sin perder luz ni vista. Se utiliza mucho en terrazas de restaurantes y porches, porque mantiene el espacio luminoso y permite seguir viendo el exterior.<\/p>\n<p>Es una opci\u00f3n interesante si buscas resguardo contra el viento y, a la vez, una soluci\u00f3n discreta que no \u201ccierre\u201d visualmente el entorno.<\/p>\n<h2><span class=\"ez-toc-section\" id=\"toldos-laterales-para-terrazas-y-balcones\"><\/span>Toldos laterales para terrazas y balcones<span class=\"ez-toc-section-end\"><\/span><\/h2>\n<p>Dentro de esta familia tambi\u00e9n est\u00e1n los <strong>toldos laterales<\/strong>, pensados para cerrar por los lados y mejorar la privacidad. Funcionan muy bien en terrazas urbanas, \u00e1ticos y balcones donde el viento entra de costado o donde apetece crear una zona m\u00e1s recogida.<\/p>\n<p>Se pueden elegir distintos tejidos y acabados para adaptar el resultado a la est\u00e9tica de la vivienda o del local, con una soluci\u00f3n funcional y f\u00e1cil de usar.<\/p>\n<h2><span class=\"ez-toc-section\" id=\"instalacion-de-toldos-cortavientos-en-madrid-valdemoro-y-alrededores\"><\/span>Instalaci\u00f3n de toldos cortavientos en Madrid, Valdemoro y alrededores<span class=\"ez-toc-section-end\"><\/span><\/h2>\n<p>Para que un <strong>toldo cortavientos<\/strong> funcione bien, la instalaci\u00f3n es clave: medidas correctas, puntos de anclaje adecuados y elecci\u00f3n del sistema seg\u00fan la exposici\u00f3n al viento. Trabajamos en Madrid, Valdemoro y zonas cercanas, adaptando cada instalaci\u00f3n al espacio y al uso real que se le va a dar (vivienda o negocio).<\/p>\n<h2><span class=\"ez-toc-section\" id=\"preguntas-frecuentes-sobre-toldos-cortavientos\"><\/span>Preguntas frecuentes sobre toldos cortavientos<span class=\"ez-toc-section-end\"><\/span><\/h2>\n<h3><span class=\"ez-toc-section\" id=\"%c2%bfun-toldo-cortavientos-sirve-solo-para-el-viento\"><\/span>\u00bfUn toldo cortavientos sirve solo para el viento?<span class=\"ez-toc-section-end\"><\/span><\/h3>\n<p>No. Tambi\u00e9n aporta privacidad, reduce el deslumbramiento y mejora el confort t\u00e9rmico al cortar corrientes.<\/p>\n<h3><span class=\"ez-toc-section\" id=\"%c2%bfque-diferencia-hay-entre-un-cortavientos-normal-y-uno-con-guias\"><\/span>\u00bfQu\u00e9 diferencia hay entre un cortavientos normal y uno con gu\u00edas?<span class=\"ez-toc-section-end\"><\/span><\/h3>\n<p>El sistema con gu\u00edas laterales es m\u00e1s estable y trabaja mejor en terrazas expuestas o con uso intensivo.<\/p>\n<h3><span class=\"ez-toc-section\" id=\"%c2%bfel-cortavientos-transparente-es-resistente\"><\/span>\u00bfEl cortavientos transparente es resistente?<span class=\"ez-toc-section-end\"><\/span><\/h3>\n<p>S\u00ed, siempre que se elija el material adecuado y est\u00e9 correctamente instalado. Es muy habitual en hosteler\u00eda.<\/p>\n<h3><span class=\"ez-toc-section\" id=\"%c2%bfse-puede-instalar-en-un-balcon-pequeno\"><\/span>\u00bfSe puede instalar en un balc\u00f3n peque\u00f1o?<span class=\"ez-toc-section-end\"><\/span><\/h3>\n<p>S\u00ed. En balcones suele funcionar muy bien como toldo lateral o pantalla vertical para proteger del viento y ganar intimidad.<\/p>\n<h3><span class=\"ez-toc-section\" id=\"%c2%bfrequiere-mucho-mantenimiento\"><\/span>\u00bfRequiere mucho mantenimiento?<span class=\"ez-toc-section-end\"><\/span><\/h3>\n<p>No suele. Una limpieza peri\u00f3dica y revisar anclajes de vez en cuando es suficiente para conservarlo en buen estado.<\/p>\n<p>[\/et_pb_text][\/et_pb_column][\/et_pb_row][\/et_pb_section]<\/p>\n","protected":false},"excerpt":{"rendered":"<p>TOLDO CORTAVIENTOS&nbsp; Sistema Paravento, toldos enrollables que se instalan en disposici\u00f3n vertical mediante gu\u00edas laterales y que habitualmente viene a complementar a las p\u00e9rgolas. Este tipo de toldo sirve para cerrar estancias, para aprovechar espacios exteriores sin hacer grandes obras, en definitiva para hacer un cerramiento y con ello apaliar las inclemencias del tiempo. Caracter\u00edsticas [&hellip;]<\/p>\n","protected":false},"author":3,"featured_media":2874,"parent":213,"menu_order":0,"comment_status":"closed","ping_status":"closed","template":"","meta":{"_et_pb_use_builder":"on","_et_pb_old_content":"","_et_gb_content_width":"","_joinchat":[],"footnotes":""},"class_list":["post-2240","page","type-page","status-publish","has-post-thumbnail","hentry"],"_links":{"self":[{"href":"https:\/\/toldosaraque.com\/madrid\/wp-json\/wp\/v2\/pages\/2240","targetHints":{"allow":["GET"]}}],"collection":[{"href":"https:\/\/toldosaraque.com\/madrid\/wp-json\/wp\/v2\/pages"}],"about":[{"href":"https:\/\/toldosaraque.com\/madrid\/wp-json\/wp\/v2\/types\/page"}],"author":[{"embeddable":true,"href":"https:\/\/toldosaraque.com\/madrid\/wp-json\/wp\/v2\/users\/3"}],"replies":[{"embeddable":true,"href":"https:\/\/toldosaraque.com\/madrid\/wp-json\/wp\/v2\/comments?post=2240"}],"version-history":[{"count":2,"href":"https:\/\/toldosaraque.com\/madrid\/wp-json\/wp\/v2\/pages\/2240\/revisions"}],"predecessor-version":[{"id":7753,"href":"https:\/\/toldosaraque.com\/madrid\/wp-json\/wp\/v2\/pages\/2240\/revisions\/7753"}],"up":[{"embeddable":true,"href":"https:\/\/toldosaraque.com\/madrid\/wp-json\/wp\/v2\/pages\/213"}],"wp:featuredmedia":[{"embeddable":true,"href":"https:\/\/toldosaraque.com\/madrid\/wp-json\/wp\/v2\/media\/2874"}],"wp:attachment":[{"href":"https:\/\/toldosaraque.com\/madrid\/wp-json\/wp\/v2\/media?parent=2240"}],"curies":[{"name":"wp","href":"https:\/\/api.w.org\/{rel}","templated":true}]}}