{"id":3394,"date":"2016-03-03T11:41:35","date_gmt":"2016-03-03T10:41:35","guid":{"rendered":"https:\/\/toldosaraque.com\/madrid\/?page_id=3394"},"modified":"2026-03-01T11:47:28","modified_gmt":"2026-03-01T10:47:28","slug":"pergola-80-x-40","status":"publish","type":"page","link":"https:\/\/toldosaraque.com\/madrid\/pergola-80-x-40\/","title":{"rendered":"P\u00c9RGOLA 80 x 40"},"content":{"rendered":"<p>[et_pb_section fb_built=\u00bb1&#8243; admin_label=\u00bbsection\u00bb _builder_version=\u00bb4.16&#8243; global_colors_info=\u00bb{}\u00bb][et_pb_row column_structure=\u00bb1_2,1_2&#8243; admin_label=\u00bbrow\u00bb _builder_version=\u00bb4.16&#8243; background_size=\u00bbinitial\u00bb background_position=\u00bbtop_left\u00bb background_repeat=\u00bbrepeat\u00bb global_colors_info=\u00bb{}\u00bb][et_pb_column type=\u00bb1_2&#8243; _builder_version=\u00bb4.16&#8243; custom_padding=\u00bb|||\u00bb global_colors_info=\u00bb{}\u00bb custom_padding__hover=\u00bb|||\u00bb][et_pb_text _builder_version=\u00bb4.19.5&#8243; header_font=\u00bb|700|||||||\u00bb background_size=\u00bbinitial\u00bb background_position=\u00bbtop_left\u00bb background_repeat=\u00bbrepeat\u00bb custom_margin=\u00bb||0px|\u00bb custom_padding=\u00bb||0px|\u00bb use_border_color=\u00bboff\u00bb border_color=\u00bb#ffffff\u00bb border_style=\u00bbsolid\u00bb global_colors_info=\u00bb{}\u00bb]<\/p><div id=\"ez-toc-container\" class=\"ez-toc-v2_0_81 ez-toc-wrap-center counter-hierarchy ez-toc-counter ez-toc-grey ez-toc-container-direction\">\n<p class=\"ez-toc-title\" style=\"cursor:inherit\">Resumen:<\/p>\n<label for=\"ez-toc-cssicon-toggle-item-6a05bd6aef85d\" class=\"ez-toc-cssicon-toggle-label\"><span class=\"ez-toc-cssicon\"><span class=\"eztoc-hide\" style=\"display:none;\">Toggle<\/span><span class=\"ez-toc-icon-toggle-span\"><svg style=\"fill: #999;color:#999\" xmlns=\"http:\/\/www.w3.org\/2000\/svg\" class=\"list-377408\" width=\"20px\" height=\"20px\" viewBox=\"0 0 24 24\" fill=\"none\"><path d=\"M6 6H4v2h2V6zm14 0H8v2h12V6zM4 11h2v2H4v-2zm16 0H8v2h12v-2zM4 16h2v2H4v-2zm16 0H8v2h12v-2z\" fill=\"currentColor\"><\/path><\/svg><svg style=\"fill: #999;color:#999\" class=\"arrow-unsorted-368013\" xmlns=\"http:\/\/www.w3.org\/2000\/svg\" width=\"10px\" height=\"10px\" viewBox=\"0 0 24 24\" version=\"1.2\" baseProfile=\"tiny\"><path d=\"M18.2 9.3l-6.2-6.3-6.2 6.3c-.2.2-.3.4-.3.7s.1.5.3.7c.2.2.4.3.7.3h11c.3 0 .5-.1.7-.3.2-.2.3-.5.3-.7s-.1-.5-.3-.7zM5.8 14.7l6.2 6.3 6.2-6.3c.2-.2.3-.5.3-.7s-.1-.5-.3-.7c-.2-.2-.4-.3-.7-.3h-11c-.3 0-.5.1-.7.3-.2.2-.3.5-.3.7s.1.5.3.7z\"\/><\/svg><\/span><\/span><\/label><input type=\"checkbox\"  id=\"ez-toc-cssicon-toggle-item-6a05bd6aef85d\" checked aria-label=\"Alternar\" \/><nav><ul class='ez-toc-list ez-toc-list-level-1 ' ><li class='ez-toc-page-1 ez-toc-heading-level-1'><a class=\"ez-toc-link ez-toc-heading-1\" href=\"https:\/\/toldosaraque.com\/madrid\/pergola-80-x-40\/#pergola-80-x-40\" >P\u00c9RGOLA 80 x 40<\/a><ul class='ez-toc-list-level-4' ><li class='ez-toc-heading-level-4'><ul class='ez-toc-list-level-4' ><li class='ez-toc-heading-level-4'><ul class='ez-toc-list-level-4' ><li class='ez-toc-heading-level-4'><a class=\"ez-toc-link ez-toc-heading-2\" href=\"https:\/\/toldosaraque.com\/madrid\/pergola-80-x-40\/#galeria-de-imagenes\" >GALER\u00cdA DE IM\u00c1GENES<\/a><\/li><li class='ez-toc-page-1 ez-toc-heading-level-4'><a class=\"ez-toc-link ez-toc-heading-3\" href=\"https:\/\/toldosaraque.com\/madrid\/pergola-80-x-40\/#video\" >VIDEO<\/a><\/li><li class='ez-toc-page-1 ez-toc-heading-level-4'><a class=\"ez-toc-link ez-toc-heading-4\" href=\"https:\/\/toldosaraque.com\/madrid\/pergola-80-x-40\/#catalogo-pergola-80-x-40\" >CAT\u00c1LOGO P\u00c9RGOLA 80 x 40<\/a><\/li><li class='ez-toc-page-1 ez-toc-heading-level-4'><a class=\"ez-toc-link ez-toc-heading-5\" href=\"https:\/\/toldosaraque.com\/madrid\/pergola-80-x-40\/#mas-informacion\" >M\u00c1S INFORMACI\u00d3N<\/a><\/li><\/ul><\/li><\/ul><\/li><li class='ez-toc-page-1 ez-toc-heading-level-2'><a class=\"ez-toc-link ez-toc-heading-6\" href=\"https:\/\/toldosaraque.com\/madrid\/pergola-80-x-40\/#pergola-80%c3%9740-estructura-con-perfil-reforzado\" >P\u00e9rgola 80&#215;40 estructura con perfil reforzado<\/a><\/li><li class='ez-toc-page-1 ez-toc-heading-level-2'><a class=\"ez-toc-link ez-toc-heading-7\" href=\"https:\/\/toldosaraque.com\/madrid\/pergola-80-x-40\/#que-aporta-un-perfil-80%c3%9740-en-una-pergola\" >Qu\u00e9 aporta un perfil 80&#215;40 en una p\u00e9rgola<\/a><\/li><li class='ez-toc-page-1 ez-toc-heading-level-2'><a class=\"ez-toc-link ez-toc-heading-8\" href=\"https:\/\/toldosaraque.com\/madrid\/pergola-80-x-40\/#aplicaciones-habituales\" >Aplicaciones habituales<\/a><\/li><li class='ez-toc-page-1 ez-toc-heading-level-2'><a class=\"ez-toc-link ez-toc-heading-9\" href=\"https:\/\/toldosaraque.com\/madrid\/pergola-80-x-40\/#materiales-y-acabados\" >Materiales y acabados<\/a><\/li><li class='ez-toc-page-1 ez-toc-heading-level-2'><a class=\"ez-toc-link ez-toc-heading-10\" href=\"https:\/\/toldosaraque.com\/madrid\/pergola-80-x-40\/#instalacion-y-calculo-estructural\" >Instalaci\u00f3n y c\u00e1lculo estructural<\/a><\/li><li class='ez-toc-page-1 ez-toc-heading-level-2'><a class=\"ez-toc-link ez-toc-heading-11\" href=\"https:\/\/toldosaraque.com\/madrid\/pergola-80-x-40\/#preguntas-frecuentes-sobre-pergolas-80%c3%9740\" >Preguntas frecuentes sobre p\u00e9rgolas 80&#215;40<\/a><ul class='ez-toc-list-level-3' ><li class='ez-toc-heading-level-3'><a class=\"ez-toc-link ez-toc-heading-12\" href=\"https:\/\/toldosaraque.com\/madrid\/pergola-80-x-40\/#%c2%bf80%c3%9740-es-el-tamano-total-de-la-pergola\" >\u00bf80&#215;40 es el tama\u00f1o total de la p\u00e9rgola?<\/a><\/li><li class='ez-toc-page-1 ez-toc-heading-level-3'><a class=\"ez-toc-link ez-toc-heading-13\" href=\"https:\/\/toldosaraque.com\/madrid\/pergola-80-x-40\/#%c2%bfes-suficiente-para-cualquier-tamano\" >\u00bfEs suficiente para cualquier tama\u00f1o?<\/a><\/li><li class='ez-toc-page-1 ez-toc-heading-level-3'><a class=\"ez-toc-link ez-toc-heading-14\" href=\"https:\/\/toldosaraque.com\/madrid\/pergola-80-x-40\/#%c2%bfse-puede-combinar-con-lona-o-sistema-movil\" >\u00bfSe puede combinar con lona o sistema m\u00f3vil?<\/a><\/li><\/ul><\/li><\/ul><\/li><\/ul><\/nav><\/div>\n\n<h1 style=\"text-align: center;\"><span class=\"ez-toc-section\" id=\"pergola-80-x-40\"><\/span>P\u00c9RGOLA 80 x 40<span class=\"ez-toc-section-end\"><\/span><\/h1>\n<p>[\/et_pb_text][et_pb_divider color=\u00bb#2c99fc\u00bb _builder_version=\u00bb4.16&#8243; hide_on_mobile=\u00bboff\u00bb global_colors_info=\u00bb{}\u00bb]&nbsp;<br \/>\n[\/et_pb_divider][et_pb_text _builder_version=\u00bb4.16&#8243; background_size=\u00bbinitial\u00bb background_position=\u00bbtop_left\u00bb background_repeat=\u00bbrepeat\u00bb use_border_color=\u00bboff\u00bb border_color=\u00bb#ffffff\u00bb border_style=\u00bbsolid\u00bb global_colors_info=\u00bb{}\u00bb]<\/p>\n<p style=\"text-align: justify;\">Esta p\u00e9rgola o terraza plana es la instalaci\u00f3n m\u00e1s habitual y econ\u00f3mica.<br \/>\nEste modelo se adapta perfectamente tanto para viviendas como para comercios aprovechado m\u00e1s los espacios en los d\u00edas de calor o incluso en d\u00edas de lluvia.<\/p>\n<p style=\"text-align: justify;\">La instalaci\u00f3n, atr\u00e1s a pared y delante sobre una porter\u00eda de aluminio de 80 x 40 que soporta las gu\u00edas o rieles por donde se deslizan los \u00abpalilleros\u00bb o perfiles intermedios.<\/p>\n<p style=\"text-align: justify;\">Las medidas m\u00e1ximas recomendables para este tipo de p\u00e9rgola son de 7,00 metros de l\u00ednea y m\u00e1ximo de 7,00 metros de salida.<\/p>\n<p style=\"text-align: justify;\">No obstante seg\u00fan la medida que se disponga ser\u00e1 recomendable poner un poste o pi\u00e9 m\u00e1s, o alg\u00fan travesa\u00f1o mas, con el objeto de evitar flexiones y lograr una mayor estabilidad a la p\u00e9rgola.<\/p>\n<p style=\"text-align: justify;\">Tiene la posibilidad de incorporar cortinas o toldos cortavientos laterales para una mejor protecci\u00f3n lateral del sol y de la intimidad.<\/p>\n<p style=\"text-align: justify;\">Este modelo de p\u00e9rgola se recoge con tiros de cuerda que recorren las poleas. Tambi\u00e9n se puede <strong>motorizar<\/strong><strong> y <\/strong><strong>automatizar<\/strong><strong> con<\/strong> cualquier elemento de toldos.<\/p>\n<p style=\"text-align: justify;\">Se pueden instalar entre paredes, con 2 patas, 4 patas, o el dise\u00f1o que m\u00e1s se ajuste al patio.<\/p>\n<p style=\"text-align: justify;\">Todos los sistemas de p\u00e9rgola pueden ir lacados en cualquier color ral, oxidn, texturado o metalizado, pudiendo combinarse con palilleria plana reforzada o paliller\u00eda normal al igual que se pueden motorizar con cualquier tipo de automatismos.<\/p>\n<p style=\"text-align: justify;\"><strong><u>Caracter\u00edsticas T\u00e9cnicas <\/u><\/strong><\/p>\n<ul>\n<li style=\"text-align: justify;\">Confecci\u00f3n a medida.<\/li>\n<li style=\"text-align: justify;\">Soportes de Aluminio<\/li>\n<li style=\"text-align: justify;\">Posibilidad de anclaje a techo, pared.<\/li>\n<li style=\"text-align: justify;\">Travesa\u00f1os Gu\u00eda y Tubo estructural de 80 x 40  Aluminio de Extrusi\u00f3n, esquineros conexiones y bases de pilares en Aluminio inyectado.<\/li>\n<li style=\"text-align: justify;\">Palilleria de aluminio extrusionado.<\/li>\n<li style=\"text-align: justify;\">Deslizamiento sobre las gu\u00edas mediante rodamientos polea de alta calidad y resistencia.<\/li>\n<li style=\"text-align: justify;\">Palillero Final con colgante Bambalina de 0,30 cm.<\/li>\n<li style=\"text-align: justify;\">Dimensiones m\u00e1ximas: L\u00ednea Ilimitada en M\u00f3dulos de m\u00e1ximo 7,00 metros y Salida m\u00e1xima de 7,00 metros.<\/li>\n<li style=\"text-align: justify;\">Color del aluminio en blanco est\u00e1ndar, pudi\u00e9ndose realizar en cualquier color de la carta de colores Ral.<\/li>\n<li style=\"text-align: justify;\">Tejidos t\u00e9cnicos y acr\u00edlicos.<\/li>\n<li style=\"text-align: justify;\">Instalaci\u00f3n mediante tirafondos o en su lugar inyectando tacos qu\u00edmicos (hormig\u00f3n l\u00edquido).<\/li>\n<li style=\"text-align: justify;\">Opcionalmente este Sistema puede ir instalado con un Tejadillo de Aluminio extrusionado para la Protecci\u00f3n de la Palilleria y el Toldo plano cuando queda recogido.<\/li>\n<\/ul>\n<p>[\/et_pb_text][\/et_pb_column][et_pb_column type=\u00bb1_2&#8243; _builder_version=\u00bb4.16&#8243; custom_padding=\u00bb|||\u00bb global_colors_info=\u00bb{}\u00bb custom_padding__hover=\u00bb|||\u00bb][et_pb_image src=\u00bbhttps:\/\/toldosaraque.com\/madrid\/wp-content\/uploads\/2019\/08\/Pergola-80-x-40-Colmenar-Viejo-Madrid-2.jpg\u00bb align_tablet=\u00bbcenter\u00bb align_phone=\u00bb\u00bb align_last_edited=\u00bbon|desktop\u00bb _builder_version=\u00bb4.16&#8243; animation_style=\u00bbslide\u00bb animation_direction=\u00bbleft\u00bb animation_duration=\u00bb500ms\u00bb animation_intensity_slide=\u00bb10%\u00bb use_border_color=\u00bboff\u00bb border_color=\u00bb#ffffff\u00bb border_style=\u00bbsolid\u00bb animation=\u00bbleft\u00bb sticky=\u00bboff\u00bb global_colors_info=\u00bb{}\u00bb]&nbsp;<br \/>\n[\/et_pb_image][et_pb_text _builder_version=\u00bb4.16&#8243; background_size=\u00bbinitial\u00bb background_position=\u00bbtop_left\u00bb background_repeat=\u00bbrepeat\u00bb custom_margin=\u00bb||0px|\u00bb use_border_color=\u00bboff\u00bb border_color=\u00bb#ffffff\u00bb border_style=\u00bbsolid\u00bb global_colors_info=\u00bb{}\u00bb]<\/p>\n<h4 style=\"text-align: center;\"><span class=\"ez-toc-section\" id=\"galeria-de-imagenes\"><\/span>GALER\u00cdA DE IM\u00c1GENES<span class=\"ez-toc-section-end\"><\/span><\/h4>\n<p>[\/et_pb_text][et_pb_divider color=\u00bb#2c99fc\u00bb _builder_version=\u00bb4.16&#8243; hide_on_mobile=\u00bboff\u00bb global_colors_info=\u00bb{}\u00bb]&nbsp;<br \/>\n[\/et_pb_divider][et_pb_gallery gallery_ids=\u00bb5050,3413,7530,6524,6295,5175,7527,7525,5048,5026,5006,5176,5005,3411,5047,4136,6624,3400,4133,7536,5049,6300,3406,5042,4123,3415,3398,3396,6622,3402,4122,6623,6578,4140,6294,5154,6297,3397,3412,3409,4135,5013,3410,4134,3407,3408,3399,3414,3401,3404,3403,3405,2941,7553,7552,7543,7541,7542,7540,7539,7538,7537,7535,7534,7533,7532,7531,7550&#8243; show_title_and_caption=\u00bboff\u00bb zoom_icon_color=\u00bb#2ea3f2&#8243; _builder_version=\u00bb4.27.4&#8243; use_border_color=\u00bboff\u00bb global_colors_info=\u00bb{}\u00bb]&nbsp;<br \/>\n[\/et_pb_gallery][et_pb_text _builder_version=\u00bb4.16&#8243; background_size=\u00bbinitial\u00bb background_position=\u00bbtop_left\u00bb background_repeat=\u00bbrepeat\u00bb custom_margin=\u00bb||0px|\u00bb use_border_color=\u00bboff\u00bb border_color=\u00bb#ffffff\u00bb border_style=\u00bbsolid\u00bb global_colors_info=\u00bb{}\u00bb]<\/p>\n<h4 style=\"text-align: justify;\"><span class=\"ez-toc-section\" id=\"video\"><\/span>VIDEO<span class=\"ez-toc-section-end\"><\/span><\/h4>\n<p>[\/et_pb_text][et_pb_divider color=\u00bb#2c99fc\u00bb _builder_version=\u00bb4.16&#8243; hide_on_mobile=\u00bboff\u00bb global_colors_info=\u00bb{}\u00bb]&nbsp;<br \/>\n[\/et_pb_divider][et_pb_video src=\u00bbhttps:\/\/www.youtube.com\/watch?v=6xjhlfdW-Is\u00bb _builder_version=\u00bb4.16&#8243; global_colors_info=\u00bb{}\u00bb]&nbsp;<br \/>\n[\/et_pb_video][\/et_pb_column][\/et_pb_row][et_pb_row _builder_version=\u00bb4.16&#8243; global_colors_info=\u00bb{}\u00bb][et_pb_column type=\u00bb4_4&#8243; _builder_version=\u00bb4.16&#8243; global_colors_info=\u00bb{}\u00bb][et_pb_text _builder_version=\u00bb4.16&#8243; background_size=\u00bbinitial\u00bb background_position=\u00bbtop_left\u00bb background_repeat=\u00bbrepeat\u00bb custom_margin=\u00bb||0px|\u00bb use_border_color=\u00bboff\u00bb border_color=\u00bb#ffffff\u00bb border_style=\u00bbsolid\u00bb global_colors_info=\u00bb{}\u00bb]<\/p>\n<h4 style=\"text-align: justify;\"><span class=\"ez-toc-section\" id=\"catalogo-pergola-80-x-40\"><\/span>CAT\u00c1LOGO P\u00c9RGOLA 80 x 40<span class=\"ez-toc-section-end\"><\/span><\/h4>\n<p>[\/et_pb_text][et_pb_divider color=\u00bb#2c99fc\u00bb _builder_version=\u00bb4.16&#8243; hide_on_mobile=\u00bboff\u00bb global_colors_info=\u00bb{}\u00bb]&nbsp;<br \/>\n[\/et_pb_divider][et_pb_button button_url=\u00bbhttps:\/\/toldosaraque.com\/madrid\/wp-content\/uploads\/2017\/02\/Ficha-Tecnica-Pergola-80-x-40.pdf\u00bb url_new_window=\u00bbon\u00bb button_text=\u00bbVer Ficha T\u00e9cnica en PDF\u00bb button_alignment=\u00bbleft\u00bb _builder_version=\u00bb4.16&#8243; custom_button=\u00bbon\u00bb button_text_color=\u00bb#000000&#8243; button_bg_color=\u00bb#ffdd0e\u00bb button_border_color=\u00bb#ffdd0e\u00bb button_icon=\u00bb&#x69;||divi||400&#8243; button_letter_spacing_hover=\u00bb0&#8243; global_colors_info=\u00bb{}\u00bb button_text_size__hover_enabled=\u00bboff\u00bb button_one_text_size__hover_enabled=\u00bboff\u00bb button_two_text_size__hover_enabled=\u00bboff\u00bb button_text_color__hover_enabled=\u00bboff\u00bb button_one_text_color__hover_enabled=\u00bboff\u00bb button_two_text_color__hover_enabled=\u00bboff\u00bb button_border_width__hover_enabled=\u00bboff\u00bb button_one_border_width__hover_enabled=\u00bboff\u00bb button_two_border_width__hover_enabled=\u00bboff\u00bb button_border_color__hover_enabled=\u00bboff\u00bb button_one_border_color__hover_enabled=\u00bboff\u00bb button_two_border_color__hover_enabled=\u00bboff\u00bb button_border_radius__hover_enabled=\u00bboff\u00bb button_one_border_radius__hover_enabled=\u00bboff\u00bb button_two_border_radius__hover_enabled=\u00bboff\u00bb button_letter_spacing__hover_enabled=\u00bbon\u00bb button_letter_spacing__hover=\u00bb0&#8243; button_one_letter_spacing__hover_enabled=\u00bboff\u00bb button_two_letter_spacing__hover_enabled=\u00bboff\u00bb button_bg_color__hover_enabled=\u00bboff\u00bb button_one_bg_color__hover_enabled=\u00bboff\u00bb button_two_bg_color__hover_enabled=\u00bboff\u00bb]&nbsp;<br \/>\n[\/et_pb_button][\/et_pb_column][\/et_pb_row][et_pb_row _builder_version=\u00bb4.16&#8243; global_colors_info=\u00bb{}\u00bb][et_pb_column type=\u00bb4_4&#8243; _builder_version=\u00bb4.16&#8243; global_colors_info=\u00bb{}\u00bb][et_pb_text _builder_version=\u00bb4.24.2&#8243; background_size=\u00bbinitial\u00bb background_position=\u00bbtop_left\u00bb background_repeat=\u00bbrepeat\u00bb custom_margin=\u00bb||0px|\u00bb use_border_color=\u00bboff\u00bb border_color=\u00bb#ffffff\u00bb border_style=\u00bbsolid\u00bb global_colors_info=\u00bb{}\u00bb]<\/p>\n<h4 style=\"text-align: justify;\"><span class=\"ez-toc-section\" id=\"mas-informacion\"><\/span>M\u00c1S INFORMACI\u00d3N<span class=\"ez-toc-section-end\"><\/span><\/h4>\n<p>[\/et_pb_text][et_pb_divider color=\u00bb#2c99fc\u00bb _builder_version=\u00bb4.16&#8243; hover_enabled=\u00bb0&#8243; hide_on_mobile=\u00bboff\u00bb global_colors_info=\u00bb{}\u00bb sticky_enabled=\u00bb0&#8243;]&nbsp;<br \/>\n[\/et_pb_divider][et_pb_text _builder_version=\u00bb4.27.4&#8243; _module_preset=\u00bbdefault\u00bb hover_enabled=\u00bb0&#8243; global_colors_info=\u00bb{}\u00bb sticky_enabled=\u00bb0&#8243;]<\/p>\n<h2><span class=\"ez-toc-section\" id=\"pergola-80%c3%9740-estructura-con-perfil-reforzado\"><\/span>P\u00e9rgola 80&#215;40: estructura con perfil reforzado<span class=\"ez-toc-section-end\"><\/span><\/h2>\n<p>Cuando hablamos de una <strong>p\u00e9rgola 80&#215;40<\/strong> normalmente nos referimos al tama\u00f1o del perfil estructural utilizado en la fabricaci\u00f3n, no a las dimensiones totales de la p\u00e9rgola. El perfil 80&#215;40 mm es habitual en estructuras de aluminio o acero por su equilibrio entre resistencia y est\u00e9tica.<\/p>\n<p>Este tipo de secci\u00f3n ofrece una buena rigidez sin resultar visualmente pesada, lo que permite crear p\u00e9rgolas estables y proporcionadas tanto en terrazas como en patios o jardines.<\/p>\n<h2><span class=\"ez-toc-section\" id=\"que-aporta-un-perfil-80%c3%9740-en-una-pergola\"><\/span>Qu\u00e9 aporta un perfil 80&#215;40 en una p\u00e9rgola<span class=\"ez-toc-section-end\"><\/span><\/h2>\n<p>El uso de un <strong>perfil 80&#215;40<\/strong> en vigas o travesa\u00f1os mejora la estabilidad del conjunto, especialmente en estructuras de tama\u00f1o medio. Entre sus ventajas destacan:<\/p>\n<ul>\n<li>Mayor resistencia frente a flexiones.<\/li>\n<li>Buen comportamiento ante cargas de lona o cubierta.<\/li>\n<li>Est\u00e9tica limpia y moderna.<\/li>\n<li>Adaptabilidad a distintos sistemas de toldo p\u00e9rgola.<\/li>\n<\/ul>\n<p>Es una medida muy utilizada en p\u00e9rgolas con lona tensada, sistemas m\u00f3viles o estructuras preparadas para cerramientos laterales.<\/p>\n<h2><span class=\"ez-toc-section\" id=\"aplicaciones-habituales\"><\/span>Aplicaciones habituales<span class=\"ez-toc-section-end\"><\/span><\/h2>\n<p>Una <strong>p\u00e9rgola fabricada con estructura 80&#215;40<\/strong> puede instalarse en:<\/p>\n<ul>\n<li>Terrazas de viviendas.<\/li>\n<li>\u00c1ticos expuestos al viento.<\/li>\n<li>Patios interiores.<\/li>\n<li>Espacios de hosteler\u00eda.<\/li>\n<\/ul>\n<p>El dimensionado final depender\u00e1 siempre del ancho y fondo total de la zona a cubrir, pero el perfil 80&#215;40 es una base estructural frecuente en configuraciones equilibradas.<\/p>\n<h2><span class=\"ez-toc-section\" id=\"materiales-y-acabados\"><\/span>Materiales y acabados<span class=\"ez-toc-section-end\"><\/span><\/h2>\n<p>Este tipo de estructura suele fabricarse en <strong>aluminio lacado<\/strong> o <strong>acero tratado<\/strong> para exterior. El acabado puede adaptarse al entorno, buscando una integraci\u00f3n natural con la fachada o el cerramiento existente.<\/p>\n<p>El resultado es una p\u00e9rgola s\u00f3lida, con l\u00edneas definidas y preparada para soportar el uso continuado en exterior.<\/p>\n<h2><span class=\"ez-toc-section\" id=\"instalacion-y-calculo-estructural\"><\/span>Instalaci\u00f3n y c\u00e1lculo estructural<span class=\"ez-toc-section-end\"><\/span><\/h2>\n<p>No todas las zonas requieren el mismo tipo de perfil. Antes de instalar una <strong>p\u00e9rgola 80&#215;40<\/strong> conviene valorar exposici\u00f3n al viento, superficie a cubrir y puntos de anclaje. Un estudio previo garantiza que la estructura sea adecuada y segura.<\/p>\n<p>Realizamos instalaci\u00f3n en Madrid, Valdemoro y municipios cercanos, ajustando cada proyecto a las necesidades reales del espacio.<\/p>\n<h2><span class=\"ez-toc-section\" id=\"preguntas-frecuentes-sobre-pergolas-80%c3%9740\"><\/span>Preguntas frecuentes sobre p\u00e9rgolas 80&#215;40<span class=\"ez-toc-section-end\"><\/span><\/h2>\n<h3><span class=\"ez-toc-section\" id=\"%c2%bf80%c3%9740-es-el-tamano-total-de-la-pergola\"><\/span>\u00bf80&#215;40 es el tama\u00f1o total de la p\u00e9rgola?<span class=\"ez-toc-section-end\"><\/span><\/h3>\n<p>No. Hace referencia al perfil estructural utilizado en vigas o soportes.<\/p>\n<h3><span class=\"ez-toc-section\" id=\"%c2%bfes-suficiente-para-cualquier-tamano\"><\/span>\u00bfEs suficiente para cualquier tama\u00f1o?<span class=\"ez-toc-section-end\"><\/span><\/h3>\n<p>Depende de la superficie y la exposici\u00f3n. En algunos casos pueden requerirse perfiles de mayor secci\u00f3n.<\/p>\n<h3><span class=\"ez-toc-section\" id=\"%c2%bfse-puede-combinar-con-lona-o-sistema-movil\"><\/span>\u00bfSe puede combinar con lona o sistema m\u00f3vil?<span class=\"ez-toc-section-end\"><\/span><\/h3>\n<p>S\u00ed. El perfil 80&#215;40 es compatible con distintos sistemas de cubierta y toldo p\u00e9rgola.<\/p>\n<p>[\/et_pb_text][\/et_pb_column][\/et_pb_row][\/et_pb_section]<\/p>\n","protected":false},"excerpt":{"rendered":"<p>P\u00c9RGOLA 80 x 40&nbsp; Esta p\u00e9rgola o terraza plana es la instalaci\u00f3n m\u00e1s habitual y econ\u00f3mica. Este modelo se adapta perfectamente tanto para viviendas como para comercios aprovechado m\u00e1s los espacios en los d\u00edas de calor o incluso en d\u00edas de lluvia. La instalaci\u00f3n, atr\u00e1s a pared y delante sobre una porter\u00eda de aluminio de [&hellip;]<\/p>\n","protected":false},"author":3,"featured_media":0,"parent":0,"menu_order":0,"comment_status":"closed","ping_status":"closed","template":"","meta":{"_et_pb_use_builder":"on","_et_pb_old_content":"","_et_gb_content_width":"","_joinchat":[],"footnotes":""},"class_list":["post-3394","page","type-page","status-publish","hentry"],"_links":{"self":[{"href":"https:\/\/toldosaraque.com\/madrid\/wp-json\/wp\/v2\/pages\/3394","targetHints":{"allow":["GET"]}}],"collection":[{"href":"https:\/\/toldosaraque.com\/madrid\/wp-json\/wp\/v2\/pages"}],"about":[{"href":"https:\/\/toldosaraque.com\/madrid\/wp-json\/wp\/v2\/types\/page"}],"author":[{"embeddable":true,"href":"https:\/\/toldosaraque.com\/madrid\/wp-json\/wp\/v2\/users\/3"}],"replies":[{"embeddable":true,"href":"https:\/\/toldosaraque.com\/madrid\/wp-json\/wp\/v2\/comments?post=3394"}],"version-history":[{"count":2,"href":"https:\/\/toldosaraque.com\/madrid\/wp-json\/wp\/v2\/pages\/3394\/revisions"}],"predecessor-version":[{"id":7767,"href":"https:\/\/toldosaraque.com\/madrid\/wp-json\/wp\/v2\/pages\/3394\/revisions\/7767"}],"wp:attachment":[{"href":"https:\/\/toldosaraque.com\/madrid\/wp-json\/wp\/v2\/media?parent=3394"}],"curies":[{"name":"wp","href":"https:\/\/api.w.org\/{rel}","templated":true}]}}