{"id":3431,"date":"2016-03-03T12:38:13","date_gmt":"2016-03-03T11:38:13","guid":{"rendered":"https:\/\/toldosaraque.com\/madrid\/?page_id=3431"},"modified":"2026-03-01T11:49:52","modified_gmt":"2026-03-01T10:49:52","slug":"pergola-120-x-120","status":"publish","type":"page","link":"https:\/\/toldosaraque.com\/madrid\/pergola-120-x-120\/","title":{"rendered":"P\u00c9RGOLA 120 x 120"},"content":{"rendered":"<p>[et_pb_section fb_built=\u00bb1&#8243; admin_label=\u00bbsection\u00bb _builder_version=\u00bb4.16&#8243; global_colors_info=\u00bb{}\u00bb][et_pb_row column_structure=\u00bb1_2,1_2&#8243; admin_label=\u00bbrow\u00bb _builder_version=\u00bb4.16&#8243; background_size=\u00bbinitial\u00bb background_position=\u00bbtop_left\u00bb background_repeat=\u00bbrepeat\u00bb global_colors_info=\u00bb{}\u00bb][et_pb_column type=\u00bb1_2&#8243; _builder_version=\u00bb4.16&#8243; custom_padding=\u00bb|||\u00bb global_colors_info=\u00bb{}\u00bb custom_padding__hover=\u00bb|||\u00bb][et_pb_text admin_label=\u00bbTexto\u00bb _builder_version=\u00bb4.19.5&#8243; header_font=\u00bb|700|||||||\u00bb background_size=\u00bbinitial\u00bb background_position=\u00bbtop_left\u00bb background_repeat=\u00bbrepeat\u00bb custom_margin=\u00bb||0px|\u00bb custom_padding=\u00bb||0px|\u00bb use_border_color=\u00bboff\u00bb border_color=\u00bb#ffffff\u00bb border_style=\u00bbsolid\u00bb global_colors_info=\u00bb{}\u00bb]<\/p><div id=\"ez-toc-container\" class=\"ez-toc-v2_0_81 ez-toc-wrap-center counter-hierarchy ez-toc-counter ez-toc-grey ez-toc-container-direction\">\n<p class=\"ez-toc-title\" style=\"cursor:inherit\">Resumen:<\/p>\n<label for=\"ez-toc-cssicon-toggle-item-69e2e2cf2e7a4\" class=\"ez-toc-cssicon-toggle-label\"><span class=\"ez-toc-cssicon\"><span class=\"eztoc-hide\" style=\"display:none;\">Toggle<\/span><span class=\"ez-toc-icon-toggle-span\"><svg style=\"fill: #999;color:#999\" xmlns=\"http:\/\/www.w3.org\/2000\/svg\" class=\"list-377408\" width=\"20px\" height=\"20px\" viewBox=\"0 0 24 24\" fill=\"none\"><path d=\"M6 6H4v2h2V6zm14 0H8v2h12V6zM4 11h2v2H4v-2zm16 0H8v2h12v-2zM4 16h2v2H4v-2zm16 0H8v2h12v-2z\" fill=\"currentColor\"><\/path><\/svg><svg style=\"fill: #999;color:#999\" class=\"arrow-unsorted-368013\" xmlns=\"http:\/\/www.w3.org\/2000\/svg\" width=\"10px\" height=\"10px\" viewBox=\"0 0 24 24\" version=\"1.2\" baseProfile=\"tiny\"><path d=\"M18.2 9.3l-6.2-6.3-6.2 6.3c-.2.2-.3.4-.3.7s.1.5.3.7c.2.2.4.3.7.3h11c.3 0 .5-.1.7-.3.2-.2.3-.5.3-.7s-.1-.5-.3-.7zM5.8 14.7l6.2 6.3 6.2-6.3c.2-.2.3-.5.3-.7s-.1-.5-.3-.7c-.2-.2-.4-.3-.7-.3h-11c-.3 0-.5.1-.7.3-.2.2-.3.5-.3.7s.1.5.3.7z\"\/><\/svg><\/span><\/span><\/label><input type=\"checkbox\"  id=\"ez-toc-cssicon-toggle-item-69e2e2cf2e7a4\" checked aria-label=\"Alternar\" \/><nav><ul class='ez-toc-list ez-toc-list-level-1 ' ><li class='ez-toc-page-1 ez-toc-heading-level-1'><a class=\"ez-toc-link ez-toc-heading-1\" href=\"https:\/\/toldosaraque.com\/madrid\/pergola-120-x-120\/#pergola-120-x-120\" >P\u00c9RGOLA 120 x 120<\/a><ul class='ez-toc-list-level-4' ><li class='ez-toc-heading-level-4'><ul class='ez-toc-list-level-4' ><li class='ez-toc-heading-level-4'><ul class='ez-toc-list-level-4' ><li class='ez-toc-heading-level-4'><a class=\"ez-toc-link ez-toc-heading-2\" href=\"https:\/\/toldosaraque.com\/madrid\/pergola-120-x-120\/#galeria-de-imagenes\" >GALER\u00cdA DE IM\u00c1GENES<\/a><\/li><li class='ez-toc-page-1 ez-toc-heading-level-4'><a class=\"ez-toc-link ez-toc-heading-3\" href=\"https:\/\/toldosaraque.com\/madrid\/pergola-120-x-120\/#ficha-pergola-120-x-120\" >FICHA P\u00c9RGOLA 120 x 120<\/a><\/li><\/ul><\/li><\/ul><\/li><li class='ez-toc-page-1 ez-toc-heading-level-2'><a class=\"ez-toc-link ez-toc-heading-4\" href=\"https:\/\/toldosaraque.com\/madrid\/pergola-120-x-120\/#pergola-120%c3%97120\" >P\u00e9rgola 120&#215;120<\/a><\/li><li class='ez-toc-page-1 ez-toc-heading-level-2'><a class=\"ez-toc-link ez-toc-heading-5\" href=\"https:\/\/toldosaraque.com\/madrid\/pergola-120-x-120\/#que-aporta-un-perfil-120%c3%97120\" >Qu\u00e9 aporta un perfil 120&#215;120<\/a><\/li><li class='ez-toc-page-1 ez-toc-heading-level-2'><a class=\"ez-toc-link ez-toc-heading-6\" href=\"https:\/\/toldosaraque.com\/madrid\/pergola-120-x-120\/#aplicaciones-habituales\" >Aplicaciones habituales<\/a><\/li><li class='ez-toc-page-1 ez-toc-heading-level-2'><a class=\"ez-toc-link ez-toc-heading-7\" href=\"https:\/\/toldosaraque.com\/madrid\/pergola-120-x-120\/#materiales-y-acabados\" >Materiales y acabados<\/a><\/li><li class='ez-toc-page-1 ez-toc-heading-level-2'><a class=\"ez-toc-link ez-toc-heading-8\" href=\"https:\/\/toldosaraque.com\/madrid\/pergola-120-x-120\/#compatibilidad-con-toldos-pergola-y-cubiertas\" >Compatibilidad con toldos p\u00e9rgola y cubiertas<\/a><\/li><li class='ez-toc-page-1 ez-toc-heading-level-2'><a class=\"ez-toc-link ez-toc-heading-9\" href=\"https:\/\/toldosaraque.com\/madrid\/pergola-120-x-120\/#instalacion-en-madrid-valdemoro-y-alrededores\" >Instalaci\u00f3n en Madrid, Valdemoro y alrededores<\/a><\/li><li class='ez-toc-page-1 ez-toc-heading-level-2'><a class=\"ez-toc-link ez-toc-heading-10\" href=\"https:\/\/toldosaraque.com\/madrid\/pergola-120-x-120\/#preguntas-frecuentes-sobre-pergolas-120%c3%97120\" >Preguntas frecuentes sobre p\u00e9rgolas 120&#215;120<\/a><ul class='ez-toc-list-level-3' ><li class='ez-toc-heading-level-3'><a class=\"ez-toc-link ez-toc-heading-11\" href=\"https:\/\/toldosaraque.com\/madrid\/pergola-120-x-120\/#%c2%bf120%c3%97120-es-el-tamano-completo-de-la-pergola\" >\u00bf120&#215;120 es el tama\u00f1o completo de la p\u00e9rgola?<\/a><\/li><li class='ez-toc-page-1 ez-toc-heading-level-3'><a class=\"ez-toc-link ez-toc-heading-12\" href=\"https:\/\/toldosaraque.com\/madrid\/pergola-120-x-120\/#%c2%bfes-mas-resistente-que-100%c3%97100\" >\u00bfEs m\u00e1s resistente que 100&#215;100?<\/a><\/li><li class='ez-toc-page-1 ez-toc-heading-level-3'><a class=\"ez-toc-link ez-toc-heading-13\" href=\"https:\/\/toldosaraque.com\/madrid\/pergola-120-x-120\/#%c2%bfsiempre-es-necesario-este-perfil\" >\u00bfSiempre es necesario este perfil?<\/a><\/li><\/ul><\/li><\/ul><\/li><\/ul><\/nav><\/div>\n\n<h1 style=\"text-align: center;\"><span class=\"ez-toc-section\" id=\"pergola-120-x-120\"><\/span>P\u00c9RGOLA 120 x 120<strong><br \/><\/strong><span class=\"ez-toc-section-end\"><\/span><\/h1>\n<p>[\/et_pb_text][et_pb_divider color=\u00bb#2c99fc\u00bb admin_label=\u00bbSeparador\u00bb _builder_version=\u00bb4.16&#8243; hide_on_mobile=\u00bboff\u00bb global_colors_info=\u00bb{}\u00bb]&nbsp;<br \/>\n[\/et_pb_divider][et_pb_text admin_label=\u00bbTexto\u00bb _builder_version=\u00bb4.16&#8243; background_size=\u00bbinitial\u00bb background_position=\u00bbtop_left\u00bb background_repeat=\u00bbrepeat\u00bb use_border_color=\u00bboff\u00bb border_color=\u00bb#ffffff\u00bb border_style=\u00bbsolid\u00bb global_colors_info=\u00bb{}\u00bb]<\/p>\n<p style=\"text-align: justify;\">La Estructura de P\u00e9rgola 120 x 120 Con Palilleria y Toldo plegable es una P\u00e9rgola que permite coberturas con lineas ilimitadas el mas vers\u00e1til y Robusto por su simple funcionamiento y resistencia frente a los agentes atmosf\u00e9ricos de toda la gama de sistemas de protecci\u00f3n solar exterior.<\/p>\n<p style=\"text-align: justify;\">Se caracteriza por su Elegante y R\u00fastica est\u00e9tica caracter\u00edstica imitando a las antiguas P\u00e9rgolas de Madera con lineas resaltadas y terminaciones de travesa\u00f1os y porter\u00eda en pecho de paloma con Capiteles en la uni\u00f3n de los pilares con la porter\u00eda.<\/p>\n<p style=\"text-align: justify;\">La P\u00e9rgola puede ser instalada de pared a porter\u00eda o con doble porter\u00eda.Ideal para cubrir todo tipo de espacios en Terrazas,Aticos,Jardines y Patios con unas dimensiones sin limites en la Linea y una distancia de Salida m\u00e1xima entre la pared y la porter\u00eda de la P\u00e9rgola o entre porter\u00edas de 7,00 m.<\/p>\n<p style=\"text-align: justify;\">El funcionamiento de este Sistema se basa en el deslizamiento de la palilleria con el toldo por los travesa\u00f1os gu\u00eda de 120 x 120 mm que van anclados de la pared o porter\u00eda trasera a la porter\u00eda frontal de la P\u00e9rgola sustentada por tantos pilares sean necesarios (Distancia Max. entre pilares 6,50m).<\/p>\n<p style=\"text-align: justify;\"><strong><u>Caracter\u00edsticas T\u00e9cnicas <\/u><\/strong><\/p>\n<ul>\n<li style=\"text-align: justify;\">Confecci\u00f3n a medida.<\/li>\n<li style=\"text-align: justify;\">Soportes de Aluminio<\/li>\n<li style=\"text-align: justify;\">Posibilidad de anclaje a techo, pared.<\/li>\n<li style=\"text-align: justify;\">Travesa\u00f1os Gu\u00eda y Tubo estructural de 120 X 120 mm en Aluminio de Extrusi\u00f3n, esquineros conexiones y bases de pilares en Aluminio inyectado.<\/li>\n<li style=\"text-align: justify;\">Palilleria de aluminio extrusionado.<\/li>\n<li style=\"text-align: justify;\">Deslizamiento sobre las gu\u00edas mediante rodamientos polea de alta calidad y resistencia.<\/li>\n<li style=\"text-align: justify;\">Palillero Final con colgante Bambalina de 0,30 cm.<\/li>\n<li style=\"text-align: justify;\">Dimensiones m\u00e1ximas: L\u00ednea Ilimitada en M\u00f3dulos de m\u00e1ximo 7,00 metros y Salida m\u00e1xima de 7,00 metros.<\/li>\n<li style=\"text-align: justify;\">Color del aluminio en blanco est\u00e1ndar, pudi\u00e9ndose realizar en cualquier color de la carta de colores Ral.<\/li>\n<li style=\"text-align: justify;\">Tejidos t\u00e9cnicos y acr\u00edlicos.<\/li>\n<li style=\"text-align: justify;\">Instalaci\u00f3n mediante tirafondos o en su lugar inyectando tacos qu\u00edmicos (hormig\u00f3n l\u00edquido).<\/li>\n<li style=\"text-align: justify;\">Opcionalmente este Sistema puede ir instalado con un Tejadillo de Aluminio extrusionadopara la Protecci\u00f3n de la Palilleria y el Toldo plano cuando queda recogido.<\/li>\n<\/ul>\n<p>[\/et_pb_text][\/et_pb_column][et_pb_column type=\u00bb1_2&#8243; _builder_version=\u00bb4.16&#8243; custom_padding=\u00bb|||\u00bb global_colors_info=\u00bb{}\u00bb custom_padding__hover=\u00bb|||\u00bb][et_pb_image src=\u00bbhttps:\/\/toldosaraque.com\/madrid\/wp-content\/uploads\/2019\/02\/Pergola-120-x-120-Valdemoro-Madrid-3-.jpg\u00bb align_tablet=\u00bbcenter\u00bb align_phone=\u00bbcenter\u00bb align_last_edited=\u00bbon|desktop\u00bb admin_label=\u00bbImagen\u00bb _builder_version=\u00bb4.16&#8243; animation_style=\u00bbslide\u00bb animation_direction=\u00bbleft\u00bb animation_duration=\u00bb500ms\u00bb animation_intensity_slide=\u00bb10%\u00bb use_border_color=\u00bboff\u00bb border_color=\u00bb#ffffff\u00bb border_style=\u00bbsolid\u00bb animation=\u00bbleft\u00bb sticky=\u00bboff\u00bb global_colors_info=\u00bb{}\u00bb] [\/et_pb_image][et_pb_text admin_label=\u00bbTexto\u00bb _builder_version=\u00bb4.16&#8243; background_size=\u00bbinitial\u00bb background_position=\u00bbtop_left\u00bb background_repeat=\u00bbrepeat\u00bb custom_margin=\u00bb||0px|\u00bb use_border_color=\u00bboff\u00bb border_color=\u00bb#ffffff\u00bb border_style=\u00bbsolid\u00bb global_colors_info=\u00bb{}\u00bb]<\/p>\n<h4 style=\"text-align: justify;\"><span class=\"ez-toc-section\" id=\"galeria-de-imagenes\"><\/span>GALER\u00cdA DE IM\u00c1GENES<span class=\"ez-toc-section-end\"><\/span><\/h4>\n<p>[\/et_pb_text][et_pb_divider color=\u00bb#2c99fc\u00bb admin_label=\u00bbSeparador\u00bb _builder_version=\u00bb4.16&#8243; hide_on_mobile=\u00bboff\u00bb global_colors_info=\u00bb{}\u00bb]&nbsp;<br \/>\n[\/et_pb_divider][et_pb_gallery gallery_ids=\u00bb4131,5111,6575,3427,3783,4076,3784,5112,5110,6577,4078,4077,5109,6576,3426,3430,3429,3428,3425,3424&#8243; show_title_and_caption=\u00bboff\u00bb admin_label=\u00bbGaler\u00eda\u00bb _builder_version=\u00bb4.16&#8243; use_border_color=\u00bboff\u00bb border_color=\u00bb#ffffff\u00bb border_style=\u00bbsolid\u00bb global_colors_info=\u00bb{}\u00bb] [\/et_pb_gallery][et_pb_text admin_label=\u00bbTexto\u00bb _builder_version=\u00bb4.16&#8243; background_size=\u00bbinitial\u00bb background_position=\u00bbtop_left\u00bb background_repeat=\u00bbrepeat\u00bb custom_margin=\u00bb||0px|\u00bb use_border_color=\u00bboff\u00bb border_color=\u00bb#ffffff\u00bb border_style=\u00bbsolid\u00bb global_colors_info=\u00bb{}\u00bb]<\/p>\n<h4 style=\"text-align: justify;\"><span class=\"ez-toc-section\" id=\"ficha-pergola-120-x-120\"><\/span>FICHA P\u00c9RGOLA 120 x 120<span class=\"ez-toc-section-end\"><\/span><\/h4>\n<p>[\/et_pb_text][et_pb_divider color=\u00bb#2c99fc\u00bb admin_label=\u00bbSeparador\u00bb _builder_version=\u00bb4.16&#8243; hide_on_mobile=\u00bboff\u00bb global_colors_info=\u00bb{}\u00bb]&nbsp;<br \/>\n[\/et_pb_divider][et_pb_gallery gallery_ids=\u00bb3419,3420&#8243; show_title_and_caption=\u00bboff\u00bb admin_label=\u00bbGaler\u00eda\u00bb _builder_version=\u00bb4.16&#8243; use_border_color=\u00bboff\u00bb border_color=\u00bb#ffffff\u00bb border_style=\u00bbsolid\u00bb global_colors_info=\u00bb{}\u00bb] [\/et_pb_gallery][\/et_pb_column][\/et_pb_row][et_pb_row _builder_version=\u00bb4.24.2&#8243; _module_preset=\u00bbdefault\u00bb global_colors_info=\u00bb{}\u00bb][et_pb_column type=\u00bb4_4&#8243; _builder_version=\u00bb4.24.2&#8243; _module_preset=\u00bbdefault\u00bb global_colors_info=\u00bb{}\u00bb][et_pb_text _builder_version=\u00bb4.24.2&#8243; _module_preset=\u00bbdefault\u00bb global_colors_info=\u00bb{}\u00bb]<\/p>\n<p>M\u00c1S INFORMACI\u00d3N<\/p>\n<p>[\/et_pb_text][et_pb_divider _builder_version=\u00bb4.24.2&#8243; _module_preset=\u00bbdefault\u00bb global_colors_info=\u00bb{}\u00bb][\/et_pb_divider][et_pb_text _builder_version=\u00bb4.27.4&#8243; _module_preset=\u00bbdefault\u00bb hover_enabled=\u00bb0&#8243; global_colors_info=\u00bb{}\u00bb sticky_enabled=\u00bb0&#8243;]<\/p>\n<h2><span class=\"ez-toc-section\" id=\"pergola-120%c3%97120\"><\/span>P\u00e9rgola 120&#215;120<span class=\"ez-toc-section-end\"><\/span><\/h2>\n<p>La <strong>p\u00e9rgola 120&#215;120<\/strong> hace referencia al uso de un perfil estructural de <strong>120&#215;120 mm<\/strong> en los postes principales. Esta secci\u00f3n cuadrada se emplea cuando se necesita una estructura de mayor capacidad portante y estabilidad.<\/p>\n<p>Es una soluci\u00f3n habitual en p\u00e9rgolas de grandes dimensiones o en instalaciones donde la exposici\u00f3n al viento y la carga de cubierta requieren un refuerzo adicional.<\/p>\n<h2><span class=\"ez-toc-section\" id=\"que-aporta-un-perfil-120%c3%97120\"><\/span>Qu\u00e9 aporta un perfil 120&#215;120<span class=\"ez-toc-section-end\"><\/span><\/h2>\n<p>El perfil <strong>120&#215;120<\/strong> proporciona una rigidez estructural superior frente a secciones m\u00e1s peque\u00f1as. Entre sus principales ventajas destacan:<\/p>\n<ul>\n<li>Mayor resistencia a flexi\u00f3n y torsi\u00f3n.<\/li>\n<li>Capacidad para cubrir superficies amplias con seguridad.<\/li>\n<li>Soporte adecuado para sistemas de lona pesada o cubiertas t\u00e9cnicas.<\/li>\n<li>Preparaci\u00f3n para integrar cerramientos laterales o accesorios.<\/li>\n<\/ul>\n<p>Esta medida se utiliza normalmente en postes principales, combin\u00e1ndose con vigas dimensionadas seg\u00fan el proyecto.<\/p>\n<h2><span class=\"ez-toc-section\" id=\"aplicaciones-habituales\"><\/span>Aplicaciones habituales<span class=\"ez-toc-section-end\"><\/span><\/h2>\n<p>Una <strong>p\u00e9rgola con estructura 120&#215;120<\/strong> es adecuada para:<\/p>\n<ul>\n<li>Terrazas de gran tama\u00f1o.<\/li>\n<li>\u00c1ticos abiertos y zonas expuestas.<\/li>\n<li>Espacios de hosteler\u00eda.<\/li>\n<li>Jardines con zona de comedor exterior.<\/li>\n<\/ul>\n<p>El dimensionado final siempre depender\u00e1 del ancho, fondo y tipo de cubierta instalada.<\/p>\n<h2><span class=\"ez-toc-section\" id=\"materiales-y-acabados\"><\/span>Materiales y acabados<span class=\"ez-toc-section-end\"><\/span><\/h2>\n<p>El perfil 120&#215;120 suele fabricarse en <strong>aluminio estructural lacado<\/strong> o <strong>acero tratado para exterior<\/strong>. Estos materiales garantizan resistencia frente a la intemperie y un mantenimiento reducido.<\/p>\n<p>El acabado puede adaptarse a la est\u00e9tica de la vivienda o negocio, buscando una integraci\u00f3n equilibrada pese a la mayor secci\u00f3n estructural.<\/p>\n<h2><span class=\"ez-toc-section\" id=\"compatibilidad-con-toldos-pergola-y-cubiertas\"><\/span>Compatibilidad con toldos p\u00e9rgola y cubiertas<span class=\"ez-toc-section-end\"><\/span><\/h2>\n<p>Gracias a su mayor capacidad estructural, el perfil 120&#215;120 es compatible con <strong>toldos p\u00e9rgola m\u00f3viles<\/strong>, sistemas de lona impermeable o cubiertas t\u00e9cnicas m\u00e1s pesadas. Permite integrar iluminaci\u00f3n, cerramientos y otros elementos sin comprometer la estabilidad.<\/p>\n<h2><span class=\"ez-toc-section\" id=\"instalacion-en-madrid-valdemoro-y-alrededores\"><\/span>Instalaci\u00f3n en Madrid, Valdemoro y alrededores<span class=\"ez-toc-section-end\"><\/span><\/h2>\n<p>Antes de optar por una <strong>p\u00e9rgola 120&#215;120<\/strong>, es recomendable valorar superficie total, exposici\u00f3n al viento y tipo de anclaje. Un estudio previo asegura que la secci\u00f3n elegida sea la adecuada para el proyecto.<\/p>\n<p>Realizamos instalaci\u00f3n en Madrid, Valdemoro y municipios cercanos, ajustando cada estructura a las condiciones reales del espacio.<\/p>\n<h2><span class=\"ez-toc-section\" id=\"preguntas-frecuentes-sobre-pergolas-120%c3%97120\"><\/span>Preguntas frecuentes sobre p\u00e9rgolas 120&#215;120<span class=\"ez-toc-section-end\"><\/span><\/h2>\n<h3><span class=\"ez-toc-section\" id=\"%c2%bf120%c3%97120-es-el-tamano-completo-de-la-pergola\"><\/span>\u00bf120&#215;120 es el tama\u00f1o completo de la p\u00e9rgola?<span class=\"ez-toc-section-end\"><\/span><\/h3>\n<p>No. Hace referencia al perfil de los postes estructurales.<\/p>\n<h3><span class=\"ez-toc-section\" id=\"%c2%bfes-mas-resistente-que-100%c3%97100\"><\/span>\u00bfEs m\u00e1s resistente que 100&#215;100?<span class=\"ez-toc-section-end\"><\/span><\/h3>\n<p>S\u00ed. Ofrece mayor secci\u00f3n y capacidad portante, pensada para proyectos de mayor dimensi\u00f3n.<\/p>\n<h3><span class=\"ez-toc-section\" id=\"%c2%bfsiempre-es-necesario-este-perfil\"><\/span>\u00bfSiempre es necesario este perfil?<span class=\"ez-toc-section-end\"><\/span><\/h3>\n<p>No. En estructuras peque\u00f1as puede ser suficiente una secci\u00f3n inferior. La elecci\u00f3n depende del c\u00e1lculo y las condiciones del espacio.<\/p>\n<p>[\/et_pb_text][\/et_pb_column][\/et_pb_row][\/et_pb_section]<\/p>\n","protected":false},"excerpt":{"rendered":"<p>P\u00c9RGOLA 120 x 120&nbsp; La Estructura de P\u00e9rgola 120 x 120 Con Palilleria y Toldo plegable es una P\u00e9rgola que permite coberturas con lineas ilimitadas el mas vers\u00e1til y Robusto por su simple funcionamiento y resistencia frente a los agentes atmosf\u00e9ricos de toda la gama de sistemas de protecci\u00f3n solar exterior. Se caracteriza por su [&hellip;]<\/p>\n","protected":false},"author":3,"featured_media":0,"parent":0,"menu_order":0,"comment_status":"closed","ping_status":"closed","template":"","meta":{"_et_pb_use_builder":"on","_et_pb_old_content":"","_et_gb_content_width":"","_joinchat":[],"footnotes":""},"class_list":["post-3431","page","type-page","status-publish","hentry"],"_links":{"self":[{"href":"https:\/\/toldosaraque.com\/madrid\/wp-json\/wp\/v2\/pages\/3431","targetHints":{"allow":["GET"]}}],"collection":[{"href":"https:\/\/toldosaraque.com\/madrid\/wp-json\/wp\/v2\/pages"}],"about":[{"href":"https:\/\/toldosaraque.com\/madrid\/wp-json\/wp\/v2\/types\/page"}],"author":[{"embeddable":true,"href":"https:\/\/toldosaraque.com\/madrid\/wp-json\/wp\/v2\/users\/3"}],"replies":[{"embeddable":true,"href":"https:\/\/toldosaraque.com\/madrid\/wp-json\/wp\/v2\/comments?post=3431"}],"version-history":[{"count":2,"href":"https:\/\/toldosaraque.com\/madrid\/wp-json\/wp\/v2\/pages\/3431\/revisions"}],"predecessor-version":[{"id":7771,"href":"https:\/\/toldosaraque.com\/madrid\/wp-json\/wp\/v2\/pages\/3431\/revisions\/7771"}],"wp:attachment":[{"href":"https:\/\/toldosaraque.com\/madrid\/wp-json\/wp\/v2\/media?parent=3431"}],"curies":[{"name":"wp","href":"https:\/\/api.w.org\/{rel}","templated":true}]}}