{"id":3432,"date":"2016-03-03T12:38:29","date_gmt":"2016-03-03T11:38:29","guid":{"rendered":"https:\/\/toldosaraque.com\/madrid\/?page_id=3432"},"modified":"2026-03-01T11:45:07","modified_gmt":"2026-03-01T10:45:07","slug":"pergo-rain","status":"publish","type":"page","link":"https:\/\/toldosaraque.com\/madrid\/pergo-rain\/","title":{"rendered":"PERGO-RAIN"},"content":{"rendered":"<p>[et_pb_section fb_built=\u00bb1&#8243; admin_label=\u00bbsection\u00bb _builder_version=\u00bb4.16&#8243; global_colors_info=\u00bb{}\u00bb][et_pb_row column_structure=\u00bb1_2,1_2&#8243; admin_label=\u00bbrow\u00bb _builder_version=\u00bb4.16&#8243; background_size=\u00bbinitial\u00bb background_position=\u00bbtop_left\u00bb background_repeat=\u00bbrepeat\u00bb global_colors_info=\u00bb{}\u00bb][et_pb_column type=\u00bb1_2&#8243; _builder_version=\u00bb4.16&#8243; custom_padding=\u00bb|||\u00bb global_colors_info=\u00bb{}\u00bb custom_padding__hover=\u00bb|||\u00bb][et_pb_text _builder_version=\u00bb4.19.5&#8243; background_size=\u00bbinitial\u00bb background_position=\u00bbtop_left\u00bb background_repeat=\u00bbrepeat\u00bb custom_margin=\u00bb||0px|\u00bb custom_padding=\u00bb||0px|\u00bb use_border_color=\u00bboff\u00bb border_color=\u00bb#ffffff\u00bb border_style=\u00bbsolid\u00bb global_colors_info=\u00bb{}\u00bb]<\/p><div id=\"ez-toc-container\" class=\"ez-toc-v2_0_81 ez-toc-wrap-center counter-hierarchy ez-toc-counter ez-toc-grey ez-toc-container-direction\">\n<p class=\"ez-toc-title\" style=\"cursor:inherit\">Resumen:<\/p>\n<label for=\"ez-toc-cssicon-toggle-item-69dfccfb181e8\" class=\"ez-toc-cssicon-toggle-label\"><span class=\"ez-toc-cssicon\"><span class=\"eztoc-hide\" style=\"display:none;\">Toggle<\/span><span class=\"ez-toc-icon-toggle-span\"><svg style=\"fill: #999;color:#999\" xmlns=\"http:\/\/www.w3.org\/2000\/svg\" class=\"list-377408\" width=\"20px\" height=\"20px\" viewBox=\"0 0 24 24\" fill=\"none\"><path d=\"M6 6H4v2h2V6zm14 0H8v2h12V6zM4 11h2v2H4v-2zm16 0H8v2h12v-2zM4 16h2v2H4v-2zm16 0H8v2h12v-2z\" fill=\"currentColor\"><\/path><\/svg><svg style=\"fill: #999;color:#999\" class=\"arrow-unsorted-368013\" xmlns=\"http:\/\/www.w3.org\/2000\/svg\" width=\"10px\" height=\"10px\" viewBox=\"0 0 24 24\" version=\"1.2\" baseProfile=\"tiny\"><path d=\"M18.2 9.3l-6.2-6.3-6.2 6.3c-.2.2-.3.4-.3.7s.1.5.3.7c.2.2.4.3.7.3h11c.3 0 .5-.1.7-.3.2-.2.3-.5.3-.7s-.1-.5-.3-.7zM5.8 14.7l6.2 6.3 6.2-6.3c.2-.2.3-.5.3-.7s-.1-.5-.3-.7c-.2-.2-.4-.3-.7-.3h-11c-.3 0-.5.1-.7.3-.2.2-.3.5-.3.7s.1.5.3.7z\"\/><\/svg><\/span><\/span><\/label><input type=\"checkbox\"  id=\"ez-toc-cssicon-toggle-item-69dfccfb181e8\" checked aria-label=\"Alternar\" \/><nav><ul class='ez-toc-list ez-toc-list-level-1 ' ><li class='ez-toc-page-1 ez-toc-heading-level-1'><a class=\"ez-toc-link ez-toc-heading-1\" href=\"https:\/\/toldosaraque.com\/madrid\/pergo-rain\/#pergo-rain\" >PERGO-RAIN<\/a><ul class='ez-toc-list-level-4' ><li class='ez-toc-heading-level-4'><ul class='ez-toc-list-level-4' ><li class='ez-toc-heading-level-4'><ul class='ez-toc-list-level-4' ><li class='ez-toc-heading-level-4'><a class=\"ez-toc-link ez-toc-heading-2\" href=\"https:\/\/toldosaraque.com\/madrid\/pergo-rain\/#galeria-de-imagenes\" >GALER\u00cdA DE IM\u00c1GENES<\/a><\/li><li class='ez-toc-page-1 ez-toc-heading-level-4'><a class=\"ez-toc-link ez-toc-heading-3\" href=\"https:\/\/toldosaraque.com\/madrid\/pergo-rain\/#videos\" >VIDEOS<\/a><\/li><li class='ez-toc-page-1 ez-toc-heading-level-4'><a class=\"ez-toc-link ez-toc-heading-4\" href=\"https:\/\/toldosaraque.com\/madrid\/pergo-rain\/#catalogo-pergo-rain\" >CAT\u00c1LOGO PERGO-RAIN<\/a><\/li><\/ul><\/li><\/ul><\/li><li class='ez-toc-page-1 ez-toc-heading-level-2'><a class=\"ez-toc-link ez-toc-heading-5\" href=\"https:\/\/toldosaraque.com\/madrid\/pergo-rain\/#toldo-pergo-rain-como-funciona\" >Toldo Pergo Rain c\u00f3mo funciona<\/a><\/li><li class='ez-toc-page-1 ez-toc-heading-level-2'><a class=\"ez-toc-link ez-toc-heading-6\" href=\"https:\/\/toldosaraque.com\/madrid\/pergo-rain\/#estructura-y-resistencia\" >Estructura y resistencia<\/a><\/li><li class='ez-toc-page-1 ez-toc-heading-level-2'><a class=\"ez-toc-link ez-toc-heading-7\" href=\"https:\/\/toldosaraque.com\/madrid\/pergo-rain\/#integracion-estetica\" >Integraci\u00f3n est\u00e9tica<\/a><\/li><li class='ez-toc-page-1 ez-toc-heading-level-2'><a class=\"ez-toc-link ez-toc-heading-8\" href=\"https:\/\/toldosaraque.com\/madrid\/pergo-rain\/#uso-durante-todo-el-ano\" >Uso durante todo el a\u00f1o<\/a><\/li><li class='ez-toc-page-1 ez-toc-heading-level-2'><a class=\"ez-toc-link ez-toc-heading-9\" href=\"https:\/\/toldosaraque.com\/madrid\/pergo-rain\/#instalacion-en-madrid-valdemoro-y-alrededores\" >Instalaci\u00f3n en Madrid, Valdemoro y alrededores<\/a><\/li><li class='ez-toc-page-1 ez-toc-heading-level-2'><a class=\"ez-toc-link ez-toc-heading-10\" href=\"https:\/\/toldosaraque.com\/madrid\/pergo-rain\/#preguntas-frecuentes-sobre-pergo-rain\" >Preguntas frecuentes sobre PERGO-RAIN<\/a><ul class='ez-toc-list-level-3' ><li class='ez-toc-heading-level-3'><a class=\"ez-toc-link ez-toc-heading-11\" href=\"https:\/\/toldosaraque.com\/madrid\/pergo-rain\/#%c2%bfes-completamente-impermeable\" >\u00bfEs completamente impermeable?<\/a><\/li><li class='ez-toc-page-1 ez-toc-heading-level-3'><a class=\"ez-toc-link ez-toc-heading-12\" href=\"https:\/\/toldosaraque.com\/madrid\/pergo-rain\/#%c2%bfsirve-solo-para-lluvia-o-tambien-para-sol\" >\u00bfSirve solo para lluvia o tambi\u00e9n para sol?<\/a><\/li><li class='ez-toc-page-1 ez-toc-heading-level-3'><a class=\"ez-toc-link ez-toc-heading-13\" href=\"https:\/\/toldosaraque.com\/madrid\/pergo-rain\/#%c2%bfnecesita-mucho-mantenimiento\" >\u00bfNecesita mucho mantenimiento?<\/a><\/li><li class='ez-toc-page-1 ez-toc-heading-level-3'><a class=\"ez-toc-link ez-toc-heading-14\" href=\"https:\/\/toldosaraque.com\/madrid\/pergo-rain\/#%c2%bfes-adecuado-para-terrazas-grandes\" >\u00bfEs adecuado para terrazas grandes?<\/a><\/li><\/ul><\/li><\/ul><\/li><\/ul><\/nav><\/div>\n\n<h1 style=\"text-align: center;\"><span class=\"ez-toc-section\" id=\"pergo-rain\"><\/span><strong>PERGO-RAIN<\/strong><span class=\"ez-toc-section-end\"><\/span><\/h1>\n<p>[\/et_pb_text][et_pb_divider color=\u00bb#2c99fc\u00bb _builder_version=\u00bb4.16&#8243; hide_on_mobile=\u00bboff\u00bb global_colors_info=\u00bb{}\u00bb]&nbsp;<br \/>\n[\/et_pb_divider][et_pb_text _builder_version=\u00bb4.16&#8243; background_size=\u00bbinitial\u00bb background_position=\u00bbtop_left\u00bb background_repeat=\u00bbrepeat\u00bb use_border_color=\u00bboff\u00bb border_color=\u00bb#ffffff\u00bb border_style=\u00bbsolid\u00bb global_colors_info=\u00bb{}\u00bb]<\/p>\n<p style=\"text-align: justify;\">El Sistema PERGO-RAIN est\u00e1 especialmente indicado para la hosteler\u00eda, permitiendo sacarle partido a la terraza durante todo el a\u00f1o.<\/p>\n<p style=\"text-align: justify;\">El nuevo sistema de toldo plano (p\u00e9rgola) especialmente dise\u00f1ado para la protecci\u00f3n contra la lluvia, que consigue adaptarse a todas las condiciones clim\u00e1ticas, haci\u00e9ndolo imprescindible durante todo el a\u00f1o, gracias a sus inmejorables caracter\u00edsticas.<\/p>\n<p style=\"text-align: justify;\">Medidas m\u00e1ximas del sistema PergoRain: l\u00ednea 12 m. y salida 6,5 m. PERGO-RAIN se fabrica con perfiles y piezas de aluminio lacados mediante procesos que garantizan perfectamente la protecci\u00f3n contra la corrosi\u00f3n ambiental.<\/p>\n<p style=\"text-align: justify;\">Para la lona se utiliza un tejido de PVC opaco e ign\u00edfugo, el cual se confecciona de tal manera que toda la evacuaci\u00f3n del agua recogida en el toldo caiga en el canal\u00f3n y posteriormente por el interior de los perfiles soporte, sin riesgo de evacuar agua por los laterales de la p\u00e9rgola.<\/p>\n<p style=\"text-align: justify;\">Adem\u00e1s de su resistencia a la lluvia y el viento, proporciona una gran protecci\u00f3n solar, consiguiendo climatizar una estancia, en condiciones clim\u00e1ticas desfavorables, en cualquier \u00e9poca del a\u00f1o.<\/p>\n<p style=\"text-align: justify;\">El atractivo dise\u00f1o del sistema PERGO-RAIN permite a\u00f1adir accesorios, tales como: Tiras de led en la paliller\u00eda, que posibilitan una mejor luminosidad por la noche o en espacios cerrados, radiadores de calefacci\u00f3n y cerrar los laterales con toldos cortavientos<\/p>\n<p style=\"text-align: justify;\">La solidez y versatilidad de la estructura posibilitan la instalaci\u00f3n de aparatos climatizadores en su interior que, teniendo debidamente cerrados los laterales, consiguen una adecuada climatizaci\u00f3n del espacio para un mejor aprovechamiento de la terraza, tanto en invierno como en verano.<\/p>\n<p style=\"text-align: justify;\">PERGO-RAIN se suministra \u00fanicamente motorizada, siendo las medidas<\/p>\n<p style=\"text-align: justify;\">La estructura est\u00e1 disponible en la gama de los colores de la carta RAL.<\/p>\n<p>[\/et_pb_text][\/et_pb_column][et_pb_column type=\u00bb1_2&#8243; _builder_version=\u00bb4.16&#8243; custom_padding=\u00bb|||\u00bb global_colors_info=\u00bb{}\u00bb custom_padding__hover=\u00bb|||\u00bb][et_pb_image src=\u00bbhttps:\/\/toldosaraque.com\/madrid\/wp-content\/uploads\/2016\/03\/Pergola-Bat-Gennius-5.jpg\u00bb align_tablet=\u00bbcenter\u00bb align_phone=\u00bb\u00bb align_last_edited=\u00bbon|desktop\u00bb _builder_version=\u00bb4.16&#8243; animation_style=\u00bbslide\u00bb animation_direction=\u00bbleft\u00bb animation_duration=\u00bb500ms\u00bb animation_intensity_slide=\u00bb10%\u00bb border_color_all=\u00bb#ffffff\u00bb border_style_all=\u00bbsolid\u00bb use_border_color=\u00bboff\u00bb border_color=\u00bb#ffffff\u00bb border_style=\u00bbsolid\u00bb animation=\u00bbleft\u00bb sticky=\u00bboff\u00bb always_center_on_mobile=\u00bbon\u00bb global_colors_info=\u00bb{}\u00bb]&nbsp;<br \/>\n[\/et_pb_image][et_pb_text _builder_version=\u00bb4.16&#8243; background_size=\u00bbinitial\u00bb background_position=\u00bbtop_left\u00bb background_repeat=\u00bbrepeat\u00bb custom_margin=\u00bb||0px|\u00bb use_border_color=\u00bboff\u00bb border_color=\u00bb#ffffff\u00bb border_style=\u00bbsolid\u00bb global_colors_info=\u00bb{}\u00bb]<\/p>\n<h4 style=\"text-align: justify;\"><span class=\"ez-toc-section\" id=\"galeria-de-imagenes\"><\/span>GALER\u00cdA DE IM\u00c1GENES<span class=\"ez-toc-section-end\"><\/span><\/h4>\n<p>[\/et_pb_text][et_pb_divider color=\u00bb#2c99fc\u00bb _builder_version=\u00bb4.16&#8243; hide_on_mobile=\u00bboff\u00bb global_colors_info=\u00bb{}\u00bb]&nbsp;<br \/>\n[\/et_pb_divider][et_pb_gallery gallery_ids=\u00bb4845,4541,4847,4537,4846,4540,4538,4844,4539,3449,3448,3447,3445,3444,3446&#8243; show_title_and_caption=\u00bboff\u00bb zoom_icon_color=\u00bb#2ea3f2&#8243; _builder_version=\u00bb4.16&#8243; pagination_font_size_tablet=\u00bb51&#8243; pagination_line_height_tablet=\u00bb2&#8243; use_border_color=\u00bboff\u00bb global_colors_info=\u00bb{}\u00bb]&nbsp;<br \/>\n[\/et_pb_gallery][\/et_pb_column][\/et_pb_row][et_pb_row column_structure=\u00bb1_2,1_2&#8243; _builder_version=\u00bb4.16&#8243; global_colors_info=\u00bb{}\u00bb][et_pb_column type=\u00bb1_2&#8243; _builder_version=\u00bb4.16&#8243; global_colors_info=\u00bb{}\u00bb][et_pb_text _builder_version=\u00bb4.16&#8243; background_size=\u00bbinitial\u00bb background_position=\u00bbtop_left\u00bb background_repeat=\u00bbrepeat\u00bb custom_margin=\u00bb||0px|\u00bb use_border_color=\u00bboff\u00bb global_colors_info=\u00bb{}\u00bb]<\/p>\n<h4 style=\"text-align: justify;\"><span class=\"ez-toc-section\" id=\"videos\"><\/span>VIDEOS<span class=\"ez-toc-section-end\"><\/span><\/h4>\n<p>[\/et_pb_text][et_pb_divider color=\u00bb#2c99fc\u00bb _builder_version=\u00bb4.16&#8243; hide_on_mobile=\u00bboff\u00bb global_colors_info=\u00bb{}\u00bb]&nbsp;<br \/>\n[\/et_pb_divider][et_pb_video src=\u00bbhttps:\/\/www.youtube.com\/watch?v=v27NoorILhY\u00bb _builder_version=\u00bb4.16&#8243; global_colors_info=\u00bb{}\u00bb][\/et_pb_video][\/et_pb_column][et_pb_column type=\u00bb1_2&#8243; _builder_version=\u00bb4.16&#8243; global_colors_info=\u00bb{}\u00bb][et_pb_text _builder_version=\u00bb4.16&#8243; background_size=\u00bbinitial\u00bb background_position=\u00bbtop_left\u00bb background_repeat=\u00bbrepeat\u00bb custom_margin=\u00bb||0px|\u00bb use_border_color=\u00bboff\u00bb border_color=\u00bb#ffffff\u00bb border_style=\u00bbsolid\u00bb global_colors_info=\u00bb{}\u00bb]<\/p>\n<h4 style=\"text-align: justify;\"><span class=\"ez-toc-section\" id=\"catalogo-pergo-rain\"><\/span>CAT\u00c1LOGO PERGO-RAIN<span class=\"ez-toc-section-end\"><\/span><\/h4>\n<p>[\/et_pb_text][et_pb_divider color=\u00bb#2c99fc\u00bb _builder_version=\u00bb4.16&#8243; hide_on_mobile=\u00bboff\u00bb global_colors_info=\u00bb{}\u00bb]&nbsp;<br \/>\n[\/et_pb_divider][et_pb_button button_url=\u00bbhttps:\/\/toldosaraque.com\/madrid\/wp-content\/uploads\/2016\/03\/CATALOGO-PERGORAIN.pdf\u00bb url_new_window=\u00bbon\u00bb button_text=\u00bbVer Ficha T\u00e9cnica en PDF\u00bb button_alignment=\u00bbleft\u00bb _builder_version=\u00bb4.16&#8243; custom_button=\u00bbon\u00bb button_text_color=\u00bb#000000&#8243; button_bg_color=\u00bb#ffdd0e\u00bb button_border_color=\u00bb#ffdd0e\u00bb button_icon=\u00bb&#x69;||divi||400&#8243; button_letter_spacing_hover=\u00bb0&#8243; global_colors_info=\u00bb{}\u00bb button_text_size__hover_enabled=\u00bboff\u00bb button_one_text_size__hover_enabled=\u00bboff\u00bb button_two_text_size__hover_enabled=\u00bboff\u00bb button_text_color__hover_enabled=\u00bboff\u00bb button_one_text_color__hover_enabled=\u00bboff\u00bb button_two_text_color__hover_enabled=\u00bboff\u00bb button_border_width__hover_enabled=\u00bboff\u00bb button_one_border_width__hover_enabled=\u00bboff\u00bb button_two_border_width__hover_enabled=\u00bboff\u00bb button_border_color__hover_enabled=\u00bboff\u00bb button_one_border_color__hover_enabled=\u00bboff\u00bb button_two_border_color__hover_enabled=\u00bboff\u00bb button_border_radius__hover_enabled=\u00bboff\u00bb button_one_border_radius__hover_enabled=\u00bboff\u00bb button_two_border_radius__hover_enabled=\u00bboff\u00bb button_letter_spacing__hover_enabled=\u00bbon\u00bb button_letter_spacing__hover=\u00bb0&#8243; button_one_letter_spacing__hover_enabled=\u00bboff\u00bb button_two_letter_spacing__hover_enabled=\u00bboff\u00bb button_bg_color__hover_enabled=\u00bboff\u00bb button_one_bg_color__hover_enabled=\u00bboff\u00bb button_two_bg_color__hover_enabled=\u00bboff\u00bb]&nbsp;<br \/>\n[\/et_pb_button][\/et_pb_column][\/et_pb_row][et_pb_row _builder_version=\u00bb4.24.2&#8243; _module_preset=\u00bbdefault\u00bb global_colors_info=\u00bb{}\u00bb][et_pb_column type=\u00bb4_4&#8243; _builder_version=\u00bb4.24.2&#8243; _module_preset=\u00bbdefault\u00bb global_colors_info=\u00bb{}\u00bb][et_pb_text _builder_version=\u00bb4.27.4&#8243; _module_preset=\u00bbdefault\u00bb global_colors_info=\u00bb{}\u00bb]<\/p>\n<p>M\u00c1S INFORMACI\u00d3N<\/p>\n<p>[\/et_pb_text][et_pb_divider _builder_version=\u00bb4.24.2&#8243; _module_preset=\u00bbdefault\u00bb global_colors_info=\u00bb{}\u00bb][\/et_pb_divider][et_pb_toggle title=\u00bbPERGO-RAIN: p\u00e9rgola preparada para la lluvia\u00bb _builder_version=\u00bb4.27.4&#8243; _module_preset=\u00bbdefault\u00bb hover_enabled=\u00bb0&#8243; sticky_enabled=\u00bb0&#8243;]<\/p>\n<p>El <strong>PERGO-RAIN<\/strong> es un sistema de <strong>toldo p\u00e9rgola impermeable<\/strong> pensado para quienes quieren utilizar su terraza o jard\u00edn incluso cuando el tiempo no acompa\u00f1a. No se trata solo de dar sombra, sino de ofrecer una protecci\u00f3n real frente a la lluvia.<\/p>\n<p>Su dise\u00f1o est\u00e1 orientado a evacuar el agua de forma controlada, evitando bolsas y filtraciones. De esta manera, el espacio cubierto se mantiene seco y funcional sin necesidad de cerramientos permanentes.<\/p>\n<h2><span class=\"ez-toc-section\" id=\"toldo-pergo-rain-como-funciona\"><\/span>Toldo Pergo Rain: c\u00f3mo funciona<span class=\"ez-toc-section-end\"><\/span><\/h2>\n<p>El sistema combina una estructura resistente con una <strong>lona t\u00e9cnica de PVC opaco e ign\u00edfugo<\/strong>, preparada para soportar lluvia continua. La inclinaci\u00f3n y el tensado del tejido permiten que el agua se deslice hacia los puntos de evacuaci\u00f3n, manteniendo la superficie estable.<\/p>\n<p>Esto convierte al <strong>toldo Pergo Rain<\/strong> en una soluci\u00f3n adecuada para:<\/p>\n<ul>\n<li>Terrazas de viviendas.<\/li>\n<li>\u00c1ticos expuestos.<\/li>\n<li>Jardines con zona de comedor exterior.<\/li>\n<li>Terrazas de hosteler\u00eda.<\/li>\n<\/ul>\n<h2><span class=\"ez-toc-section\" id=\"estructura-y-resistencia\"><\/span>Estructura y resistencia<span class=\"ez-toc-section-end\"><\/span><\/h2>\n<p>La estructura del sistema est\u00e1 pensada para ofrecer estabilidad sin recargar visualmente el espacio. Los materiales utilizados permiten una buena resistencia al viento moderado y al uso continuado en exterior.<\/p>\n<p>A diferencia de otros sistemas m\u00e1s ligeros, aqu\u00ed el objetivo es crear una zona cubierta estable, capaz de soportar lluvia sin que el usuario tenga que recoger el toldo ante la primera nube.<\/p>\n<h2><span class=\"ez-toc-section\" id=\"integracion-estetica\"><\/span>Integraci\u00f3n est\u00e9tica<span class=\"ez-toc-section-end\"><\/span><\/h2>\n<p>Una <strong>p\u00e9rgola PERGO-RAIN<\/strong> no solo debe funcionar bien, tambi\u00e9n debe encajar con la fachada o el entorno. Por eso se puede adaptar en acabados y colores, buscando una integraci\u00f3n natural con la vivienda o el negocio.<\/p>\n<p>El resultado es una zona cubierta que no parece un a\u00f1adido improvisado, sino una ampliaci\u00f3n coherente del espacio exterior.<\/p>\n<h2><span class=\"ez-toc-section\" id=\"uso-durante-todo-el-ano\"><\/span>Uso durante todo el a\u00f1o<span class=\"ez-toc-section-end\"><\/span><\/h2>\n<p>El principal valor del sistema es ampliar el tiempo de uso de la terraza o el jard\u00edn. Cuando se instala correctamente, permite seguir utilizando la zona exterior en d\u00edas de lluvia ligera o inestabilidad, protegiendo mobiliario y creando un entorno m\u00e1s recogido.<\/p>\n<p>Adem\u00e1s, se pueden incorporar elementos complementarios como iluminaci\u00f3n o cerramientos laterales, aumentando la versatilidad del conjunto.<\/p>\n<h2><span class=\"ez-toc-section\" id=\"instalacion-en-madrid-valdemoro-y-alrededores\"><\/span>Instalaci\u00f3n en Madrid, Valdemoro y alrededores<span class=\"ez-toc-section-end\"><\/span><\/h2>\n<p>La instalaci\u00f3n de un <strong>PERGO-RAIN<\/strong> requiere estudiar bien medidas, pendientes y puntos de anclaje. Un montaje adecuado garantiza la correcta evacuaci\u00f3n del agua y la estabilidad del sistema.<\/p>\n<p>Trabajamos en Madrid, Valdemoro y municipios cercanos, adaptando cada proyecto a las condiciones reales del espacio y al uso previsto.<\/p>\n<h2><span class=\"ez-toc-section\" id=\"preguntas-frecuentes-sobre-pergo-rain\"><\/span>Preguntas frecuentes sobre PERGO-RAIN<span class=\"ez-toc-section-end\"><\/span><\/h2>\n<h3><span class=\"ez-toc-section\" id=\"%c2%bfes-completamente-impermeable\"><\/span>\u00bfEs completamente impermeable?<span class=\"ez-toc-section-end\"><\/span><\/h3>\n<p>Est\u00e1 dise\u00f1ado para soportar lluvia continua gracias a su lona t\u00e9cnica y sistema de evacuaci\u00f3n de agua.<\/p>\n<h3><span class=\"ez-toc-section\" id=\"%c2%bfsirve-solo-para-lluvia-o-tambien-para-sol\"><\/span>\u00bfSirve solo para lluvia o tambi\u00e9n para sol?<span class=\"ez-toc-section-end\"><\/span><\/h3>\n<p>Protege tanto frente a la lluvia como frente a la radiaci\u00f3n solar directa.<\/p>\n<h3><span class=\"ez-toc-section\" id=\"%c2%bfnecesita-mucho-mantenimiento\"><\/span>\u00bfNecesita mucho mantenimiento?<span class=\"ez-toc-section-end\"><\/span><\/h3>\n<p>Requiere limpieza peri\u00f3dica del tejido y revisi\u00f3n de tensiones y anclajes para asegurar su buen funcionamiento.<\/p>\n<h3><span class=\"ez-toc-section\" id=\"%c2%bfes-adecuado-para-terrazas-grandes\"><\/span>\u00bfEs adecuado para terrazas grandes?<span class=\"ez-toc-section-end\"><\/span><\/h3>\n<p>S\u00ed, es una soluci\u00f3n pensada para cubrir superficies amplias donde un toldo convencional puede quedarse corto.<\/p>\n<p>[\/et_pb_toggle][\/et_pb_column][\/et_pb_row][\/et_pb_section]<\/p>\n","protected":false},"excerpt":{"rendered":"<p>PERGO-RAIN&nbsp; El Sistema PERGO-RAIN est\u00e1 especialmente indicado para la hosteler\u00eda, permitiendo sacarle partido a la terraza durante todo el a\u00f1o. El nuevo sistema de toldo plano (p\u00e9rgola) especialmente dise\u00f1ado para la protecci\u00f3n contra la lluvia, que consigue adaptarse a todas las condiciones clim\u00e1ticas, haci\u00e9ndolo imprescindible durante todo el a\u00f1o, gracias a sus inmejorables caracter\u00edsticas. Medidas [&hellip;]<\/p>\n","protected":false},"author":3,"featured_media":2874,"parent":0,"menu_order":0,"comment_status":"closed","ping_status":"closed","template":"","meta":{"_et_pb_use_builder":"on","_et_pb_old_content":"","_et_gb_content_width":"","_joinchat":[],"footnotes":""},"class_list":["post-3432","page","type-page","status-publish","has-post-thumbnail","hentry"],"_links":{"self":[{"href":"https:\/\/toldosaraque.com\/madrid\/wp-json\/wp\/v2\/pages\/3432","targetHints":{"allow":["GET"]}}],"collection":[{"href":"https:\/\/toldosaraque.com\/madrid\/wp-json\/wp\/v2\/pages"}],"about":[{"href":"https:\/\/toldosaraque.com\/madrid\/wp-json\/wp\/v2\/types\/page"}],"author":[{"embeddable":true,"href":"https:\/\/toldosaraque.com\/madrid\/wp-json\/wp\/v2\/users\/3"}],"replies":[{"embeddable":true,"href":"https:\/\/toldosaraque.com\/madrid\/wp-json\/wp\/v2\/comments?post=3432"}],"version-history":[{"count":2,"href":"https:\/\/toldosaraque.com\/madrid\/wp-json\/wp\/v2\/pages\/3432\/revisions"}],"predecessor-version":[{"id":7765,"href":"https:\/\/toldosaraque.com\/madrid\/wp-json\/wp\/v2\/pages\/3432\/revisions\/7765"}],"wp:featuredmedia":[{"embeddable":true,"href":"https:\/\/toldosaraque.com\/madrid\/wp-json\/wp\/v2\/media\/2874"}],"wp:attachment":[{"href":"https:\/\/toldosaraque.com\/madrid\/wp-json\/wp\/v2\/media?parent=3432"}],"curies":[{"name":"wp","href":"https:\/\/api.w.org\/{rel}","templated":true}]}}