{"id":4949,"date":"2018-04-13T23:20:29","date_gmt":"2018-04-13T22:20:29","guid":{"rendered":"https:\/\/toldosaraque.com\/madrid\/?page_id=4949"},"modified":"2026-02-05T23:20:47","modified_gmt":"2026-02-05T22:20:47","slug":"financiacion-2","status":"publish","type":"page","link":"https:\/\/toldosaraque.com\/madrid\/financiacion-2\/","title":{"rendered":"FINANCIACION &#8211; Toldos econ\u00f3micos"},"content":{"rendered":"<p>[et_pb_section fb_built=\u00bb1&#8243; _builder_version=\u00bb4.16&#8243; global_colors_info=\u00bb{}\u00bb][et_pb_row _builder_version=\u00bb4.16&#8243; background_size=\u00bbinitial\u00bb background_position=\u00bbtop_left\u00bb background_repeat=\u00bbrepeat\u00bb global_colors_info=\u00bb{}\u00bb][et_pb_column type=\u00bb4_4&#8243; _builder_version=\u00bb4.16&#8243; custom_padding=\u00bb|||\u00bb global_colors_info=\u00bb{}\u00bb custom_padding__hover=\u00bb|||\u00bb][et_pb_text _builder_version=\u00bb4.27.4&#8243; header_font=\u00bb|700|||||||\u00bb global_colors_info=\u00bb{}\u00bb]<\/p><div id=\"ez-toc-container\" class=\"ez-toc-v2_0_81 ez-toc-wrap-center counter-hierarchy ez-toc-counter ez-toc-grey ez-toc-container-direction\">\n<p class=\"ez-toc-title\" style=\"cursor:inherit\">Resumen:<\/p>\n<label for=\"ez-toc-cssicon-toggle-item-69ede6fc52593\" class=\"ez-toc-cssicon-toggle-label\"><span class=\"ez-toc-cssicon\"><span class=\"eztoc-hide\" style=\"display:none;\">Toggle<\/span><span class=\"ez-toc-icon-toggle-span\"><svg style=\"fill: #999;color:#999\" xmlns=\"http:\/\/www.w3.org\/2000\/svg\" class=\"list-377408\" width=\"20px\" height=\"20px\" viewBox=\"0 0 24 24\" fill=\"none\"><path d=\"M6 6H4v2h2V6zm14 0H8v2h12V6zM4 11h2v2H4v-2zm16 0H8v2h12v-2zM4 16h2v2H4v-2zm16 0H8v2h12v-2z\" fill=\"currentColor\"><\/path><\/svg><svg style=\"fill: #999;color:#999\" class=\"arrow-unsorted-368013\" xmlns=\"http:\/\/www.w3.org\/2000\/svg\" width=\"10px\" height=\"10px\" viewBox=\"0 0 24 24\" version=\"1.2\" baseProfile=\"tiny\"><path d=\"M18.2 9.3l-6.2-6.3-6.2 6.3c-.2.2-.3.4-.3.7s.1.5.3.7c.2.2.4.3.7.3h11c.3 0 .5-.1.7-.3.2-.2.3-.5.3-.7s-.1-.5-.3-.7zM5.8 14.7l6.2 6.3 6.2-6.3c.2-.2.3-.5.3-.7s-.1-.5-.3-.7c-.2-.2-.4-.3-.7-.3h-11c-.3 0-.5.1-.7.3-.2.2-.3.5-.3.7s.1.5.3.7z\"\/><\/svg><\/span><\/span><\/label><input type=\"checkbox\"  id=\"ez-toc-cssicon-toggle-item-69ede6fc52593\" checked aria-label=\"Alternar\" \/><nav><ul class='ez-toc-list ez-toc-list-level-1 ' ><li class='ez-toc-page-1 ez-toc-heading-level-1'><a class=\"ez-toc-link ez-toc-heading-1\" href=\"https:\/\/toldosaraque.com\/madrid\/financiacion-2\/#financiacion\" >FINANCIACI\u00d3N<\/a><ul class='ez-toc-list-level-4' ><li class='ez-toc-heading-level-4'><ul class='ez-toc-list-level-4' ><li class='ez-toc-heading-level-4'><ul class='ez-toc-list-level-4' ><li class='ez-toc-heading-level-4'><a class=\"ez-toc-link ez-toc-heading-2\" href=\"https:\/\/toldosaraque.com\/madrid\/financiacion-2\/#condiciones-y-ejemplos\" >CONDICIONES Y EJEMPLOS<\/a><\/li><\/ul><\/li><\/ul><\/li><\/ul><\/li><li class='ez-toc-page-1 ez-toc-heading-level-1'><a class=\"ez-toc-link ez-toc-heading-3\" href=\"https:\/\/toldosaraque.com\/madrid\/financiacion-2\/#financiacion-3-meses\" >Financiaci\u00f3n 3 meses<\/a><\/li><li class='ez-toc-page-1 ez-toc-heading-level-1'><a class=\"ez-toc-link ez-toc-heading-4\" href=\"https:\/\/toldosaraque.com\/madrid\/financiacion-2\/#financiacion-6-meses\" >Financiaci\u00f3n 6 meses<\/a><\/li><li class='ez-toc-page-1 ez-toc-heading-level-1'><a class=\"ez-toc-link ez-toc-heading-5\" href=\"https:\/\/toldosaraque.com\/madrid\/financiacion-2\/#financiacion-12-meses\" >Financiaci\u00f3n 12 meses<\/a><\/li><li class='ez-toc-page-1 ez-toc-heading-level-1'><a class=\"ez-toc-link ez-toc-heading-6\" href=\"https:\/\/toldosaraque.com\/madrid\/financiacion-2\/#financiacion-18-meses\" >Financiaci\u00f3n 18 meses<\/a><\/li><li class='ez-toc-page-1 ez-toc-heading-level-1'><a class=\"ez-toc-link ez-toc-heading-7\" href=\"https:\/\/toldosaraque.com\/madrid\/financiacion-2\/#financiacion-24-meses\" >Financiaci\u00f3n 24 meses<\/a><\/li><li class='ez-toc-page-1 ez-toc-heading-level-1'><a class=\"ez-toc-link ez-toc-heading-8\" href=\"https:\/\/toldosaraque.com\/madrid\/financiacion-2\/#financiacion-36-meses\" >Financiaci\u00f3n 36 meses<\/a><ul class='ez-toc-list-level-4' ><li class='ez-toc-heading-level-4'><ul class='ez-toc-list-level-4' ><li class='ez-toc-heading-level-4'><ul class='ez-toc-list-level-4' ><li class='ez-toc-heading-level-4'><a class=\"ez-toc-link ez-toc-heading-9\" href=\"https:\/\/toldosaraque.com\/madrid\/financiacion-2\/#documentacion-necesaria\" >DOCUMENTACI\u00d3N NECESARIA<\/a><\/li><li class='ez-toc-page-1 ez-toc-heading-level-4'><a class=\"ez-toc-link ez-toc-heading-10\" href=\"https:\/\/toldosaraque.com\/madrid\/financiacion-2\/#pdf-informativo\" >PDF INFORMATIVO<\/a><\/li><\/ul><\/li><\/ul><\/li><\/ul><\/li><\/ul><\/nav><\/div>\n\n<h1 style=\"text-align: left;\"><span class=\"ez-toc-section\" id=\"financiacion\"><\/span>FINANCIACI\u00d3N<span class=\"ez-toc-section-end\"><\/span><\/h1>\n<p style=\"text-align: left;\">Ya no hay excusas para la adquisici\u00f3n de los toldos de su vivienda, puede financiar sus toldos o p\u00e9rgolas en 3, 6, 12, 18, 24 o 36 meses sin intereses.<\/p>\n<p>Trabajamos con la financiera Caixa Consumer Finance, ellos se encargaran de aprobar la financiaci\u00f3n.<\/p>\n<p>Toldos Araque se encarga de toda la tramitaci\u00f3n, el cliente no tiene que preocuparse de nada.<\/p>\n<p>Si eres cliente de otra entidad, no necesitas abrir ninguna cuenta en La Caixa.<\/p>\n<p>Importe m\u00ednimo para financiar 600 \u20ac y m\u00e1ximo 10.000 \u20ac.<\/p>\n<p>&nbsp;<\/p>\n<p>[\/et_pb_text][\/et_pb_column][\/et_pb_row][et_pb_row column_structure=\u00bb1_2,1_2&#8243; _builder_version=\u00bb4.16&#8243; background_size=\u00bbinitial\u00bb background_position=\u00bbtop_left\u00bb background_repeat=\u00bbrepeat\u00bb global_colors_info=\u00bb{}\u00bb][et_pb_column type=\u00bb1_2&#8243; _builder_version=\u00bb4.16&#8243; custom_padding=\u00bb|||\u00bb global_colors_info=\u00bb{}\u00bb custom_padding__hover=\u00bb|||\u00bb][et_pb_image src=\u00bbhttps:\/\/toldosaraque.com\/madrid\/wp-content\/uploads\/2016\/02\/toldos-araque-madrid-valdemoro.png\u00bb align_tablet=\u00bbcenter\u00bb align_phone=\u00bb\u00bb align_last_edited=\u00bbon|desktop\u00bb _builder_version=\u00bb4.16&#8243; always_center_on_mobile=\u00bbon\u00bb global_colors_info=\u00bb{}\u00bb][\/et_pb_image][\/et_pb_column][et_pb_column type=\u00bb1_2&#8243; _builder_version=\u00bb4.16&#8243; custom_padding=\u00bb|||\u00bb global_colors_info=\u00bb{}\u00bb custom_padding__hover=\u00bb|||\u00bb][et_pb_image src=\u00bbhttps:\/\/toldosaraque.com\/madrid\/wp-content\/uploads\/2018\/04\/LACAIXA.jpg\u00bb align_tablet=\u00bbcenter\u00bb align_phone=\u00bb\u00bb align_last_edited=\u00bbon|desktop\u00bb _builder_version=\u00bb4.16&#8243; always_center_on_mobile=\u00bbon\u00bb global_colors_info=\u00bb{}\u00bb][\/et_pb_image][\/et_pb_column][\/et_pb_row][et_pb_row _builder_version=\u00bb4.16&#8243; background_size=\u00bbinitial\u00bb background_position=\u00bbtop_left\u00bb background_repeat=\u00bbrepeat\u00bb global_colors_info=\u00bb{}\u00bb][et_pb_column type=\u00bb4_4&#8243; _builder_version=\u00bb4.16&#8243; custom_padding=\u00bb|||\u00bb global_colors_info=\u00bb{}\u00bb custom_padding__hover=\u00bb|||\u00bb][et_pb_text _builder_version=\u00bb4.16&#8243; background_size=\u00bbinitial\u00bb background_position=\u00bbtop_left\u00bb background_repeat=\u00bbrepeat\u00bb custom_margin=\u00bb||0px|\u00bb use_border_color=\u00bboff\u00bb global_colors_info=\u00bb{}\u00bb]<\/p>\n<h4><span class=\"ez-toc-section\" id=\"condiciones-y-ejemplos\"><\/span>CONDICIONES Y EJEMPLOS<span class=\"ez-toc-section-end\"><\/span><\/h4>\n<p>[\/et_pb_text][et_pb_divider color=\u00bb#2c99fc\u00bb _builder_version=\u00bb4.16&#8243; hide_on_mobile=\u00bboff\u00bb global_colors_info=\u00bb{}\u00bb]&nbsp;<br \/>\n[\/et_pb_divider][et_pb_text _builder_version=\u00bb4.27.4&#8243; global_colors_info=\u00bb{}\u00bb]<\/p>\n<p>&nbsp;<\/p>\n<h1><span class=\"ez-toc-section\" id=\"financiacion-3-meses\"><\/span>Financiaci\u00f3n 3 meses:<span class=\"ez-toc-section-end\"><\/span><\/h1>\n<p>Comisi\u00f3n de apertura: 2%<\/p>\n<p><u>Ejemplo para financiaci\u00f3n de 1000 \u20ac:<\/u><\/p>\n<p>1000 \u20ac + 2% (comisi\u00f3n de apertura) = 1020 \u20ac a pagar en 3 cuotas de 340 \u20ac.<\/p>\n<h1><span class=\"ez-toc-section\" id=\"financiacion-6-meses\"><\/span>Financiaci\u00f3n 6 meses:<span class=\"ez-toc-section-end\"><\/span><\/h1>\n<p>Comisi\u00f3n de apertura: 3,50%<\/p>\n<p><u>Ejemplo para financiaci\u00f3n de 1000 \u20ac:<\/u><\/p>\n<p>1000 \u20ac + 3,50% (comisi\u00f3n de apertura) = 1035 \u20ac a pagar en 6 cuotas de 173,50 \u20ac.<\/p>\n<h1><span class=\"ez-toc-section\" id=\"financiacion-12-meses\"><\/span>Financiaci\u00f3n 12 meses:<span class=\"ez-toc-section-end\"><\/span><\/h1>\n<p>Comisi\u00f3n de apertura: 4,50%<\/p>\n<p><u>Ejemplo para financiaci\u00f3n de 1000 \u20ac:<\/u><\/p>\n<p>1000 \u20ac + 4,50% (comisi\u00f3n de apertura) = 1045 \u20ac a pagar en 12 cuotas de 87,08 \u20ac.<\/p>\n<h1><span class=\"ez-toc-section\" id=\"financiacion-18-meses\"><\/span>Financiaci\u00f3n 18 meses:<span class=\"ez-toc-section-end\"><\/span><\/h1>\n<p>Comisi\u00f3n de apertura: 6,50%<\/p>\n<p><u>Ejemplo para financiaci\u00f3n de 1000 \u20ac:<\/u><\/p>\n<p>1000 \u20ac + 6,50% (comisi\u00f3n de apertura) = 1065 \u20ac a pagar en 18 cuotas de 59,16 \u20ac.<\/p>\n<h1><span class=\"ez-toc-section\" id=\"financiacion-24-meses\"><\/span>Financiaci\u00f3n 24 meses:<span class=\"ez-toc-section-end\"><\/span><\/h1>\n<p>Comisi\u00f3n de apertura: 8,50%<\/p>\n<p><u>Ejemplo para financiaci\u00f3n de 1000 \u20ac:<\/u><\/p>\n<p>1000 \u20ac + 8,50% (comisi\u00f3n de apertura) = 1085 \u20ac a pagar en 24 cuotas de 45,21 \u20ac.<\/p>\n<h1><span class=\"ez-toc-section\" id=\"financiacion-36-meses\"><\/span>Financiaci\u00f3n 36 meses:<span class=\"ez-toc-section-end\"><\/span><\/h1>\n<p>Comisi\u00f3n de apertura: 11%<\/p>\n<p><u>Ejemplo para financiaci\u00f3n de 1000 \u20ac:<\/u><\/p>\n<p>1000 \u20ac + 11% (comisi\u00f3n de apertura) = 1110 \u20ac a pagar en 36 cuotas de 30,83 \u20ac.<\/p>\n<p>[\/et_pb_text][\/et_pb_column][\/et_pb_row][et_pb_row _builder_version=\u00bb4.16&#8243; background_size=\u00bbinitial\u00bb background_position=\u00bbtop_left\u00bb background_repeat=\u00bbrepeat\u00bb global_colors_info=\u00bb{}\u00bb][et_pb_column type=\u00bb4_4&#8243; _builder_version=\u00bb4.16&#8243; custom_padding=\u00bb|||\u00bb global_colors_info=\u00bb{}\u00bb custom_padding__hover=\u00bb|||\u00bb][et_pb_text _builder_version=\u00bb4.16&#8243; background_size=\u00bbinitial\u00bb background_position=\u00bbtop_left\u00bb background_repeat=\u00bbrepeat\u00bb custom_margin=\u00bb||0px|\u00bb use_border_color=\u00bboff\u00bb global_colors_info=\u00bb{}\u00bb]<\/p>\n<h4><span class=\"ez-toc-section\" id=\"documentacion-necesaria\"><\/span>DOCUMENTACI\u00d3N NECESARIA<span class=\"ez-toc-section-end\"><\/span><\/h4>\n<p>[\/et_pb_text][et_pb_divider color=\u00bb#2c99fc\u00bb _builder_version=\u00bb4.16&#8243; hide_on_mobile=\u00bboff\u00bb global_colors_info=\u00bb{}\u00bb]&nbsp;<br \/>\n[\/et_pb_divider][et_pb_text _builder_version=\u00bb4.16&#8243; background_size=\u00bbinitial\u00bb background_position=\u00bbtop_left\u00bb background_repeat=\u00bbrepeat\u00bb custom_margin=\u00bb||0px|\u00bb use_border_color=\u00bboff\u00bb global_colors_info=\u00bb{}\u00bb]Documentaci\u00f3n necesaria para la pre-autorizaci\u00f3n para clientes de CaixaBank, DNI y n\u00ba de cuenta o tarjeta de cr\u00e9dito o d\u00e9bito. Documentaci\u00f3n necesaria para clientes de otras entidades, DNI, recibo domiciliado o cartilla del banco, justificante de ingresos (ultima nomina para asalariados, declaraci\u00f3n trimestral de la renta modelo 130\/131 o \u00faltima declaraci\u00f3n del IRPF modelo 100 para aut\u00f3nomos y hoja de revalorizaci\u00f3n de la pensi\u00f3n para pensionistas).<br \/>\n[\/et_pb_text][\/et_pb_column][\/et_pb_row][et_pb_row _builder_version=\u00bb4.16&#8243; background_size=\u00bbinitial\u00bb background_position=\u00bbtop_left\u00bb background_repeat=\u00bbrepeat\u00bb global_colors_info=\u00bb{}\u00bb][et_pb_column type=\u00bb4_4&#8243; _builder_version=\u00bb4.16&#8243; custom_padding=\u00bb|||\u00bb global_colors_info=\u00bb{}\u00bb custom_padding__hover=\u00bb|||\u00bb][et_pb_text _builder_version=\u00bb4.16&#8243; background_size=\u00bbinitial\u00bb background_position=\u00bbtop_left\u00bb background_repeat=\u00bbrepeat\u00bb custom_margin=\u00bb||0px|\u00bb use_border_color=\u00bboff\u00bb global_colors_info=\u00bb{}\u00bb]<\/p>\n<h4><span class=\"ez-toc-section\" id=\"pdf-informativo\"><\/span>PDF INFORMATIVO<span class=\"ez-toc-section-end\"><\/span><\/h4>\n<p>[\/et_pb_text][et_pb_divider color=\u00bb#2c99fc\u00bb _builder_version=\u00bb4.16&#8243; hide_on_mobile=\u00bboff\u00bb global_colors_info=\u00bb{}\u00bb]&nbsp;<br \/>\n[\/et_pb_divider][et_pb_button button_url=\u00bbhttps:\/\/toldosaraque.com\/madrid\/wp-content\/uploads\/2026\/02\/FINANCIACION.pdf\u00bb button_text=\u00bbPDF INFORMATIVO\u00bb _builder_version=\u00bb4.27.4&#8243; custom_button=\u00bbon\u00bb button_text_color=\u00bb#0c71c3&#8243; global_colors_info=\u00bb{}\u00bb button_text_size__hover_enabled=\u00bboff\u00bb button_one_text_size__hover_enabled=\u00bboff\u00bb button_two_text_size__hover_enabled=\u00bboff\u00bb button_text_color__hover_enabled=\u00bboff\u00bb button_one_text_color__hover_enabled=\u00bboff\u00bb button_two_text_color__hover_enabled=\u00bboff\u00bb button_border_width__hover_enabled=\u00bboff\u00bb button_one_border_width__hover_enabled=\u00bboff\u00bb button_two_border_width__hover_enabled=\u00bboff\u00bb button_border_color__hover_enabled=\u00bboff\u00bb button_one_border_color__hover_enabled=\u00bboff\u00bb button_two_border_color__hover_enabled=\u00bboff\u00bb button_border_radius__hover_enabled=\u00bboff\u00bb button_one_border_radius__hover_enabled=\u00bboff\u00bb button_two_border_radius__hover_enabled=\u00bboff\u00bb button_letter_spacing__hover_enabled=\u00bboff\u00bb button_one_letter_spacing__hover_enabled=\u00bboff\u00bb button_two_letter_spacing__hover_enabled=\u00bboff\u00bb button_bg_color__hover_enabled=\u00bboff\u00bb button_one_bg_color__hover_enabled=\u00bboff\u00bb button_two_bg_color__hover_enabled=\u00bboff\u00bb][\/et_pb_button][\/et_pb_column][\/et_pb_row][\/et_pb_section]<\/p>\n","protected":false},"excerpt":{"rendered":"<p>FINANCIACI\u00d3N Ya no hay excusas para la adquisici\u00f3n de los toldos de su vivienda, puede financiar sus toldos o p\u00e9rgolas en 3, 6, 12, 18, 24 o 36 meses sin intereses. Trabajamos con la financiera Caixa Consumer Finance, ellos se encargaran de aprobar la financiaci\u00f3n. Toldos Araque se encarga de toda la tramitaci\u00f3n, el cliente [&hellip;]<\/p>\n","protected":false},"author":3,"featured_media":6299,"parent":0,"menu_order":0,"comment_status":"closed","ping_status":"closed","template":"","meta":{"_et_pb_use_builder":"on","_et_pb_old_content":"<p style=\"text-align: center;\"><strong>FINANCIACI\u00d3N<\/strong><\/p><p style=\"text-align: left;\">Ya no hay excusas para la adquisici\u00f3n de los toldos de su vivienda, puede financiar sus toldos o pergolas en 3, 6, 10 o 20 meses sin intereses.<\/p><p>Trabajamos con la financiera Caixa Consumer Finance, ellos se encargaran de aprobar la financiaci\u00f3n.<\/p><p>Toldos Araque se encarga de toda la tramitaci\u00f3n, el cliente no tiene que preocuparse de nada.<\/p><p>Si eres cliente de otra entidad, no necesitas abrir ninguna cuenta en La Caixa.<\/p><p><a href=\"https:\/\/toldosaraque.com\/madrid\/wp-content\/uploads\/2016\/02\/toldos-araque-madrid-valdemoro.png\"><img class=\"size-medium wp-image-2874\" src=\"https:\/\/toldosaraque.com\/madrid\/wp-content\/uploads\/2016\/02\/toldos-araque-madrid-valdemoro-300x59.png\" alt=\"\" width=\"300\" height=\"59\" \/><\/a><\/p>","_et_gb_content_width":"","_joinchat":[],"footnotes":""},"class_list":["post-4949","page","type-page","status-publish","has-post-thumbnail","hentry"],"_links":{"self":[{"href":"https:\/\/toldosaraque.com\/madrid\/wp-json\/wp\/v2\/pages\/4949","targetHints":{"allow":["GET"]}}],"collection":[{"href":"https:\/\/toldosaraque.com\/madrid\/wp-json\/wp\/v2\/pages"}],"about":[{"href":"https:\/\/toldosaraque.com\/madrid\/wp-json\/wp\/v2\/types\/page"}],"author":[{"embeddable":true,"href":"https:\/\/toldosaraque.com\/madrid\/wp-json\/wp\/v2\/users\/3"}],"replies":[{"embeddable":true,"href":"https:\/\/toldosaraque.com\/madrid\/wp-json\/wp\/v2\/comments?post=4949"}],"version-history":[{"count":3,"href":"https:\/\/toldosaraque.com\/madrid\/wp-json\/wp\/v2\/pages\/4949\/revisions"}],"predecessor-version":[{"id":7737,"href":"https:\/\/toldosaraque.com\/madrid\/wp-json\/wp\/v2\/pages\/4949\/revisions\/7737"}],"wp:featuredmedia":[{"embeddable":true,"href":"https:\/\/toldosaraque.com\/madrid\/wp-json\/wp\/v2\/media\/6299"}],"wp:attachment":[{"href":"https:\/\/toldosaraque.com\/madrid\/wp-json\/wp\/v2\/media?parent=4949"}],"curies":[{"name":"wp","href":"https:\/\/api.w.org\/{rel}","templated":true}]}}