{"id":5724,"date":"2020-03-10T03:02:27","date_gmt":"2020-03-10T02:02:27","guid":{"rendered":"https:\/\/toldosaraque.com\/madrid\/?page_id=5724"},"modified":"2026-03-01T10:58:23","modified_gmt":"2026-03-01T09:58:23","slug":"toldo-stor-cofre-madrid","status":"publish","type":"page","link":"https:\/\/toldosaraque.com\/madrid\/toldos\/toldo-stor-cofre-madrid\/","title":{"rendered":"TOLDO STOR COFRE MADRID"},"content":{"rendered":"<p>[et_pb_section fb_built=\u00bb1&#8243; admin_label=\u00bbsection\u00bb _builder_version=\u00bb4.16&#8243; global_colors_info=\u00bb{}\u00bb][et_pb_row column_structure=\u00bb1_2,1_2&#8243; admin_label=\u00bbrow\u00bb _builder_version=\u00bb4.16&#8243; background_size=\u00bbinitial\u00bb background_position=\u00bbtop_left\u00bb background_repeat=\u00bbrepeat\u00bb global_colors_info=\u00bb{}\u00bb][et_pb_column type=\u00bb1_2&#8243; _builder_version=\u00bb4.16&#8243; custom_padding=\u00bb|||\u00bb global_colors_info=\u00bb{}\u00bb custom_padding__hover=\u00bb|||\u00bb][et_pb_text _builder_version=\u00bb4.19.5&#8243; background_size=\u00bbinitial\u00bb background_position=\u00bbtop_left\u00bb background_repeat=\u00bbrepeat\u00bb custom_margin=\u00bb||0px|\u00bb use_border_color=\u00bboff\u00bb border_color=\u00bb#ffffff\u00bb border_style=\u00bbsolid\u00bb global_colors_info=\u00bb{}\u00bb]<\/p><div id=\"ez-toc-container\" class=\"ez-toc-v2_0_81 ez-toc-wrap-center counter-hierarchy ez-toc-counter ez-toc-grey ez-toc-container-direction\">\n<p class=\"ez-toc-title\" style=\"cursor:inherit\">Resumen:<\/p>\n<label for=\"ez-toc-cssicon-toggle-item-69f24c405776f\" class=\"ez-toc-cssicon-toggle-label\"><span class=\"ez-toc-cssicon\"><span class=\"eztoc-hide\" style=\"display:none;\">Toggle<\/span><span class=\"ez-toc-icon-toggle-span\"><svg style=\"fill: #999;color:#999\" xmlns=\"http:\/\/www.w3.org\/2000\/svg\" class=\"list-377408\" width=\"20px\" height=\"20px\" viewBox=\"0 0 24 24\" fill=\"none\"><path d=\"M6 6H4v2h2V6zm14 0H8v2h12V6zM4 11h2v2H4v-2zm16 0H8v2h12v-2zM4 16h2v2H4v-2zm16 0H8v2h12v-2z\" fill=\"currentColor\"><\/path><\/svg><svg style=\"fill: #999;color:#999\" class=\"arrow-unsorted-368013\" xmlns=\"http:\/\/www.w3.org\/2000\/svg\" width=\"10px\" height=\"10px\" viewBox=\"0 0 24 24\" version=\"1.2\" baseProfile=\"tiny\"><path d=\"M18.2 9.3l-6.2-6.3-6.2 6.3c-.2.2-.3.4-.3.7s.1.5.3.7c.2.2.4.3.7.3h11c.3 0 .5-.1.7-.3.2-.2.3-.5.3-.7s-.1-.5-.3-.7zM5.8 14.7l6.2 6.3 6.2-6.3c.2-.2.3-.5.3-.7s-.1-.5-.3-.7c-.2-.2-.4-.3-.7-.3h-11c-.3 0-.5.1-.7.3-.2.2-.3.5-.3.7s.1.5.3.7z\"\/><\/svg><\/span><\/span><\/label><input type=\"checkbox\"  id=\"ez-toc-cssicon-toggle-item-69f24c405776f\" checked aria-label=\"Alternar\" \/><nav><ul class='ez-toc-list ez-toc-list-level-1 ' ><li class='ez-toc-page-1 ez-toc-heading-level-1'><a class=\"ez-toc-link ez-toc-heading-1\" href=\"https:\/\/toldosaraque.com\/madrid\/toldos\/toldo-stor-cofre-madrid\/#toldo-stor-cofre\" >TOLDO STOR COFRE<\/a><ul class='ez-toc-list-level-4' ><li class='ez-toc-heading-level-4'><ul class='ez-toc-list-level-4' ><li class='ez-toc-heading-level-4'><ul class='ez-toc-list-level-4' ><li class='ez-toc-heading-level-4'><a class=\"ez-toc-link ez-toc-heading-2\" href=\"https:\/\/toldosaraque.com\/madrid\/toldos\/toldo-stor-cofre-madrid\/#galeria-de-imagenes\" >GALER\u00cdA DE IM\u00c1GENES<\/a><\/li><li class='ez-toc-page-1 ez-toc-heading-level-4'><a class=\"ez-toc-link ez-toc-heading-3\" href=\"https:\/\/toldosaraque.com\/madrid\/toldos\/toldo-stor-cofre-madrid\/#videos\" >VIDEOS<\/a><\/li><li class='ez-toc-page-1 ez-toc-heading-level-4'><a class=\"ez-toc-link ez-toc-heading-4\" href=\"https:\/\/toldosaraque.com\/madrid\/toldos\/toldo-stor-cofre-madrid\/#catalogo-toldo-stor\" >CAT\u00c1LOGO TOLDO STOR<\/a><\/li><li class='ez-toc-page-1 ez-toc-heading-level-4'><a class=\"ez-toc-link ez-toc-heading-5\" href=\"https:\/\/toldosaraque.com\/madrid\/toldos\/toldo-stor-cofre-madrid\/#mas-informacion\" >M\u00c1S INFORMACI\u00d3N<\/a><\/li><\/ul><\/li><\/ul><\/li><li class='ez-toc-page-1 ez-toc-heading-level-2'><a class=\"ez-toc-link ez-toc-heading-6\" href=\"https:\/\/toldosaraque.com\/madrid\/toldos\/toldo-stor-cofre-madrid\/#como-funciona-un-toldo-stor-con-cofre\" >C\u00f3mo funciona un toldo Stor con cofre<\/a><\/li><li class='ez-toc-page-1 ez-toc-heading-level-2'><a class=\"ez-toc-link ez-toc-heading-7\" href=\"https:\/\/toldosaraque.com\/madrid\/toldos\/toldo-stor-cofre-madrid\/#ventajas-del-toldo-stor-cofre\" >Ventajas del toldo Stor cofre<\/a><\/li><li class='ez-toc-page-1 ez-toc-heading-level-2'><a class=\"ez-toc-link ez-toc-heading-8\" href=\"https:\/\/toldosaraque.com\/madrid\/toldos\/toldo-stor-cofre-madrid\/#instalacion-de-toldos-stor-cofre-en-madrid-valdemoro-y-alrededores\" >Instalaci\u00f3n de toldos Stor cofre en Madrid, Valdemoro y alrededores<\/a><\/li><li class='ez-toc-page-1 ez-toc-heading-level-2'><a class=\"ez-toc-link ez-toc-heading-9\" href=\"https:\/\/toldosaraque.com\/madrid\/toldos\/toldo-stor-cofre-madrid\/#eficiencia-energetica-y-confort-interior\" >Eficiencia energ\u00e9tica y confort interior<\/a><\/li><li class='ez-toc-page-1 ez-toc-heading-level-2'><a class=\"ez-toc-link ez-toc-heading-10\" href=\"https:\/\/toldosaraque.com\/madrid\/toldos\/toldo-stor-cofre-madrid\/#preguntas-frecuentes-sobre-toldos-stor-cofre\" >Preguntas frecuentes sobre toldos Stor cofre<\/a><ul class='ez-toc-list-level-3' ><li class='ez-toc-heading-level-3'><a class=\"ez-toc-link ez-toc-heading-11\" href=\"https:\/\/toldosaraque.com\/madrid\/toldos\/toldo-stor-cofre-madrid\/#%c2%bfque-diferencia-hay-entre-un-stor-normal-y-un-stor-cofre\" >\u00bfQu\u00e9 diferencia hay entre un Stor normal y un Stor cofre?<\/a><\/li><li class='ez-toc-page-1 ez-toc-heading-level-3'><a class=\"ez-toc-link ez-toc-heading-12\" href=\"https:\/\/toldosaraque.com\/madrid\/toldos\/toldo-stor-cofre-madrid\/#%c2%bfes-recomendable-para-balcones-muy-soleados\" >\u00bfEs recomendable para balcones muy soleados?<\/a><\/li><li class='ez-toc-page-1 ez-toc-heading-level-3'><a class=\"ez-toc-link ez-toc-heading-13\" href=\"https:\/\/toldosaraque.com\/madrid\/toldos\/toldo-stor-cofre-madrid\/#%c2%bfse-puede-instalar-en-cualquier-barandilla\" >\u00bfSe puede instalar en cualquier barandilla?<\/a><\/li><li class='ez-toc-page-1 ez-toc-heading-level-3'><a class=\"ez-toc-link ez-toc-heading-14\" href=\"https:\/\/toldosaraque.com\/madrid\/toldos\/toldo-stor-cofre-madrid\/#%c2%bfreduce-realmente-el-calor-interior\" >\u00bfReduce realmente el calor interior?<\/a><\/li><li class='ez-toc-page-1 ez-toc-heading-level-3'><a class=\"ez-toc-link ez-toc-heading-15\" href=\"https:\/\/toldosaraque.com\/madrid\/toldos\/toldo-stor-cofre-madrid\/#%c2%bfnecesita-mucho-mantenimiento\" >\u00bfNecesita mucho mantenimiento?<\/a><\/li><\/ul><\/li><\/ul><\/li><\/ul><\/nav><\/div>\n\n<h1 style=\"text-align: center;\"><span class=\"ez-toc-section\" id=\"toldo-stor-cofre\"><\/span><strong>TOLDO STOR COFRE<\/strong><span class=\"ez-toc-section-end\"><\/span><\/h1>\n<p>[\/et_pb_text][et_pb_divider color=\u00bb#2c99fc\u00bb _builder_version=\u00bb4.16&#8243; hide_on_mobile=\u00bboff\u00bb global_colors_info=\u00bb{}\u00bb]  [\/et_pb_divider][et_pb_text _builder_version=\u00bb4.16&#8243; background_size=\u00bbinitial\u00bb background_position=\u00bbtop_left\u00bb background_repeat=\u00bbrepeat\u00bb use_border_color=\u00bboff\u00bb border_color=\u00bb#ffffff\u00bb border_style=\u00bbsolid\u00bb global_colors_info=\u00bb{}\u00bb]<\/p>\n<p style=\"text-align: justify;\">Ideal para cualquier tipo de balc\u00f3n y barandilla, permite la fijaci\u00f3n a barandilla o pared con 3 posiciones, muy sencillo de accionar, pr\u00e1ctico y econ\u00f3mico.<\/p>\n<p style=\"text-align: justify;\">Consigue un efecto cortina ideal al poder colocarse en posici\u00f3n totalmente vertical.<\/p>\n<p style=\"text-align: justify;\"><u>Caracter\u00edsticas T\u00e9cnicas<\/u><\/p>\n<ul>\n<li>Montaje en cofre, quedando herm\u00e9tico una vez haya sido recogido el toldo.<\/li>\n<li style=\"text-align: justify;\">Confecci\u00f3n a medida.<\/li>\n<li style=\"text-align: justify;\">Recomendado hasta 5,00 metros de l\u00ednea total del toldo por 2,50 metros de ca\u00edda con 2 brazos.<\/li>\n<li style=\"text-align: justify;\">Brazos de aluminio 0,50 cm con sistema de plegado y dos opciones de sujeci\u00f3n.<\/li>\n<li style=\"text-align: justify;\">Posibilidad de instalaci\u00f3n de un tercer brazo.<\/li>\n<li style=\"text-align: justify;\">Montaje con accionamiento manual exterior, interior a derecha o izquierda.<\/li>\n<li style=\"text-align: justify;\">Posibilidad de motorizar con mando v\u00eda radio (no recomendado)<\/li>\n<li style=\"text-align: justify;\">Soportes de brazos realizados en fundici\u00f3n.<\/li>\n<li style=\"text-align: justify;\">Anclaje de los soportes a techo, pared o entre paredes.<\/li>\n<li style=\"text-align: justify;\">Tubo de enrolle en 60\/70\/78mm de di\u00e1metro en acero galvanizado.<\/li>\n<li style=\"text-align: justify;\">Color del aluminio en blanco est\u00e1ndar, pudi\u00e9ndose realizar en cualquier color de la carta de colores Ral.<\/li>\n<li style=\"text-align: justify;\">Tejidos t\u00e9cnicos y acr\u00edlicos.<\/li>\n<li style=\"text-align: justify;\">Instalaci\u00f3n mediante tirafondos o en su lugar inyectando tacos qu\u00edmicos (hormig\u00f3n l\u00edquido).<\/li>\n<\/ul>\n<p>[\/et_pb_text][\/et_pb_column][et_pb_column type=\u00bb1_2&#8243; _builder_version=\u00bb4.16&#8243; custom_padding=\u00bb|||\u00bb global_colors_info=\u00bb{}\u00bb custom_padding__hover=\u00bb|||\u00bb][et_pb_image src=\u00bbhttps:\/\/toldosaraque.com\/madrid\/wp-content\/uploads\/2018\/02\/Toldos-Cofre-Portada-Ral-7006-Pinto-Madrid-4-.jpg\u00bb align_tablet=\u00bbcenter\u00bb align_phone=\u00bb\u00bb align_last_edited=\u00bbon|desktop\u00bb _builder_version=\u00bb4.16&#8243; animation_style=\u00bbslide\u00bb animation_direction=\u00bbleft\u00bb animation_duration=\u00bb500ms\u00bb animation_intensity_slide=\u00bb10%\u00bb use_border_color=\u00bboff\u00bb border_color=\u00bb#ffffff\u00bb border_style=\u00bbsolid\u00bb animation=\u00bbleft\u00bb sticky=\u00bboff\u00bb always_center_on_mobile=\u00bbon\u00bb global_colors_info=\u00bb{}\u00bb]  [\/et_pb_image][et_pb_text _builder_version=\u00bb4.16&#8243; background_size=\u00bbinitial\u00bb background_position=\u00bbtop_left\u00bb background_repeat=\u00bbrepeat\u00bb custom_margin=\u00bb||0px|\u00bb use_border_color=\u00bboff\u00bb border_color=\u00bb#ffffff\u00bb border_style=\u00bbsolid\u00bb global_colors_info=\u00bb{}\u00bb]<\/p>\n<h4><span class=\"ez-toc-section\" id=\"galeria-de-imagenes\"><\/span>GALER\u00cdA DE IM\u00c1GENES<span class=\"ez-toc-section-end\"><\/span><\/h4>\n<p>[\/et_pb_text][et_pb_divider color=\u00bb#2c99fc\u00bb _builder_version=\u00bb4.16&#8243; hide_on_mobile=\u00bboff\u00bb global_colors_info=\u00bb{}\u00bb]  [\/et_pb_divider][et_pb_gallery gallery_ids=\u00bb4907,4905,4908&#8243; show_title_and_caption=\u00bboff\u00bb zoom_icon_color=\u00bb#2ea3f2&#8243; _builder_version=\u00bb4.16&#8243; pagination_font_size_tablet=\u00bb51&#8243; pagination_line_height_tablet=\u00bb2&#8243; use_border_color=\u00bboff\u00bb global_colors_info=\u00bb{}\u00bb]  [\/et_pb_gallery][\/et_pb_column][\/et_pb_row][et_pb_row _builder_version=\u00bb4.16&#8243; background_size=\u00bbinitial\u00bb background_position=\u00bbtop_left\u00bb background_repeat=\u00bbrepeat\u00bb global_colors_info=\u00bb{}\u00bb][et_pb_column type=\u00bb4_4&#8243; _builder_version=\u00bb4.16&#8243; custom_padding=\u00bb|||\u00bb global_colors_info=\u00bb{}\u00bb custom_padding__hover=\u00bb|||\u00bb][et_pb_text _builder_version=\u00bb4.16&#8243; background_size=\u00bbinitial\u00bb background_position=\u00bbtop_left\u00bb background_repeat=\u00bbrepeat\u00bb custom_margin=\u00bb||0px|\u00bb use_border_color=\u00bboff\u00bb global_colors_info=\u00bb{}\u00bb]<\/p>\n<h4 style=\"text-align: justify;\"><span class=\"ez-toc-section\" id=\"videos\"><\/span>VIDEOS<span class=\"ez-toc-section-end\"><\/span><\/h4>\n<p>[\/et_pb_text][et_pb_divider color=\u00bb#2c99fc\u00bb _builder_version=\u00bb4.16&#8243; hide_on_mobile=\u00bboff\u00bb global_colors_info=\u00bb{}\u00bb]  [\/et_pb_divider][\/et_pb_column][\/et_pb_row][et_pb_row column_structure=\u00bb1_2,1_2&#8243; _builder_version=\u00bb4.16&#8243; background_size=\u00bbinitial\u00bb background_position=\u00bbtop_left\u00bb background_repeat=\u00bbrepeat\u00bb global_colors_info=\u00bb{}\u00bb][et_pb_column type=\u00bb1_2&#8243; _builder_version=\u00bb4.16&#8243; custom_padding=\u00bb|||\u00bb global_colors_info=\u00bb{}\u00bb custom_padding__hover=\u00bb|||\u00bb][et_pb_video src=\u00bbhttps:\/\/www.youtube.com\/watch?v=IfcgkneW83I\u00bb _builder_version=\u00bb4.16&#8243; global_colors_info=\u00bb{}\u00bb][\/et_pb_video][\/et_pb_column][et_pb_column type=\u00bb1_2&#8243; _builder_version=\u00bb4.16&#8243; custom_padding=\u00bb|||\u00bb global_colors_info=\u00bb{}\u00bb custom_padding__hover=\u00bb|||\u00bb][\/et_pb_column][\/et_pb_row][et_pb_row _builder_version=\u00bb4.16&#8243; background_size=\u00bbinitial\u00bb background_position=\u00bbtop_left\u00bb background_repeat=\u00bbrepeat\u00bb global_colors_info=\u00bb{}\u00bb][et_pb_column type=\u00bb4_4&#8243; _builder_version=\u00bb4.16&#8243; custom_padding=\u00bb|||\u00bb global_colors_info=\u00bb{}\u00bb custom_padding__hover=\u00bb|||\u00bb][et_pb_text _builder_version=\u00bb4.16&#8243; background_size=\u00bbinitial\u00bb background_position=\u00bbtop_left\u00bb background_repeat=\u00bbrepeat\u00bb custom_margin=\u00bb||0px|\u00bb use_border_color=\u00bboff\u00bb border_color=\u00bb#ffffff\u00bb border_style=\u00bbsolid\u00bb global_colors_info=\u00bb{}\u00bb]<\/p>\n<h4 style=\"text-align: justify;\"><span class=\"ez-toc-section\" id=\"catalogo-toldo-stor\"><\/span>CAT\u00c1LOGO TOLDO STOR<span class=\"ez-toc-section-end\"><\/span><\/h4>\n<p>[\/et_pb_text][et_pb_divider color=\u00bb#2c99fc\u00bb _builder_version=\u00bb4.16&#8243; hide_on_mobile=\u00bboff\u00bb global_colors_info=\u00bb{}\u00bb]  [\/et_pb_divider][et_pb_button button_url=\u00bbhttps:\/\/toldosaraque.com\/madrid\/wp-content\/uploads\/2020\/03\/FICHA-TECNICA-SOLARIS-COFRE.pdf\u00bb url_new_window=\u00bbon\u00bb button_text=\u00bbVer cat\u00e1logo en PDF\u00bb button_alignment=\u00bbleft\u00bb _builder_version=\u00bb4.16&#8243; custom_button=\u00bbon\u00bb button_text_color=\u00bb#000000&#8243; button_bg_color=\u00bb#ffdd0e\u00bb button_border_color=\u00bb#ffdd0e\u00bb button_icon=\u00bb&#x69;||divi||400&#8243; button_letter_spacing_hover=\u00bb0&#8243; global_colors_info=\u00bb{}\u00bb button_text_size__hover_enabled=\u00bboff\u00bb button_one_text_size__hover_enabled=\u00bboff\u00bb button_two_text_size__hover_enabled=\u00bboff\u00bb button_text_color__hover_enabled=\u00bboff\u00bb button_one_text_color__hover_enabled=\u00bboff\u00bb button_two_text_color__hover_enabled=\u00bboff\u00bb button_border_width__hover_enabled=\u00bboff\u00bb button_one_border_width__hover_enabled=\u00bboff\u00bb button_two_border_width__hover_enabled=\u00bboff\u00bb button_border_color__hover_enabled=\u00bboff\u00bb button_one_border_color__hover_enabled=\u00bboff\u00bb button_two_border_color__hover_enabled=\u00bboff\u00bb button_border_radius__hover_enabled=\u00bboff\u00bb button_one_border_radius__hover_enabled=\u00bboff\u00bb button_two_border_radius__hover_enabled=\u00bboff\u00bb button_letter_spacing__hover_enabled=\u00bbon\u00bb button_letter_spacing__hover=\u00bb0&#8243; button_one_letter_spacing__hover_enabled=\u00bboff\u00bb button_two_letter_spacing__hover_enabled=\u00bboff\u00bb button_bg_color__hover_enabled=\u00bboff\u00bb button_one_bg_color__hover_enabled=\u00bboff\u00bb button_two_bg_color__hover_enabled=\u00bboff\u00bb]  [\/et_pb_button][\/et_pb_column][\/et_pb_row][et_pb_row _builder_version=\u00bb4.16&#8243; background_size=\u00bbinitial\u00bb background_position=\u00bbtop_left\u00bb background_repeat=\u00bbrepeat\u00bb global_colors_info=\u00bb{}\u00bb][et_pb_column type=\u00bb4_4&#8243; _builder_version=\u00bb4.16&#8243; custom_padding=\u00bb|||\u00bb global_colors_info=\u00bb{}\u00bb custom_padding__hover=\u00bb|||\u00bb][et_pb_text _builder_version=\u00bb4.24.2&#8243; background_size=\u00bbinitial\u00bb background_position=\u00bbtop_left\u00bb background_repeat=\u00bbrepeat\u00bb custom_margin=\u00bb||0px|\u00bb use_border_color=\u00bboff\u00bb border_color=\u00bb#ffffff\u00bb border_style=\u00bbsolid\u00bb global_colors_info=\u00bb{}\u00bb]<\/p>\n<h4 style=\"text-align: justify;\"><span class=\"ez-toc-section\" id=\"mas-informacion\"><\/span>M\u00c1S INFORMACI\u00d3N<span class=\"ez-toc-section-end\"><\/span><\/h4>\n<p>[\/et_pb_text][et_pb_divider color=\u00bb#2c99fc\u00bb _builder_version=\u00bb4.24.2&#8243; hide_on_mobile=\u00bboff\u00bb global_colors_info=\u00bb{}\u00bb]  [\/et_pb_divider][et_pb_toggle title=\u00bbToldo Stor cofre para balcones y terrazas\u00bb _builder_version=\u00bb4.27.4&#8243; _module_preset=\u00bbdefault\u00bb title_level=\u00bbh2&#8243; title_font_size=\u00bb20px\u00bb hover_enabled=\u00bb0&#8243; global_colors_info=\u00bb{}\u00bb sticky_enabled=\u00bb0&#8243;]<\/p>\n<p>El <strong>toldo Stor cofre<\/strong> combina la funcionalidad del cl\u00e1sico sistema Stor con la protecci\u00f3n adicional de un caj\u00f3n superior que resguarda la lona cuando est\u00e1 recogida. Es una soluci\u00f3n especialmente indicada para balcones y terrazas donde se busca sombra regulable, mayor durabilidad y una est\u00e9tica limpia en fachada.<\/p>\n<p>A diferencia del modelo tradicional, el sistema de <strong>cofre<\/strong> protege tanto el tejido como los mecanismos interiores frente al sol continuo, el polvo o la lluvia. Esto prolonga la vida \u00fatil del toldo y reduce el mantenimiento a largo plazo.<\/p>\n<h2><span class=\"ez-toc-section\" id=\"como-funciona-un-toldo-stor-con-cofre\"><\/span>C\u00f3mo funciona un toldo Stor con cofre<span class=\"ez-toc-section-end\"><\/span><\/h2>\n<p>El toldo Stor cofre mantiene el sistema de brazos abatibles fijados a la barandilla, permitiendo dos posiciones de uso:<\/p>\n<ul>\n<li><strong>Posici\u00f3n vertical<\/strong>, funcionando como pantalla frontal de protecci\u00f3n solar y privacidad.<\/li>\n<li><strong>Posici\u00f3n proyectada<\/strong>, creando una inclinaci\u00f3n regulable que permite ajustar la sombra seg\u00fan la orientaci\u00f3n del sol.<\/li>\n<\/ul>\n<p>Al recogerse, la lona queda completamente protegida dentro del cofre de aluminio, evitando el deterioro constante que sufren otros modelos abiertos.<\/p>\n<h2><span class=\"ez-toc-section\" id=\"ventajas-del-toldo-stor-cofre\"><\/span>Ventajas del toldo Stor cofre<span class=\"ez-toc-section-end\"><\/span><\/h2>\n<ul>\n<li>Mayor protecci\u00f3n del tejido frente a la radiaci\u00f3n solar<\/li>\n<li>Durabilidad superior respecto a modelos sin cofre<\/li>\n<li>Ideal para balcones con orientaci\u00f3n sur u oeste<\/li>\n<li>Reducci\u00f3n del calor en el interior de la vivienda<\/li>\n<li>Est\u00e9tica m\u00e1s cuidada y discreta en fachada<\/li>\n<li>Mantenimiento sencillo<\/li>\n<\/ul>\n<p>Este tipo de <strong>toldo Stor con cofre para balc\u00f3n<\/strong> es muy habitual en pisos y apartamentos donde el sol incide varias horas al d\u00eda. Tambi\u00e9n resulta una buena opci\u00f3n en terrazas expuestas, ya que el cofre protege la lona cuando no est\u00e1 en uso.<\/p>\n<p>&nbsp;<\/p>\n<p>&nbsp;<\/p>\n<h2><span class=\"ez-toc-section\" id=\"instalacion-de-toldos-stor-cofre-en-madrid-valdemoro-y-alrededores\"><\/span>Instalaci\u00f3n de toldos Stor cofre en Madrid, Valdemoro y alrededores<span class=\"ez-toc-section-end\"><\/span><\/h2>\n<p>La <strong>instalaci\u00f3n de un toldo Stor cofre<\/strong> debe realizarse teniendo en cuenta la orientaci\u00f3n, la altura del balc\u00f3n y el tipo de barandilla. Un montaje profesional garantiza estabilidad, correcta tensi\u00f3n del tejido y buen funcionamiento del sistema.<\/p>\n<p>Es una soluci\u00f3n cada vez m\u00e1s demandada en Madrid, Valdemoro y municipios cercanos, tanto en viviendas particulares como en peque\u00f1os negocios que buscan protecci\u00f3n solar sin estructuras invasivas.<\/p>\n<p>&nbsp;<\/p>\n<p>&nbsp;<\/p>\n<h2><span class=\"ez-toc-section\" id=\"eficiencia-energetica-y-confort-interior\"><\/span>Eficiencia energ\u00e9tica y confort interior<span class=\"ez-toc-section-end\"><\/span><\/h2>\n<p>Instalar un <strong>toldo Stor cofre<\/strong> no solo aporta sombra exterior. Al bloquear la radiaci\u00f3n antes de que alcance las ventanas, ayuda a mantener una temperatura interior m\u00e1s estable durante el verano. Esto puede reducir la necesidad de aire acondicionado y mejorar el confort diario.<\/p>\n<p>Adem\u00e1s, la variedad de lonas t\u00e9cnicas disponibles permite elegir tejidos con alta protecci\u00f3n UV, resistencia al viento y buena conservaci\u00f3n del color con el paso del tiempo.<\/p>\n<p>&nbsp;<\/p>\n<h2><span class=\"ez-toc-section\" id=\"preguntas-frecuentes-sobre-toldos-stor-cofre\"><\/span>Preguntas frecuentes sobre toldos Stor cofre<span class=\"ez-toc-section-end\"><\/span><\/h2>\n<p>&nbsp;<\/p>\n<h3><span class=\"ez-toc-section\" id=\"%c2%bfque-diferencia-hay-entre-un-stor-normal-y-un-stor-cofre\"><\/span>\u00bfQu\u00e9 diferencia hay entre un Stor normal y un Stor cofre?<span class=\"ez-toc-section-end\"><\/span><\/h3>\n<p>El modelo cofre protege completamente la lona y el mecanismo cuando est\u00e1 cerrado, lo que aumenta su durabilidad.<\/p>\n<h3><span class=\"ez-toc-section\" id=\"%c2%bfes-recomendable-para-balcones-muy-soleados\"><\/span>\u00bfEs recomendable para balcones muy soleados?<span class=\"ez-toc-section-end\"><\/span><\/h3>\n<p>S\u00ed. En orientaciones con fuerte exposici\u00f3n solar el sistema de cofre ayuda a conservar mejor el tejido.<\/p>\n<h3><span class=\"ez-toc-section\" id=\"%c2%bfse-puede-instalar-en-cualquier-barandilla\"><\/span>\u00bfSe puede instalar en cualquier barandilla?<span class=\"ez-toc-section-end\"><\/span><\/h3>\n<p>En la mayor\u00eda de balcones s\u00ed, aunque conviene valorar el tipo de fijaci\u00f3n para asegurar estabilidad.<\/p>\n<h3><span class=\"ez-toc-section\" id=\"%c2%bfreduce-realmente-el-calor-interior\"><\/span>\u00bfReduce realmente el calor interior?<span class=\"ez-toc-section-end\"><\/span><\/h3>\n<p>Al frenar el sol directo antes de que incida sobre el cristal, contribuye a mejorar el confort t\u00e9rmico.<\/p>\n<h3><span class=\"ez-toc-section\" id=\"%c2%bfnecesita-mucho-mantenimiento\"><\/span>\u00bfNecesita mucho mantenimiento?<span class=\"ez-toc-section-end\"><\/span><\/h3>\n<p>No. Gracias al caj\u00f3n protector, la lona se ensucia menos y su desgaste es menor que en modelos abiertos.<\/p>\n<p>[\/et_pb_toggle][\/et_pb_column][\/et_pb_row][\/et_pb_section]<\/p>\n","protected":false},"excerpt":{"rendered":"<p>TOLDO STOR COFRE Ideal para cualquier tipo de balc\u00f3n y barandilla, permite la fijaci\u00f3n a barandilla o pared con 3 posiciones, muy sencillo de accionar, pr\u00e1ctico y econ\u00f3mico. Consigue un efecto cortina ideal al poder colocarse en posici\u00f3n totalmente vertical. Caracter\u00edsticas T\u00e9cnicas Montaje en cofre, quedando herm\u00e9tico una vez haya sido recogido el toldo. Confecci\u00f3n [&hellip;]<\/p>\n","protected":false},"author":3,"featured_media":2874,"parent":213,"menu_order":0,"comment_status":"closed","ping_status":"closed","template":"","meta":{"_et_pb_use_builder":"on","_et_pb_old_content":"","_et_gb_content_width":"","_joinchat":[],"footnotes":""},"class_list":["post-5724","page","type-page","status-publish","has-post-thumbnail","hentry"],"_links":{"self":[{"href":"https:\/\/toldosaraque.com\/madrid\/wp-json\/wp\/v2\/pages\/5724","targetHints":{"allow":["GET"]}}],"collection":[{"href":"https:\/\/toldosaraque.com\/madrid\/wp-json\/wp\/v2\/pages"}],"about":[{"href":"https:\/\/toldosaraque.com\/madrid\/wp-json\/wp\/v2\/types\/page"}],"author":[{"embeddable":true,"href":"https:\/\/toldosaraque.com\/madrid\/wp-json\/wp\/v2\/users\/3"}],"replies":[{"embeddable":true,"href":"https:\/\/toldosaraque.com\/madrid\/wp-json\/wp\/v2\/comments?post=5724"}],"version-history":[{"count":2,"href":"https:\/\/toldosaraque.com\/madrid\/wp-json\/wp\/v2\/pages\/5724\/revisions"}],"predecessor-version":[{"id":7751,"href":"https:\/\/toldosaraque.com\/madrid\/wp-json\/wp\/v2\/pages\/5724\/revisions\/7751"}],"up":[{"embeddable":true,"href":"https:\/\/toldosaraque.com\/madrid\/wp-json\/wp\/v2\/pages\/213"}],"wp:featuredmedia":[{"embeddable":true,"href":"https:\/\/toldosaraque.com\/madrid\/wp-json\/wp\/v2\/media\/2874"}],"wp:attachment":[{"href":"https:\/\/toldosaraque.com\/madrid\/wp-json\/wp\/v2\/media?parent=5724"}],"curies":[{"name":"wp","href":"https:\/\/api.w.org\/{rel}","templated":true}]}}