{"id":5752,"date":"2020-03-17T00:48:29","date_gmt":"2020-03-16T23:48:29","guid":{"rendered":"https:\/\/toldosaraque.com\/madrid\/?page_id=5752"},"modified":"2026-03-01T11:09:45","modified_gmt":"2026-03-01T10:09:45","slug":"toldo-cortavientos-cofre-madrid","status":"publish","type":"page","link":"https:\/\/toldosaraque.com\/madrid\/toldos\/toldo-cortavientos-cofre-madrid\/","title":{"rendered":"TOLDO CORTAVIENTOS COFRE MADRID"},"content":{"rendered":"<p>[et_pb_section fb_built=\u00bb1&#8243; admin_label=\u00bbsection\u00bb _builder_version=\u00bb4.16&#8243; global_colors_info=\u00bb{}\u00bb][et_pb_row column_structure=\u00bb1_2,1_2&#8243; admin_label=\u00bbrow\u00bb _builder_version=\u00bb4.16&#8243; background_size=\u00bbinitial\u00bb background_position=\u00bbtop_left\u00bb background_repeat=\u00bbrepeat\u00bb global_colors_info=\u00bb{}\u00bb][et_pb_column type=\u00bb1_2&#8243; _builder_version=\u00bb4.16&#8243; custom_padding=\u00bb|||\u00bb global_colors_info=\u00bb{}\u00bb custom_padding__hover=\u00bb|||\u00bb][et_pb_text _builder_version=\u00bb4.19.5&#8243; background_size=\u00bbinitial\u00bb background_position=\u00bbtop_left\u00bb background_repeat=\u00bbrepeat\u00bb custom_margin=\u00bb||0px|\u00bb use_border_color=\u00bboff\u00bb border_color=\u00bb#ffffff\u00bb border_style=\u00bbsolid\u00bb global_colors_info=\u00bb{}\u00bb]<\/p><div id=\"ez-toc-container\" class=\"ez-toc-v2_0_81 ez-toc-wrap-center counter-hierarchy ez-toc-counter ez-toc-grey ez-toc-container-direction\">\n<p class=\"ez-toc-title\" style=\"cursor:inherit\">Resumen:<\/p>\n<label for=\"ez-toc-cssicon-toggle-item-69e2f8cf4e700\" class=\"ez-toc-cssicon-toggle-label\"><span class=\"ez-toc-cssicon\"><span class=\"eztoc-hide\" style=\"display:none;\">Toggle<\/span><span class=\"ez-toc-icon-toggle-span\"><svg style=\"fill: #999;color:#999\" xmlns=\"http:\/\/www.w3.org\/2000\/svg\" class=\"list-377408\" width=\"20px\" height=\"20px\" viewBox=\"0 0 24 24\" fill=\"none\"><path d=\"M6 6H4v2h2V6zm14 0H8v2h12V6zM4 11h2v2H4v-2zm16 0H8v2h12v-2zM4 16h2v2H4v-2zm16 0H8v2h12v-2z\" fill=\"currentColor\"><\/path><\/svg><svg style=\"fill: #999;color:#999\" class=\"arrow-unsorted-368013\" xmlns=\"http:\/\/www.w3.org\/2000\/svg\" width=\"10px\" height=\"10px\" viewBox=\"0 0 24 24\" version=\"1.2\" baseProfile=\"tiny\"><path d=\"M18.2 9.3l-6.2-6.3-6.2 6.3c-.2.2-.3.4-.3.7s.1.5.3.7c.2.2.4.3.7.3h11c.3 0 .5-.1.7-.3.2-.2.3-.5.3-.7s-.1-.5-.3-.7zM5.8 14.7l6.2 6.3 6.2-6.3c.2-.2.3-.5.3-.7s-.1-.5-.3-.7c-.2-.2-.4-.3-.7-.3h-11c-.3 0-.5.1-.7.3-.2.2-.3.5-.3.7s.1.5.3.7z\"\/><\/svg><\/span><\/span><\/label><input type=\"checkbox\"  id=\"ez-toc-cssicon-toggle-item-69e2f8cf4e700\" checked aria-label=\"Alternar\" \/><nav><ul class='ez-toc-list ez-toc-list-level-1 ' ><li class='ez-toc-page-1 ez-toc-heading-level-1'><a class=\"ez-toc-link ez-toc-heading-1\" href=\"https:\/\/toldosaraque.com\/madrid\/toldos\/toldo-cortavientos-cofre-madrid\/#toldo-cortavientos-cofre\" >TOLDO CORTAVIENTOS COFRE<\/a><ul class='ez-toc-list-level-4' ><li class='ez-toc-heading-level-4'><ul class='ez-toc-list-level-4' ><li class='ez-toc-heading-level-4'><ul class='ez-toc-list-level-4' ><li class='ez-toc-heading-level-4'><a class=\"ez-toc-link ez-toc-heading-2\" href=\"https:\/\/toldosaraque.com\/madrid\/toldos\/toldo-cortavientos-cofre-madrid\/#galeria-de-imagenes\" >GALER\u00cdA DE IM\u00c1GENES<\/a><\/li><li class='ez-toc-page-1 ez-toc-heading-level-4'><a class=\"ez-toc-link ez-toc-heading-3\" href=\"https:\/\/toldosaraque.com\/madrid\/toldos\/toldo-cortavientos-cofre-madrid\/#videos\" >VIDEOS<\/a><\/li><li class='ez-toc-page-1 ez-toc-heading-level-4'><a class=\"ez-toc-link ez-toc-heading-4\" href=\"https:\/\/toldosaraque.com\/madrid\/toldos\/toldo-cortavientos-cofre-madrid\/#catalogo-toldo-cortavientos\" >CAT\u00c1LOGO TOLDO CORTAVIENTOS<\/a><\/li><\/ul><\/li><\/ul><\/li><li class='ez-toc-page-1 ez-toc-heading-level-2'><a class=\"ez-toc-link ez-toc-heading-5\" href=\"https:\/\/toldosaraque.com\/madrid\/toldos\/toldo-cortavientos-cofre-madrid\/#como-funciona-un-toldo-cortavientos-con-cofre\" >C\u00f3mo funciona un toldo cortavientos con cofre<\/a><\/li><li class='ez-toc-page-1 ez-toc-heading-level-2'><a class=\"ez-toc-link ez-toc-heading-6\" href=\"https:\/\/toldosaraque.com\/madrid\/toldos\/toldo-cortavientos-cofre-madrid\/#ventajas-de-los-toldos-cortavientos-enrollables\" >Ventajas de los toldos cortavientos enrollables<\/a><\/li><li class='ez-toc-page-1 ez-toc-heading-level-2'><a class=\"ez-toc-link ez-toc-heading-7\" href=\"https:\/\/toldosaraque.com\/madrid\/toldos\/toldo-cortavientos-cofre-madrid\/#toldo-cortavientos-enrollable-transparente\" >Toldo cortavientos enrollable transparente<\/a><\/li><li class='ez-toc-page-1 ez-toc-heading-level-2'><a class=\"ez-toc-link ez-toc-heading-8\" href=\"https:\/\/toldosaraque.com\/madrid\/toldos\/toldo-cortavientos-cofre-madrid\/#instalacion-de-toldos-cortavientos-en-madrid-valdemoro-y-alrededores\" >Instalaci\u00f3n de toldos cortavientos en Madrid, Valdemoro y alrededores<\/a><\/li><li class='ez-toc-page-1 ez-toc-heading-level-2'><a class=\"ez-toc-link ez-toc-heading-9\" href=\"https:\/\/toldosaraque.com\/madrid\/toldos\/toldo-cortavientos-cofre-madrid\/#preguntas-frecuentes-sobre-toldos-cortavientos-enrollables\" >Preguntas frecuentes sobre toldos cortavientos enrollables<\/a><ul class='ez-toc-list-level-3' ><li class='ez-toc-heading-level-3'><a class=\"ez-toc-link ez-toc-heading-10\" href=\"https:\/\/toldosaraque.com\/madrid\/toldos\/toldo-cortavientos-cofre-madrid\/#%c2%bfque-diferencia-hay-entre-un-cortavientos-normal-y-uno-con-cofre\" >\u00bfQu\u00e9 diferencia hay entre un cortavientos normal y uno con cofre?<\/a><\/li><li class='ez-toc-page-1 ez-toc-heading-level-3'><a class=\"ez-toc-link ez-toc-heading-11\" href=\"https:\/\/toldosaraque.com\/madrid\/toldos\/toldo-cortavientos-cofre-madrid\/#%c2%bfse-puede-instalar-en-una-pergola\" >\u00bfSe puede instalar en una p\u00e9rgola?<\/a><\/li><li class='ez-toc-page-1 ez-toc-heading-level-3'><a class=\"ez-toc-link ez-toc-heading-12\" href=\"https:\/\/toldosaraque.com\/madrid\/toldos\/toldo-cortavientos-cofre-madrid\/#%c2%bfresiste-rachas-de-viento\" >\u00bfResiste rachas de viento?<\/a><\/li><li class='ez-toc-page-1 ez-toc-heading-level-3'><a class=\"ez-toc-link ez-toc-heading-13\" href=\"https:\/\/toldosaraque.com\/madrid\/toldos\/toldo-cortavientos-cofre-madrid\/#%c2%bfel-cortavientos-transparente-pierde-resistencia\" >\u00bfEl cortavientos transparente pierde resistencia?<\/a><\/li><li class='ez-toc-page-1 ez-toc-heading-level-3'><a class=\"ez-toc-link ez-toc-heading-14\" href=\"https:\/\/toldosaraque.com\/madrid\/toldos\/toldo-cortavientos-cofre-madrid\/#%c2%bfsirve-para-hosteleria\" >\u00bfSirve para hosteler\u00eda?<\/a><\/li><\/ul><\/li><\/ul><\/li><\/ul><\/nav><\/div>\n\n<h1 style=\"text-align: center;\"><span class=\"ez-toc-section\" id=\"toldo-cortavientos-cofre\"><\/span><strong>TOLDO CORTAVIENTOS COFRE<\/strong><span class=\"ez-toc-section-end\"><\/span><\/h1>\n<p>[\/et_pb_text][et_pb_divider color=\u00bb#2c99fc\u00bb _builder_version=\u00bb4.16&#8243; hide_on_mobile=\u00bboff\u00bb global_colors_info=\u00bb{}\u00bb]&nbsp;<br \/>\n[\/et_pb_divider][et_pb_text _builder_version=\u00bb4.16&#8243; background_size=\u00bbinitial\u00bb background_position=\u00bbtop_left\u00bb background_repeat=\u00bbrepeat\u00bb use_border_color=\u00bboff\u00bb border_color=\u00bb#ffffff\u00bb border_style=\u00bbsolid\u00bb global_colors_info=\u00bb{}\u00bb]<\/p>\n<p>Elegante cerramiento vertical que protege del sol y del viento. Incorpora un cofre para la protecci\u00f3n de la lona y sus componentes.<\/p>\n<div class=\"producto-distingue\">\n<div class=\"tit\">Se distingue por:<\/div>\n<div class=\"info\">\n<p>\u2022 Permite cierres perimetrales en sistemas 80\u00d740,100 X 100, 120 X 120 Y Pergo-Rain entre paredes y estructuras ya existentes.<br \/>\u2022 Protege la lona y sus mecanismos de las inclemencias clim\u00e1ticas.<br \/>\u2022 Cuidada est\u00e9tica en todos sus componentes.<\/p>\n<\/div>\n<\/div>\n<p style=\"text-align: justify;\">Toldos enrollables que se instalan en disposici\u00f3n vertical mediante gu\u00edas laterales y que habitualmente viene a complementar a las p\u00e9rgolas.<\/p>\n<p style=\"text-align: justify;\">Este tipo de toldo sirve para cerrar estancias, para aprovechar espacios exteriores sin hacer grandes obras, en definitiva para hacer un cerramiento y con ello apaliar las inclemencias del tiempo.<\/p>\n<p style=\"text-align: justify;\"><u>Caracter\u00edsticas T\u00e9cnicas<\/u><\/p>\n<ul>\n<li style=\"text-align: justify;\">Confecci\u00f3n a medida.<\/li>\n<li style=\"text-align: justify;\">Recomendado hasta 5,00 metros de l\u00ednea total del toldo y 2,50 metros ca\u00edda vertical.<\/li>\n<li style=\"text-align: justify;\">Sistema de accionamiento mediante manivela.<\/li>\n<li style=\"text-align: justify;\">se compone de un perfil gu\u00eda en forma de \u201cU\u201d, un perfil intermedio si fuese necesario y un perfil de carga con cerrojos.<\/li>\n<li style=\"text-align: justify;\">El perfil gu\u00eda lleva un felpudo para evitar el roce entre los perfiles.<\/li>\n<li style=\"text-align: justify;\">tejido acr\u00edlico, pvc y pvc cristal.<\/li>\n<li style=\"text-align: justify;\">Anclaje de los soportes a techo, pared o entre paredes.<\/li>\n<li style=\"text-align: justify;\">Tubo de enrolle en 70\/78mm de di\u00e1metro en acero galvanizado.<\/li>\n<li style=\"text-align: justify;\">Color del aluminio en blanco est\u00e1ndar, pudi\u00e9ndose realizar en cualquier color de la carta de colores Ral.<\/li>\n<li style=\"text-align: justify;\">Instalaci\u00f3n mediante tirafondos o en su lugar inyectando tacos qu\u00edmicos (hormig\u00f3n l\u00edquido).<\/li>\n<\/ul>\n<p>[\/et_pb_text][\/et_pb_column][et_pb_column type=\u00bb1_2&#8243; _builder_version=\u00bb4.16&#8243; custom_padding=\u00bb|||\u00bb global_colors_info=\u00bb{}\u00bb custom_padding__hover=\u00bb|||\u00bb][et_pb_image src=\u00bbhttps:\/\/toldosaraque.com\/madrid\/wp-content\/uploads\/2019\/01\/Toldo-Cortavientos-Cofre-Parla-Madrid-1.jpg\u00bb align_tablet=\u00bbcenter\u00bb align_phone=\u00bb\u00bb align_last_edited=\u00bbon|desktop\u00bb _builder_version=\u00bb4.16&#8243; animation_style=\u00bbslide\u00bb animation_direction=\u00bbleft\u00bb animation_duration=\u00bb500ms\u00bb animation_intensity_slide=\u00bb10%\u00bb use_border_color=\u00bboff\u00bb border_color=\u00bb#ffffff\u00bb border_style=\u00bbsolid\u00bb animation=\u00bbleft\u00bb sticky=\u00bboff\u00bb global_colors_info=\u00bb{}\u00bb]&nbsp;<br \/>\n[\/et_pb_image][et_pb_text _builder_version=\u00bb4.16&#8243; background_size=\u00bbinitial\u00bb background_position=\u00bbtop_left\u00bb background_repeat=\u00bbrepeat\u00bb custom_margin=\u00bb||0px|\u00bb use_border_color=\u00bboff\u00bb border_color=\u00bb#ffffff\u00bb border_style=\u00bbsolid\u00bb global_colors_info=\u00bb{}\u00bb]<\/p>\n<h4><span class=\"ez-toc-section\" id=\"galeria-de-imagenes\"><\/span>GALER\u00cdA DE IM\u00c1GENES<span class=\"ez-toc-section-end\"><\/span><\/h4>\n<p>[\/et_pb_text][et_pb_divider color=\u00bb#2c99fc\u00bb _builder_version=\u00bb4.16&#8243; hide_on_mobile=\u00bboff\u00bb global_colors_info=\u00bb{}\u00bb]&nbsp;<br \/>\n[\/et_pb_divider][et_pb_gallery gallery_ids=\u00bb4993,6232,7523,6301,5082,6627,5028,5773,6302,5182,6291,4681,5770,6288,6573,4994,5027,6233,6630,4682,6572,4979,6292,5777,4177,5807,5808,6287,5809,5806,7544,6286,6629,6293,5160,4677,5811,6628,4614,5778,4178,4615,5810,6285,4179,4675,4180,4071,4611,4069,6298,4070,4067,4068,4685,4680,4683,4684,4679,4678,4676,7582,7581,7580,7571,7559,7555,7554,7551,7546,7547,7548,7549,7550,7545,7542,7527,7528,7526,7522,7521&#8243; show_title_and_caption=\u00bboff\u00bb zoom_icon_color=\u00bb#2ea3f2&#8243; _builder_version=\u00bb4.27.4&#8243; pagination_font_size_tablet=\u00bb51&#8243; pagination_line_height_tablet=\u00bb2&#8243; global_colors_info=\u00bb{}\u00bb][\/et_pb_gallery][\/et_pb_column][\/et_pb_row][et_pb_row _builder_version=\u00bb4.16&#8243; global_colors_info=\u00bb{}\u00bb][et_pb_column type=\u00bb4_4&#8243; _builder_version=\u00bb4.16&#8243; global_colors_info=\u00bb{}\u00bb][et_pb_text _builder_version=\u00bb4.16&#8243; background_size=\u00bbinitial\u00bb background_position=\u00bbtop_left\u00bb background_repeat=\u00bbrepeat\u00bb custom_margin=\u00bb||0px|\u00bb use_border_color=\u00bboff\u00bb border_color=\u00bb#ffffff\u00bb border_style=\u00bbsolid\u00bb locked=\u00bboff\u00bb global_colors_info=\u00bb{}\u00bb]<\/p>\n<h4 style=\"text-align: justify;\"><span class=\"ez-toc-section\" id=\"videos\"><\/span>VIDEOS<span class=\"ez-toc-section-end\"><\/span><\/h4>\n<p>[\/et_pb_text][et_pb_divider color=\u00bb#2c99fc\u00bb _builder_version=\u00bb4.16&#8243; hide_on_mobile=\u00bboff\u00bb locked=\u00bboff\u00bb global_colors_info=\u00bb{}\u00bb]&nbsp;<br \/>\n[\/et_pb_divider][\/et_pb_column][\/et_pb_row][et_pb_row column_structure=\u00bb1_2,1_2&#8243; _builder_version=\u00bb4.16&#8243; background_size=\u00bbinitial\u00bb background_position=\u00bbtop_left\u00bb background_repeat=\u00bbrepeat\u00bb global_colors_info=\u00bb{}\u00bb][et_pb_column type=\u00bb1_2&#8243; _builder_version=\u00bb4.16&#8243; custom_padding=\u00bb|||\u00bb global_colors_info=\u00bb{}\u00bb custom_padding__hover=\u00bb|||\u00bb][et_pb_video src=\u00bbhttps:\/\/www.youtube.com\/watch?v=2lQIB-s-nQA\u00bb _builder_version=\u00bb4.16&#8243; global_colors_info=\u00bb{}\u00bb][\/et_pb_video][et_pb_video src=\u00bbhttps:\/\/www.youtube.com\/watch?v=H_0rsZaAr4I\u00bb _builder_version=\u00bb4.16&#8243; global_colors_info=\u00bb{}\u00bb][\/et_pb_video][\/et_pb_column][et_pb_column type=\u00bb1_2&#8243; _builder_version=\u00bb4.16&#8243; custom_padding=\u00bb|||\u00bb global_colors_info=\u00bb{}\u00bb custom_padding__hover=\u00bb|||\u00bb][et_pb_video src=\u00bbhttps:\/\/www.youtube.com\/watch?v=t0LZbqefviI\u00bb _builder_version=\u00bb4.16&#8243; global_colors_info=\u00bb{}\u00bb][\/et_pb_video][\/et_pb_column][\/et_pb_row][et_pb_row _builder_version=\u00bb4.16&#8243; background_size=\u00bbinitial\u00bb background_position=\u00bbtop_left\u00bb background_repeat=\u00bbrepeat\u00bb global_colors_info=\u00bb{}\u00bb][et_pb_column type=\u00bb4_4&#8243; _builder_version=\u00bb4.16&#8243; custom_padding=\u00bb|||\u00bb global_colors_info=\u00bb{}\u00bb custom_padding__hover=\u00bb|||\u00bb][et_pb_text _builder_version=\u00bb4.16&#8243; background_size=\u00bbinitial\u00bb background_position=\u00bbtop_left\u00bb background_repeat=\u00bbrepeat\u00bb custom_margin=\u00bb||0px|\u00bb use_border_color=\u00bboff\u00bb border_color=\u00bb#ffffff\u00bb border_style=\u00bbsolid\u00bb global_colors_info=\u00bb{}\u00bb]<\/p>\n<h4 style=\"text-align: justify;\"><span class=\"ez-toc-section\" id=\"catalogo-toldo-cortavientos\"><\/span>CAT\u00c1LOGO TOLDO CORTAVIENTOS<span class=\"ez-toc-section-end\"><\/span><\/h4>\n<p>[\/et_pb_text][et_pb_divider color=\u00bb#2c99fc\u00bb _builder_version=\u00bb4.16&#8243; hide_on_mobile=\u00bboff\u00bb global_colors_info=\u00bb{}\u00bb]&nbsp;<br \/>\n[\/et_pb_divider][et_pb_button button_url=\u00bbhttps:\/\/toldosaraque.com\/madrid\/wp-content\/uploads\/2020\/03\/Catalogo-T\u00e9cnico-Cofre-Cortavientos-Parabox.pdf\u00bb url_new_window=\u00bbon\u00bb button_text=\u00bbVer Ficha T\u00e9cnica Cofre Cortavientos en PDF\u00bb button_alignment=\u00bbleft\u00bb _builder_version=\u00bb4.16&#8243; custom_button=\u00bbon\u00bb button_text_color=\u00bb#000000&#8243; button_bg_color=\u00bb#ffdd0e\u00bb button_border_color=\u00bb#ffdd0e\u00bb button_icon=\u00bb&#x69;||divi||400&#8243; button_letter_spacing_hover=\u00bb0&#8243; global_colors_info=\u00bb{}\u00bb button_text_size__hover_enabled=\u00bboff\u00bb button_one_text_size__hover_enabled=\u00bboff\u00bb button_two_text_size__hover_enabled=\u00bboff\u00bb button_text_color__hover_enabled=\u00bboff\u00bb button_one_text_color__hover_enabled=\u00bboff\u00bb button_two_text_color__hover_enabled=\u00bboff\u00bb button_border_width__hover_enabled=\u00bboff\u00bb button_one_border_width__hover_enabled=\u00bboff\u00bb button_two_border_width__hover_enabled=\u00bboff\u00bb button_border_color__hover_enabled=\u00bboff\u00bb button_one_border_color__hover_enabled=\u00bboff\u00bb button_two_border_color__hover_enabled=\u00bboff\u00bb button_border_radius__hover_enabled=\u00bboff\u00bb button_one_border_radius__hover_enabled=\u00bboff\u00bb button_two_border_radius__hover_enabled=\u00bboff\u00bb button_letter_spacing__hover_enabled=\u00bbon\u00bb button_letter_spacing__hover=\u00bb0&#8243; button_one_letter_spacing__hover_enabled=\u00bboff\u00bb button_two_letter_spacing__hover_enabled=\u00bboff\u00bb button_bg_color__hover_enabled=\u00bboff\u00bb button_one_bg_color__hover_enabled=\u00bboff\u00bb button_two_bg_color__hover_enabled=\u00bboff\u00bb][\/et_pb_button][\/et_pb_column][\/et_pb_row][\/et_pb_section][et_pb_section fb_built=\u00bb1&#8243; _builder_version=\u00bb4.27.4&#8243; _module_preset=\u00bbdefault\u00bb global_colors_info=\u00bb{}\u00bb][et_pb_row _builder_version=\u00bb4.27.4&#8243; _module_preset=\u00bbdefault\u00bb global_colors_info=\u00bb{}\u00bb][et_pb_column type=\u00bb4_4&#8243; _builder_version=\u00bb4.21.0&#8243; _module_preset=\u00bbdefault\u00bb global_colors_info=\u00bb{}\u00bb][et_pb_toggle title=\u00bbToldos cortavientos enrollables con cofre\u00bb _builder_version=\u00bb4.27.4&#8243; _module_preset=\u00bbdefault\u00bb title_level=\u00bbh2&#8243; title_font_size=\u00bb20px\u00bb hover_enabled=\u00bb0&#8243; global_colors_info=\u00bb{}\u00bb sticky_enabled=\u00bb0&#8243;]<\/p>\n<p>Los <strong>toldos cortavientos enrollables<\/strong> son una soluci\u00f3n eficaz para proteger terrazas, porches y zonas exteriores del viento, la lluvia ligera y las corrientes de aire. Cuando incorporan <strong>sistema de cofre<\/strong>, el tejido queda totalmente protegido al recogerse, aumentando su durabilidad y reduciendo el mantenimiento.<\/p>\n<p>Este tipo de <strong>toldo cortavientos vertical enrollable<\/strong> permite cerrar lateralmente un espacio sin necesidad de obras, creando una zona m\u00e1s resguardada y c\u00f3moda tanto en viviendas como en negocios.<\/p>\n<h2><span class=\"ez-toc-section\" id=\"como-funciona-un-toldo-cortavientos-con-cofre\"><\/span>C\u00f3mo funciona un toldo cortavientos con cofre<span class=\"ez-toc-section-end\"><\/span><\/h2>\n<p>El sistema funciona de forma vertical mediante gu\u00edas laterales o cables tensados que mantienen el tejido firme incluso con rachas de aire. Cuando no se necesita, el toldo se recoge dentro del caj\u00f3n superior, quedando protegido del sol, el polvo y la humedad.<\/p>\n<p>Este dise\u00f1o es especialmente recomendable en terrazas expuestas o en establecimientos de hosteler\u00eda donde el uso es frecuente y se busca resistencia a largo plazo.<\/p>\n<h2><span class=\"ez-toc-section\" id=\"ventajas-de-los-toldos-cortavientos-enrollables\"><\/span>Ventajas de los toldos cortavientos enrollables<span class=\"ez-toc-section-end\"><\/span><\/h2>\n<ul>\n<li>Protecci\u00f3n eficaz frente al viento lateral<\/li>\n<li>Mayor vida \u00fatil gracias al sistema de cofre<\/li>\n<li>Reducci\u00f3n de corrientes de aire en terrazas y porches<\/li>\n<li>Mejora del confort t\u00e9rmico en zonas exteriores<\/li>\n<li>Instalaci\u00f3n limpia, sin necesidad de cerramientos fijos<\/li>\n<\/ul>\n<p>Adem\u00e1s de cortar el viento, estos sistemas ayudan a mantener una temperatura m\u00e1s estable en el espacio protegido, lo que permite utilizar terrazas durante m\u00e1s meses al a\u00f1o.<\/p>\n<h2><span class=\"ez-toc-section\" id=\"toldo-cortavientos-enrollable-transparente\"><\/span>Toldo cortavientos enrollable transparente<span class=\"ez-toc-section-end\"><\/span><\/h2>\n<p>En muchos casos se opta por un <strong>cortavientos transparente<\/strong>, especialmente en restaurantes, bares o viviendas con vistas. Este formato protege del aire sin bloquear la luz ni cerrar visualmente el entorno.<\/p>\n<p>Es una soluci\u00f3n muy utilizada cuando se quiere conservar luminosidad y visibilidad, pero al mismo tiempo reducir la sensaci\u00f3n de exposici\u00f3n.<\/p>\n<h2><span class=\"ez-toc-section\" id=\"instalacion-de-toldos-cortavientos-en-madrid-valdemoro-y-alrededores\"><\/span>Instalaci\u00f3n de toldos cortavientos en Madrid, Valdemoro y alrededores<span class=\"ez-toc-section-end\"><\/span><\/h2>\n<p>La <strong>instalaci\u00f3n de toldos cortavientos enrollables<\/strong> debe adaptarse a cada espacio: altura, ancho, orientaci\u00f3n y grado de exposici\u00f3n al viento. Un montaje correcto es fundamental para que el sistema trabaje con estabilidad y seguridad.<\/p>\n<p>Trabajamos en Madrid, Valdemoro y municipios cercanos, instalando soluciones tanto para viviendas particulares como para negocios que buscan proteger sus terrazas sin cerramientos permanentes.<\/p>\n<h2><span class=\"ez-toc-section\" id=\"preguntas-frecuentes-sobre-toldos-cortavientos-enrollables\"><\/span>Preguntas frecuentes sobre toldos cortavientos enrollables<span class=\"ez-toc-section-end\"><\/span><\/h2>\n<h3><span class=\"ez-toc-section\" id=\"%c2%bfque-diferencia-hay-entre-un-cortavientos-normal-y-uno-con-cofre\"><\/span>\u00bfQu\u00e9 diferencia hay entre un cortavientos normal y uno con cofre?<span class=\"ez-toc-section-end\"><\/span><\/h3>\n<p>El modelo con cofre protege completamente el tejido al recogerse, alargando su vida \u00fatil.<\/p>\n<h3><span class=\"ez-toc-section\" id=\"%c2%bfse-puede-instalar-en-una-pergola\"><\/span>\u00bfSe puede instalar en una p\u00e9rgola?<span class=\"ez-toc-section-end\"><\/span><\/h3>\n<p>S\u00ed, es una de las instalaciones m\u00e1s habituales en p\u00e9rgolas y estructuras met\u00e1licas.<\/p>\n<h3><span class=\"ez-toc-section\" id=\"%c2%bfresiste-rachas-de-viento\"><\/span>\u00bfResiste rachas de viento?<span class=\"ez-toc-section-end\"><\/span><\/h3>\n<p>S\u00ed, especialmente los modelos con gu\u00edas laterales que mantienen el tejido firme.<\/p>\n<h3><span class=\"ez-toc-section\" id=\"%c2%bfel-cortavientos-transparente-pierde-resistencia\"><\/span>\u00bfEl cortavientos transparente pierde resistencia?<span class=\"ez-toc-section-end\"><\/span><\/h3>\n<p>No, siempre que se utilicen materiales adecuados y se instale correctamente.<\/p>\n<h3><span class=\"ez-toc-section\" id=\"%c2%bfsirve-para-hosteleria\"><\/span>\u00bfSirve para hosteler\u00eda?<span class=\"ez-toc-section-end\"><\/span><\/h3>\n<p>Es muy habitual en bares y restaurantes para proteger terrazas sin realizar cerramientos fijos.<\/p>\n<p>[\/et_pb_toggle][\/et_pb_column][\/et_pb_row][\/et_pb_section]<\/p>\n","protected":false},"excerpt":{"rendered":"<p>TOLDO CORTAVIENTOS COFRE&nbsp; Elegante cerramiento vertical que protege del sol y del viento. Incorpora un cofre para la protecci\u00f3n de la lona y sus componentes. Se distingue por: \u2022 Permite cierres perimetrales en sistemas 80\u00d740,100 X 100, 120 X 120 Y Pergo-Rain entre paredes y estructuras ya existentes.\u2022 Protege la lona y sus mecanismos de [&hellip;]<\/p>\n","protected":false},"author":3,"featured_media":2874,"parent":213,"menu_order":0,"comment_status":"closed","ping_status":"closed","template":"","meta":{"_et_pb_use_builder":"on","_et_pb_old_content":"","_et_gb_content_width":"","_joinchat":[],"footnotes":""},"class_list":["post-5752","page","type-page","status-publish","has-post-thumbnail","hentry"],"_links":{"self":[{"href":"https:\/\/toldosaraque.com\/madrid\/wp-json\/wp\/v2\/pages\/5752","targetHints":{"allow":["GET"]}}],"collection":[{"href":"https:\/\/toldosaraque.com\/madrid\/wp-json\/wp\/v2\/pages"}],"about":[{"href":"https:\/\/toldosaraque.com\/madrid\/wp-json\/wp\/v2\/types\/page"}],"author":[{"embeddable":true,"href":"https:\/\/toldosaraque.com\/madrid\/wp-json\/wp\/v2\/users\/3"}],"replies":[{"embeddable":true,"href":"https:\/\/toldosaraque.com\/madrid\/wp-json\/wp\/v2\/comments?post=5752"}],"version-history":[{"count":2,"href":"https:\/\/toldosaraque.com\/madrid\/wp-json\/wp\/v2\/pages\/5752\/revisions"}],"predecessor-version":[{"id":7756,"href":"https:\/\/toldosaraque.com\/madrid\/wp-json\/wp\/v2\/pages\/5752\/revisions\/7756"}],"up":[{"embeddable":true,"href":"https:\/\/toldosaraque.com\/madrid\/wp-json\/wp\/v2\/pages\/213"}],"wp:featuredmedia":[{"embeddable":true,"href":"https:\/\/toldosaraque.com\/madrid\/wp-json\/wp\/v2\/media\/2874"}],"wp:attachment":[{"href":"https:\/\/toldosaraque.com\/madrid\/wp-json\/wp\/v2\/media?parent=5752"}],"curies":[{"name":"wp","href":"https:\/\/api.w.org\/{rel}","templated":true}]}}