{"id":6082,"date":"2020-04-05T03:35:15","date_gmt":"2020-04-05T02:35:15","guid":{"rendered":"https:\/\/toldosaraque.com\/madrid\/?page_id=6082"},"modified":"2025-06-06T11:08:20","modified_gmt":"2025-06-06T10:08:20","slug":"techo-fijo-panel-sandwich-autoportante-madrid","status":"publish","type":"page","link":"https:\/\/toldosaraque.com\/madrid\/techo-fijo-panel-sandwich-autoportante-madrid\/","title":{"rendered":"TECHO FIJO PANEL SANDWICH AUTOPORTANTE MADRID"},"content":{"rendered":"<p>[et_pb_section fb_built=\u00bb1&#8243; admin_label=\u00bbsection\u00bb _builder_version=\u00bb4.16&#8243; locked=\u00bboff\u00bb global_colors_info=\u00bb{}\u00bb][et_pb_row column_structure=\u00bb1_2,1_2&#8243; admin_label=\u00bbrow\u00bb _builder_version=\u00bb4.16&#8243; background_size=\u00bbinitial\u00bb background_position=\u00bbtop_left\u00bb background_repeat=\u00bbrepeat\u00bb global_colors_info=\u00bb{}\u00bb][et_pb_column type=\u00bb1_2&#8243; _builder_version=\u00bb4.16&#8243; custom_padding=\u00bb|||\u00bb global_colors_info=\u00bb{}\u00bb custom_padding__hover=\u00bb|||\u00bb][et_pb_text admin_label=\u00bbTexto\u00bb _builder_version=\u00bb4.19.5&#8243; header_font=\u00bb|700|||||||\u00bb background_size=\u00bbinitial\u00bb background_position=\u00bbtop_left\u00bb background_repeat=\u00bbrepeat\u00bb custom_margin=\u00bb||0px|\u00bb custom_padding=\u00bb||0px|\u00bb use_border_color=\u00bboff\u00bb border_color=\u00bb#ffffff\u00bb border_style=\u00bbsolid\u00bb global_colors_info=\u00bb{}\u00bb]<\/p><div id=\"ez-toc-container\" class=\"ez-toc-v2_0_81 ez-toc-wrap-center counter-hierarchy ez-toc-counter ez-toc-grey ez-toc-container-direction\">\n<p class=\"ez-toc-title\" style=\"cursor:inherit\">Resumen:<\/p>\n<label for=\"ez-toc-cssicon-toggle-item-69f0b710bb954\" class=\"ez-toc-cssicon-toggle-label\"><span class=\"ez-toc-cssicon\"><span class=\"eztoc-hide\" style=\"display:none;\">Toggle<\/span><span class=\"ez-toc-icon-toggle-span\"><svg style=\"fill: #999;color:#999\" xmlns=\"http:\/\/www.w3.org\/2000\/svg\" class=\"list-377408\" width=\"20px\" height=\"20px\" viewBox=\"0 0 24 24\" fill=\"none\"><path d=\"M6 6H4v2h2V6zm14 0H8v2h12V6zM4 11h2v2H4v-2zm16 0H8v2h12v-2zM4 16h2v2H4v-2zm16 0H8v2h12v-2z\" fill=\"currentColor\"><\/path><\/svg><svg style=\"fill: #999;color:#999\" class=\"arrow-unsorted-368013\" xmlns=\"http:\/\/www.w3.org\/2000\/svg\" width=\"10px\" height=\"10px\" viewBox=\"0 0 24 24\" version=\"1.2\" baseProfile=\"tiny\"><path d=\"M18.2 9.3l-6.2-6.3-6.2 6.3c-.2.2-.3.4-.3.7s.1.5.3.7c.2.2.4.3.7.3h11c.3 0 .5-.1.7-.3.2-.2.3-.5.3-.7s-.1-.5-.3-.7zM5.8 14.7l6.2 6.3 6.2-6.3c.2-.2.3-.5.3-.7s-.1-.5-.3-.7c-.2-.2-.4-.3-.7-.3h-11c-.3 0-.5.1-.7.3-.2.2-.3.5-.3.7s.1.5.3.7z\"\/><\/svg><\/span><\/span><\/label><input type=\"checkbox\"  id=\"ez-toc-cssicon-toggle-item-69f0b710bb954\" checked aria-label=\"Alternar\" \/><nav><ul class='ez-toc-list ez-toc-list-level-1 ' ><li class='ez-toc-page-1 ez-toc-heading-level-1'><a class=\"ez-toc-link ez-toc-heading-1\" href=\"https:\/\/toldosaraque.com\/madrid\/techo-fijo-panel-sandwich-autoportante-madrid\/#techo-fijo-panel-sandwich-autoportante\" >TECHO FIJO PANEL SANDWICH AUTOPORTANTE<\/a><ul class='ez-toc-list-level-3' ><li class='ez-toc-heading-level-3'><ul class='ez-toc-list-level-3' ><li class='ez-toc-heading-level-3'><a class=\"ez-toc-link ez-toc-heading-2\" href=\"https:\/\/toldosaraque.com\/madrid\/techo-fijo-panel-sandwich-autoportante-madrid\/#galeria-de-imagenes\" >GALERIA DE IMAGENES<\/a><ul class='ez-toc-list-level-4' ><li class='ez-toc-heading-level-4'><a class=\"ez-toc-link ez-toc-heading-3\" href=\"https:\/\/toldosaraque.com\/madrid\/techo-fijo-panel-sandwich-autoportante-madrid\/#caracteristicas\" >CARACTERISTICAS<\/a><\/li><li class='ez-toc-page-1 ez-toc-heading-level-4'><a class=\"ez-toc-link ez-toc-heading-4\" href=\"https:\/\/toldosaraque.com\/madrid\/techo-fijo-panel-sandwich-autoportante-madrid\/#mas-informacion\" >M\u00c1S INFORMACI\u00d3N<\/a><ul class='ez-toc-list-level-5' ><li class='ez-toc-heading-level-5'><a class=\"ez-toc-link ez-toc-heading-5\" href=\"https:\/\/toldosaraque.com\/madrid\/techo-fijo-panel-sandwich-autoportante-madrid\/#techo-fijo-panel-sandwich-autoportante-2\" >Techo fijo panel sandwich autoportante<\/a><\/li><\/ul><\/li><\/ul><\/li><\/ul><\/li><li class='ez-toc-page-1 ez-toc-heading-level-2'><a class=\"ez-toc-link ez-toc-heading-6\" href=\"https:\/\/toldosaraque.com\/madrid\/techo-fijo-panel-sandwich-autoportante-madrid\/#cubiertas-fijas-panel-sandwich\" >Cubiertas fijas panel sandwich<\/a><\/li><li class='ez-toc-page-1 ez-toc-heading-level-2'><a class=\"ez-toc-link ez-toc-heading-7\" href=\"https:\/\/toldosaraque.com\/madrid\/techo-fijo-panel-sandwich-autoportante-madrid\/#panel-sandwich-madrid\" >Panel sandwich madrid<\/a><\/li><li class='ez-toc-page-1 ez-toc-heading-level-2'><a class=\"ez-toc-link ez-toc-heading-8\" href=\"https:\/\/toldosaraque.com\/madrid\/techo-fijo-panel-sandwich-autoportante-madrid\/#instaladores-cubiertas-techos-fijos\" >Instaladores cubiertas techos fijos<\/a><\/li><li class='ez-toc-page-1 ez-toc-heading-level-2'><a class=\"ez-toc-link ez-toc-heading-9\" href=\"https:\/\/toldosaraque.com\/madrid\/techo-fijo-panel-sandwich-autoportante-madrid\/#techo-panel-autoportante-aluminio-sandwich\" >Techo panel autoportante aluminio sandwich<\/a><\/li><li class='ez-toc-page-1 ez-toc-heading-level-2'><a class=\"ez-toc-link ez-toc-heading-10\" href=\"https:\/\/toldosaraque.com\/madrid\/techo-fijo-panel-sandwich-autoportante-madrid\/#techos-fijos-sandwich\" >Techos fijos sandwich<\/a><\/li><\/ul><\/li><\/ul><\/nav><\/div>\n\n<h1 style=\"text-align: center;\"><span class=\"ez-toc-section\" id=\"techo-fijo-panel-sandwich-autoportante\"><\/span>TECHO FIJO PANEL SANDWICH AUTOPORTANTE<span class=\"ez-toc-section-end\"><\/span><\/h1>\n<p>[\/et_pb_text][et_pb_divider color=\u00bb#2c99fc\u00bb admin_label=\u00bbSeparador\u00bb _builder_version=\u00bb4.16&#8243; hide_on_mobile=\u00bboff\u00bb global_colors_info=\u00bb{}\u00bb][\/et_pb_divider][et_pb_text admin_label=\u00bbTexto\u00bb _builder_version=\u00bb4.16&#8243; background_size=\u00bbinitial\u00bb background_position=\u00bbtop_left\u00bb background_repeat=\u00bbrepeat\u00bb use_border_color=\u00bboff\u00bb border_color=\u00bb#ffffff\u00bb border_style=\u00bbsolid\u00bb global_colors_info=\u00bb{}\u00bb]<\/p>\n<p>COMPOSICION:<\/p>\n<ul>\n<li>Chapa de aluminio tratada<\/li>\n<li>Poliestireno extruido de gran resistencia a la compresi\u00f3n.<\/li>\n<li>V\u00eda de drenaje, evacua la condensaci\u00f3n.<\/li>\n<li>C\u00e1mara seca, preserva la corrosi\u00f3n.<\/li>\n<li>Cu\u00f1a de auto posicionamiento, garantiza el nivel entre paneles.<\/li>\n<\/ul>\n<p>MEDIDAS:<\/p>\n<ul>\n<li>Desde 984mm de ancho hasta 7000mm de salida.<\/li>\n<\/ul>\n<p>VENTAJAS SOBRE OTROS PANELES:<\/p>\n<ul>\n<li>No necesita estructuras extra, correas o cerchas para su colocaci\u00f3n.<\/li>\n<li>Son mas resistentes a la rotura que otros paneles de chapa de acero.<\/li>\n<li>En su composici\u00f3n de utilizan chapas de 0,8mm (para paneles de 52mm) y de 1mm (para paneles de 82mm), que aportan gran rigidez.<\/li>\n<li>Est\u00e1n compuestos de un n\u00facleo de poliestireno extruido que es mas resistente a la compresi\u00f3n que otros materiales aislantes.<\/li>\n<\/ul>\n<p>[\/et_pb_text][\/et_pb_column][et_pb_column type=\u00bb1_2&#8243; _builder_version=\u00bb4.16&#8243; custom_padding=\u00bb|||\u00bb global_colors_info=\u00bb{}\u00bb custom_padding__hover=\u00bb|||\u00bb][et_pb_image src=\u00bbhttps:\/\/toldosaraque.com\/madrid\/wp-content\/uploads\/2020\/04\/TECHO-PANEL-SANDWICH-AUTOPORTANTE-MADRID-3-1-e1586049800307.jpg\u00bb align_tablet=\u00bbcenter\u00bb align_phone=\u00bb\u00bb align_last_edited=\u00bbon|desktop\u00bb admin_label=\u00bbImagen\u00bb _builder_version=\u00bb4.16&#8243; custom_margin=\u00bb0px|||\u00bb animation_style=\u00bbslide\u00bb animation_direction=\u00bbleft\u00bb animation_duration=\u00bb500ms\u00bb animation_intensity_slide=\u00bb10%\u00bb border_style=\u00bbsolid\u00bb sticky=\u00bboff\u00bb global_colors_info=\u00bb{}\u00bb][\/et_pb_image][\/et_pb_column][\/et_pb_row][et_pb_row _builder_version=\u00bb4.16&#8243; global_colors_info=\u00bb{}\u00bb][et_pb_column type=\u00bb4_4&#8243; _builder_version=\u00bb4.16&#8243; global_colors_info=\u00bb{}\u00bb][et_pb_text admin_label=\u00bbTexto\u00bb _builder_version=\u00bb4.16&#8243; background_size=\u00bbinitial\u00bb background_position=\u00bbtop_left\u00bb background_repeat=\u00bbrepeat\u00bb custom_margin=\u00bb||0px|\u00bb custom_padding=\u00bb||0px|\u00bb use_border_color=\u00bboff\u00bb border_color=\u00bb#ffffff\u00bb border_style=\u00bbsolid\u00bb global_colors_info=\u00bb{}\u00bb]<\/p>\n<h3 style=\"text-align: center;\"><span class=\"ez-toc-section\" id=\"galeria-de-imagenes\"><\/span>GALERIA DE IMAGENES<span class=\"ez-toc-section-end\"><\/span><\/h3>\n<p>[\/et_pb_text][et_pb_divider color=\u00bb#2c99fc\u00bb admin_label=\u00bbSeparador\u00bb _builder_version=\u00bb4.16&#8243; hide_on_mobile=\u00bboff\u00bb global_colors_info=\u00bb{}\u00bb][\/et_pb_divider][et_pb_gallery gallery_ids=\u00bb6063,6062,6061&#8243; show_title_and_caption=\u00bboff\u00bb zoom_icon_color=\u00bb#2ea3f2&#8243; admin_label=\u00bbGaler\u00eda\u00bb _builder_version=\u00bb4.16&#8243; border_style=\u00bbsolid\u00bb global_colors_info=\u00bb{}\u00bb][\/et_pb_gallery][\/et_pb_column][\/et_pb_row][et_pb_row _builder_version=\u00bb4.16&#8243; background_size=\u00bbinitial\u00bb background_position=\u00bbtop_left\u00bb background_repeat=\u00bbrepeat\u00bb locked=\u00bboff\u00bb global_colors_info=\u00bb{}\u00bb][et_pb_column type=\u00bb4_4&#8243; _builder_version=\u00bb4.16&#8243; custom_padding=\u00bb|||\u00bb global_colors_info=\u00bb{}\u00bb custom_padding__hover=\u00bb|||\u00bb][et_pb_text _builder_version=\u00bb4.16&#8243; background_size=\u00bbinitial\u00bb background_position=\u00bbtop_left\u00bb background_repeat=\u00bbrepeat\u00bb custom_margin=\u00bb||0px|\u00bb use_border_color=\u00bboff\u00bb border_color=\u00bb#ffffff\u00bb border_style=\u00bbsolid\u00bb global_colors_info=\u00bb{}\u00bb]<\/p>\n<h4><span class=\"ez-toc-section\" id=\"caracteristicas\"><\/span>CARACTERISTICAS<span class=\"ez-toc-section-end\"><\/span><\/h4>\n<p>[\/et_pb_text][et_pb_divider color=\u00bb#2c99fc\u00bb _builder_version=\u00bb4.16&#8243; hide_on_mobile=\u00bboff\u00bb global_colors_info=\u00bb{}\u00bb]&nbsp;<br \/>\n[\/et_pb_divider][et_pb_gallery gallery_ids=\u00bb6093,6094,6101,6102,6095,6096,6099,6100,6092,6097,6098,6103&#8243; posts_number=\u00bb12&#8243; show_title_and_caption=\u00bboff\u00bb zoom_icon_color=\u00bb#2ea3f2&#8243; admin_label=\u00bbGaler\u00eda\u00bb _builder_version=\u00bb4.16&#8243; border_style=\u00bbsolid\u00bb global_colors_info=\u00bb{}\u00bb][\/et_pb_gallery][\/et_pb_column][\/et_pb_row][et_pb_row _builder_version=\u00bb4.16&#8243; background_size=\u00bbinitial\u00bb background_position=\u00bbtop_left\u00bb background_repeat=\u00bbrepeat\u00bb locked=\u00bboff\u00bb global_colors_info=\u00bb{}\u00bb][et_pb_column type=\u00bb4_4&#8243; _builder_version=\u00bb4.16&#8243; custom_padding=\u00bb|||\u00bb global_colors_info=\u00bb{}\u00bb custom_padding__hover=\u00bb|||\u00bb][et_pb_text _builder_version=\u00bb4.24.2&#8243; background_size=\u00bbinitial\u00bb background_position=\u00bbtop_left\u00bb background_repeat=\u00bbrepeat\u00bb custom_margin=\u00bb||0px|\u00bb use_border_color=\u00bboff\u00bb border_color=\u00bb#ffffff\u00bb border_style=\u00bbsolid\u00bb global_colors_info=\u00bb{}\u00bb]<\/p>\n<h4><span class=\"ez-toc-section\" id=\"mas-informacion\"><\/span>M\u00c1S INFORMACI\u00d3N<span class=\"ez-toc-section-end\"><\/span><\/h4>\n<p>[\/et_pb_text][et_pb_divider color=\u00bb#2c99fc\u00bb _builder_version=\u00bb4.16&#8243; hide_on_mobile=\u00bboff\u00bb global_colors_info=\u00bb{}\u00bb]&nbsp;<br \/>\n[\/et_pb_divider][et_pb_code _builder_version=\u00bb4.27.2&#8243; _module_preset=\u00bbdefault\u00bb global_colors_info=\u00bb{}\u00bb]\t\t\t<div id=\"rank-math-rich-snippet-wrapper\" class=\"\">\n\n\t\t\t\t\t\t<h5 class=\"rank-math-title\"><span class=\"ez-toc-section\" id=\"techo-fijo-panel-sandwich-autoportante-2\"><\/span>Techo fijo panel sandwich autoportante<span class=\"ez-toc-section-end\"><\/span><\/h5>\n\t\t\t\t<div class=\"rank-math-review-image\">\n\t\t\t<img decoding=\"async\" src=\"https:\/\/toldosaraque.com\/madrid\/wp-content\/uploads\/2015\/11\/toldos-araque-madrid-valdemoro-footer-pie-300x59.png\" alt=\"\" title=\"\">\n\t\t<\/div>\n\t\t<div class=\"rank-math-review-data\">\n\n\t\t\t<p>El techo fijo de panel sandwich autoportante es una soluci\u00f3n moderna y eficiente para cubiertas de diversos tipos de edificaciones. Este sistema ofrece numerosas ventajas que lo hacen una opci\u00f3n atractiva para muchos proyectos de construcci\u00f3n. Las principales caracter\u00edsticas del techo fijo de panel sandwich autoportante son: Estructura autoportante: No requiere una estructura adicional para su instalaci\u00f3n, lo que simplifica el proceso y reduce costos. El panel por s\u00ed mismo es capaz de soportar su propio peso y las cargas externas. Excelente aislamiento: El n\u00facleo de espuma aislante (generalmente poliuretano o poliisocianurato) proporciona un alto nivel de aislamiento t\u00e9rmico y ac\u00fastico. Esto contribuye a mejorar la eficiencia energ\u00e9tica del edificio. Rapidez de instalaci\u00f3n: Su dise\u00f1o modular permite una instalaci\u00f3n r\u00e1pida y sencilla, reduciendo significativamente los tiempos de obra. Versatilidad: Se adapta a diferentes tipos de edificaciones, desde naves industriales hasta viviendas residenciales. Durabilidad: Fabricado con materiales resistentes a la corrosi\u00f3n y a los agentes atmosf\u00e9ricos, ofrece una larga vida \u00fatil con poco mantenimiento. Est\u00e9tica: Disponible en diversos acabados y colores, permite lograr un aspecto atractivo que se integra bien con diferentes estilos arquitect\u00f3nicos. Impermeabilidad: Su dise\u00f1o y materiales garantizan una excelente protecci\u00f3n contra las filtraciones de agua. Ligereza: A pesar de su resistencia, estos paneles son relativamente ligeros, lo que reduce la carga sobre la estructura del edificio. Seguridad: Muchos modelos ofrecen buenas propiedades ign\u00edfugas, mejorando la seguridad contra incendios. Econom\u00eda: Aunque la inversi\u00f3n inicial puede ser mayor que otros sistemas, a largo plazo resulta econ\u00f3mico debido a su durabilidad, eficiencia energ\u00e9tica y bajo mantenimiento.<\/p>\n\t\t\n\t\t\t<p>\n\t\t\t<strong>Tipo de servicio: <\/strong>\n\t\t\tTecho fijo panel sandwich autoportante\t\t<\/p>\n\t\t\n\t\n\t\t\t<p>\n\t\t\t<strong>Moneda: <\/strong>\n\t\t\t\u20ac\t\t<\/p>\n\t\t\n<\/div>\n\n\t\t\t<\/div>\n\t\t[\/et_pb_code][et_pb_text _builder_version=\u00bb4.27.4&#8243; _module_preset=\u00bbdefault\u00bb hover_enabled=\u00bb0&#8243; sticky_enabled=\u00bb0&#8243;]<\/p>\n<h2><span class=\"ez-toc-section\" id=\"cubiertas-fijas-panel-sandwich\"><\/span>Cubiertas fijas panel sandwich<span class=\"ez-toc-section-end\"><\/span><\/h2>\n<p>Las <strong>cubiertas fijas panel sandwich<\/strong> son una soluci\u00f3n ideal para quienes buscan un sistema de techado eficiente y duradero. Gracias a su dise\u00f1o, permiten una instalaci\u00f3n r\u00e1pida y sencilla, eliminando la necesidad de estructuras adicionales. Esto se traduce en un <strong>ahorro significativo de tiempo y costos<\/strong> en la construcci\u00f3n.<\/p>\n<p>Estos paneles est\u00e1n compuestos por un n\u00facleo aislante, generalmente de <strong>poliestireno extruido<\/strong>, que proporciona excelentes propiedades t\u00e9rmicas y ac\u00fasticas. Esto ayuda a mantener un ambiente interior confortable, reduciendo la necesidad de sistemas de calefacci\u00f3n o refrigeraci\u00f3n. Adem\u00e1s, su resistencia a la compresi\u00f3n asegura una <strong>durabilidad superior<\/strong> frente a diferentes condiciones clim\u00e1ticas.<\/p>\n<p>La instalaci\u00f3n de las <strong>cubiertas fijas panel sandwich<\/strong> es altamente vers\u00e1til, adapt\u00e1ndose a diversas estructuras y dise\u00f1os arquitect\u00f3nicos. Su capacidad de personalizaci\u00f3n en medidas y acabados permite que cada proyecto tenga un toque \u00fanico. Esto es especialmente valioso en <strong>proyectos industriales y comerciales<\/strong> donde la est\u00e9tica tambi\u00e9n juega un papel importante.<\/p>\n<p>Otra ventaja clave de estos paneles es su <strong>resistencia a la corrosi\u00f3n<\/strong>, lo que los hace ideales para entornos exigentes. Con una superficie de chapa de aluminio tratada, estos paneles ofrecen una larga vida \u00fatil y requieren poco mantenimiento. Esto se traduce en menor preocupaci\u00f3n para los propietarios y una <strong>inversi\u00f3n m\u00e1s segura<\/strong> a largo plazo.<\/p>\n<p>El sistema de drenaje integrado en las <strong>cubiertas fijas panel sandwich<\/strong> facilita la evacuaci\u00f3n de la condensaci\u00f3n, evitando problemas de humedad que suelen afectar a otros tipos de techados. Esto, junto con su dise\u00f1o herm\u00e9tico, asegura una <strong>protecci\u00f3n efectiva<\/strong> contra filtraciones y da\u00f1os estructurales.<\/p>\n<h2><span class=\"ez-toc-section\" id=\"panel-sandwich-madrid\"><\/span>Panel sandwich madrid<span class=\"ez-toc-section-end\"><\/span><\/h2>\n<p>El <strong>panel s\u00e1ndwich<\/strong> es una soluci\u00f3n constructiva muy utilizada en Madrid, gracias a su capacidad de <strong>aislamiento t\u00e9rmico y ac\u00fastico<\/strong>. Este tipo de paneles se compone de dos capas externas de metal que encierran un n\u00facleo aislante, lo que proporciona una gran eficiencia energ\u00e9tica.<\/p>\n<p>En Madrid, los <strong>techos fijos de panel s\u00e1ndwich<\/strong> son ideales para naves industriales y construcciones comerciales, ya que permiten una <strong>instalaci\u00f3n r\u00e1pida y sencilla<\/strong>. Su dise\u00f1o modular facilita la adaptaci\u00f3n a diferentes espacios y necesidades arquitect\u00f3nicas.<\/p>\n<p>La durabilidad de los <strong>paneles s\u00e1ndwich<\/strong> es otra de sus grandes ventajas. Est\u00e1n dise\u00f1ados para resistir condiciones clim\u00e1ticas adversas, lo que los convierte en una opci\u00f3n <strong>rentable a largo plazo<\/strong> para proyectos de construcci\u00f3n en la ciudad.<\/p>\n<p>Los <strong>paneles s\u00e1ndwich<\/strong> son altamente personalizables, permitiendo a los clientes elegir entre diferentes acabados y colores. Esto los hace perfectos para aquellos que buscan un <strong>dise\u00f1o atractivo<\/strong> sin comprometer la funcionalidad.<\/p>\n<p>El <strong>panel s\u00e1ndwich<\/strong> se ha consolidado como una opci\u00f3n preferida en Madrid, combinando <strong>eficiencia, durabilidad y est\u00e9tica<\/strong> en una sola soluci\u00f3n constructiva. Esto lo convierte en una elecci\u00f3n inteligente para diversos proyectos.<\/p>\n<h2><span class=\"ez-toc-section\" id=\"instaladores-cubiertas-techos-fijos\"><\/span>Instaladores cubiertas techos fijos<span class=\"ez-toc-section-end\"><\/span><\/h2>\n<p>Los <strong>instaladores de cubiertas<\/strong> especializan en la colocaci\u00f3n de techos fijos de panel s\u00e1ndwich, garantizando una correcta instalaci\u00f3n que maximiza la durabilidad y la eficiencia energ\u00e9tica de la estructura. Su experiencia permite asegurar que cada panel est\u00e9 correctamente alineado y sellado, evitando filtraciones y problemas futuros.<\/p>\n<p>Contar con <strong>profesionales capacitados<\/strong> para la instalaci\u00f3n de techos fijos es fundamental, ya que conocen las normativas y requisitos t\u00e9cnicos necesarios para llevar a cabo el trabajo de forma segura y eficiente. Esto incluye la correcta manipulaci\u00f3n de los materiales y el uso de herramientas adecuadas.<\/p>\n<p>Los <strong>instaladores experimentados<\/strong> pueden ofrecer asesoramiento sobre el tipo de panel s\u00e1ndwich m\u00e1s adecuado seg\u00fan las necesidades del cliente y las condiciones del entorno. Esto asegura que el techo no solo sea funcional, sino tambi\u00e9n est\u00e9ticamente agradable.<\/p>\n<p>Es importante seleccionar un equipo de <strong>instaladores de confianza<\/strong>, que ofrezcan garant\u00edas de su trabajo y un buen servicio al cliente. Esto no solo proporciona tranquilidad, sino que tambi\u00e9n asegura que cualquier eventualidad post-instalaci\u00f3n sea atendida de manera oportuna.<\/p>\n<p>Los <strong>instaladores de cubiertas<\/strong> en Madrid deben estar al tanto de las \u00faltimas tendencias y tecnolog\u00edas en materiales de construcci\u00f3n, lo que les permite ofrecer soluciones innovadoras y sostenibles que se adapten a las necesidades cambiantes del mercado.<\/p>\n<h2><span class=\"ez-toc-section\" id=\"techo-panel-autoportante-aluminio-sandwich\"><\/span>Techo panel autoportante aluminio sandwich<span class=\"ez-toc-section-end\"><\/span><\/h2>\n<p>El <strong>techo panel autoportante aluminio sandwich<\/strong> se ha convertido en una soluci\u00f3n popular en la construcci\u00f3n moderna debido a su versatilidad y resistencia. Este tipo de techo est\u00e1 dise\u00f1ado para ofrecer una estructura robusta sin la necesidad de soportes adicionales, lo que facilita su instalaci\u00f3n en diversas aplicaciones.<\/p>\n<p>Una de las principales ventajas de este sistema es su <strong>eficiencia energ\u00e9tica<\/strong>. Gracias a su n\u00facleo de poliestireno extruido, proporciona un excelente aislamiento t\u00e9rmico, lo que contribuye a mantener temperaturas agradables en el interior de los espacios. Esto no solo mejora el confort, sino que tambi\u00e9n puede reducir los costos de calefacci\u00f3n y refrigeraci\u00f3n.<\/p>\n<p>El <strong>panel sandwich<\/strong> est\u00e1 fabricado con chapa de aluminio tratada, lo que le confiere una alta resistencia a la corrosi\u00f3n y a las inclemencias del tiempo. Esta durabilidad lo hace ideal para entornos exteriores, garantizando una larga vida \u00fatil y un mantenimiento m\u00ednimo.<\/p>\n<p>La instalaci\u00f3n de techos de <strong>panel sandwich autoportante<\/strong> es r\u00e1pida y sencilla, lo que permite una ejecuci\u00f3n de proyectos m\u00e1s \u00e1gil. Su dise\u00f1o modular facilita la adaptaci\u00f3n a diferentes dimensiones y formas, haciendo que sea una opci\u00f3n ideal tanto para edificios comerciales como para naves industriales.<\/p>\n<p>El <strong>techo panel autoportante aluminio sandwich<\/strong> no solo ofrece una soluci\u00f3n est\u00e9tica y funcional, sino que tambi\u00e9n es una inversi\u00f3n inteligente para aquellos que buscan calidad y eficiencia en sus proyectos de construcci\u00f3n. Su combinaci\u00f3n de resistencia, aislamiento y facilidad de instalaci\u00f3n lo convierte en una elecci\u00f3n destacada en el mercado actual.<\/p>\n<h2><span class=\"ez-toc-section\" id=\"techos-fijos-sandwich\"><\/span>Techos fijos sandwich<span class=\"ez-toc-section-end\"><\/span><\/h2>\n<p>Los <strong>techos fijos sandwich<\/strong> son una excelente opci\u00f3n para la construcci\u00f3n y renovaci\u00f3n de espacios. Su dise\u00f1o innovador permite una instalaci\u00f3n r\u00e1pida y eficiente, eliminando la necesidad de estructuras adicionales. Esto no solo ahorra tiempo, sino tambi\u00e9n costos en mano de obra y materiales.<\/p>\n<p>Una de las caracter\u00edsticas m\u00e1s destacadas de los <strong>techos sandwich<\/strong> es su capacidad de aislamiento t\u00e9rmico y ac\u00fastico. Gracias a su n\u00facleo de poliestireno extruido, proporcionan un entorno c\u00f3modo y silencioso, ideal para naves industriales, almacenes y otros espacios comerciales. Esta propiedad tambi\u00e9n contribuye a la eficiencia energ\u00e9tica de los edificios.<\/p>\n<p>La durabilidad es otra ventaja significativa de los <strong>paneles sandwich<\/strong>. Fabricados con chapa de aluminio tratada, resisten condiciones clim\u00e1ticas adversas, como la lluvia y la corrosi\u00f3n. Esto asegura que los techos mantengan su integridad estructural a lo largo del tiempo, minimizando la necesidad de mantenimiento.<\/p>\n<p>Los <strong>techos fijos sandwich<\/strong> son altamente personalizables. Se pueden fabricar en diferentes tama\u00f1os y colores, adapt\u00e1ndose a las necesidades espec\u00edficas de cada proyecto. Esta versatilidad permite a los arquitectos y constructores crear soluciones est\u00e9ticas y funcionales que se integren perfectamente en cualquier dise\u00f1o.<\/p>\n<p>La instalaci\u00f3n de techos sandwich es r\u00e1pida y sencilla, lo que reduce los tiempos de obra. Esto, aunado a su resistencia y propiedades aislantes, hace que sean una opci\u00f3n preferida en el sector de la construcci\u00f3n. Los <strong>techos fijos sandwich<\/strong> son, sin duda, una soluci\u00f3n moderna y eficaz para diversas aplicaciones constructivas.<\/p>\n<p>[\/et_pb_text][\/et_pb_column][\/et_pb_row][\/et_pb_section]<\/p>\n","protected":false},"excerpt":{"rendered":"<p>TECHO FIJO PANEL SANDWICH AUTOPORTANTECOMPOSICION: Chapa de aluminio tratada Poliestireno extruido de gran resistencia a la compresi\u00f3n. V\u00eda de drenaje, evacua la condensaci\u00f3n. C\u00e1mara seca, preserva la corrosi\u00f3n. Cu\u00f1a de auto posicionamiento, garantiza el nivel entre paneles. MEDIDAS: Desde 984mm de ancho hasta 7000mm de salida. VENTAJAS SOBRE OTROS PANELES: No necesita estructuras extra, correas [&hellip;]<\/p>\n","protected":false},"author":3,"featured_media":0,"parent":0,"menu_order":0,"comment_status":"closed","ping_status":"closed","template":"","meta":{"_et_pb_use_builder":"on","_et_pb_old_content":"","_et_gb_content_width":"","_joinchat":[],"footnotes":""},"class_list":["post-6082","page","type-page","status-publish","hentry"],"_links":{"self":[{"href":"https:\/\/toldosaraque.com\/madrid\/wp-json\/wp\/v2\/pages\/6082","targetHints":{"allow":["GET"]}}],"collection":[{"href":"https:\/\/toldosaraque.com\/madrid\/wp-json\/wp\/v2\/pages"}],"about":[{"href":"https:\/\/toldosaraque.com\/madrid\/wp-json\/wp\/v2\/types\/page"}],"author":[{"embeddable":true,"href":"https:\/\/toldosaraque.com\/madrid\/wp-json\/wp\/v2\/users\/3"}],"replies":[{"embeddable":true,"href":"https:\/\/toldosaraque.com\/madrid\/wp-json\/wp\/v2\/comments?post=6082"}],"version-history":[{"count":2,"href":"https:\/\/toldosaraque.com\/madrid\/wp-json\/wp\/v2\/pages\/6082\/revisions"}],"predecessor-version":[{"id":7649,"href":"https:\/\/toldosaraque.com\/madrid\/wp-json\/wp\/v2\/pages\/6082\/revisions\/7649"}],"wp:attachment":[{"href":"https:\/\/toldosaraque.com\/madrid\/wp-json\/wp\/v2\/media?parent=6082"}],"curies":[{"name":"wp","href":"https:\/\/api.w.org\/{rel}","templated":true}]}}