{"id":6110,"date":"2020-04-05T03:34:48","date_gmt":"2020-04-05T02:34:48","guid":{"rendered":"https:\/\/toldosaraque.com\/madrid\/?page_id=6110"},"modified":"2024-07-03T11:52:41","modified_gmt":"2024-07-03T10:52:41","slug":"techo-movil-sin-perfileria-horizontal-madrid","status":"publish","type":"page","link":"https:\/\/toldosaraque.com\/madrid\/techo-movil-sin-perfileria-horizontal-madrid\/","title":{"rendered":"TECHO MOVIL SIN PERFILERIA HORIZONTAL MADRID"},"content":{"rendered":"<p>[et_pb_section fb_built=\u00bb1&#8243; admin_label=\u00bbsection\u00bb _builder_version=\u00bb4.16&#8243; locked=\u00bboff\u00bb global_colors_info=\u00bb{}\u00bb][et_pb_row column_structure=\u00bb1_2,1_2&#8243; admin_label=\u00bbrow\u00bb _builder_version=\u00bb4.16&#8243; background_size=\u00bbinitial\u00bb background_position=\u00bbtop_left\u00bb background_repeat=\u00bbrepeat\u00bb global_colors_info=\u00bb{}\u00bb][et_pb_column type=\u00bb1_2&#8243; _builder_version=\u00bb4.16&#8243; custom_padding=\u00bb|||\u00bb global_colors_info=\u00bb{}\u00bb custom_padding__hover=\u00bb|||\u00bb][et_pb_text admin_label=\u00bbTexto\u00bb _builder_version=\u00bb4.19.5&#8243; header_font=\u00bb|700|||||||\u00bb background_size=\u00bbinitial\u00bb background_position=\u00bbtop_left\u00bb background_repeat=\u00bbrepeat\u00bb custom_margin=\u00bb||0px|\u00bb custom_padding=\u00bb||0px|\u00bb use_border_color=\u00bboff\u00bb border_color=\u00bb#ffffff\u00bb border_style=\u00bbsolid\u00bb global_colors_info=\u00bb{}\u00bb]<\/p><div id=\"ez-toc-container\" class=\"ez-toc-v2_0_81 ez-toc-wrap-center counter-hierarchy ez-toc-counter ez-toc-grey ez-toc-container-direction\">\n<p class=\"ez-toc-title\" style=\"cursor:inherit\">Resumen:<\/p>\n<label for=\"ez-toc-cssicon-toggle-item-6a08ed0cb2074\" class=\"ez-toc-cssicon-toggle-label\"><span class=\"ez-toc-cssicon\"><span class=\"eztoc-hide\" style=\"display:none;\">Toggle<\/span><span class=\"ez-toc-icon-toggle-span\"><svg style=\"fill: #999;color:#999\" xmlns=\"http:\/\/www.w3.org\/2000\/svg\" class=\"list-377408\" width=\"20px\" height=\"20px\" viewBox=\"0 0 24 24\" fill=\"none\"><path d=\"M6 6H4v2h2V6zm14 0H8v2h12V6zM4 11h2v2H4v-2zm16 0H8v2h12v-2zM4 16h2v2H4v-2zm16 0H8v2h12v-2z\" fill=\"currentColor\"><\/path><\/svg><svg style=\"fill: #999;color:#999\" class=\"arrow-unsorted-368013\" xmlns=\"http:\/\/www.w3.org\/2000\/svg\" width=\"10px\" height=\"10px\" viewBox=\"0 0 24 24\" version=\"1.2\" baseProfile=\"tiny\"><path d=\"M18.2 9.3l-6.2-6.3-6.2 6.3c-.2.2-.3.4-.3.7s.1.5.3.7c.2.2.4.3.7.3h11c.3 0 .5-.1.7-.3.2-.2.3-.5.3-.7s-.1-.5-.3-.7zM5.8 14.7l6.2 6.3 6.2-6.3c.2-.2.3-.5.3-.7s-.1-.5-.3-.7c-.2-.2-.4-.3-.7-.3h-11c-.3 0-.5.1-.7.3-.2.2-.3.5-.3.7s.1.5.3.7z\"\/><\/svg><\/span><\/span><\/label><input type=\"checkbox\"  id=\"ez-toc-cssicon-toggle-item-6a08ed0cb2074\" checked aria-label=\"Alternar\" \/><nav><ul class='ez-toc-list ez-toc-list-level-1 ' ><li class='ez-toc-page-1 ez-toc-heading-level-1'><a class=\"ez-toc-link ez-toc-heading-1\" href=\"https:\/\/toldosaraque.com\/madrid\/techo-movil-sin-perfileria-horizontal-madrid\/#techo-movil-sin-perfileria-horizontal\" >TECHO M\u00d3VIL SIN PERFILER\u00cdA HORIZONTAL<\/a><ul class='ez-toc-list-level-3' ><li class='ez-toc-heading-level-3'><ul class='ez-toc-list-level-3' ><li class='ez-toc-heading-level-3'><a class=\"ez-toc-link ez-toc-heading-2\" href=\"https:\/\/toldosaraque.com\/madrid\/techo-movil-sin-perfileria-horizontal-madrid\/#tipos-de-placas\" >Tipos de placas<\/a><\/li><li class='ez-toc-page-1 ez-toc-heading-level-3'><a class=\"ez-toc-link ez-toc-heading-3\" href=\"https:\/\/toldosaraque.com\/madrid\/techo-movil-sin-perfileria-horizontal-madrid\/#aperturas\" >Aperturas<\/a><ul class='ez-toc-list-level-6' ><li class='ez-toc-heading-level-6'><ul class='ez-toc-list-level-6' ><li class='ez-toc-heading-level-6'><ul class='ez-toc-list-level-6' ><li class='ez-toc-heading-level-6'><a class=\"ez-toc-link ez-toc-heading-4\" href=\"https:\/\/toldosaraque.com\/madrid\/techo-movil-sin-perfileria-horizontal-madrid\/#%e2%80%93-66-3-hojas\" >&#8211;        66% (3 hojas)<\/a><\/li><li class='ez-toc-page-1 ez-toc-heading-level-6'><a class=\"ez-toc-link ez-toc-heading-5\" href=\"https:\/\/toldosaraque.com\/madrid\/techo-movil-sin-perfileria-horizontal-madrid\/#%e2%80%93-75-4-hojas\" >&#8211;        75% (4 hojas)<\/a><\/li><li class='ez-toc-page-1 ez-toc-heading-level-6'><a class=\"ez-toc-link ez-toc-heading-6\" href=\"https:\/\/toldosaraque.com\/madrid\/techo-movil-sin-perfileria-horizontal-madrid\/#%e2%80%93-80-5-hojas\" >&#8211;        80% (5 hojas)<\/a><\/li><li class='ez-toc-page-1 ez-toc-heading-level-6'><a class=\"ez-toc-link ez-toc-heading-7\" href=\"https:\/\/toldosaraque.com\/madrid\/techo-movil-sin-perfileria-horizontal-madrid\/#%e2%80%93-85-6-hojas\" >&#8211;        85% (6 hojas)<\/a><\/li><\/ul><\/li><\/ul><\/li><\/ul><\/li><li class='ez-toc-page-1 ez-toc-heading-level-3'><a class=\"ez-toc-link ez-toc-heading-8\" href=\"https:\/\/toldosaraque.com\/madrid\/techo-movil-sin-perfileria-horizontal-madrid\/#galeria-de-imagenes\" >GALERIA DE IMAGENES<\/a><ul class='ez-toc-list-level-4' ><li class='ez-toc-heading-level-4'><a class=\"ez-toc-link ez-toc-heading-9\" href=\"https:\/\/toldosaraque.com\/madrid\/techo-movil-sin-perfileria-horizontal-madrid\/#caracteristicas\" >CARACTERISTICAS<\/a><\/li><li class='ez-toc-page-1 ez-toc-heading-level-4'><a class=\"ez-toc-link ez-toc-heading-10\" href=\"https:\/\/toldosaraque.com\/madrid\/techo-movil-sin-perfileria-horizontal-madrid\/#mas-informacion\" >M\u00c1S INFORMACI\u00d3N<\/a><\/li><\/ul><\/li><\/ul><\/li><li class='ez-toc-page-1 ez-toc-heading-level-2'><a class=\"ez-toc-link ez-toc-heading-11\" href=\"https:\/\/toldosaraque.com\/madrid\/techo-movil-sin-perfileria-horizontal-madrid\/#techos-moviles\" >Techos moviles<\/a><\/li><li class='ez-toc-page-1 ez-toc-heading-level-2'><a class=\"ez-toc-link ez-toc-heading-12\" href=\"https:\/\/toldosaraque.com\/madrid\/techo-movil-sin-perfileria-horizontal-madrid\/#movil-horizontal\" >Movil horizontal<\/a><\/li><li class='ez-toc-page-1 ez-toc-heading-level-2'><a class=\"ez-toc-link ez-toc-heading-13\" href=\"https:\/\/toldosaraque.com\/madrid\/techo-movil-sin-perfileria-horizontal-madrid\/#techo-movil\" >Techo movil<\/a><\/li><li class='ez-toc-page-1 ez-toc-heading-level-2'><a class=\"ez-toc-link ez-toc-heading-14\" href=\"https:\/\/toldosaraque.com\/madrid\/techo-movil-sin-perfileria-horizontal-madrid\/#techos-moviles-madrid\" >Techos moviles madrid<\/a><\/li><\/ul><\/li><\/ul><\/nav><\/div>\n\n<h1 style=\"text-align: center;\"><span class=\"ez-toc-section\" id=\"techo-movil-sin-perfileria-horizontal\"><\/span>TECHO M\u00d3VIL SIN PERFILER\u00cdA HORIZONTAL<span class=\"ez-toc-section-end\"><\/span><\/h1>\n<p>[\/et_pb_text][et_pb_divider color=\u00bb#2c99fc\u00bb admin_label=\u00bbSeparador\u00bb _builder_version=\u00bb4.16&#8243; hide_on_mobile=\u00bboff\u00bb global_colors_info=\u00bb{}\u00bb][\/et_pb_divider][et_pb_text admin_label=\u00bbTexto\u00bb _builder_version=\u00bb4.16&#8243; background_size=\u00bbinitial\u00bb background_position=\u00bbtop_left\u00bb background_repeat=\u00bbrepeat\u00bb use_border_color=\u00bboff\u00bb border_color=\u00bb#ffffff\u00bb border_style=\u00bbsolid\u00bb global_colors_info=\u00bb{}\u00bb]<\/p>\n<p>\u00danico techo m\u00f3vil de cristal del mercado que elimina la perfiler\u00eda horizontal para obtener un dise\u00f1o limpio creando espacios \u00fanicos.<\/p>\n<p>El Techo M\u00f3vil funciona por rodamientos, a diferencia de otras marcas que funcionan por deslizamiento encima de felpudos, se eliminan los felpudos de las gu\u00edas y se sit\u00faan en las hojas, evitando los problemas habituales de los sistemas de deslizamiento.<\/p>\n<p>Gracias al dise\u00f1o homog\u00e9neo y actual, la torniller\u00eda y los motores est\u00e1n ocultos mediante tapas de extrusi\u00f3n.<\/p>\n<p>Al eliminar la perfiler\u00eda horizontal, el agua circula sin obst\u00e1culos hacia el canal\u00f3n, siendo canalizada para su posterior evacuaci\u00f3n.<\/p>\n<p>Accionamiento Manual: mediante p\u00e9rtiga al ser un techo con rodamientos la opci\u00f3n manual es sencilla y f\u00e1cil de usar. Usando un retenedor en la parte trasera para evitar que las hojas deslicen.<\/p>\n<p>Accionamiento Motorizado: motorizaci\u00f3n de doble tiro, para evitar torsiones en la hoja y tensiones en las correas de transmisi\u00f3n aumentando la durabilidad y reduciendo el ruido. El motor queda oculto en la cobija con una bonita tapa de extrusi\u00f3n para evitar feos a\u00f1adidos como chapas plegadas, adem\u00e1s esta tapa ayuda a mitigar el sonido del motor.<\/p>\n<h3><span class=\"ez-toc-section\" id=\"tipos-de-placas\"><\/span>Tipos de placas:<span class=\"ez-toc-section-end\"><\/span><\/h3>\n<p>\u2013 Cristal Seguridad Laminado 4+4<br \/>\u2013 Cristal C\u00e1mara 16mm (3+3 \/ 6 \/ Templado de 4mm)<br \/>\u2013 Policarbonato 16mm<br \/>\u2013 Panel S\u00e1ndwich 16mm<\/p>\n<p>&nbsp;<\/p>\n<h3><span class=\"ez-toc-section\" id=\"aperturas\"><\/span>Aperturas:<span class=\"ez-toc-section-end\"><\/span><\/h3>\n<h6><span class=\"ez-toc-section\" id=\"%e2%80%93-66-3-hojas\"><\/span>&#8211;        66% (3 hojas)<span class=\"ez-toc-section-end\"><\/span><\/h6>\n<h6><span class=\"ez-toc-section\" id=\"%e2%80%93-75-4-hojas\"><\/span>&#8211;        75% (4 hojas)<span class=\"ez-toc-section-end\"><\/span><\/h6>\n<h6><span class=\"ez-toc-section\" id=\"%e2%80%93-80-5-hojas\"><\/span>&#8211;        80% (5 hojas)<span class=\"ez-toc-section-end\"><\/span><\/h6>\n<h6><span class=\"ez-toc-section\" id=\"%e2%80%93-85-6-hojas\"><\/span>&#8211;        85% (6 hojas)<span class=\"ez-toc-section-end\"><\/span><\/h6>\n<p>[\/et_pb_text][\/et_pb_column][et_pb_column type=\u00bb1_2&#8243; _builder_version=\u00bb4.16&#8243; custom_padding=\u00bb|||\u00bb global_colors_info=\u00bb{}\u00bb custom_padding__hover=\u00bb|||\u00bb][et_pb_image src=\u00bbhttps:\/\/toldosaraque.com\/madrid\/wp-content\/uploads\/2020\/04\/TECHO-MOVIL-SIN-PERFILES-MADRID-8-2.jpg\u00bb align_tablet=\u00bbcenter\u00bb align_phone=\u00bb\u00bb align_last_edited=\u00bbon|desktop\u00bb admin_label=\u00bbImagen\u00bb _builder_version=\u00bb4.16&#8243; custom_margin=\u00bb0px|||\u00bb animation_style=\u00bbslide\u00bb animation_direction=\u00bbleft\u00bb animation_duration=\u00bb500ms\u00bb animation_intensity_slide=\u00bb10%\u00bb border_style=\u00bbsolid\u00bb sticky=\u00bboff\u00bb global_colors_info=\u00bb{}\u00bb][\/et_pb_image][\/et_pb_column][\/et_pb_row][et_pb_row _builder_version=\u00bb4.16&#8243; global_colors_info=\u00bb{}\u00bb][et_pb_column type=\u00bb4_4&#8243; _builder_version=\u00bb4.16&#8243; global_colors_info=\u00bb{}\u00bb][et_pb_text admin_label=\u00bbTexto\u00bb _builder_version=\u00bb4.16&#8243; background_size=\u00bbinitial\u00bb background_position=\u00bbtop_left\u00bb background_repeat=\u00bbrepeat\u00bb custom_margin=\u00bb||0px|\u00bb custom_padding=\u00bb||0px|\u00bb use_border_color=\u00bboff\u00bb border_color=\u00bb#ffffff\u00bb border_style=\u00bbsolid\u00bb global_colors_info=\u00bb{}\u00bb]<\/p>\n<h3 style=\"text-align: center;\"><span class=\"ez-toc-section\" id=\"galeria-de-imagenes\"><\/span>GALERIA DE IMAGENES<span class=\"ez-toc-section-end\"><\/span><\/h3>\n<p>[\/et_pb_text][et_pb_divider color=\u00bb#2c99fc\u00bb admin_label=\u00bbSeparador\u00bb _builder_version=\u00bb4.16&#8243; hide_on_mobile=\u00bboff\u00bb global_colors_info=\u00bb{}\u00bb][\/et_pb_divider][et_pb_gallery gallery_ids=\u00bb6047,6048,6049,6050,6051,6052,6053,6054&#8243; show_title_and_caption=\u00bboff\u00bb zoom_icon_color=\u00bb#2ea3f2&#8243; admin_label=\u00bbGaler\u00eda\u00bb _builder_version=\u00bb4.16&#8243; border_style=\u00bbsolid\u00bb global_colors_info=\u00bb{}\u00bb][\/et_pb_gallery][\/et_pb_column][\/et_pb_row][et_pb_row _builder_version=\u00bb4.16&#8243; background_size=\u00bbinitial\u00bb background_position=\u00bbtop_left\u00bb background_repeat=\u00bbrepeat\u00bb locked=\u00bboff\u00bb global_colors_info=\u00bb{}\u00bb][et_pb_column type=\u00bb4_4&#8243; _builder_version=\u00bb4.16&#8243; custom_padding=\u00bb|||\u00bb global_colors_info=\u00bb{}\u00bb custom_padding__hover=\u00bb|||\u00bb][et_pb_text _builder_version=\u00bb4.16&#8243; background_size=\u00bbinitial\u00bb background_position=\u00bbtop_left\u00bb background_repeat=\u00bbrepeat\u00bb custom_margin=\u00bb||0px|\u00bb use_border_color=\u00bboff\u00bb border_color=\u00bb#ffffff\u00bb border_style=\u00bbsolid\u00bb global_colors_info=\u00bb{}\u00bb]<\/p>\n<h4><span class=\"ez-toc-section\" id=\"caracteristicas\"><\/span>CARACTERISTICAS<span class=\"ez-toc-section-end\"><\/span><\/h4>\n<p>[\/et_pb_text][et_pb_divider color=\u00bb#2c99fc\u00bb _builder_version=\u00bb4.16&#8243; hide_on_mobile=\u00bboff\u00bb global_colors_info=\u00bb{}\u00bb]&nbsp;<br \/>\n[\/et_pb_divider][et_pb_gallery gallery_ids=\u00bb6117,6116,6115,6114&#8243; show_title_and_caption=\u00bboff\u00bb zoom_icon_color=\u00bb#2ea3f2&#8243; admin_label=\u00bbGaler\u00eda\u00bb _builder_version=\u00bb4.16&#8243; border_style=\u00bbsolid\u00bb global_colors_info=\u00bb{}\u00bb][\/et_pb_gallery][\/et_pb_column][\/et_pb_row][et_pb_row _builder_version=\u00bb4.16&#8243; background_size=\u00bbinitial\u00bb background_position=\u00bbtop_left\u00bb background_repeat=\u00bbrepeat\u00bb locked=\u00bboff\u00bb global_colors_info=\u00bb{}\u00bb][et_pb_column type=\u00bb4_4&#8243; _builder_version=\u00bb4.16&#8243; custom_padding=\u00bb|||\u00bb global_colors_info=\u00bb{}\u00bb custom_padding__hover=\u00bb|||\u00bb][et_pb_text _builder_version=\u00bb4.24.2&#8243; background_size=\u00bbinitial\u00bb background_position=\u00bbtop_left\u00bb background_repeat=\u00bbrepeat\u00bb custom_margin=\u00bb||0px|\u00bb use_border_color=\u00bboff\u00bb border_color=\u00bb#ffffff\u00bb border_style=\u00bbsolid\u00bb global_colors_info=\u00bb{}\u00bb]<\/p>\n<h4><span class=\"ez-toc-section\" id=\"mas-informacion\"><\/span>M\u00c1S INFORMACI\u00d3N<span class=\"ez-toc-section-end\"><\/span><\/h4>\n<p>[\/et_pb_text][et_pb_divider color=\u00bb#2c99fc\u00bb _builder_version=\u00bb4.16&#8243; hide_on_mobile=\u00bboff\u00bb global_colors_info=\u00bb{}\u00bb]&nbsp;<br \/>\n[\/et_pb_divider][et_pb_text _builder_version=\u00bb4.24.2&#8243; background_size=\u00bbinitial\u00bb background_position=\u00bbtop_left\u00bb background_repeat=\u00bbrepeat\u00bb custom_margin=\u00bb||0px|\u00bb hover_enabled=\u00bb0&#8243; use_border_color=\u00bboff\u00bb border_color=\u00bb#ffffff\u00bb border_style=\u00bbsolid\u00bb global_colors_info=\u00bb{}\u00bb sticky_enabled=\u00bb0&#8243;]<\/p>\n<h2><span class=\"ez-toc-section\" id=\"techos-moviles\"><\/span>Techos moviles<span class=\"ez-toc-section-end\"><\/span><\/h2>\n<p>Los <strong>techos m\u00f3viles<\/strong> representan una soluci\u00f3n innovadora y pr\u00e1ctica para espacios que requieren versatilidad y aprovechamiento de la luz natural. Esta clase de estructuras se caracteriza por su capacidad de abrirse y cerrarse f\u00e1cilmente, lo que permite transformar \u00e1reas cerradas en abiertas y viceversa. La ausencia de perfiler\u00eda horizontal en techos m\u00f3viles en Madrid ofrece una visi\u00f3n panor\u00e1mica del cielo y maximiza la entrada de luz, un aspecto muy valorado en proyectos de arquitectura contempor\u00e1nea y dise\u00f1o de interiores.<\/p>\n<p>La instalaci\u00f3n de un <strong>techo m\u00f3vil sin perfiler\u00eda horizontal<\/strong> en Madrid es una opci\u00f3n cada vez m\u00e1s demandada por aquellos que buscan un acabado minimalista y elegante. Gracias a la tecnolog\u00eda avanzada de estos sistemas, se consigue una integraci\u00f3n casi imperceptible con el entorno, sin obstaculizar la vista ni desentonar con el dise\u00f1o general del espacio. Estos techos ofrecen una combinaci\u00f3n perfecta entre funcionalidad y est\u00e9tica, adapt\u00e1ndose a diferentes estilos y necesidades de los clientes.<\/p>\n<p>Adem\u00e1s de la belleza y la funcionalidad, la <strong>seguridad y durabilidad<\/strong> son aspectos fundamentales de los techos m\u00f3viles sin perfiler\u00eda horizontal. Est\u00e1n dise\u00f1ados para resistir las condiciones meteorol\u00f3gicas adversas, como fuertes vientos, lluvias intensas y la exposici\u00f3n prolongada al sol. Los materiales utilizados, habitualmente vidrio y aluminio de alta calidad, garantizan una larga vida \u00fatil y un mantenimiento m\u00ednimo, convirtiendo a estos techos en una inversi\u00f3n inteligente a largo plazo.<\/p>\n<p>En cuanto a la personalizaci\u00f3n, los <strong>techos m\u00f3viles en Madrid<\/strong> pueden ser dise\u00f1ados a medida para satisfacer las necesidades espec\u00edficas de cada proyecto. Los usuarios pueden elegir entre una amplia gama de opciones, desde el tipo de acristalamiento hasta el color y el acabado de los perfiles. Esta personalizaci\u00f3n permite que los techos m\u00f3viles se integren de forma arm\u00f3nica en cualquier tipo de estructura, ya sea residencial, comercial o de ocio, aumentando el valor y la funcionalidad del inmueble.<\/p>\n<p>Finalmente, la instalaci\u00f3n de un <strong>techo m\u00f3vil sin perfiler\u00eda horizontal<\/strong> en Madrid no solo mejora la est\u00e9tica y el valor de una propiedad, sino que tambi\u00e9n contribuye a la eficiencia energ\u00e9tica. El uso inteligente del vidrio puede ayudar a minimizar la necesidad de calefacci\u00f3n y aire acondicionado, gracias a su capacidad para mantener la temperatura interior y aprovechar la luz solar. As\u00ed, los propietarios pueden disfrutar de un espacio confortable durante todo el a\u00f1o, con el beneficio adicional de reducir el consumo de energ\u00eda y el efecto ambiental.<\/p>\n<h2><span class=\"ez-toc-section\" id=\"movil-horizontal\"><\/span>Movil horizontal<span class=\"ez-toc-section-end\"><\/span><\/h2>\n<p>El <strong>techo m\u00f3vil sin perfiler\u00eda horizontal<\/strong> representa una soluci\u00f3n innovadora y est\u00e9ticamente atractiva para espacios exteriores en Madrid. Este tipo de techo se caracteriza por su sistema de apertura y cierre que facilita la adaptaci\u00f3n a las condiciones clim\u00e1ticas, proporcionando una protecci\u00f3n eficaz contra la lluvia, el sol y otros elementos sin comprometer la visibilidad ni la luminosidad natural del ambiente.<\/p>\n<p>La ausencia de perfiles horizontales en estos techos m\u00f3viles no solo mejora la visi\u00f3n panor\u00e1mica sino que tambi\u00e9n <strong>maximiza la sensaci\u00f3n de amplitud<\/strong> en terrazas, patios o jardines. Esta caracter\u00edstica es especialmente valorada en la arquitectura contempor\u00e1nea de Madrid, donde el dise\u00f1o minimalista y la funcionalidad van de la mano para crear espacios abiertos y llenos de luz.<\/p>\n<p>La instalaci\u00f3n de un techo m\u00f3vil sin perfiler\u00eda horizontal en Madrid es un proceso que requiere de una planificaci\u00f3n cuidadosa y una ejecuci\u00f3n precisa. Los sistemas de alta tecnolog\u00eda utilizados posibilitan que el techo se desplace suavemente y con poco esfuerzo, gracias a mecanismos de <strong>\u00faltima generaci\u00f3n que garantizan su durabilidad y resistencia<\/strong> a las variaciones clim\u00e1ticas propias de la regi\u00f3n.<\/p>\n<p>Adem\u00e1s, la opci\u00f3n de un techo m\u00f3vil sin perfiler\u00eda horizontal se alinea con el compromiso ambiental, ya que permite el aprovechamiento m\u00e1ximo de la luz natural, reduciendo la necesidad de iluminaci\u00f3n artificial y, por consiguiente, el consumo energ\u00e9tico. Este aspecto es fundamental en una ciudad como Madrid, donde la <strong>sostenibilidad y la eficiencia energ\u00e9tica<\/strong> son cada vez m\u00e1s prioritarias en la construcci\u00f3n y la renovaci\u00f3n de espacios.<\/p>\n<p>En resumen, la elecci\u00f3n de un techo m\u00f3vil sin perfiler\u00eda horizontal en Madrid aporta un valor agregado tanto funcional como est\u00e9tico a cualquier propiedad. La integraci\u00f3n perfecta con el paisaje urbano, junto con la facilidad de uso y los beneficios energ\u00e9ticos, convierten a esta soluci\u00f3n en una <strong>inversi\u00f3n inteligente a largo plazo<\/strong> para quienes buscan confort y dise\u00f1o en su espacio al aire libre.<\/p>\n<h2><span class=\"ez-toc-section\" id=\"techo-movil\"><\/span>Techo movil<span class=\"ez-toc-section-end\"><\/span><\/h2>\n<p>Madrid, una ciudad que combina perfectamente la modernidad con la tradici\u00f3n, ofrece soluciones innovadoras en el \u00e1mbito de la construcci\u00f3n y la arquitectura. Entre estas, destaca el <strong>techo m\u00f3vil sin perfiler\u00eda horizontal<\/strong>, una alternativa que proporciona una sensaci\u00f3n de apertura y conexi\u00f3n con el exterior sin comprometer la protecci\u00f3n y el confort. Estos techos son ideales para disfrutar de espacios como terrazas, patios o jardines de invierno, manteniendo una vista despejada del cielo y permitiendo la entrada de luz natural.<\/p>\n<p>La instalaci\u00f3n de un techo m\u00f3vil sin perfiler\u00eda horizontal en Madrid representa una soluci\u00f3n perfecta para aquellos que desean un dise\u00f1o minimalista y elegante. Gracias a la ausencia de perfiles horizontales, se logra una <strong>integraci\u00f3n visual impecable<\/strong> con la estructura existente, creando una transici\u00f3n fluida entre el interior y el exterior. Adem\u00e1s, este tipo de techo m\u00f3vil permite una instalaci\u00f3n r\u00e1pida y limpia, adapt\u00e1ndose a las necesidades espec\u00edficas de cada espacio y cliente.<\/p>\n<p>En cuanto a la funcionalidad, el techo m\u00f3vil sin perfiler\u00eda horizontal no solo aporta belleza est\u00e9tica, sino que tambi\u00e9n ofrece <strong>altos niveles de aislamiento t\u00e9rmico y ac\u00fastico<\/strong>, lo cual es esencial para disfrutar de un ambiente confortable durante todo el a\u00f1o. Gracias a materiales de alta calidad y sistemas de sellado avanzados, estos techos protegen contra las inclemencias del tiempo, manteniendo el espacio debajo fresco en verano y c\u00e1lido en invierno.<\/p>\n<p>La tecnolog\u00eda aplicada en los techos m\u00f3viles sin perfiler\u00eda horizontal permite que su manejo sea sumamente pr\u00e1ctico y f\u00e1cil. Con sistemas de apertura motorizados y controles remotos o incluso conectividad inteligente, los usuarios pueden <strong>ajustar la posici\u00f3n del techo<\/strong> con el simple toque de un bot\u00f3n. Esto significa que se puede controlar la cantidad de luz solar o aire fresco que entra en la habitaci\u00f3n, ofreciendo una experiencia totalmente personalizable.<\/p>\n<p>Finalmente, cabe destacar que la elecci\u00f3n de un techo m\u00f3vil sin perfiler\u00eda horizontal en Madrid es tambi\u00e9n una decisi\u00f3n <strong>eco-consciente<\/strong>. Al permitir el aprovechamiento m\u00e1ximo de la luz natural, se reduce la necesidad de iluminaci\u00f3n artificial y, por consiguiente, el consumo energ\u00e9tico. Esto, sumado a la posibilidad de usar materiales reciclables y sostenibles, convierte a esta opci\u00f3n en una inversi\u00f3n responsable con el medio ambiente y con el futuro de la ciudad.<\/p>\n<h2><span class=\"ez-toc-section\" id=\"techos-moviles-madrid\"><\/span>Techos moviles madrid<span class=\"ez-toc-section-end\"><\/span><\/h2>\n<p>Madrid, con su clima diverso que va desde los fr\u00edos inviernos hasta los c\u00e1lidos veranos, presenta la necesidad de soluciones vers\u00e1tiles para los espacios exteriores. Aqu\u00ed es donde los <strong>techos m\u00f3viles<\/strong> entran en juego, ofreciendo una combinaci\u00f3n ideal de protecci\u00f3n y adaptabilidad. Estas estructuras posibilitan transformar terrazas, patios o porches en zonas resguardadas del sol, la lluvia o el fr\u00edo, sin sacrificar la posibilidad de disfrutar de un d\u00eda despejado al aire libre cuando el clima lo permite.<\/p>\n<p>Una de las tendencias m\u00e1s innovadoras en este mercado son los <strong>techos m\u00f3viles sin perfiler\u00eda horizontal<\/strong>. Estos sistemas destacan por su dise\u00f1o minimalista y su capacidad para ofrecer vistas ininterrumpidas del cielo. Son una opci\u00f3n est\u00e9ticamente agradable que se integra perfectamente en cualquier tipo de arquitectura, brindando una sensaci\u00f3n de amplitud y libertad, al tiempo que aseguran una funcionalidad y resistencia \u00f3ptimas.<\/p>\n<p>En Madrid, la instalaci\u00f3n de estos techos requiere de una especial atenci\u00f3n a la calidad de los materiales y a la precisi\u00f3n en la ejecuci\u00f3n. Los <strong>techos m\u00f3viles<\/strong> deben estar preparados para soportar las variaciones clim\u00e1ticas, garantizando una durabilidad y un bajo mantenimiento a lo largo del tiempo. Los proveedores l\u00edderes en la capital ofrecen soluciones personalizadas, adapt\u00e1ndose a las necesidades espec\u00edficas de cada cliente y al entorno arquitect\u00f3nico en el que se instalar\u00e1n.<\/p>\n<p>El auge de espacios multifuncionales en viviendas y locales comerciales ha puesto de manifiesto la importancia de contar con \u00e1reas que puedan ser aprovechadas todo el a\u00f1o. Los techos m\u00f3viles sin perfiler\u00eda horizontal son una soluci\u00f3n excelente para ello, ya que brindan la posibilidad de <strong>abrir y cerrar el techo<\/strong> seg\u00fan se desee, convirtiendo cualquier espacio en un ambiente cerrado o al aire libre en cuesti\u00f3n de segundos.<\/p>\n<p>Para aquellos interesados en estas innovaciones en Madrid, es recomendable buscar empresas especializadas que no solo ofrezcan el producto, sino tambi\u00e9n un servicio integral que incluya asesoramiento, dise\u00f1o, instalaci\u00f3n y mantenimiento. De esta forma, se asegura que el techo m\u00f3vil sin perfiler\u00eda horizontal sea una inversi\u00f3n a largo plazo que <strong>eleve la calidad de vida<\/strong> y el valor de la propiedad.<\/p>\n<p>[\/et_pb_text][\/et_pb_column][\/et_pb_row][\/et_pb_section]<\/p>\n","protected":false},"excerpt":{"rendered":"<p>TECHO M\u00d3VIL SIN PERFILER\u00cdA HORIZONTAL\u00danico techo m\u00f3vil de cristal del mercado que elimina la perfiler\u00eda horizontal para obtener un dise\u00f1o limpio creando espacios \u00fanicos. El Techo M\u00f3vil funciona por rodamientos, a diferencia de otras marcas que funcionan por deslizamiento encima de felpudos, se eliminan los felpudos de las gu\u00edas y se sit\u00faan en las hojas, [&hellip;]<\/p>\n","protected":false},"author":3,"featured_media":0,"parent":0,"menu_order":0,"comment_status":"closed","ping_status":"closed","template":"","meta":{"_et_pb_use_builder":"on","_et_pb_old_content":"","_et_gb_content_width":"","_joinchat":[],"footnotes":""},"class_list":["post-6110","page","type-page","status-publish","hentry"],"_links":{"self":[{"href":"https:\/\/toldosaraque.com\/madrid\/wp-json\/wp\/v2\/pages\/6110","targetHints":{"allow":["GET"]}}],"collection":[{"href":"https:\/\/toldosaraque.com\/madrid\/wp-json\/wp\/v2\/pages"}],"about":[{"href":"https:\/\/toldosaraque.com\/madrid\/wp-json\/wp\/v2\/types\/page"}],"author":[{"embeddable":true,"href":"https:\/\/toldosaraque.com\/madrid\/wp-json\/wp\/v2\/users\/3"}],"replies":[{"embeddable":true,"href":"https:\/\/toldosaraque.com\/madrid\/wp-json\/wp\/v2\/comments?post=6110"}],"version-history":[{"count":0,"href":"https:\/\/toldosaraque.com\/madrid\/wp-json\/wp\/v2\/pages\/6110\/revisions"}],"wp:attachment":[{"href":"https:\/\/toldosaraque.com\/madrid\/wp-json\/wp\/v2\/media?parent=6110"}],"curies":[{"name":"wp","href":"https:\/\/api.w.org\/{rel}","templated":true}]}}