{"id":6127,"date":"2020-04-05T03:34:14","date_gmt":"2020-04-05T02:34:14","guid":{"rendered":"https:\/\/toldosaraque.com\/madrid\/?page_id=6127"},"modified":"2025-06-06T11:12:10","modified_gmt":"2025-06-06T10:12:10","slug":"techo-fijo-madrid","status":"publish","type":"page","link":"https:\/\/toldosaraque.com\/madrid\/techo-fijo-madrid\/","title":{"rendered":"TECHO FIJO MADRID"},"content":{"rendered":"<p>[et_pb_section fb_built=\u00bb1&#8243; admin_label=\u00bbsection\u00bb _builder_version=\u00bb4.16&#8243; locked=\u00bboff\u00bb global_colors_info=\u00bb{}\u00bb][et_pb_row column_structure=\u00bb1_2,1_2&#8243; admin_label=\u00bbrow\u00bb _builder_version=\u00bb4.16&#8243; background_size=\u00bbinitial\u00bb background_position=\u00bbtop_left\u00bb background_repeat=\u00bbrepeat\u00bb global_colors_info=\u00bb{}\u00bb][et_pb_column type=\u00bb1_2&#8243; _builder_version=\u00bb4.16&#8243; custom_padding=\u00bb|||\u00bb global_colors_info=\u00bb{}\u00bb custom_padding__hover=\u00bb|||\u00bb][et_pb_text admin_label=\u00bbTexto\u00bb _builder_version=\u00bb4.19.5&#8243; header_font=\u00bb|700|||||||\u00bb background_size=\u00bbinitial\u00bb background_position=\u00bbtop_left\u00bb background_repeat=\u00bbrepeat\u00bb custom_margin=\u00bb||0px|\u00bb custom_padding=\u00bb||0px|\u00bb use_border_color=\u00bboff\u00bb border_color=\u00bb#ffffff\u00bb border_style=\u00bbsolid\u00bb global_colors_info=\u00bb{}\u00bb]<\/p><div id=\"ez-toc-container\" class=\"ez-toc-v2_0_81 ez-toc-wrap-center counter-hierarchy ez-toc-counter ez-toc-grey ez-toc-container-direction\">\n<p class=\"ez-toc-title\" style=\"cursor:inherit\">Resumen:<\/p>\n<label for=\"ez-toc-cssicon-toggle-item-69fea50cc04df\" class=\"ez-toc-cssicon-toggle-label\"><span class=\"ez-toc-cssicon\"><span class=\"eztoc-hide\" style=\"display:none;\">Toggle<\/span><span class=\"ez-toc-icon-toggle-span\"><svg style=\"fill: #999;color:#999\" xmlns=\"http:\/\/www.w3.org\/2000\/svg\" class=\"list-377408\" width=\"20px\" height=\"20px\" viewBox=\"0 0 24 24\" fill=\"none\"><path d=\"M6 6H4v2h2V6zm14 0H8v2h12V6zM4 11h2v2H4v-2zm16 0H8v2h12v-2zM4 16h2v2H4v-2zm16 0H8v2h12v-2z\" fill=\"currentColor\"><\/path><\/svg><svg style=\"fill: #999;color:#999\" class=\"arrow-unsorted-368013\" xmlns=\"http:\/\/www.w3.org\/2000\/svg\" width=\"10px\" height=\"10px\" viewBox=\"0 0 24 24\" version=\"1.2\" baseProfile=\"tiny\"><path d=\"M18.2 9.3l-6.2-6.3-6.2 6.3c-.2.2-.3.4-.3.7s.1.5.3.7c.2.2.4.3.7.3h11c.3 0 .5-.1.7-.3.2-.2.3-.5.3-.7s-.1-.5-.3-.7zM5.8 14.7l6.2 6.3 6.2-6.3c.2-.2.3-.5.3-.7s-.1-.5-.3-.7c-.2-.2-.4-.3-.7-.3h-11c-.3 0-.5.1-.7.3-.2.2-.3.5-.3.7s.1.5.3.7z\"\/><\/svg><\/span><\/span><\/label><input type=\"checkbox\"  id=\"ez-toc-cssicon-toggle-item-69fea50cc04df\" checked aria-label=\"Alternar\" \/><nav><ul class='ez-toc-list ez-toc-list-level-1 ' ><li class='ez-toc-page-1 ez-toc-heading-level-1'><a class=\"ez-toc-link ez-toc-heading-1\" href=\"https:\/\/toldosaraque.com\/madrid\/techo-fijo-madrid\/#techo-fijo\" >TECHO FIJO<\/a><ul class='ez-toc-list-level-3' ><li class='ez-toc-heading-level-3'><ul class='ez-toc-list-level-3' ><li class='ez-toc-heading-level-3'><a class=\"ez-toc-link ez-toc-heading-2\" href=\"https:\/\/toldosaraque.com\/madrid\/techo-fijo-madrid\/#galeria-de-imagenes\" >GALERIA DE IMAGENES<\/a><ul class='ez-toc-list-level-4' ><li class='ez-toc-heading-level-4'><a class=\"ez-toc-link ez-toc-heading-3\" href=\"https:\/\/toldosaraque.com\/madrid\/techo-fijo-madrid\/#caracteristicas\" >CARACTERISTICAS<\/a><\/li><li class='ez-toc-page-1 ez-toc-heading-level-4'><a class=\"ez-toc-link ez-toc-heading-4\" href=\"https:\/\/toldosaraque.com\/madrid\/techo-fijo-madrid\/#mas-informacion\" >M\u00c1S INFORMACI\u00d3N<\/a><\/li><\/ul><\/li><\/ul><\/li><li class='ez-toc-page-1 ez-toc-heading-level-2'><a class=\"ez-toc-link ez-toc-heading-5\" href=\"https:\/\/toldosaraque.com\/madrid\/techo-fijo-madrid\/#techo-fijo-2\" >Techo fijo<\/a><\/li><li class='ez-toc-page-1 ez-toc-heading-level-2'><a class=\"ez-toc-link ez-toc-heading-6\" href=\"https:\/\/toldosaraque.com\/madrid\/techo-fijo-madrid\/#techos-fijos-policarbonato\" >Techos fijos policarbonato<\/a><ul class='ez-toc-list-level-5' ><li class='ez-toc-heading-level-5'><ul class='ez-toc-list-level-5' ><li class='ez-toc-heading-level-5'><ul class='ez-toc-list-level-5' ><li class='ez-toc-heading-level-5'><a class=\"ez-toc-link ez-toc-heading-7\" href=\"https:\/\/toldosaraque.com\/madrid\/techo-fijo-madrid\/#techo-fijo-3\" >Techo Fijo<\/a><\/li><\/ul><\/li><\/ul><\/li><\/ul><\/li><li class='ez-toc-page-1 ez-toc-heading-level-2'><a class=\"ez-toc-link ez-toc-heading-8\" href=\"https:\/\/toldosaraque.com\/madrid\/techo-fijo-madrid\/#techo-fijo-policarbonato\" >Techo fijo policarbonato<\/a><\/li><li class='ez-toc-page-1 ez-toc-heading-level-2'><a class=\"ez-toc-link ez-toc-heading-9\" href=\"https:\/\/toldosaraque.com\/madrid\/techo-fijo-madrid\/#techos-de-cristal-fijos-madrid\" >Techos de cristal fijos madrid<\/a><\/li><\/ul><\/li><\/ul><\/nav><\/div>\n\n<h1 style=\"text-align: center;\"><span class=\"ez-toc-section\" id=\"techo-fijo\"><\/span>TECHO FIJO<span class=\"ez-toc-section-end\"><\/span><\/h1>\n<p>[\/et_pb_text][et_pb_divider color=\u00bb#2c99fc\u00bb admin_label=\u00bbSeparador\u00bb _builder_version=\u00bb4.16&#8243; hide_on_mobile=\u00bboff\u00bb global_colors_info=\u00bb{}\u00bb][\/et_pb_divider][et_pb_text admin_label=\u00bbTexto\u00bb _builder_version=\u00bb4.16&#8243; background_size=\u00bbinitial\u00bb background_position=\u00bbtop_left\u00bb background_repeat=\u00bbrepeat\u00bb use_border_color=\u00bboff\u00bb border_color=\u00bb#ffffff\u00bb border_style=\u00bbsolid\u00bb global_colors_info=\u00bb{}\u00bb]<\/p>\n<p>Techo fijo ligero de cuidado dise\u00f1o que se puede realizar con Cristal de Seguridad 4+4, Cristal C\u00e1mara de 16mm o 24mm, Policarbonato de 16mm o 25mm, Panel Sandwich 16mm o 24mm.<\/p>\n<p> La evacuaci\u00f3n del agua se realiza mediante un canal\u00f3n frontal y por la bajante del poste registrable, lo que garantiza su estanqueidad, evitando la posible filtraci\u00f3n de agua.<\/p>\n<p>Su dise\u00f1o permite una f\u00e1cil limpieza del producto, al no presentar zonas de estancamiento de suciedad en todo el per\u00edmetro.<\/p>\n<p>Tipo de placas:<\/p>\n<p>Cristal Seguridad Laminado 4+4<\/p>\n<p>Cristal C\u00e1mara 16mm o 24mm<\/p>\n<p>Policarbonato 16mm o 25mm<\/p>\n<p>Panel Sandwich 16mm o 24mm<\/p>\n<p>&nbsp;<\/p>\n<p>[\/et_pb_text][\/et_pb_column][et_pb_column type=\u00bb1_2&#8243; _builder_version=\u00bb4.16&#8243; custom_padding=\u00bb|||\u00bb global_colors_info=\u00bb{}\u00bb custom_padding__hover=\u00bb|||\u00bb][et_pb_image src=\u00bbhttps:\/\/toldosaraque.com\/madrid\/wp-content\/uploads\/2020\/04\/TECHO-FIJO-MADRID-4-1.jpg\u00bb align_tablet=\u00bbcenter\u00bb align_phone=\u00bb\u00bb align_last_edited=\u00bbon|desktop\u00bb admin_label=\u00bbImagen\u00bb _builder_version=\u00bb4.16&#8243; custom_margin=\u00bb0px|||\u00bb animation_style=\u00bbslide\u00bb animation_direction=\u00bbleft\u00bb animation_duration=\u00bb500ms\u00bb animation_intensity_slide=\u00bb10%\u00bb border_style=\u00bbsolid\u00bb sticky=\u00bboff\u00bb global_colors_info=\u00bb{}\u00bb][\/et_pb_image][\/et_pb_column][\/et_pb_row][et_pb_row _builder_version=\u00bb4.16&#8243; global_colors_info=\u00bb{}\u00bb][et_pb_column type=\u00bb4_4&#8243; _builder_version=\u00bb4.16&#8243; global_colors_info=\u00bb{}\u00bb][et_pb_text admin_label=\u00bbTexto\u00bb _builder_version=\u00bb4.16&#8243; background_size=\u00bbinitial\u00bb background_position=\u00bbtop_left\u00bb background_repeat=\u00bbrepeat\u00bb custom_margin=\u00bb||0px|\u00bb custom_padding=\u00bb||0px|\u00bb use_border_color=\u00bboff\u00bb border_color=\u00bb#ffffff\u00bb border_style=\u00bbsolid\u00bb global_colors_info=\u00bb{}\u00bb]<\/p>\n<h3 style=\"text-align: center;\"><span class=\"ez-toc-section\" id=\"galeria-de-imagenes\"><\/span>GALERIA DE IMAGENES<span class=\"ez-toc-section-end\"><\/span><\/h3>\n<p>[\/et_pb_text][et_pb_divider color=\u00bb#2c99fc\u00bb admin_label=\u00bbSeparador\u00bb _builder_version=\u00bb4.16&#8243; hide_on_mobile=\u00bboff\u00bb global_colors_info=\u00bb{}\u00bb][\/et_pb_divider][et_pb_gallery gallery_ids=\u00bb6073,6072,6070,6071&#8243; show_title_and_caption=\u00bboff\u00bb zoom_icon_color=\u00bb#2ea3f2&#8243; admin_label=\u00bbGaler\u00eda\u00bb _builder_version=\u00bb4.16&#8243; border_style=\u00bbsolid\u00bb global_colors_info=\u00bb{}\u00bb][\/et_pb_gallery][\/et_pb_column][\/et_pb_row][et_pb_row _builder_version=\u00bb4.16&#8243; background_size=\u00bbinitial\u00bb background_position=\u00bbtop_left\u00bb background_repeat=\u00bbrepeat\u00bb locked=\u00bboff\u00bb global_colors_info=\u00bb{}\u00bb][et_pb_column type=\u00bb4_4&#8243; _builder_version=\u00bb4.16&#8243; custom_padding=\u00bb|||\u00bb global_colors_info=\u00bb{}\u00bb custom_padding__hover=\u00bb|||\u00bb][et_pb_text _builder_version=\u00bb4.16&#8243; background_size=\u00bbinitial\u00bb background_position=\u00bbtop_left\u00bb background_repeat=\u00bbrepeat\u00bb custom_margin=\u00bb||0px|\u00bb use_border_color=\u00bboff\u00bb border_color=\u00bb#ffffff\u00bb border_style=\u00bbsolid\u00bb global_colors_info=\u00bb{}\u00bb]<\/p>\n<h4><span class=\"ez-toc-section\" id=\"caracteristicas\"><\/span>CARACTERISTICAS<span class=\"ez-toc-section-end\"><\/span><\/h4>\n<p>[\/et_pb_text][et_pb_divider color=\u00bb#2c99fc\u00bb _builder_version=\u00bb4.16&#8243; hide_on_mobile=\u00bboff\u00bb global_colors_info=\u00bb{}\u00bb]&nbsp;<br \/>\n[\/et_pb_divider][et_pb_gallery gallery_ids=\u00bb6134,6135,6136&#8243; show_title_and_caption=\u00bboff\u00bb zoom_icon_color=\u00bb#2ea3f2&#8243; admin_label=\u00bbGaler\u00eda\u00bb _builder_version=\u00bb4.16&#8243; border_style=\u00bbsolid\u00bb global_colors_info=\u00bb{}\u00bb][\/et_pb_gallery][\/et_pb_column][\/et_pb_row][et_pb_row _builder_version=\u00bb4.16&#8243; background_size=\u00bbinitial\u00bb background_position=\u00bbtop_left\u00bb background_repeat=\u00bbrepeat\u00bb locked=\u00bboff\u00bb global_colors_info=\u00bb{}\u00bb][et_pb_column type=\u00bb4_4&#8243; _builder_version=\u00bb4.16&#8243; custom_padding=\u00bb|||\u00bb global_colors_info=\u00bb{}\u00bb custom_padding__hover=\u00bb|||\u00bb][et_pb_text _builder_version=\u00bb4.24.2&#8243; background_size=\u00bbinitial\u00bb background_position=\u00bbtop_left\u00bb background_repeat=\u00bbrepeat\u00bb custom_margin=\u00bb||0px|\u00bb use_border_color=\u00bboff\u00bb border_color=\u00bb#ffffff\u00bb border_style=\u00bbsolid\u00bb global_colors_info=\u00bb{}\u00bb]<\/p>\n<h4><span class=\"ez-toc-section\" id=\"mas-informacion\"><\/span>M\u00c1S INFORMACI\u00d3N<span class=\"ez-toc-section-end\"><\/span><\/h4>\n<p>[\/et_pb_text][et_pb_divider color=\u00bb#2c99fc\u00bb _builder_version=\u00bb4.16&#8243; hide_on_mobile=\u00bboff\u00bb global_colors_info=\u00bb{}\u00bb]&nbsp;<br \/>\n[\/et_pb_divider][et_pb_toggle title=\u00bbTechos de cristal fijos en madrid\u00bb _builder_version=\u00bb4.27.2&#8243; _module_preset=\u00bbdefault\u00bb title_level=\u00bbh2&#8243; title_font_size=\u00bb20px\u00bb global_colors_info=\u00bb{}\u00bb]<\/p>\n<p>Madrid, conocida por su arquitectura elegante y su clima continental, ofrece la perfecta combinaci\u00f3n de luz y sombra en sus espacios, lo que hace que los <strong>techos de cristal fijos<\/strong> sean una opci\u00f3n cada vez m\u00e1s popular. Estos sistemas, que posibilitan disfrutar del cielo madrile\u00f1o sin preocuparse por las inclemencias del tiempo, se han convertido en un elemento distintivo tanto en viviendas particulares como en instalaciones comerciales. Su capacidad para crear espacios luminosos y abiertos, mientras se mantiene un aislamiento eficiente, es una de sus principales ventajas.<\/p>\n<p>La instalaci\u00f3n de un <strong>techo de cristal fijo<\/strong> en Madrid requiere de una planificaci\u00f3n cuidadosa y una ejecuci\u00f3n experta. Los profesionales encargados de su montaje deben considerar factores como la orientaci\u00f3n, el tipo de vidrio y la estructura de soporte para garantizar tanto la est\u00e9tica como la funcionalidad. El vidrio utilizado en estos techos es de alta calidad, a menudo con tratamientos para la protecci\u00f3n solar, la seguridad y la mejora del aislamiento t\u00e9rmico, lo que es esencial para hacer frente a los c\u00e1lidos veranos y los fr\u00edos inviernos de la capital espa\u00f1ola.<\/p>\n<p>Adem\u00e1s de sus beneficios pr\u00e1cticos, los <strong>techos de cristal fijos<\/strong> tambi\u00e9n aportan un valor a\u00f1adido a las propiedades. Su dise\u00f1o moderno y la sensaci\u00f3n de amplitud que proporcionan pueden incrementar considerablemente el valor de mercado de una vivienda o local. En Madrid, muchos propietarios optan por esta soluci\u00f3n para renovar espacios y crear ambientes \u00fanicos que fusionan lo interior con lo exterior, permitiendo as\u00ed una conexi\u00f3n cont\u00ednuo con el entorno urbano o natural.<\/p>\n<p>Uno de los retos de los <strong>techos de cristal fijos<\/strong> en Madrid es la gesti\u00f3n de la temperatura y la luz solar directa. Para combatir esto, numerosos fabricantes ofrecen soluciones innovadoras como vidrios de control solar que reducen la ganancia de calor, o sistemas de cortinas y estores motorizados que se pueden ajustar seg\u00fan las necesidades. Estas caracter\u00edsticas garantizan que los espacios bajo estos techos sean confortables durante todo el a\u00f1o, sin sacrificar la entrada de luz natural.<\/p>\n<p>En definitiva, los <strong>techos de cristal fijos<\/strong> representan una inversi\u00f3n a largo plazo que mejora la calidad de vida de los habitantes de Madrid. La integraci\u00f3n de la tecnolog\u00eda, el dise\u00f1o y la eficiencia energ\u00e9tica hace que estos sistemas no solo sean visualmente impresionantes, sino tambi\u00e9n sostenibles y pr\u00e1cticos. Con la creciente tendencia hacia espacios m\u00e1s abiertos y llenos de luz, los techos de cristal fijos seguir\u00e1n ganando popularidad en la capital espa\u00f1ola.<\/p>\n<h2><span class=\"ez-toc-section\" id=\"techo-fijo-2\"><\/span>Techo fijo<span class=\"ez-toc-section-end\"><\/span><\/h2>\n<p>Un <strong>techo fijo<\/strong> se presenta como una soluci\u00f3n ideal para quienes buscan proteger sus espacios exteriores en Madrid sin sacrificar la est\u00e9tica y la luminosidad. Fabricados con materiales resistentes y duraderos, como el policarbonato o el vidrio, los techos fijos posibilitan disfrutar de terrazas, patios o porches durante todo el a\u00f1o, sin preocuparse por las inclemencias del clima. Su dise\u00f1o a medida se integra perfectamente con cualquier estilo arquitect\u00f3nico, ofreciendo una combinaci\u00f3n perfecta de funcionalidad y belleza.<\/p>\n<p>La instalaci\u00f3n de un <strong>techo fijo en Madrid<\/strong> aporta un valor a\u00f1adido a la propiedad, ya que no solo mejora el confort, sino que tambi\u00e9n eleva la eficiencia energ\u00e9tica del inmueble. Gracias a su capacidad de aislamiento t\u00e9rmico, mantiene los espacios protegidos m\u00e1s frescos en verano y m\u00e1s c\u00e1lidos en invierno, contribuyendo a la reducci\u00f3n de la factura energ\u00e9tica. Adem\u00e1s, su mantenimiento es m\u00ednimo, lo que lo convierte en una inversi\u00f3n a largo plazo muy rentable.<\/p>\n<p>La seguridad es una caracter\u00edstica primordial en los <strong>techos fijos<\/strong>, por ello, en Madrid, se presta especial atenci\u00f3n a la normativa vigente en materia de construcci\u00f3n y seguridad. Los materiales utilizados son resistentes al fuego y a efectos, lo que garantiza una protecci\u00f3n adicional ante posibles accidentes. De esta manera, se asegura la tranquilidad de los usuarios, sabiendo que su techo fijo es sin\u00f3nimo de seguridad y confianza.<\/p>\n<p>En cuanto a la personalizaci\u00f3n, los techos fijos ofrecen una amplia variedad de opciones en Madrid. Se pueden elegir diferentes acabados, colores y estructuras, de modo que cada techo fijo refleje el estilo personal del propietario. As\u00ed, se logra que cada proyecto sea \u00fanico y totalmente adaptado a las necesidades espec\u00edficas del espacio que se desea cubrir. La personalizaci\u00f3n es, sin duda, un <strong>punto fuerte<\/strong> que diferencia a los techos fijos de otras soluciones de cubrimiento.<\/p>\n<p>Finalmente, es importante mencionar que la instalaci\u00f3n de un <strong>techo fijo<\/strong> debe ser llevada a cabo por profesionales del sector en Madrid. Contar con expertos no solo asegura una instalaci\u00f3n correcta y segura, sino que tambi\u00e9n brinda asesoramiento en la elecci\u00f3n del dise\u00f1o m\u00e1s adecuado. Los profesionales ofrecen un servicio integral que incluye la medici\u00f3n, el dise\u00f1o, la fabricaci\u00f3n y la instalaci\u00f3n del techo, garantizando as\u00ed la m\u00e1xima satisfacci\u00f3n de cada cliente.<\/p>\n<h2><span class=\"ez-toc-section\" id=\"techos-fijos-policarbonato\"><\/span>Techos fijos policarbonato<span class=\"ez-toc-section-end\"><\/span><\/h2>\n<p>Los <strong>techos fijos de policarbonato<\/strong> representan una soluci\u00f3n moderna y eficiente para proteger espacios exteriores en Madrid sin sacrificar la luminosidad. Este material destaca por su gran resistencia frente a efectos y condiciones meteorol\u00f3gicas adversas, lo que lo convierte en una elecci\u00f3n ideal para instalaciones permanentes. Adem\u00e1s, su versatilidad permite adaptarse a diferentes estilos arquitect\u00f3nicos, asegurando una integraci\u00f3n arm\u00f3nica con el entorno.<\/p>\n<p>Una de las principales ventajas del policarbonato es su capacidad para filtrar los rayos UV, protegiendo as\u00ed a las personas y los objetos bajo el techo fijo. La incorporaci\u00f3n de <strong>tratamientos anti-UV<\/strong> en estos techos es esencial para garantizar una mayor durabilidad y evitar el amarilleamiento con el paso del tiempo. Esto es especialmente relevante en Madrid, donde la intensidad del sol puede causar deterioros r\u00e1pidos en materiales menos resistentes.<\/p>\n<p>En cuanto a la instalaci\u00f3n de techos fijos de policarbonato en Madrid, es importante contar con profesionales especializados que aseguren una estructura estable y segura. La correcta instalaci\u00f3n no solo garantiza la <strong>longevidad del techo<\/strong>, sino que tambi\u00e9n previene problemas como filtraciones de agua o desprendimientos causados por fuertes vientos, algo no tan infrecuente en la zona centro de Espa\u00f1a.<\/p>\n<p>Otro aspecto a considerar es la <strong>mantenimiento<\/strong> de los techos fijos de policarbonato. Aunque este material es conocido por su bajo mantenimiento, es recomendable realizar limpiezas peri\u00f3dicas para mantener su transparencia y aspecto impecable. En Madrid, donde la contaminaci\u00f3n y el polvo pueden acumularse f\u00e1cilmente, una rutina de mantenimiento adecuada asegurar\u00e1 que el techo conserve sus propiedades est\u00e9ticas y funcionales a largo plazo.<\/p>\n<p>Finalmente, la personalizaci\u00f3n es un factor clave en la elecci\u00f3n de un techo fijo de policarbonato. Existen m\u00faltiples opciones en cuanto a colores y acabados que posibilitan al cliente adaptar el dise\u00f1o a sus preferencias y necesidades particulares. Con la posibilidad de incorporar <strong>elementos decorativos o pr\u00e1cticos<\/strong>, como sistemas de iluminaci\u00f3n integrados, los techos de policarbonato ofrecen una combinaci\u00f3n perfecta de funcionalidad y est\u00e9tica para cualquier espacio en Madrid.<\/p>\n<p>[\/et_pb_toggle][et_pb_code _builder_version=\u00bb4.27.2&#8243; _module_preset=\u00bbdefault\u00bb global_colors_info=\u00bb{}\u00bb]\t\t\t<div id=\"rank-math-rich-snippet-wrapper\" class=\"\">\n\n\t\t\t\t\t\t<h5 class=\"rank-math-title\"><span class=\"ez-toc-section\" id=\"techo-fijo-3\"><\/span>Techo Fijo<span class=\"ez-toc-section-end\"><\/span><\/h5>\n\t\t\t\t<div class=\"rank-math-review-image\">\n\t\t\t<img decoding=\"async\" src=\"https:\/\/toldosaraque.com\/madrid\/wp-content\/uploads\/2015\/11\/toldos-araque-madrid-valdemoro-footer-pie-300x59.png\" alt=\"\" title=\"\">\n\t\t<\/div>\n\t\t<div class=\"rank-math-review-data\">\n\n\t\t\t<p>Un techo fijo es una soluci\u00f3n arquitect\u00f3nica robusta y duradera, ideal para quienes buscan un espacio cubierto permanentemente. Este tipo de techo se caracteriza por su estructura estable, que proporciona protecci\u00f3n constante contra las inclemencias del tiempo, como lluvia, sol y viento. Su dise\u00f1o permite crear \u00e1reas c\u00f3modas y funcionales, perfectas para terrazas, porches y \u00e1ticos. Los techos fijos est\u00e1n disponibles en una variedad de materiales, incluyendo vidrio, policarbonato y paneles s\u00e1ndwich. Cada material ofrece diferentes beneficios: el vidrio permite una excelente luminosidad y vistas despejadas, mientras que el policarbonato es ligero y resistente a impactos. Por su parte, los paneles s\u00e1ndwich son conocidos por su capacidad de aislamiento t\u00e9rmico y ac\u00fastico, lo que los convierte en una opci\u00f3n popular para mantener la temperatura interior agradable. Una de las principales ventajas de los techos fijos es su bajo mantenimiento. A diferencia de los techos m\u00f3viles, que requieren mecanismos que pueden desgastarse con el tiempo, los techos fijos son m\u00e1s sencillos en t\u00e9rminos de cuidado y durabilidad. Esto los hace ideales para quienes desean un espacio protegido sin complicaciones. Adem\u00e1s, al ser estructuras permanentes, los techos fijos pueden aumentar el valor est\u00e9tico y funcional de una propiedad, proporcionando un ambiente acogedor durante todo el a\u00f1o.<\/p>\n\t\t\n\t\t\t<p>\n\t\t\t<strong>Tipo de servicio: <\/strong>\n\t\t\tTecho Fijo\t\t<\/p>\n\t\t\n\t\n\t\t\t<p>\n\t\t\t<strong>Moneda: <\/strong>\n\t\t\t\u20ac\t\t<\/p>\n\t\t\n<\/div>\n\n\t\t\t<\/div>\n\t\t[\/et_pb_code][et_pb_text _builder_version=\u00bb4.27.4&#8243; _module_preset=\u00bbdefault\u00bb hover_enabled=\u00bb0&#8243; sticky_enabled=\u00bb0&#8243;]<\/p>\n<h2><span class=\"ez-toc-section\" id=\"techo-fijo-policarbonato\"><\/span>Techo fijo policarbonato<span class=\"ez-toc-section-end\"><\/span><\/h2>\n<p>El <strong>techo fijo de policarbonato<\/strong> es una opci\u00f3n moderna y eficiente que se ha popularizado en Madrid por su alta resistencia a las inclemencias del tiempo. Este material es ideal para proteger espacios exteriores mientras permite la entrada de luz natural, creando ambientes luminosos y agradables.<\/p>\n<p>Una de las principales caracter\u00edsticas del <strong>policarbonato<\/strong> es su capacidad para filtrar los rayos UV, lo que protege tanto a las personas como a los objetos bajo el techo. Esto es especialmente importante en Madrid, donde la exposici\u00f3n solar puede ser intensa durante gran parte del a\u00f1o.<\/p>\n<p>La instalaci\u00f3n de un <strong>techo fijo de policarbonato<\/strong> debe realizarse por profesionales especializados, asegurando as\u00ed la estabilidad y seguridad del sistema. Una correcta instalaci\u00f3n previene problemas como filtraciones de agua y garantiza la durabilidad del techo en el tiempo.<\/p>\n<p>A pesar de ser un material de bajo mantenimiento, es recomendable realizar limpiezas peri\u00f3dicas para conservar su transparencia y apariencia. As\u00ed, se evita la acumulaci\u00f3n de suciedad y se garantiza que el <strong>techo de policarbonato<\/strong> mantenga todas sus propiedades est\u00e9ticas y funcionales.<\/p>\n<p>La personalizaci\u00f3n es un aspecto clave en la elecci\u00f3n del <strong>techo fijo de policarbonato<\/strong>, ya que se pueden seleccionar diferentes colores y acabados. Esto permite adaptar el dise\u00f1o a las preferencias del cliente, creando un espacio \u00fanico y acorde con el estilo arquitect\u00f3nico del entorno.<\/p>\n<h2><span class=\"ez-toc-section\" id=\"techos-de-cristal-fijos-madrid\"><\/span>Techos de cristal fijos madrid<span class=\"ez-toc-section-end\"><\/span><\/h2>\n<p>Los <strong>techos de cristal fijos<\/strong> en Madrid son una soluci\u00f3n ideal para aquellos que desean maximizar la luz natural en sus espacios. Su dise\u00f1o moderno permite que los propietarios disfruten de vistas despejadas mientras est\u00e1n protegidos de las inclemencias del tiempo.<\/p>\n<p>Estos techos no solo aportan <strong>est\u00e9tica y luminosidad<\/strong>, sino que tambi\u00e9n mejoran la eficiencia energ\u00e9tica de los inmuebles. Gracias a su excelente aislamiento t\u00e9rmico, ayudan a mantener temperaturas agradables tanto en invierno como en verano.<\/p>\n<p>La instalaci\u00f3n de techos de cristal fijo requiere de <strong>profesionales especializados<\/strong> que garanticen una ejecuci\u00f3n segura y efectiva. Esto asegura que el techo no solo sea funcional, sino tambi\u00e9n duradero ante las condiciones clim\u00e1ticas de Madrid.<\/p>\n<p>Los techos de cristal fijos pueden ser personalizados en cuanto a <strong>acabados y colores<\/strong>, lo que permite que se adapten perfectamente al estilo arquitect\u00f3nico de cada propiedad. Esta versatilidad los convierte en una opci\u00f3n popular para viviendas y locales comerciales.<\/p>\n<p>La <strong>seguridad<\/strong> es un aspecto primordial en la elecci\u00f3n de techos de cristal. Utilizando vidrios de alta resistencia y tratamientos espec\u00edficos, se garantiza una protecci\u00f3n adicional para los usuarios, brindando tranquilidad y confianza en su instalaci\u00f3n.<\/p>\n<p>[\/et_pb_text][\/et_pb_column][\/et_pb_row][\/et_pb_section]<\/p>\n","protected":false},"excerpt":{"rendered":"<p>TECHO FIJOTecho fijo ligero de cuidado dise\u00f1o que se puede realizar con Cristal de Seguridad 4+4, Cristal C\u00e1mara de 16mm o 24mm, Policarbonato de 16mm o 25mm, Panel Sandwich 16mm o 24mm. La evacuaci\u00f3n del agua se realiza mediante un canal\u00f3n frontal y por la bajante del poste registrable, lo que garantiza su estanqueidad, evitando [&hellip;]<\/p>\n","protected":false},"author":3,"featured_media":0,"parent":0,"menu_order":0,"comment_status":"closed","ping_status":"closed","template":"","meta":{"_et_pb_use_builder":"on","_et_pb_old_content":"","_et_gb_content_width":"","_joinchat":[],"footnotes":""},"class_list":["post-6127","page","type-page","status-publish","hentry"],"_links":{"self":[{"href":"https:\/\/toldosaraque.com\/madrid\/wp-json\/wp\/v2\/pages\/6127","targetHints":{"allow":["GET"]}}],"collection":[{"href":"https:\/\/toldosaraque.com\/madrid\/wp-json\/wp\/v2\/pages"}],"about":[{"href":"https:\/\/toldosaraque.com\/madrid\/wp-json\/wp\/v2\/types\/page"}],"author":[{"embeddable":true,"href":"https:\/\/toldosaraque.com\/madrid\/wp-json\/wp\/v2\/users\/3"}],"replies":[{"embeddable":true,"href":"https:\/\/toldosaraque.com\/madrid\/wp-json\/wp\/v2\/comments?post=6127"}],"version-history":[{"count":2,"href":"https:\/\/toldosaraque.com\/madrid\/wp-json\/wp\/v2\/pages\/6127\/revisions"}],"predecessor-version":[{"id":7651,"href":"https:\/\/toldosaraque.com\/madrid\/wp-json\/wp\/v2\/pages\/6127\/revisions\/7651"}],"wp:attachment":[{"href":"https:\/\/toldosaraque.com\/madrid\/wp-json\/wp\/v2\/media?parent=6127"}],"curies":[{"name":"wp","href":"https:\/\/api.w.org\/{rel}","templated":true}]}}