{"id":761,"date":"2014-02-04T12:15:58","date_gmt":"2014-02-04T11:15:58","guid":{"rendered":"http:\/\/www.toldosaraque.com\/?page_id=761"},"modified":"2024-07-02T13:19:59","modified_gmt":"2024-07-02T12:19:59","slug":"toldos-en-aravaca","status":"publish","type":"page","link":"https:\/\/toldosaraque.com\/madrid\/toldos-en-aravaca\/","title":{"rendered":"TOLDOS EN ARAVACA"},"content":{"rendered":"<p>[et_pb_section fb_built=\u00bb1&#8243; admin_label=\u00bbsection\u00bb _builder_version=\u00bb4.16&#8243; global_colors_info=\u00bb{}\u00bb][et_pb_row admin_label=\u00bbrow\u00bb _builder_version=\u00bb4.16&#8243; background_size=\u00bbinitial\u00bb background_position=\u00bbtop_left\u00bb background_repeat=\u00bbrepeat\u00bb global_colors_info=\u00bb{}\u00bb][et_pb_column type=\u00bb4_4&#8243; _builder_version=\u00bb4.16&#8243; custom_padding=\u00bb|||\u00bb global_colors_info=\u00bb{}\u00bb custom_padding__hover=\u00bb|||\u00bb][et_pb_text admin_label=\u00bbTexto\u00bb _builder_version=\u00bb4.16&#8243; background_size=\u00bbinitial\u00bb background_position=\u00bbtop_left\u00bb background_repeat=\u00bbrepeat\u00bb use_border_color=\u00bboff\u00bb border_color=\u00bb#ffffff\u00bb border_style=\u00bbsolid\u00bb global_colors_info=\u00bb{}\u00bb]<\/p><div id=\"ez-toc-container\" class=\"ez-toc-v2_0_81 ez-toc-wrap-center counter-hierarchy ez-toc-counter ez-toc-grey ez-toc-container-direction\">\n<p class=\"ez-toc-title\" style=\"cursor:inherit\">Resumen:<\/p>\n<label for=\"ez-toc-cssicon-toggle-item-69e1d4fcb4b19\" class=\"ez-toc-cssicon-toggle-label\"><span class=\"ez-toc-cssicon\"><span class=\"eztoc-hide\" style=\"display:none;\">Toggle<\/span><span class=\"ez-toc-icon-toggle-span\"><svg style=\"fill: #999;color:#999\" xmlns=\"http:\/\/www.w3.org\/2000\/svg\" class=\"list-377408\" width=\"20px\" height=\"20px\" viewBox=\"0 0 24 24\" fill=\"none\"><path d=\"M6 6H4v2h2V6zm14 0H8v2h12V6zM4 11h2v2H4v-2zm16 0H8v2h12v-2zM4 16h2v2H4v-2zm16 0H8v2h12v-2z\" fill=\"currentColor\"><\/path><\/svg><svg style=\"fill: #999;color:#999\" class=\"arrow-unsorted-368013\" xmlns=\"http:\/\/www.w3.org\/2000\/svg\" width=\"10px\" height=\"10px\" viewBox=\"0 0 24 24\" version=\"1.2\" baseProfile=\"tiny\"><path d=\"M18.2 9.3l-6.2-6.3-6.2 6.3c-.2.2-.3.4-.3.7s.1.5.3.7c.2.2.4.3.7.3h11c.3 0 .5-.1.7-.3.2-.2.3-.5.3-.7s-.1-.5-.3-.7zM5.8 14.7l6.2 6.3 6.2-6.3c.2-.2.3-.5.3-.7s-.1-.5-.3-.7c-.2-.2-.4-.3-.7-.3h-11c-.3 0-.5.1-.7.3-.2.2-.3.5-.3.7s.1.5.3.7z\"\/><\/svg><\/span><\/span><\/label><input type=\"checkbox\"  id=\"ez-toc-cssicon-toggle-item-69e1d4fcb4b19\" checked aria-label=\"Alternar\" \/><nav><ul class='ez-toc-list ez-toc-list-level-1 ' ><ul class='ez-toc-list-level-4' ><li class='ez-toc-heading-level-4'><ul class='ez-toc-list-level-4' ><li class='ez-toc-heading-level-4'><ul class='ez-toc-list-level-4' ><li class='ez-toc-heading-level-4'><a class=\"ez-toc-link ez-toc-heading-1\" href=\"https:\/\/toldosaraque.com\/madrid\/toldos-en-aravaca\/#toldos-en-aravaca-madrid\" >TOLDOS EN ARAVACA MADRID<\/a><\/li><\/ul><\/li><\/ul><\/li><\/ul><\/li><li class='ez-toc-page-1 ez-toc-heading-level-1'><a class=\"ez-toc-link ez-toc-heading-2\" href=\"https:\/\/toldosaraque.com\/madrid\/toldos-en-aravaca\/#instalacion-de-toldos-en-aravaca\" >INSTALACI\u00d3N DE TOLDOS EN ARAVACA<\/a><ul class='ez-toc-list-level-2' ><li class='ez-toc-heading-level-2'><a class=\"ez-toc-link ez-toc-heading-3\" href=\"https:\/\/toldosaraque.com\/madrid\/toldos-en-aravaca\/#telf-91-808-39-58-630-915-332\" >TELF. 91 808 39 58 \/ 630 915 332<\/a><ul class='ez-toc-list-level-3' ><li class='ez-toc-heading-level-3'><a class=\"ez-toc-link ez-toc-heading-4\" href=\"https:\/\/toldosaraque.com\/madrid\/toldos-en-aravaca\/#presupuestos-sin-compromiso\" >PRESUPUESTOS SIN COMPROMISO<\/a><ul class='ez-toc-list-level-4' ><li class='ez-toc-heading-level-4'><a class=\"ez-toc-link ez-toc-heading-5\" href=\"https:\/\/toldosaraque.com\/madrid\/toldos-en-aravaca\/#galeria-de-imagenes\" >GALER\u00cdA DE IM\u00c1GENES<\/a><\/li><\/ul><\/li><\/ul><\/li><\/ul><\/li><li class='ez-toc-page-1 ez-toc-heading-level-1'><a class=\"ez-toc-link ez-toc-heading-6\" href=\"https:\/\/toldosaraque.com\/madrid\/toldos-en-aravaca\/#toldos-en-aravaca-calidad-y-excelencia-en-cada-proyecto\" >Toldos en Aravaca Calidad y excelencia en cada proyecto<\/a><ul class='ez-toc-list-level-2' ><li class='ez-toc-heading-level-2'><a class=\"ez-toc-link ez-toc-heading-7\" href=\"https:\/\/toldosaraque.com\/madrid\/toldos-en-aravaca\/#historia-y-trayectoria-de-toldos-aravaca\" >Historia y trayectoria de Toldos Aravaca<\/a><ul class='ez-toc-list-level-3' ><li class='ez-toc-heading-level-3'><a class=\"ez-toc-link ez-toc-heading-8\" href=\"https:\/\/toldosaraque.com\/madrid\/toldos-en-aravaca\/#fundacion-hace-mas-de-20-anos\" >Fundaci\u00f3n hace m\u00e1s de 20 a\u00f1os<\/a><\/li><li class='ez-toc-page-1 ez-toc-heading-level-3'><a class=\"ez-toc-link ez-toc-heading-9\" href=\"https:\/\/toldosaraque.com\/madrid\/toldos-en-aravaca\/#compromiso-con-la-excelencia\" >Compromiso con la excelencia<\/a><\/li><\/ul><\/li><li class='ez-toc-page-1 ez-toc-heading-level-2'><a class=\"ez-toc-link ez-toc-heading-10\" href=\"https:\/\/toldosaraque.com\/madrid\/toldos-en-aravaca\/#productos-ofrecidos-por-toldos-aravaca\" >Productos ofrecidos por Toldos Aravaca<\/a><ul class='ez-toc-list-level-3' ><li class='ez-toc-heading-level-3'><a class=\"ez-toc-link ez-toc-heading-11\" href=\"https:\/\/toldosaraque.com\/madrid\/toldos-en-aravaca\/#toldos-para-porches-terrazas-y-balcones\" >Toldos para porches, terrazas y balcones<\/a><\/li><li class='ez-toc-page-1 ez-toc-heading-level-3'><a class=\"ez-toc-link ez-toc-heading-12\" href=\"https:\/\/toldosaraque.com\/madrid\/toldos-en-aravaca\/#pergolas\" >P\u00e9rgolas<\/a><\/li><li class='ez-toc-page-1 ez-toc-heading-level-3'><a class=\"ez-toc-link ez-toc-heading-13\" href=\"https:\/\/toldosaraque.com\/madrid\/toldos-en-aravaca\/#servicios-de-mantenimiento-y-cambio-de-lonas\" >Servicios de mantenimiento y cambio de lonas<\/a><\/li><\/ul><\/li><li class='ez-toc-page-1 ez-toc-heading-level-2'><a class=\"ez-toc-link ez-toc-heading-14\" href=\"https:\/\/toldosaraque.com\/madrid\/toldos-en-aravaca\/#calidad-y-satisfaccion-del-cliente\" >Calidad y satisfacci\u00f3n del cliente<\/a><ul class='ez-toc-list-level-3' ><li class='ez-toc-heading-level-3'><a class=\"ez-toc-link ez-toc-heading-15\" href=\"https:\/\/toldosaraque.com\/madrid\/toldos-en-aravaca\/#atencion-personalizada\" >Atenci\u00f3n personalizada<\/a><\/li><li class='ez-toc-page-1 ez-toc-heading-level-3'><a class=\"ez-toc-link ez-toc-heading-16\" href=\"https:\/\/toldosaraque.com\/madrid\/toldos-en-aravaca\/#equipo-de-profesionales-altamente-cualificados\" >Equipo de profesionales altamente cualificados<\/a><\/li><li class='ez-toc-page-1 ez-toc-heading-level-3'><a class=\"ez-toc-link ez-toc-heading-17\" href=\"https:\/\/toldosaraque.com\/madrid\/toldos-en-aravaca\/#dedicacion-y-compromiso-con-el-cliente\" >Dedicaci\u00f3n y compromiso con el cliente<\/a><\/li><\/ul><\/li><li class='ez-toc-page-1 ez-toc-heading-level-2'><a class=\"ez-toc-link ez-toc-heading-18\" href=\"https:\/\/toldosaraque.com\/madrid\/toldos-en-aravaca\/#contacto-con-toldos-en-aravaca\" >Contacto con Toldos en Aravaca<\/a><ul class='ez-toc-list-level-3' ><li class='ez-toc-heading-level-3'><a class=\"ez-toc-link ez-toc-heading-19\" href=\"https:\/\/toldosaraque.com\/madrid\/toldos-en-aravaca\/#servicio-de-calidad-y-garantia\" >Servicio de calidad y garant\u00eda<\/a><\/li><li class='ez-toc-page-1 ez-toc-heading-level-3'><a class=\"ez-toc-link ez-toc-heading-20\" href=\"https:\/\/toldosaraque.com\/madrid\/toldos-en-aravaca\/#satisfaccion-del-cliente-como-prioridad\" >Satisfacci\u00f3n del cliente como prioridad<\/a><\/li><li class='ez-toc-page-1 ez-toc-heading-level-3'><a class=\"ez-toc-link ez-toc-heading-21\" href=\"https:\/\/toldosaraque.com\/madrid\/toldos-en-aravaca\/#experiencia-y-compromiso-en-cada-proyecto\" >Experiencia y compromiso en cada proyecto<\/a><\/li><\/ul><\/li><\/ul><\/li><\/ul><\/nav><\/div>\n\n<h4><span class=\"ez-toc-section\" id=\"toldos-en-aravaca-madrid\"><\/span><strong>TOLDOS EN ARAVACA MADRID<\/strong><span class=\"ez-toc-section-end\"><\/span><\/h4>\n<p>&nbsp;<\/p>\n<h1 style=\"text-align: center;\"><span class=\"ez-toc-section\" id=\"instalacion-de-toldos-en-aravaca\"><\/span><strong><span style=\"color: #ff0000;\"><a href=\"https:\/\/toldosaraque.com\/madrid\/\">INSTALACI\u00d3N DE TOLDOS EN A<\/a>RAVACA<\/span><\/strong><span class=\"ez-toc-section-end\"><\/span><\/h1>\n<h2 style=\"text-align: center;\"><span class=\"ez-toc-section\" id=\"telf-91-808-39-58-630-915-332\"><\/span><a href=\"https:\/\/toldosaraque.com\/madrid\/\"><strong><span style=\"color: #3366ff;\">TELF. 91 808 39 58 \/ 630 915 332<\/span><\/strong><\/a><span class=\"ez-toc-section-end\"><\/span><\/h2>\n<h3 style=\"text-align: center;\"><span class=\"ez-toc-section\" id=\"presupuestos-sin-compromiso\"><\/span><a href=\"https:\/\/toldosaraque.com\/madrid\/\"><span style=\"color: #000000;\"><strong>PRESUPUESTOS SIN COMPROMISO<\/strong><\/span><\/a><span class=\"ez-toc-section-end\"><\/span><\/h3>\n<p>&nbsp;<\/p>\n<p style=\"text-align: center;\"><span style=\"color: #000000;\"><strong>\u00bfNecesita Instalar toldos en Aravaca?<\/strong><\/span><\/p>\n<p style=\"text-align: center;\"><span style=\"color: #000000;\">En Toldos Araque ponemos a su disposici\u00f3n mas de 20 a\u00f1os de experiencia y profesionalidad.<\/span><\/p>\n<p style=\"text-align: center;\"><span style=\"color: #000000;\">Fabricaci\u00f3n propia e instalaci\u00f3n de toldos en <strong>Aravaca.<\/strong><\/span><\/p>\n<p style=\"text-align: center;\"><span style=\"color: #000000;\">Contamos con numerosas instalaciones en el municipio de <strong>Aravaca<\/strong>, tanto a particulares como profesionales del sector de la hosteler\u00eda.<\/span><\/p>\n<p style=\"text-align: center;\"><span style=\"color: #000000;\"><strong>Servicios que ofrecemos en el municipio de Aravaca<\/strong><\/span><\/p>\n<p style=\"text-align: center;\"><span style=\"color: #000000;\">Toldos stor, toldos stor cofre, toldos portada, toldos portada cofre, toldos extensibles, toldos extensibles cofre, toldos monoblock, toldos cortavientos, toldos cortavientos cofre, toldos veranda, p\u00e9rgolas de aluminio 80 x 40, p\u00e9rgolas de aluminio 100 x 100, p\u00e9rgolas de aluminio 120 x 120, p\u00e9rgolas pergo-rain, capotas, marquesinas, lonas de pvc para piscinas, estores enrollables, techos m\u00f3viles, techos fijos, techos panel s\u00e1ndwich&#8230;<\/span><\/p>\n<p style=\"text-align: center;\"><span style=\"color: #000000;\">Desde esta Pagina web puedes acceder a todos los modelos de toldos, ver caracter\u00edsticas t\u00e9cnicas, ver galer\u00eda de fotos y cat\u00e1logos del producto.<\/span><\/p>\n<p style=\"text-align: center;\"><span style=\"color: #000000;\">Ofrecemos nuestro asesoramiento y presupuestos sin compromiso en el municipio de <strong>Aravaca<\/strong>.<\/span><\/p>\n<p style=\"text-align: center;\"><span style=\"color: #000000;\">Tambi\u00e9n disponemos un amplio catalogo de productos para cerramientos de terrazas para bares o restaurantes en el municipio de <strong>Aravaca<\/strong>.<\/span><\/p>\n<p style=\"text-align: center;\"><span style=\"color: #000000;\">Si desea motorizar o automatizar su toldo o p\u00e9rgola, cons\u00faltenos.<\/span><\/p>\n<p style=\"text-align: center;\"><span style=\"color: #000000;\">Si la lona de su toldo est\u00e1 deteriorada o quiere cambiarla por cualquier motivo, d\u00edganoslo y le ofreceremos un gran catalogo de lonas, donde podr\u00e1 elegir el que m\u00e1s le guste.<\/span><\/p>\n<p style=\"text-align: center;\"><span style=\"color: #000000;\">Si busca en <strong>Aravaca<\/strong>, profesionalidad, seriedad, garant\u00eda, servicio post-venta, relaci\u00f3n calidad-precio, LLAMENOS Y LE DAREMOS PRESUPUESTO SIN COMPROMISO.<\/span><\/p>\n<p style=\"text-align: center;\"><span style=\"color: #000000;\">Realizamos instalaciones en toda la <strong>Comunidad de Madrid.<\/strong><\/span><\/p>\n<p>&nbsp;<\/p>\n<p style=\"text-align: justify;\">[\/et_pb_text][\/et_pb_column][\/et_pb_row][et_pb_row admin_label=\u00bbrow\u00bb _builder_version=\u00bb4.16&#8243; background_size=\u00bbinitial\u00bb background_position=\u00bbtop_left\u00bb background_repeat=\u00bbrepeat\u00bb global_colors_info=\u00bb{}\u00bb][et_pb_column type=\u00bb4_4&#8243; _builder_version=\u00bb4.16&#8243; custom_padding=\u00bb|||\u00bb global_colors_info=\u00bb{}\u00bb custom_padding__hover=\u00bb|||\u00bb][et_pb_text admin_label=\u00bbTexto\u00bb _builder_version=\u00bb4.16&#8243; background_size=\u00bbinitial\u00bb background_position=\u00bbtop_left\u00bb background_repeat=\u00bbrepeat\u00bb custom_margin=\u00bb||0px|\u00bb custom_padding=\u00bb||0px|\u00bb use_border_color=\u00bboff\u00bb border_color=\u00bb#ffffff\u00bb border_style=\u00bbsolid\u00bb global_colors_info=\u00bb{}\u00bb]<\/p>\n<h4><span class=\"ez-toc-section\" id=\"galeria-de-imagenes\"><\/span>GALER\u00cdA DE IM\u00c1GENES<span class=\"ez-toc-section-end\"><\/span><\/h4>\n<p>[\/et_pb_text][et_pb_divider color=\u00bb#2c99fc\u00bb admin_label=\u00bbSeparador\u00bb _builder_version=\u00bb4.16&#8243; hide_on_mobile=\u00bboff\u00bb global_colors_info=\u00bb{}\u00bb] [\/et_pb_divider][et_pb_gallery gallery_ids=\u00bb3477,3426,3410,3047,3031,1928,1935,442&#8243; posts_number=\u00bb8&#8243; show_title_and_caption=\u00bboff\u00bb admin_label=\u00bbGaler\u00eda\u00bb _builder_version=\u00bb4.16&#8243; use_border_color=\u00bboff\u00bb border_color=\u00bb#ffffff\u00bb border_style=\u00bbsolid\u00bb global_colors_info=\u00bb{}\u00bb] [\/et_pb_gallery][\/et_pb_column][\/et_pb_row][et_pb_row admin_label=\u00bbrow\u00bb _builder_version=\u00bb4.16&#8243; background_size=\u00bbinitial\u00bb background_position=\u00bbtop_left\u00bb background_repeat=\u00bbrepeat\u00bb global_colors_info=\u00bb{}\u00bb][et_pb_column type=\u00bb4_4&#8243; _builder_version=\u00bb4.16&#8243; custom_padding=\u00bb|||\u00bb global_colors_info=\u00bb{}\u00bb custom_padding__hover=\u00bb|||\u00bb][et_pb_text admin_label=\u00bbTexto\u00bb _builder_version=\u00bb4.24.2&#8243; background_size=\u00bbinitial\u00bb background_position=\u00bbtop_left\u00bb background_repeat=\u00bbrepeat\u00bb custom_margin=\u00bb||0px|\u00bb custom_padding=\u00bb||0px|\u00bb use_border_color=\u00bboff\u00bb border_color=\u00bb#ffffff\u00bb border_style=\u00bbsolid\u00bb global_colors_info=\u00bb{}\u00bb]<\/p>\n<h1><span class=\"ez-toc-section\" id=\"toldos-en-aravaca-calidad-y-excelencia-en-cada-proyecto\"><\/span>Toldos en Aravaca: Calidad y excelencia en cada proyecto<span class=\"ez-toc-section-end\"><\/span><\/h1>\n<p>Con m\u00e1s de 20 a\u00f1os de experiencia, Toldos Aravaca se destaca en la fabricaci\u00f3n e instalaci\u00f3n de toldos y p\u00e9rgolas en Aravaca, ofreciendo calidad y garant\u00eda en cada proyecto. Con una amplia gama de productos adaptados a las necesidades de cada cliente, la empresa se enorgullece de su atenci\u00f3n al cliente y compromiso con la excelencia.<\/p>\n<h2><span class=\"ez-toc-section\" id=\"historia-y-trayectoria-de-toldos-aravaca\"><\/span>Historia y trayectoria de Toldos Aravaca<span class=\"ez-toc-section-end\"><\/span><\/h2>\n<p>Con una historia que se remonta a m\u00f1as de 20 a\u00f1os, Toldos Aravaca ha sido un referente en la fabricaci\u00f3n e instalaci\u00f3n de toldos y p\u00e9rgolas en la zona. M\u00e1s de 50 a\u00f1os de experiencia respaldan su compromiso con la excelencia en cada proyecto.<\/p>\n<h3><span class=\"ez-toc-section\" id=\"fundacion-hace-mas-de-20-anos\"><\/span>Fundaci\u00f3n hace m\u00e1s de 20 a\u00f1os<span class=\"ez-toc-section-end\"><\/span><\/h3>\n<p>En el a\u00f1o en el que Toldos Araque Aravaca abri\u00f3 sus puertas como la f\u00e1brica de toldos en Madrid. Desde entonces, ha mantenido una trayectoria de calidad y servicio inigualable en la fabricaci\u00f3n e instalaci\u00f3n de toldos y p\u00e9rgolas.<\/p>\n<p>Con m\u00e1s de 20 a\u00f1os de experiencia en el sector, Toldos Aravaca se ha consolidado como un experto en la creaci\u00f3n de soluciones a medida para porches, terrazas, balcones y ventanas. La larga trayectoria de la empresa es garant\u00eda de calidad y profesionalismo.<\/p>\n<h3><span class=\"ez-toc-section\" id=\"compromiso-con-la-excelencia\"><\/span>Compromiso con la excelencia<span class=\"ez-toc-section-end\"><\/span><\/h3>\n<p>El compromiso con la excelencia es uno de los pilares fundamentales de Toldos Aravaca. Cada proyecto realizado refleja la dedicaci\u00f3n y la b\u00fasqueda cont\u00ednuo de la perfecci\u00f3n en cada detalle. La empresa se esfuerza por mantener la tradici\u00f3n y la excelencia en cada trabajo realizado.<\/p>\n<h2><span class=\"ez-toc-section\" id=\"productos-ofrecidos-por-toldos-aravaca\"><\/span>Productos ofrecidos por Toldos Aravaca<span class=\"ez-toc-section-end\"><\/span><\/h2>\n<p>Descubre la variedad de productos que Toldos Aravaca tiene para ofrecerte:<\/p>\n<h3><span class=\"ez-toc-section\" id=\"toldos-para-porches-terrazas-y-balcones\"><\/span>Toldos para porches, terrazas y balcones<span class=\"ez-toc-section-end\"><\/span><\/h3>\n<p>Los toldos para porches, terrazas y balcones de Toldos Aravaca destacan por su dise\u00f1o elegante y funcionalidad, protegi\u00e9ndote del sol y creando espacios acogedores al aire libre.<\/p>\n<h3><span class=\"ez-toc-section\" id=\"pergolas\"><\/span>P\u00e9rgolas<span class=\"ez-toc-section-end\"><\/span><\/h3>\n<p>Las p\u00e9rgolas de Toldos Aravaca son la opci\u00f3n perfecta para crear ambientes al aire libre con estilo. Disfruta de tu jard\u00edn o terraza con una p\u00e9rgola de calidad y dise\u00f1o exclusivo.<\/p>\n<h3><span class=\"ez-toc-section\" id=\"servicios-de-mantenimiento-y-cambio-de-lonas\"><\/span>Servicios de mantenimiento y cambio de lonas<span class=\"ez-toc-section-end\"><\/span><\/h3>\n<p>Para soluciones de Toldos en Aravaca Araque ofrece servicios especializados de mantenimiento y cambio de lonas para garantizar que tus toldos y p\u00e9rgolas se mantengan en perfectas condiciones, prolongando su vida \u00fatil y manteniendo su aspecto impecable.<\/p>\n<h2><span class=\"ez-toc-section\" id=\"calidad-y-satisfaccion-del-cliente\"><\/span>Calidad y satisfacci\u00f3n del cliente<span class=\"ez-toc-section-end\"><\/span><\/h2>\n<p>En Toldos Araque, para Aravaca, la calidad y la satisfacci\u00f3n del cliente son aspectos fundamentales que gu\u00edan cada proyecto. A continuaci\u00f3n, se detallan los pilares que sustentan este compromiso:<\/p>\n<h3><span class=\"ez-toc-section\" id=\"atencion-personalizada\"><\/span>Atenci\u00f3n personalizada<span class=\"ez-toc-section-end\"><\/span><\/h3>\n<ul>\n<li>En Toldos Aravaca, cada cliente recibe una atenci\u00f3n personalizada y adaptada a sus necesidades espec\u00edficas.<\/li>\n<li>Los profesionales de la empresa se dedican a escuchar y comprender las necesidades de cada cliente, ofreciendo soluciones a medida.<\/li>\n<\/ul>\n<h3><span class=\"ez-toc-section\" id=\"equipo-de-profesionales-altamente-cualificados\"><\/span>Equipo de profesionales altamente cualificados<span class=\"ez-toc-section-end\"><\/span><\/h3>\n<ul>\n<li>El equipo de Araque Toldos Aravaca est\u00e1 compuesto por profesionales altamente cualificados y con amplia experiencia en el sector de los toldos y p\u00e9rgolas.<\/li>\n<li>La formaci\u00f3n cont\u00ednuo y especializada garantiza un servicio de calidad y excelencia en cada proyecto.<\/li>\n<\/ul>\n<h3><span class=\"ez-toc-section\" id=\"dedicacion-y-compromiso-con-el-cliente\"><\/span>Dedicaci\u00f3n y compromiso con el cliente<span class=\"ez-toc-section-end\"><\/span><\/h3>\n<ul>\n<li>La empresa se compromete a brindar un servicio de calidad y garant\u00eda, manteniendo la satisfacci\u00f3n del cliente como prioridad.<\/li>\n<li>La dedicaci\u00f3n y el compromiso con cada cliente se reflejan en la atenci\u00f3n personalizada y el seguimiento cercano de cada proyecto.<\/li>\n<\/ul>\n<h2><span class=\"ez-toc-section\" id=\"contacto-con-toldos-en-aravaca\"><\/span>Contacto con Toldos en Aravaca<span class=\"ez-toc-section-end\"><\/span><\/h2>\n<p>Descubre m\u00e1s sobre c\u00f3mo contactar con Araque Toldos Aravaca y disfrutar de su excelente atenci\u00f3n al cliente, calidad garantizada y compromiso en cada proyecto.<\/p>\n<h3><span class=\"ez-toc-section\" id=\"servicio-de-calidad-y-garantia\"><\/span>Servicio de calidad y garant\u00eda<span class=\"ez-toc-section-end\"><\/span><\/h3>\n<ul>\n<li>Araque Toldos Aravaca se compromete a ofrecer un servicio de calidad.<\/li>\n<li>Garantizamos la durabilidad y eficacia de nuestros productos.<\/li>\n<\/ul>\n<h3><span class=\"ez-toc-section\" id=\"satisfaccion-del-cliente-como-prioridad\"><\/span>Satisfacci\u00f3n del cliente como prioridad<span class=\"ez-toc-section-end\"><\/span><\/h3>\n<ul>\n<li>En Araque Toldos Aravaca, la satisfacci\u00f3n del cliente es nuestra m\u00e1xima prioridad.<\/li>\n<li>Nuestro objetivo es superar las expectativas de cada cliente.<\/li>\n<\/ul>\n<h3><span class=\"ez-toc-section\" id=\"experiencia-y-compromiso-en-cada-proyecto\"><\/span>Experiencia y compromiso en cada proyecto<span class=\"ez-toc-section-end\"><\/span><\/h3>\n<ul>\n<li>Con m\u00e1s de 20 a\u00f1os de experiencia, nuestro equipo refleja un compromiso absoluto en cada proyecto.<\/li>\n<li>Conf\u00eda en Araque Toldos Aravaca para un resultado impecable y una atenci\u00f3n personalizada.<\/li>\n<\/ul>\n<p>[\/et_pb_text][\/et_pb_column][\/et_pb_row][\/et_pb_section]<\/p>\n","protected":false},"excerpt":{"rendered":"<p>TOLDOS EN ARAVACA MADRID &nbsp; INSTALACI\u00d3N DE TOLDOS EN ARAVACA TELF. 91 808 39 58 \/ 630 915 332 PRESUPUESTOS SIN COMPROMISO &nbsp; \u00bfNecesita Instalar toldos en Aravaca? En Toldos Araque ponemos a su disposici\u00f3n mas de 20 a\u00f1os de experiencia y profesionalidad. Fabricaci\u00f3n propia e instalaci\u00f3n de toldos en Aravaca. Contamos con numerosas instalaciones [&hellip;]<\/p>\n","protected":false},"author":3,"featured_media":6211,"parent":0,"menu_order":0,"comment_status":"closed","ping_status":"closed","template":"","meta":{"_et_pb_use_builder":"on","_et_pb_old_content":"<strong>TOLDOS EN ARAVACA MADRID<\/strong>\r\n\r\n<img class=\"alignnone  wp-image-872\" alt=\"LOGO-ARAVACA\" src=\"https:\/\/www.toldosaraque.com\/wp-content\/uploads\/2014\/02\/LOGO-ARAVACA.png\" width=\"570\" height=\"140\" \/>\r\n<p style=\"text-align: justify;\">Bienvenido a <strong>Toldos Araque<\/strong>, ofrecemos nuestros servicios de venta e instalaci\u00f3n referente a todo tipo de toldos para comercios, hosteler\u00eda y hogares en la localidad de <strong>Aravaca<\/strong>.\r\nInstalamos toldos stor, toldos portada, toldos cofres, toldos extensibles, toldos veranda, toldos cortavientos, p\u00e9rgolas, capotas, marquesinas, mosquiteras, lonas de piscina, estores enrollables y toldos para acondicionamiento de terrazas de bares y restaurantes.\r\nContamos con un equipo cualificado y continuamente formado e instruido, garantizando que nuestros montajes e instalaciones sean inmejorables y acordes a la calidad de nuestros productos.\r\nOfrecemos una amplia gama de productos de los principales fabricantes del sector, que nos permite garantizar nuestros montajes durante 3 a\u00f1os, tanto en materiales como en instalaci\u00f3n.\r\nDisponemos de los mejores materiales del mercado y con la tecnolog\u00eda m\u00e1s avanzada para llevar a cabo nuestro trabajo con la m\u00e1xima eficacia y calidad-precio.\r\nDisponemos de todos los accesorios y repuestos necesarios para la correcta instalaci\u00f3n de toldos.\r\nCons\u00faltenos y le ofreceremos soluciones personalizadas a su medida.\r\nLes invitamos a conocer nuestro cat\u00e1logo virtual de productos recorriendo nuestra web para que encuentren la soluci\u00f3n que m\u00e1s se adapte a sus necesidades.\r\n<strong>Asesoramiento y presupuesto sin compromiso en la localidad de Aravaca<\/strong>.<\/p>\r\n<p style=\"text-align: justify;\"><img class=\"alignnone  wp-image-875\" style=\"margin-left: 3px; margin-right: 3px;\" alt=\"FOTO-10\" src=\"https:\/\/www.toldosaraque.com\/wp-content\/uploads\/2014\/02\/FOTO-10.jpg\" width=\"150\" height=\"112\" \/><img class=\"alignnone  wp-image-877\" style=\"margin-left: 3px; margin-right: 3px;\" alt=\"FOTO-11\" src=\"https:\/\/www.toldosaraque.com\/wp-content\/uploads\/2014\/02\/FOTO-11.jpg\" width=\"150\" height=\"112\" \/><img class=\"alignnone  wp-image-878\" style=\"margin-left: 3px; margin-right: 3px;\" alt=\"FOTO-12\" src=\"https:\/\/www.toldosaraque.com\/wp-content\/uploads\/2014\/02\/FOTO-12.jpg\" width=\"150\" height=\"112\" \/><\/p>","_et_gb_content_width":"","_joinchat":[],"footnotes":""},"class_list":["post-761","page","type-page","status-publish","has-post-thumbnail","hentry"],"_links":{"self":[{"href":"https:\/\/toldosaraque.com\/madrid\/wp-json\/wp\/v2\/pages\/761","targetHints":{"allow":["GET"]}}],"collection":[{"href":"https:\/\/toldosaraque.com\/madrid\/wp-json\/wp\/v2\/pages"}],"about":[{"href":"https:\/\/toldosaraque.com\/madrid\/wp-json\/wp\/v2\/types\/page"}],"author":[{"embeddable":true,"href":"https:\/\/toldosaraque.com\/madrid\/wp-json\/wp\/v2\/users\/3"}],"replies":[{"embeddable":true,"href":"https:\/\/toldosaraque.com\/madrid\/wp-json\/wp\/v2\/comments?post=761"}],"version-history":[{"count":0,"href":"https:\/\/toldosaraque.com\/madrid\/wp-json\/wp\/v2\/pages\/761\/revisions"}],"wp:featuredmedia":[{"embeddable":true,"href":"https:\/\/toldosaraque.com\/madrid\/wp-json\/wp\/v2\/media\/6211"}],"wp:attachment":[{"href":"https:\/\/toldosaraque.com\/madrid\/wp-json\/wp\/v2\/media?parent=761"}],"curies":[{"name":"wp","href":"https:\/\/api.w.org\/{rel}","templated":true}]}}