{"id":773,"date":"2014-02-04T12:21:39","date_gmt":"2014-02-04T11:21:39","guid":{"rendered":"http:\/\/www.toldosaraque.com\/?page_id=773"},"modified":"2024-08-23T10:45:25","modified_gmt":"2024-08-23T09:45:25","slug":"toldos-en-fuenlabrada","status":"publish","type":"page","link":"https:\/\/toldosaraque.com\/madrid\/toldos-en-fuenlabrada\/","title":{"rendered":"TOLDOS EN FUENLABRADA"},"content":{"rendered":"<p>[et_pb_section fb_built=\u00bb1&#8243; admin_label=\u00bbsection\u00bb _builder_version=\u00bb4.16&#8243; global_colors_info=\u00bb{}\u00bb][et_pb_row admin_label=\u00bbrow\u00bb _builder_version=\u00bb4.16&#8243; background_size=\u00bbinitial\u00bb background_position=\u00bbtop_left\u00bb background_repeat=\u00bbrepeat\u00bb global_colors_info=\u00bb{}\u00bb][et_pb_column type=\u00bb4_4&#8243; _builder_version=\u00bb4.16&#8243; custom_padding=\u00bb|||\u00bb global_colors_info=\u00bb{}\u00bb custom_padding__hover=\u00bb|||\u00bb][et_pb_text admin_label=\u00bbTexto\u00bb _builder_version=\u00bb4.19.5&#8243; background_size=\u00bbinitial\u00bb background_position=\u00bbtop_left\u00bb background_repeat=\u00bbrepeat\u00bb use_border_color=\u00bboff\u00bb border_color=\u00bb#ffffff\u00bb border_style=\u00bbsolid\u00bb global_colors_info=\u00bb{}\u00bb]<\/p><div id=\"ez-toc-container\" class=\"ez-toc-v2_0_81 ez-toc-wrap-center counter-hierarchy ez-toc-counter ez-toc-grey ez-toc-container-direction\">\n<p class=\"ez-toc-title\" style=\"cursor:inherit\">Resumen:<\/p>\n<label for=\"ez-toc-cssicon-toggle-item-69f7520287b6d\" class=\"ez-toc-cssicon-toggle-label\"><span class=\"ez-toc-cssicon\"><span class=\"eztoc-hide\" style=\"display:none;\">Toggle<\/span><span class=\"ez-toc-icon-toggle-span\"><svg style=\"fill: #999;color:#999\" xmlns=\"http:\/\/www.w3.org\/2000\/svg\" class=\"list-377408\" width=\"20px\" height=\"20px\" viewBox=\"0 0 24 24\" fill=\"none\"><path d=\"M6 6H4v2h2V6zm14 0H8v2h12V6zM4 11h2v2H4v-2zm16 0H8v2h12v-2zM4 16h2v2H4v-2zm16 0H8v2h12v-2z\" fill=\"currentColor\"><\/path><\/svg><svg style=\"fill: #999;color:#999\" class=\"arrow-unsorted-368013\" xmlns=\"http:\/\/www.w3.org\/2000\/svg\" width=\"10px\" height=\"10px\" viewBox=\"0 0 24 24\" version=\"1.2\" baseProfile=\"tiny\"><path d=\"M18.2 9.3l-6.2-6.3-6.2 6.3c-.2.2-.3.4-.3.7s.1.5.3.7c.2.2.4.3.7.3h11c.3 0 .5-.1.7-.3.2-.2.3-.5.3-.7s-.1-.5-.3-.7zM5.8 14.7l6.2 6.3 6.2-6.3c.2-.2.3-.5.3-.7s-.1-.5-.3-.7c-.2-.2-.4-.3-.7-.3h-11c-.3 0-.5.1-.7.3-.2.2-.3.5-.3.7s.1.5.3.7z\"\/><\/svg><\/span><\/span><\/label><input type=\"checkbox\"  id=\"ez-toc-cssicon-toggle-item-69f7520287b6d\" checked aria-label=\"Alternar\" \/><nav><ul class='ez-toc-list ez-toc-list-level-1 ' ><li class='ez-toc-page-1 ez-toc-heading-level-1'><a class=\"ez-toc-link ez-toc-heading-1\" href=\"https:\/\/toldosaraque.com\/madrid\/toldos-en-fuenlabrada\/#instalacion-de-toldos-en-fuenlabrada\" >INSTALACI\u00d3N DE TOLDOS EN FUENLABRADA<\/a><ul class='ez-toc-list-level-2' ><li class='ez-toc-heading-level-2'><a class=\"ez-toc-link ez-toc-heading-2\" href=\"https:\/\/toldosaraque.com\/madrid\/toldos-en-fuenlabrada\/#telf-91-808-39-58-630-915-332\" >TELF. 91 808 39 58 \/ 630 915 332<\/a><ul class='ez-toc-list-level-3' ><li class='ez-toc-heading-level-3'><a class=\"ez-toc-link ez-toc-heading-3\" href=\"https:\/\/toldosaraque.com\/madrid\/toldos-en-fuenlabrada\/#presupuestos-sin-compromiso\" >PRESUPUESTOS SIN COMPROMISO<\/a><ul class='ez-toc-list-level-4' ><li class='ez-toc-heading-level-4'><a class=\"ez-toc-link ez-toc-heading-4\" href=\"https:\/\/toldosaraque.com\/madrid\/toldos-en-fuenlabrada\/#galeria-de-imagenes\" >GALER\u00cdA DE IM\u00c1GENES<\/a><\/li><\/ul><\/li><\/ul><\/li><li class='ez-toc-page-1 ez-toc-heading-level-2'><a class=\"ez-toc-link ez-toc-heading-5\" href=\"https:\/\/toldosaraque.com\/madrid\/toldos-en-fuenlabrada\/#toldos-en-fuenlabrada-donde-encontrar-los-mejores-toldos-en-fuenlabrada\" >Toldos en Fuenlabrada. D\u00f3nde encontrar los mejores toldos en Fuenlabrada<\/a><\/li><li class='ez-toc-page-1 ez-toc-heading-level-2'><a class=\"ez-toc-link ez-toc-heading-6\" href=\"https:\/\/toldosaraque.com\/madrid\/toldos-en-fuenlabrada\/#por-que-son-necesarios-los-toldos-en-fuenlabrada\" >Por qu\u00e9 son necesarios los Toldos en Fuenlabrada<\/a><\/li><li class='ez-toc-page-1 ez-toc-heading-level-2'><a class=\"ez-toc-link ez-toc-heading-7\" href=\"https:\/\/toldosaraque.com\/madrid\/toldos-en-fuenlabrada\/#como-elegir-los-mejores-toldos-para-fuenlabrada\" >C\u00f3mo elegir los mejores toldos para Fuenlabrada<\/a><\/li><\/ul><\/li><\/ul><\/nav><\/div>\n\n<p><strong>TOLDOS EN FUENLABRADA MADRID<\/strong><\/p>\n<p>&nbsp;<\/p>\n<h1 style=\"text-align: center;\"><span class=\"ez-toc-section\" id=\"instalacion-de-toldos-en-fuenlabrada\"><\/span><strong><span style=\"color: #ff0000;\"><a href=\"https:\/\/toldosaraque.com\/madrid\/\">INSTALACI\u00d3N DE TOLDOS EN <\/a>FUENLABRADA<\/span><\/strong><span class=\"ez-toc-section-end\"><\/span><\/h1>\n<h2 style=\"text-align: center;\"><span class=\"ez-toc-section\" id=\"telf-91-808-39-58-630-915-332\"><\/span><a href=\"https:\/\/toldosaraque.com\/madrid\/\"><strong><span style=\"color: #3366ff;\">TELF. 91 808 39 58 \/ 630 915 332<\/span><\/strong><\/a><span class=\"ez-toc-section-end\"><\/span><\/h2>\n<h3 style=\"text-align: center;\"><span class=\"ez-toc-section\" id=\"presupuestos-sin-compromiso\"><\/span><a href=\"https:\/\/toldosaraque.com\/madrid\/\" data-wplink-edit=\"true\"><span style=\"color: #000000;\"><strong>PRESUPUESTOS SIN COMPROMISO<\/strong><\/span><\/a><span class=\"ez-toc-section-end\"><\/span><\/h3>\n<p style=\"text-align: center;\"><span style=\"color: #000000;\"><strong>\u00bfNecesita Instalar toldos en Fuenlabrada?<\/strong><\/span><\/p>\n<p style=\"text-align: center;\"><span style=\"color: #000000;\">En Toldos Araque ponemos a su disposici\u00f3n mas de 20 a\u00f1os de experiencia y profesionalidad.<\/span><\/p>\n<p style=\"text-align: center;\"><span style=\"color: #000000;\">Fabricaci\u00f3n propia e instalaci\u00f3n de toldos en <strong>Fuenlabrada.<\/strong><\/span><\/p>\n<p style=\"text-align: center;\"><span style=\"color: #000000;\">Contamos con numerosas instalaciones en el municipio de <strong>Fuenlabrada<\/strong>, tanto a particulares como profesionales del sector de la hosteler\u00eda.<\/span><\/p>\n<p style=\"text-align: center;\"><span style=\"color: #000000;\">Nuestras instalaciones est\u00e1n repartidas por todo el municipio, en los barrios <strong>Avanzada, La Cueva, El Arroyo, La Fuente, Cerro, El Molino, El Naranjo, La Serna, Loranca, Nuevo Versalles, Parque Miraflores<\/strong><\/span><\/p>\n<p style=\"text-align: center;\"><span style=\"color: #000000;\"><strong>Servicios que ofrecemos en el municipio de Fuenlabrada<\/strong><\/span><\/p>\n<p style=\"text-align: center;\"><span style=\"color: #000000;\">Toldos stor, toldos stor cofre, toldos portada, toldos portada cofre, toldos extensibles, toldos extensibles cofre, toldos monoblock, toldos cortavientos, toldos cortavientos cofre, toldos veranda, p\u00e9rgolas de aluminio 80 x 40, p\u00e9rgolas de aluminio 100 x 100, p\u00e9rgolas de aluminio 120 x 120, p\u00e9rgolas pergo-rain, capotas, marquesinas, lonas de pvc para piscinas, estores enrollables, techos m\u00f3viles, techos fijos, techos panel s\u00e1ndwich&#8230;<\/span><\/p>\n<p style=\"text-align: center;\"><span style=\"color: #000000;\">Desde esta Pagina web puedes acceder a todos los modelos de toldos, ver caracter\u00edsticas t\u00e9cnicas, ver galer\u00eda de fotos y cat\u00e1logos del producto.<\/span><\/p>\n<p style=\"text-align: center;\"><span style=\"color: #000000;\">Ofrecemos nuestro asesoramiento y presupuestos sin compromiso en el municipio de <strong>Fuenlabrada<\/strong>.<\/span><\/p>\n<p><img loading=\"lazy\" decoding=\"async\" class=\"aligncenter wp-image-6632 size-full\" src=\"https:\/\/toldosaraque.com\/madrid\/wp-content\/uploads\/2022\/02\/TOLDOS-EXTENSIBLE-COFRE-CIUDALCAMPO-MADRID-3-.jpg\" alt=\"toldos en fuenlabrada\" width=\"800\" height=\"600\" title=\"\" srcset=\"https:\/\/toldosaraque.com\/madrid\/wp-content\/uploads\/2022\/02\/TOLDOS-EXTENSIBLE-COFRE-CIUDALCAMPO-MADRID-3-.jpg 800w, https:\/\/toldosaraque.com\/madrid\/wp-content\/uploads\/2022\/02\/TOLDOS-EXTENSIBLE-COFRE-CIUDALCAMPO-MADRID-3--480x360.jpg 480w\" sizes=\"(min-width: 0px) and (max-width: 480px) 480px, (min-width: 481px) 800px, 100vw\" \/><\/p>\n<p style=\"text-align: center;\"><span style=\"color: #000000;\">Tambi\u00e9n disponemos un amplio catalogo de productos para cerramientos de terrazas para bares o restaurantes en el municipio de<strong> Fuenlabrada<\/strong>.<\/span><\/p>\n<p style=\"text-align: center;\"><span style=\"color: #000000;\">Si desea motorizar o automatizar su toldo o p\u00e9rgola, cons\u00faltenos.<\/span><\/p>\n<p style=\"text-align: center;\"><span style=\"color: #000000;\">Si la lona de su toldo est\u00e1 deteriorada o quiere cambiarla por cualquier motivo, d\u00edganoslo y le ofreceremos un gran catalogo de lonas, donde podr\u00e1 elegir el que m\u00e1s le guste.<\/span><\/p>\n<p style=\"text-align: center;\"><span style=\"color: #000000;\">Si busca en <strong>Fuenlabrada<\/strong>, profesionalidad, seriedad, garant\u00eda, servicio post-venta, relaci\u00f3n calidad-precio, LLAMENOS Y LE DAREMOS PRESUPUESTO SIN COMPROMISO.<\/span><\/p>\n<p style=\"text-align: center;\"><span style=\"color: #000000;\">Realizamos instalaciones en toda la <strong>Comunidad de Madrid.<\/strong><\/span><\/p>\n<p style=\"text-align: justify;\">[\/et_pb_text][\/et_pb_column][\/et_pb_row][et_pb_row admin_label=\u00bbrow\u00bb _builder_version=\u00bb4.16&#8243; background_size=\u00bbinitial\u00bb background_position=\u00bbtop_left\u00bb background_repeat=\u00bbrepeat\u00bb global_colors_info=\u00bb{}\u00bb][et_pb_column type=\u00bb4_4&#8243; _builder_version=\u00bb4.16&#8243; custom_padding=\u00bb|||\u00bb global_colors_info=\u00bb{}\u00bb custom_padding__hover=\u00bb|||\u00bb][et_pb_text admin_label=\u00bbTexto\u00bb _builder_version=\u00bb4.16&#8243; background_size=\u00bbinitial\u00bb background_position=\u00bbtop_left\u00bb background_repeat=\u00bbrepeat\u00bb custom_margin=\u00bb||0px|\u00bb custom_padding=\u00bb||0px|\u00bb use_border_color=\u00bboff\u00bb border_color=\u00bb#ffffff\u00bb border_style=\u00bbsolid\u00bb global_colors_info=\u00bb{}\u00bb]<\/p>\n<h4><span class=\"ez-toc-section\" id=\"galeria-de-imagenes\"><\/span>GALER\u00cdA DE IM\u00c1GENES<span class=\"ez-toc-section-end\"><\/span><\/h4>\n<p>[\/et_pb_text][et_pb_divider color=\u00bb#2c99fc\u00bb admin_label=\u00bbSeparador\u00bb _builder_version=\u00bb4.16&#8243; hide_on_mobile=\u00bboff\u00bb global_colors_info=\u00bb{}\u00bb] [\/et_pb_divider][et_pb_gallery gallery_ids=\u00bb3398,3399,3396,3397&#8243; show_title_and_caption=\u00bboff\u00bb admin_label=\u00bbGaler\u00eda\u00bb _builder_version=\u00bb4.16&#8243; use_border_color=\u00bboff\u00bb border_color=\u00bb#ffffff\u00bb border_style=\u00bbsolid\u00bb global_colors_info=\u00bb{}\u00bb] [\/et_pb_gallery][\/et_pb_column][\/et_pb_row][et_pb_row _builder_version=\u00bb4.27.0&#8243; _module_preset=\u00bbdefault\u00bb][et_pb_column _builder_version=\u00bb4.27.0&#8243; _module_preset=\u00bbdefault\u00bb type=\u00bb4_4&#8243;][et_pb_toggle title=\u00bbToldos en Fuenlabrada: Un complemento esencial para cualquier entorno exterior\u00bb _builder_version=\u00bb4.27.0&#8243; _module_preset=\u00bbdefault\u00bb hover_enabled=\u00bb0&#8243; sticky_enabled=\u00bb0&#8243;]<\/p>\n<h2><span class=\"ez-toc-section\" id=\"toldos-en-fuenlabrada-donde-encontrar-los-mejores-toldos-en-fuenlabrada\"><\/span>Toldos en Fuenlabrada. D\u00f3nde encontrar los mejores toldos en Fuenlabrada<span class=\"ez-toc-section-end\"><\/span><\/h2>\n<p>Fuenlabrada es una ciudad situada en Espa\u00f1a, y una de las caracter\u00edsticas m\u00e1s notables de su clima es su tiempo c\u00e1lido y soleado. La ciudad se fund\u00f3 en el siglo XV y tiene una poblaci\u00f3n de unos 200.000 habitantes. Tanto las personas de ciudades aleda\u00f1as como M\u00f3stoles o Legan\u00e9s como los ciudadanos de Fuenlabrada disfrutan explorando los parques que la ciudad de Fuenlabrada ofrece, y si el tiempo es perfecto todo es ideal para las actividades al aire libre.<\/p>\n<p>Una de las consideraciones clave en lo que respecta a los entornos al aire libre de Fuenlabrada es la gesti\u00f3n del sol. Aunque el tiempo c\u00e1lido es incre\u00edblemente atractivo, la exposici\u00f3n prolongada al sol puede provocar quemaduras solares y otros problemas cut\u00e1neos. Adem\u00e1s, la exposici\u00f3n directa al sol puede dificultar pasar mucho tiempo al aire libre. Por esta raz\u00f3n, muchas personas de Fuenlabrada invierten en <b>toldos <\/b>que son b\u00e1sicamente toldos de exterior dise\u00f1ados para bloquear el sol. Los Toldos son un complemento esencial para cualquier entorno exterior de Fuenlabrada, y pueden personalizarse para que coincidan perfectamente con tu espacio exterior.<\/p>\n<h2><span class=\"ez-toc-section\" id=\"por-que-son-necesarios-los-toldos-en-fuenlabrada\"><\/span>Por qu\u00e9 son necesarios los Toldos en Fuenlabrada<span class=\"ez-toc-section-end\"><\/span><\/h2>\n<p>Los Toldos son un complemento esencial para cualquier entorno exterior de Fuenlabrada por varias razones. En primer lugar, y lo m\u00e1s importante, los toldos est\u00e1n dise\u00f1ados para proporcionar una zona de sombra, ayudando a bloquear parte de la intensidad de los rayos solares. Esto puede hacer que las actividades al aire libre sean mucho m\u00e1s c\u00f3modas, d\u00e1ndote la libertad de disfrutar de la naturaleza sin sentir que est\u00e1s cont\u00ednuomente en una sauna.<\/p>\n<p>Los toldos tambi\u00e9n son muy eficaces para proporcionar algo de privacidad, ya que pueden ayudar a crear una zona apartada dentro de tu espacio exterior. Esto es especialmente \u00fatil para quienes viven en pisos o adosados, ya que proporciona algo de intimidad a la hora de pasar tiempo al aire libre.<\/p>\n<p>Por \u00faltimo, y quiz\u00e1s lo m\u00e1s importante, los toldos pueden ayudar a proteger tus muebles de exterior y otras pertenencias de los duros rayos del sol. La exposici\u00f3n cont\u00ednuo a la luz solar directa puede hacer que tus muebles y otros objetos se decoloren y deterioren, por lo que tener un toldo puede ayudar a prolongar la vida \u00fatil de tus pertenencias.<\/p>\n<h2><span class=\"ez-toc-section\" id=\"como-elegir-los-mejores-toldos-para-fuenlabrada\"><\/span>C\u00f3mo elegir los mejores toldos para Fuenlabrada<span class=\"ez-toc-section-end\"><\/span><\/h2>\n<p>Cuando se trata de elegir toldos para Fuenlabrada, hay varios factores a tener en cuenta. En primer lugar, debes considerar tu presupuesto, ya que hay varios tipos de toldos con precios diferentes. El tipo m\u00e1s com\u00fan de toldos es el de tela, y existen en varios colores y dise\u00f1os para que coincidan con tu espacio exterior. Tambi\u00e9n hay opciones m\u00e1s caras, como sombrillas o toldos.<\/p>\n<p>Tambi\u00e9n debes tener en cuenta el tama\u00f1o de tu espacio exterior a la hora de elegir un toldo. Es importante medir la zona donde quieras instalar el toldo para asegurarte de que compras un producto del tama\u00f1o adecuado. Adem\u00e1s, tendr\u00e1s que tener en cuenta el dise\u00f1o general de tu espacio exterior y asegurarte de que el dise\u00f1o del toldo lo complementa.<\/p>\n<p>Por \u00faltimo, debes asegurarte de que el toldo est\u00e1 fabricado con materiales de alta calidad. Lo ideal es que busques un producto fabricado con materiales duraderos que puedan resistir las inclemencias del tiempo. Esto es especialmente importante en Fuenlabrada, ya que el tiempo c\u00e1lido puede hacer que ciertos materiales, como la tela, se decoloren y desgasten con mayor rapidez.<\/p>\n<p>Con el toldo perfecto, podr\u00e1s empezar a disfrutar de tu espacio exterior en Fuenlabrada, pase lo que pase.<\/p>\n<p>[\/et_pb_toggle][\/et_pb_column][\/et_pb_row][\/et_pb_section]<\/p>\n","protected":false},"excerpt":{"rendered":"<p>TOLDOS EN FUENLABRADA MADRID &nbsp; INSTALACI\u00d3N DE TOLDOS EN FUENLABRADA TELF. 91 808 39 58 \/ 630 915 332 PRESUPUESTOS SIN COMPROMISO \u00bfNecesita Instalar toldos en Fuenlabrada? En Toldos Araque ponemos a su disposici\u00f3n mas de 20 a\u00f1os de experiencia y profesionalidad. Fabricaci\u00f3n propia e instalaci\u00f3n de toldos en Fuenlabrada. Contamos con numerosas instalaciones en [&hellip;]<\/p>\n","protected":false},"author":3,"featured_media":0,"parent":0,"menu_order":0,"comment_status":"closed","ping_status":"closed","template":"","meta":{"_et_pb_use_builder":"on","_et_pb_old_content":"<strong>TOLDOS EN FUENLABRADA MADRID<\/strong>\r\n\r\n<img class=\"alignnone  wp-image-924\" title=\"Toldos en Fuenlabrada\" alt=\"LOGO-FUENLABRADA\" src=\"https:\/\/www.toldosaraque.com\/wp-content\/uploads\/2014\/02\/LOGO-FUENLABRADA.png\" width=\"570\" height=\"140\" \/>\r\n<p style=\"text-align: justify;\">Bienvenido a <strong>Toldos Araque<\/strong>, ofrecemos nuestros servicios de venta e instalaci\u00f3n referente a todo tipo de toldos para comercios, hosteler\u00eda y hogares en la localidad de <strong>Fuenlabrada<\/strong>.\r\nInstalamos toldos stor, toldos portada, toldos cofres, toldos extensibles, toldos veranda, toldos cortavientos, p\u00e9rgolas, capotas, marquesinas, mosquiteras, lonas de piscina, estores enrollables y toldos para acondicionamiento de terrazas de bares y restaurantes.\r\nContamos con un equipo cualificado y continuamente formado e instruido, garantizando que nuestros montajes e instalaciones sean inmejorables y acordes a la calidad de nuestros productos.\r\nOfrecemos una amplia gama de productos de los principales fabricantes del sector, que nos permite garantizar nuestros montajes durante 3 a\u00f1os, tanto en materiales como en instalaci\u00f3n.\r\nDisponemos de los mejores materiales del mercado y con la tecnolog\u00eda m\u00e1s avanzada para llevar a cabo nuestro trabajo con la m\u00e1xima eficacia y calidad-precio.\r\nDisponemos de todos los accesorios y repuestos necesarios para la correcta instalaci\u00f3n de toldos.\r\nCons\u00faltenos y le ofreceremos soluciones personalizadas a su medida.\r\nLes invitamos a conocer nuestro cat\u00e1logo virtual de productos recorriendo nuestra web para que encuentren la soluci\u00f3n que m\u00e1s se adapte a sus necesidades.\r\n<strong>Asesoramiento y presupuesto sin compromiso en la localidad de Fuenlabrada<\/strong>.<\/p>\r\n<p style=\"text-align: justify;\"><img class=\"alignnone  wp-image-928\" style=\"margin-left: 3px; margin-right: 3px;\" alt=\"FOTO-4\" src=\"https:\/\/www.toldosaraque.com\/wp-content\/uploads\/2014\/02\/FOTO-42.jpg\" width=\"150\" height=\"112\" \/><img class=\"alignnone  wp-image-929\" style=\"margin-left: 3px; margin-right: 3px;\" alt=\"FOTO-7\" src=\"https:\/\/www.toldosaraque.com\/wp-content\/uploads\/2014\/02\/FOTO-71.jpg\" width=\"150\" height=\"112\" \/><img class=\"alignnone  wp-image-930\" style=\"margin-left: 3px; margin-right: 3px;\" alt=\"FOTO-10\" src=\"https:\/\/www.toldosaraque.com\/wp-content\/uploads\/2014\/02\/FOTO-102.jpg\" width=\"150\" height=\"112\" \/><\/p>","_et_gb_content_width":"","_joinchat":[],"footnotes":""},"class_list":["post-773","page","type-page","status-publish","hentry"],"_links":{"self":[{"href":"https:\/\/toldosaraque.com\/madrid\/wp-json\/wp\/v2\/pages\/773","targetHints":{"allow":["GET"]}}],"collection":[{"href":"https:\/\/toldosaraque.com\/madrid\/wp-json\/wp\/v2\/pages"}],"about":[{"href":"https:\/\/toldosaraque.com\/madrid\/wp-json\/wp\/v2\/types\/page"}],"author":[{"embeddable":true,"href":"https:\/\/toldosaraque.com\/madrid\/wp-json\/wp\/v2\/users\/3"}],"replies":[{"embeddable":true,"href":"https:\/\/toldosaraque.com\/madrid\/wp-json\/wp\/v2\/comments?post=773"}],"version-history":[{"count":1,"href":"https:\/\/toldosaraque.com\/madrid\/wp-json\/wp\/v2\/pages\/773\/revisions"}],"predecessor-version":[{"id":7229,"href":"https:\/\/toldosaraque.com\/madrid\/wp-json\/wp\/v2\/pages\/773\/revisions\/7229"}],"wp:attachment":[{"href":"https:\/\/toldosaraque.com\/madrid\/wp-json\/wp\/v2\/media?parent=773"}],"curies":[{"name":"wp","href":"https:\/\/api.w.org\/{rel}","templated":true}]}}