{"id":807,"date":"2014-02-04T12:44:15","date_gmt":"2014-02-04T11:44:15","guid":{"rendered":"http:\/\/www.toldosaraque.com\/?page_id=807"},"modified":"2023-01-27T23:45:27","modified_gmt":"2023-01-27T22:45:27","slug":"toldos-en-pinto","status":"publish","type":"page","link":"https:\/\/toldosaraque.com\/madrid\/toldos-en-pinto\/","title":{"rendered":"TOLDOS EN PINTO"},"content":{"rendered":"<p>[et_pb_section fb_built=\u00bb1&#8243; admin_label=\u00bbsection\u00bb _builder_version=\u00bb4.16&#8243; global_colors_info=\u00bb{}\u00bb][et_pb_row admin_label=\u00bbrow\u00bb _builder_version=\u00bb4.16&#8243; background_size=\u00bbinitial\u00bb background_position=\u00bbtop_left\u00bb background_repeat=\u00bbrepeat\u00bb global_colors_info=\u00bb{}\u00bb][et_pb_column type=\u00bb4_4&#8243; _builder_version=\u00bb4.16&#8243; custom_padding=\u00bb|||\u00bb global_colors_info=\u00bb{}\u00bb custom_padding__hover=\u00bb|||\u00bb][et_pb_text admin_label=\u00bbTexto\u00bb _builder_version=\u00bb4.19.5&#8243; background_size=\u00bbinitial\u00bb background_position=\u00bbtop_left\u00bb background_repeat=\u00bbrepeat\u00bb use_border_color=\u00bboff\u00bb border_color=\u00bb#ffffff\u00bb border_style=\u00bbsolid\u00bb global_colors_info=\u00bb{}\u00bb]<\/p><div id=\"ez-toc-container\" class=\"ez-toc-v2_0_81 ez-toc-wrap-center counter-hierarchy ez-toc-counter ez-toc-grey ez-toc-container-direction\">\n<p class=\"ez-toc-title\" style=\"cursor:inherit\">Resumen:<\/p>\n<label for=\"ez-toc-cssicon-toggle-item-69e03f5323b99\" class=\"ez-toc-cssicon-toggle-label\"><span class=\"ez-toc-cssicon\"><span class=\"eztoc-hide\" style=\"display:none;\">Toggle<\/span><span class=\"ez-toc-icon-toggle-span\"><svg style=\"fill: #999;color:#999\" xmlns=\"http:\/\/www.w3.org\/2000\/svg\" class=\"list-377408\" width=\"20px\" height=\"20px\" viewBox=\"0 0 24 24\" fill=\"none\"><path d=\"M6 6H4v2h2V6zm14 0H8v2h12V6zM4 11h2v2H4v-2zm16 0H8v2h12v-2zM4 16h2v2H4v-2zm16 0H8v2h12v-2z\" fill=\"currentColor\"><\/path><\/svg><svg style=\"fill: #999;color:#999\" class=\"arrow-unsorted-368013\" xmlns=\"http:\/\/www.w3.org\/2000\/svg\" width=\"10px\" height=\"10px\" viewBox=\"0 0 24 24\" version=\"1.2\" baseProfile=\"tiny\"><path d=\"M18.2 9.3l-6.2-6.3-6.2 6.3c-.2.2-.3.4-.3.7s.1.5.3.7c.2.2.4.3.7.3h11c.3 0 .5-.1.7-.3.2-.2.3-.5.3-.7s-.1-.5-.3-.7zM5.8 14.7l6.2 6.3 6.2-6.3c.2-.2.3-.5.3-.7s-.1-.5-.3-.7c-.2-.2-.4-.3-.7-.3h-11c-.3 0-.5.1-.7.3-.2.2-.3.5-.3.7s.1.5.3.7z\"\/><\/svg><\/span><\/span><\/label><input type=\"checkbox\"  id=\"ez-toc-cssicon-toggle-item-69e03f5323b99\" checked aria-label=\"Alternar\" \/><nav><ul class='ez-toc-list ez-toc-list-level-1 ' ><li class='ez-toc-page-1 ez-toc-heading-level-1'><a class=\"ez-toc-link ez-toc-heading-1\" href=\"https:\/\/toldosaraque.com\/madrid\/toldos-en-pinto\/#instalacion-de-toldos-en-pinto\" >INSTALACI\u00d3N DE TOLDOS EN PINTO<\/a><ul class='ez-toc-list-level-2' ><li class='ez-toc-heading-level-2'><a class=\"ez-toc-link ez-toc-heading-2\" href=\"https:\/\/toldosaraque.com\/madrid\/toldos-en-pinto\/#telf-91-808-39-58-630-915-332\" >TELF. 91 808 39 58 \/ 630 915 332<\/a><ul class='ez-toc-list-level-3' ><li class='ez-toc-heading-level-3'><a class=\"ez-toc-link ez-toc-heading-3\" href=\"https:\/\/toldosaraque.com\/madrid\/toldos-en-pinto\/#presupuestos-sin-compromiso\" >PRESUPUESTOS SIN COMPROMISO<\/a><ul class='ez-toc-list-level-4' ><li class='ez-toc-heading-level-4'><a class=\"ez-toc-link ez-toc-heading-4\" href=\"https:\/\/toldosaraque.com\/madrid\/toldos-en-pinto\/#galeria-de-imagenes\" >GALER\u00cdA DE IM\u00c1GENES<\/a><\/li><\/ul><\/li><\/ul><\/li><li class='ez-toc-page-1 ez-toc-heading-level-2'><a class=\"ez-toc-link ez-toc-heading-5\" href=\"https:\/\/toldosaraque.com\/madrid\/toldos-en-pinto\/#toldos-araque-fabricacion-e-instalacion-de-toldos-en-pinto\" >Toldos Araque fabricaci\u00f3n e instalaci\u00f3n de Toldos en Pinto<\/a><\/li><li class='ez-toc-page-1 ez-toc-heading-level-2'><a class=\"ez-toc-link ez-toc-heading-6\" href=\"https:\/\/toldosaraque.com\/madrid\/toldos-en-pinto\/#toldos-de-mejor-calidad-y-garantia-en-pinto\" >Toldos de mejor calidad y garant\u00eda en Pinto<\/a><\/li><\/ul><\/li><\/ul><\/nav><\/div>\n\n<p><strong>TOLDOS EN PINTO MADRID<\/strong><\/p>\n<p>&nbsp;<\/p>\n<h1 style=\"text-align: center;\"><span class=\"ez-toc-section\" id=\"instalacion-de-toldos-en-pinto\"><\/span><strong><span style=\"color: #ff0000;\"><a href=\"https:\/\/toldosaraque.com\/madrid\/\">INSTALACI\u00d3N DE TOLDOS EN<\/a> PINTO<\/span><\/strong><span class=\"ez-toc-section-end\"><\/span><\/h1>\n<h2 style=\"text-align: center;\"><span class=\"ez-toc-section\" id=\"telf-91-808-39-58-630-915-332\"><\/span><a href=\"https:\/\/toldosaraque.com\/madrid\/\"><strong><span style=\"color: #3366ff;\">TELF. 91 808 39 58 \/ 630 915 332<\/span><\/strong><\/a><span class=\"ez-toc-section-end\"><\/span><\/h2>\n<h3 style=\"text-align: center;\"><span class=\"ez-toc-section\" id=\"presupuestos-sin-compromiso\"><\/span><a href=\"https:\/\/toldosaraque.com\/madrid\/\"><span style=\"color: #000000;\"><strong>PRESUPUESTOS SIN COMPROMISO<\/strong><\/span><\/a><span class=\"ez-toc-section-end\"><\/span><\/h3>\n<p style=\"text-align: center;\"><span style=\"color: #000000;\"><strong>\u00bfNecesita Instalar toldos en Pinto?<\/strong><\/span><\/p>\n<p style=\"text-align: center;\"><span style=\"color: #000000;\">En Toldos Araque ponemos a su disposici\u00f3n mas de 20 a\u00f1os de experiencia y profesionalidad.<\/span><\/p>\n<p style=\"text-align: center;\"><span style=\"color: #000000;\">Fabricaci\u00f3n propia e instalaci\u00f3n de toldos en <strong>Pinto.<\/strong><\/span><\/p>\n<p style=\"text-align: center;\"><span style=\"color: #000000;\">Contamos con numerosas instalaciones en el municipio de <strong>Pinto<\/strong>, tanto a particulares como profesionales del sector de la hosteler\u00eda.<\/span><\/p>\n<p style=\"text-align: center;\"><span style=\"color: #000000;\">Nuestras instalaciones est\u00e1n repartidas por todo el municipio, en los barrios El Egido, La Calera, La Estaci\u00f3n, La R\u00e1bida, Las Mercedes, Parque Pinto, Buenos Aires, Puerta de Pinto, El Prado, Los Pitufos, Los Huesitos, Las Cristinas, Los Cisnes, La Indiana, Parque Europa, San Ant\u00f3n-Valpara\u00edso, La Tener\u00eda, La Tener\u00eda II<\/span><\/p>\n<p><img loading=\"lazy\" decoding=\"async\" class=\"aligncenter wp-image-6736 size-full\" src=\"https:\/\/toldosaraque.com\/madrid\/wp-content\/uploads\/2023\/01\/toldo-extensible-cofre-motorizad.jpg\" alt=\"Toldos en Pinto\" width=\"1280\" height=\"720\" title=\"\" srcset=\"https:\/\/toldosaraque.com\/madrid\/wp-content\/uploads\/2023\/01\/toldo-extensible-cofre-motorizad.jpg 1280w, https:\/\/toldosaraque.com\/madrid\/wp-content\/uploads\/2023\/01\/toldo-extensible-cofre-motorizad-980x551.jpg 980w, https:\/\/toldosaraque.com\/madrid\/wp-content\/uploads\/2023\/01\/toldo-extensible-cofre-motorizad-480x270.jpg 480w\" sizes=\"(min-width: 0px) and (max-width: 480px) 480px, (min-width: 481px) and (max-width: 980px) 980px, (min-width: 981px) 1280px, 100vw\" \/><\/p>\n<p style=\"text-align: center;\"><span style=\"color: #000000;\"><strong>Servicios que ofrecemos en el municipio de Pinto<\/strong><\/span><\/p>\n<p style=\"text-align: center;\"><span style=\"color: #000000;\">Toldos stor, toldos stor cofre, toldos portada, toldos portada cofre, toldos extensibles, toldos extensibles cofre, toldos monoblock, toldos cortavientos, toldos cortavientos cofre, toldos veranda, p\u00e9rgolas de aluminio 80 x 40, p\u00e9rgolas de aluminio 100 x 100, p\u00e9rgolas de aluminio 120 x 120, p\u00e9rgolas pergo-rain, capotas, marquesinas, lonas de pvc para piscinas, estores enrollables, techos m\u00f3viles, techos fijos, techos panel s\u00e1ndwich&#8230;<\/span><\/p>\n<p style=\"text-align: center;\"><span style=\"color: #000000;\">Desde esta Pagina web puedes acceder a todos los modelos de toldos, ver caracter\u00edsticas t\u00e9cnicas, ver galer\u00eda de fotos y cat\u00e1logos del producto.<\/span><\/p>\n<p style=\"text-align: center;\"><span style=\"color: #000000;\">Ofrecemos nuestro asesoramiento y presupuestos sin compromiso en el municipio de <strong>Pinto<\/strong>.<\/span><\/p>\n<p style=\"text-align: center;\"><span style=\"color: #000000;\">Tambi\u00e9n disponemos un amplio catalogo de productos para cerramientos de terrazas para bares o restaurantes en el municipio de <strong>Pinto<\/strong>.<\/span><\/p>\n<p style=\"text-align: center;\"><span style=\"color: #000000;\">Si desea motorizar o automatizar su toldo o p\u00e9rgola, cons\u00faltenos.<\/span><\/p>\n<p style=\"text-align: center;\"><span style=\"color: #000000;\">Si la lona de su toldo est\u00e1 deteriorada o quiere cambiarla por cualquier motivo, d\u00edganoslo y le ofreceremos un gran catalogo de lonas, donde podr\u00e1 elegir el que m\u00e1s le guste.<\/span><\/p>\n<p style=\"text-align: center;\"><span style=\"color: #000000;\">Si busca en <strong>Pinto<\/strong>, profesionalidad, seriedad, garant\u00eda, servicio post-venta, relaci\u00f3n calidad-precio, LLAMENOS Y LE DAREMOS PRESUPUESTO SIN COMPROMISO.<\/span><\/p>\n<p style=\"text-align: center;\"><span style=\"color: #000000;\">Realizamos instalaciones en toda la <strong>Comunidad de Madrid.<\/strong><\/span><\/p>\n<p>[\/et_pb_text][\/et_pb_column][\/et_pb_row][et_pb_row admin_label=\u00bbrow\u00bb _builder_version=\u00bb4.16&#8243; background_size=\u00bbinitial\u00bb background_position=\u00bbtop_left\u00bb background_repeat=\u00bbrepeat\u00bb global_colors_info=\u00bb{}\u00bb][et_pb_column type=\u00bb4_4&#8243; _builder_version=\u00bb4.16&#8243; custom_padding=\u00bb|||\u00bb global_colors_info=\u00bb{}\u00bb custom_padding__hover=\u00bb|||\u00bb][et_pb_text admin_label=\u00bbTexto\u00bb _builder_version=\u00bb4.16&#8243; background_size=\u00bbinitial\u00bb background_position=\u00bbtop_left\u00bb background_repeat=\u00bbrepeat\u00bb custom_margin=\u00bb||0px|\u00bb custom_padding=\u00bb||0px|\u00bb use_border_color=\u00bboff\u00bb border_color=\u00bb#ffffff\u00bb border_style=\u00bbsolid\u00bb global_colors_info=\u00bb{}\u00bb]<\/p>\n<h4><span class=\"ez-toc-section\" id=\"galeria-de-imagenes\"><\/span>GALER\u00cdA DE IM\u00c1GENES<span class=\"ez-toc-section-end\"><\/span><\/h4>\n<p>[\/et_pb_text][et_pb_divider color=\u00bb#2c99fc\u00bb admin_label=\u00bbSeparador\u00bb _builder_version=\u00bb4.16&#8243; hide_on_mobile=\u00bboff\u00bb global_colors_info=\u00bb{}\u00bb] [\/et_pb_divider][et_pb_gallery gallery_ids=\u00bb3479,3429,3406,3405&#8243; show_title_and_caption=\u00bboff\u00bb admin_label=\u00bbGaler\u00eda\u00bb _builder_version=\u00bb4.16&#8243; use_border_color=\u00bboff\u00bb border_color=\u00bb#ffffff\u00bb border_style=\u00bbsolid\u00bb global_colors_info=\u00bb{}\u00bb] [\/et_pb_gallery][\/et_pb_column][\/et_pb_row][\/et_pb_section][et_pb_section fb_built=\u00bb1&#8243; theme_builder_area=\u00bbpost_content\u00bb _builder_version=\u00bb4.19.5&#8243; _module_preset=\u00bbdefault\u00bb][et_pb_row _builder_version=\u00bb4.19.5&#8243; _module_preset=\u00bbdefault\u00bb column_structure=\u00bb1_2,1_2&#8243; theme_builder_area=\u00bbpost_content\u00bb][et_pb_column _builder_version=\u00bb4.19.5&#8243; _module_preset=\u00bbdefault\u00bb type=\u00bb1_2&#8243; theme_builder_area=\u00bbpost_content\u00bb][et_pb_text _builder_version=\u00bb4.19.5&#8243; _module_preset=\u00bbdefault\u00bb theme_builder_area=\u00bbpost_content\u00bb hover_enabled=\u00bb0&#8243; sticky_enabled=\u00bb0&#8243;]<\/p>\n<h2><\/h2>\n<h2><span class=\"ez-toc-section\" id=\"toldos-araque-fabricacion-e-instalacion-de-toldos-en-pinto\"><\/span>Toldos Araque fabricaci\u00f3n e instalaci\u00f3n de Toldos en Pinto<span class=\"ez-toc-section-end\"><\/span><\/h2>\n<p><b>Pinto<\/b> es un municipio de Madrid que se beneficia de un r\u00e1pido crecimiento y desarrollo. Los servicios profesionales de <b>toldos y p\u00e9rgolas<\/b> se consideran una prioridad entre los servicios b\u00e1sicos. Dentro de este contexto, <b>Toldos Pinto<\/b> es una empresa especializada en la fabricaci\u00f3n e instalaci\u00f3n de <b>toldos<\/b> para todo tipo de entorno p\u00fablico y privado. La empresa ofrece todos los tipos de productos relacionados con la <b>protecci\u00f3n solar<\/b>, desde toldos, p\u00e9rgolas, marquesinas, hasta cenadores, capotas, mini cofres, realizaci\u00f3n de lonas y tejadillos, motorizaci\u00f3n de toldos y m\u00e1s.<\/p>\n<p>Esta empresa, con m\u00e1s de 25 a\u00f1os de experiencia, puede ofrecer los mejores productos del mercado a precios competitivos. Est\u00e1 equipada con todos los elementos necesarios para adaptarse a cualquier entorno, ya sea para viviendas particulares, comercios, industrias, oficinas, terrazas, restaurantes, etc.<\/p>\n<p>Los materiales de calidad utilizados, la atenci\u00f3n personalizada, el trabajo meticuloso y los \u00faltimos avances tecnol\u00f3gicos garantizan una gran satisfacci\u00f3n por parte de los clientes. La satisfacci\u00f3n de los clientes es una prioridad para esta empresa, por lo que pueden ofrecer asesoramiento pr\u00e1ctico y recomendaciones sobre los mejores productos para preservar el espacio.<\/p>\n<p>Los clientes interesados pueden contactar con la empresa para recibir informaci\u00f3n detallada sobre el proyecto y <b>presupuestos sin compromiso<\/b>. Adem\u00e1s, en <b>Toldos Pinto<\/b> los clientes pueden encontrar un gran n\u00famero de soluciones, <b>toldos y p\u00e9rgolas<\/b> adaptadas a sus necesidades, desde toldos manuales, el\u00e9ctricos y <b>autom\u00e1ticos<\/b>, hasta p\u00e9rgolas de <b>aluminio y lacado<\/b>.<\/p>\n<p>[\/et_pb_text][\/et_pb_column][et_pb_column _builder_version=\u00bb4.19.5&#8243; _module_preset=\u00bbdefault\u00bb type=\u00bb1_2&#8243; theme_builder_area=\u00bbpost_content\u00bb][et_pb_text _builder_version=\u00bb4.19.5&#8243; _module_preset=\u00bbdefault\u00bb theme_builder_area=\u00bbpost_content\u00bb hover_enabled=\u00bb0&#8243; sticky_enabled=\u00bb0&#8243;]<\/p>\n<h2><span class=\"ez-toc-section\" id=\"toldos-de-mejor-calidad-y-garantia-en-pinto\"><\/span>Toldos de mejor calidad y garant\u00eda en Pinto<span class=\"ez-toc-section-end\"><\/span><\/h2>\n<p>No hay mejor manera de experimentar la calidad de un producto que observando su trabajo realizado en el pasado. Por eso <b>Toldos Araque<\/b> podemos ofrecer <b>nuestros trabajos<\/b> a <b>nuestros clientes<\/b> con la mayor garant\u00eda de calidad y los presupuestos necesarios para que constaten que la empresa ofrece proyectos de gran calidad y profesionalidad. Gracias a la larga experiencia de la empresa, los clientes pueden estar seguros de que sus proyectos est\u00e1n entre <b>los mejores<\/b> del mercado.<\/p>\n<p>Adem\u00e1s, Araque es especialista en ofrecer servicios de <b>Toldos Pinto<\/b> forma parte de las empresas m\u00e1s expertas y con m\u00e1s a\u00f1os de servicio en la zona.<\/p>\n<p>Tanto si busca una <b>empresa de cerramientos<\/b> para una instalaci\u00f3n de toldos a medida como si quiere proteger su espacio de las inclemencias del tiempo, <b>Toldos Araque<\/b> es la mejor opci\u00f3n para los clientes de la zona de Pinto.<\/p>\n<p>Nuestra empresa profesional y con experiencia cuenta con los mejores productos y un equipo de profesionales para ofrecer los servicios de fabricaci\u00f3n, montaje e instalaci\u00f3n de todo tipo de toldos y productos afines.<\/p>\n<p>Araque como empresa especialista en el sector toldero tambi\u00e9n trabaja con lonas de alta calidad, cambios de lonas, motorizaci\u00f3n para la automatizaci\u00f3n de los toldos y p\u00e9rgolas, entre otros. As\u00ed mismo, los clientes pueden recibir <b>servicios de reparaci\u00f3n y mantenimiento<\/b> seg\u00fan sea necesario.<\/p>\n<p>Por ello, si busca una empresa de alta calidad de <b>Toldos Pinto<\/b> Araque es una opci\u00f3n segura para obtener resultados satisfactorios y profesionales.<\/p>\n<p>[\/et_pb_text][\/et_pb_column][\/et_pb_row][\/et_pb_section]<\/p>\n","protected":false},"excerpt":{"rendered":"<p>TOLDOS EN PINTO MADRID &nbsp; INSTALACI\u00d3N DE TOLDOS EN PINTO TELF. 91 808 39 58 \/ 630 915 332 PRESUPUESTOS SIN COMPROMISO \u00bfNecesita Instalar toldos en Pinto? En Toldos Araque ponemos a su disposici\u00f3n mas de 20 a\u00f1os de experiencia y profesionalidad. Fabricaci\u00f3n propia e instalaci\u00f3n de toldos en Pinto. Contamos con numerosas instalaciones en [&hellip;]<\/p>\n","protected":false},"author":3,"featured_media":0,"parent":0,"menu_order":0,"comment_status":"closed","ping_status":"closed","template":"","meta":{"_et_pb_use_builder":"on","_et_pb_old_content":"<strong>TOLDOS EN PINTO MADRID<\/strong>\r\n\r\n<img class=\"alignnone  wp-image-1001\" title=\"Toldos en Pinto\" alt=\"LOGO-PINTO\" src=\"https:\/\/www.toldosaraque.com\/wp-content\/uploads\/2014\/02\/LOGO-PINTO.png\" width=\"570\" height=\"140\" \/>\r\n<p style=\"text-align: justify;\">Bienvenido a <strong>Toldos Araque<\/strong>, ofrecemos nuestros servicios de venta e instalaci\u00f3n referente a todo tipo de toldos para comercios, hosteler\u00eda y hogares en la localidad de <strong>Pinto<\/strong>.\r\nInstalamos toldos stor, toldos portada, toldos cofres, toldos extensibles, toldos veranda, toldos cortavientos, p\u00e9rgolas, capotas, marquesinas, mosquiteras, lonas de piscina, estores enrollables y toldos para acondicionamiento de terrazas de bares y restaurantes.\r\nContamos con un equipo cualificado y continuamente formado e instruido, garantizando que nuestros montajes e instalaciones sean inmejorables y acordes a la calidad de nuestros productos.\r\nOfrecemos una amplia gama de productos de los principales fabricantes del sector, que nos permite garantizar nuestros montajes durante 3 a\u00f1os, tanto en materiales como en instalaci\u00f3n.\r\nDisponemos de los mejores materiales del mercado y con la tecnolog\u00eda m\u00e1s avanzada para llevar a cabo nuestro trabajo con la m\u00e1xima eficacia y calidad-precio.\r\nDisponemos de todos los accesorios y repuestos necesarios para la correcta instalaci\u00f3n de toldos.\r\nCons\u00faltenos y le ofreceremos soluciones personalizadas a su medida.\r\nLes invitamos a conocer nuestro cat\u00e1logo virtual de productos recorriendo nuestra web para que encuentren la soluci\u00f3n que m\u00e1s se adapte a sus necesidades.\r\n<strong>Asesoramiento y presupuesto sin compromiso en la localidad de Pinto.<\/strong><\/p>\r\n<p style=\"text-align: justify;\"><img class=\"alignnone  wp-image-978\" style=\"margin-left: 3px; margin-right: 3px;\" alt=\"FOTO-4\" src=\"https:\/\/www.toldosaraque.com\/wp-content\/uploads\/2014\/02\/FOTO-44.jpg\" width=\"150\" height=\"112\" \/><img class=\"alignnone  wp-image-897\" style=\"margin-left: 3px; margin-right: 3px;\" alt=\"FOTO-6\" src=\"https:\/\/www.toldosaraque.com\/wp-content\/uploads\/2014\/02\/FOTO-61.jpg\" width=\"150\" height=\"112\" \/><img class=\"alignnone  wp-image-917\" style=\"margin-left: 3px; margin-right: 3px;\" alt=\"FOTO-15\" src=\"https:\/\/www.toldosaraque.com\/wp-content\/uploads\/2014\/02\/FOTO-151.jpg\" width=\"150\" height=\"112\" \/><\/p>","_et_gb_content_width":"","_joinchat":[],"footnotes":""},"class_list":["post-807","page","type-page","status-publish","hentry"],"_links":{"self":[{"href":"https:\/\/toldosaraque.com\/madrid\/wp-json\/wp\/v2\/pages\/807","targetHints":{"allow":["GET"]}}],"collection":[{"href":"https:\/\/toldosaraque.com\/madrid\/wp-json\/wp\/v2\/pages"}],"about":[{"href":"https:\/\/toldosaraque.com\/madrid\/wp-json\/wp\/v2\/types\/page"}],"author":[{"embeddable":true,"href":"https:\/\/toldosaraque.com\/madrid\/wp-json\/wp\/v2\/users\/3"}],"replies":[{"embeddable":true,"href":"https:\/\/toldosaraque.com\/madrid\/wp-json\/wp\/v2\/comments?post=807"}],"version-history":[{"count":0,"href":"https:\/\/toldosaraque.com\/madrid\/wp-json\/wp\/v2\/pages\/807\/revisions"}],"wp:attachment":[{"href":"https:\/\/toldosaraque.com\/madrid\/wp-json\/wp\/v2\/media?parent=807"}],"curies":[{"name":"wp","href":"https:\/\/api.w.org\/{rel}","templated":true}]}}